{"id":5874,"date":"2023-01-28T01:09:57","date_gmt":"2023-01-28T01:09:57","guid":{"rendered":"https:\/\/demo.dorgisproject.eu\/contact\/"},"modified":"2025-04-29T21:00:25","modified_gmt":"2025-04-29T21:00:25","slug":"contact","status":"publish","type":"page","link":"https:\/\/dorgisproject.eu\/ro\/contact\/","title":{"rendered":"Contact"},"content":{"rendered":"\n<div class=\"wp-block-cover has-parallax\"><div class=\"wp-block-cover__image-background wp-image-7813 has-parallax\" style=\"background-position:50% 50%;background-image:url(https:\/\/dorgisproject.eu\/wp-content\/uploads\/2023\/02\/contact2.jpg)\"><\/div><span aria-hidden=\"true\" class=\"wp-block-cover__background has-white-background-color has-background-dim-0 has-background-dim\"><\/span><div class=\"wp-block-cover__inner-container is-layout-flow wp-block-cover-is-layout-flow\">\n<p class=\"has-text-align-center has-large-font-size\"><\/p>\n<\/div><\/div>\n\n\n\n<div class=\"wp-block-group is-vertical is-content-justification-left is-layout-flex wp-container-core-group-is-layout-c0ca7d81 wp-block-group-is-layout-flex\">\n<p class=\"has-luminous-vivid-orange-color has-text-color\"><strong>ROM\u00c2NIA:<\/strong>&nbsp;&nbsp;SCOALA GIMNAZIALA REDIU<\/p>\n\n\n\n<p class=\"has-luminous-vivid-orange-color has-text-color\">SOS. Valea Rediului N.R 342, <\/p>\n\n\n\n<p class=\"has-luminous-vivid-orange-color has-text-color\">Rediu 707405<\/p>\n\n\n\n<p class=\"has-luminous-vivid-orange-color has-text-color\"><strong>website:&nbsp;<a rel=\"noreferrer noopener\" href=\"https:\/\/scoalagimnazialarediu.ro\/\" target=\"_blank\">https:\/\/scoalagimnazialarediu.ro\/<\/a><\/strong><\/p>\n\n\n\n<p><\/p>\n\n\n\n<hr class=\"wp-block-separator has-alpha-channel-opacity is-style-wide\"\/>\n\n\n\n<hr class=\"wp-block-separator has-alpha-channel-opacity\"\/>\n\n\n\n<p><strong>GRECIA:&nbsp;<\/strong>MAIANDROS EPE<\/p>\n\n\n\n<p>7 Artemidos st. Ekali <\/p>\n\n\n\n<p>14578 Athens<\/p>\n\n\n\n<p><strong>website:&nbsp;<a rel=\"noreferrer noopener\" href=\"https:\/\/meandrosltd.gr\/\" target=\"_blank\">https:\/\/meandrosltd.gr\/<\/a><\/strong><\/p>\n\n\n\n<hr class=\"wp-block-separator has-alpha-channel-opacity\"\/>\n<\/div>\n\n\n\n<div class=\"wp-block-group is-vertical is-layout-flex wp-container-core-group-is-layout-8cf370e7 wp-block-group-is-layout-flex\">\n<hr class=\"wp-block-separator has-alpha-channel-opacity\"\/>\n\n\n\n<p><\/p>\n\n\n\n<p><strong>ITALIA:<\/strong>&nbsp;CENTRO UNIVERSITARIO SPORTIVO \u2013 CUS PADOVA<\/p>\n\n\n\n<p>Via Giordano Bruno 27,<\/p>\n\n\n\n<p>35124 Padova<\/p>\n\n\n\n<p><strong>website<\/strong><em>:&nbsp;<\/em><strong><a rel=\"noreferrer noopener\" href=\"https:\/\/www.cuspadova.it\/\" target=\"_blank\">https:\/\/www.cuspadova.it\/<\/a><\/strong><\/p>\n\n\n\n<hr class=\"wp-block-separator has-alpha-channel-opacity\"\/>\n<\/div>\n\n\n\n<div class=\"wp-block-group is-vertical is-layout-flex wp-container-core-group-is-layout-8cf370e7 wp-block-group-is-layout-flex\">\n<hr class=\"wp-block-separator has-alpha-channel-opacity\"\/>\n\n\n\n<p><\/p>\n\n\n\n<p><strong>PORTUGALIA:<\/strong>&nbsp;ASSOCIA\u00c7\u00c3O DE FUTEBOL DE BRAGAN\u00c7A<\/p>\n\n\n\n<p>Bairro da Coxa Fundo de Fomento de Habita\u00e7\u00e3o,<\/p>\n\n\n\n<p>Bloco C&nbsp; Entrada 1,<\/p>\n\n\n\n<p>5300 \u2013 098 Bragan\u00e7a<\/p>\n\n\n\n<p><strong>website:&nbsp;<a rel=\"noreferrer noopener\" href=\"https:\/\/afbraganca.fpf.pt\/\" target=\"_blank\">https:\/\/afbraganca.fpf.pt\/<\/a><\/strong><\/p>\n\n\n\n<hr class=\"wp-block-separator has-alpha-channel-opacity\"\/>\n\n\n\n<div class=\"wp-block-group is-vertical is-layout-flex wp-container-core-group-is-layout-8cf370e7 wp-block-group-is-layout-flex\">\n<hr class=\"wp-block-separator has-alpha-channel-opacity\"\/>\n\n\n\n<p><strong>SPANIA<\/strong>: Fundacion Universidad Catolica de Valencia San Vcente Martir (Catholic University of Valencia-UCV )<\/p>\n\n\n\n<p>Calle Quevedo 2<\/p>\n\n\n\n<p>46001 Valencia<\/p>\n\n\n\n<p>Website: <a href=\"https:\/\/www.ucv.es\/\" target=\"_blank\" rel=\"noreferrer noopener\">www.ucv.es<\/a><\/p>\n\n\n\n<hr class=\"wp-block-separator has-alpha-channel-opacity\"\/>\n\n\n\n<hr class=\"wp-block-separator has-alpha-channel-opacity\"\/>\n<\/div>\n\n\n\n<div class=\"wp-block-group is-vertical is-layout-flex wp-container-core-group-is-layout-8cf370e7 wp-block-group-is-layout-flex\">\n<p><strong>POLONIA<\/strong>: Stowarzyszenie Dzieci i M\u0142odzie\u017cy KAROL<\/p>\n\n\n\n<p>Garncarska 5<\/p>\n\n\n\n<p>70377 Szczecin,<\/p>\n\n\n\n<p>Website: http:\/\/<a href=\"http:\/\/www.stowarzyszeniekarol.pl\/\" target=\"_blank\" rel=\"noreferrer noopener\">www.stowarzyszeniekarol.pl\/<\/a><\/p>\n\n\n\n<p><\/p>\n\n\n\n<hr class=\"wp-block-separator has-alpha-channel-opacity\"\/>\n<\/div>\n\n\n\n<div class=\"wp-block-group is-vertical is-layout-flex wp-container-core-group-is-layout-8cf370e7 wp-block-group-is-layout-flex\">\n<p><strong>CROA\u0162IA<\/strong>: Zajednica Sportskih Udruga Grada Rijeke \u201cRije\u010dki Sportski Savez<\/p>\n\n\n\n<p>VERDIJEVA 11 III<\/p>\n\n\n\n<p>51000 RIJEKA<\/p>\n\n\n\n<p>Website: <a href=\"http:\/\/www.rss.hr\" target=\"_blank\" rel=\"noreferrer noopener\">www.rss.hr<\/a><\/p>\n<\/div>\n\n\n\n<p><\/p>\n<\/div>\n","protected":false},"excerpt":{"rendered":"<p>ROM\u00c2NIA:&nbsp;&nbsp;SCOALA GIMNAZIALA REDIU SOS. Valea Rediului N.R 342, Rediu 707405 website:&nbsp;https:\/\/scoalagimnazialarediu.ro\/ GRECIA:&nbsp;MAIANDROS EPE 7 Artemidos st. Ekali 14578 Athens website:&nbsp;https:\/\/meandrosltd.gr\/ ITALIA:&nbsp;CENTRO UNIVERSITARIO SPORTIVO \u2013 CUS PADOVA Via Giordano Bruno 27, 35124 Padova website:&nbsp;https:\/\/www.cuspadova.it\/ PORTUGALIA:&nbsp;ASSOCIA\u00c7\u00c3O DE FUTEBOL DE BRAGAN\u00c7A Bairro da Coxa Fundo de Fomento de Habita\u00e7\u00e3o, Bloco C&nbsp; Entrada 1, 5300 \u2013 098 Bragan\u00e7a website:&nbsp;https:\/\/afbraganca.fpf.pt\/ [&hellip;]<\/p>\n","protected":false},"author":3,"featured_media":0,"parent":0,"menu_order":0,"comment_status":"closed","ping_status":"closed","template":"","meta":{"_themeisle_gutenberg_block_has_review":false,"footnotes":""},"class_list":["post-5874","page","type-page","status-publish","hentry"],"_links":{"self":[{"href":"https:\/\/dorgisproject.eu\/ro\/wp-json\/wp\/v2\/pages\/5874","targetHints":{"allow":["GET"]}}],"collection":[{"href":"https:\/\/dorgisproject.eu\/ro\/wp-json\/wp\/v2\/pages"}],"about":[{"href":"https:\/\/dorgisproject.eu\/ro\/wp-json\/wp\/v2\/types\/page"}],"author":[{"embeddable":true,"href":"https:\/\/dorgisproject.eu\/ro\/wp-json\/wp\/v2\/users\/3"}],"replies":[{"embeddable":true,"href":"https:\/\/dorgisproject.eu\/ro\/wp-json\/wp\/v2\/comments?post=5874"}],"version-history":[{"count":27,"href":"https:\/\/dorgisproject.eu\/ro\/wp-json\/wp\/v2\/pages\/5874\/revisions"}],"predecessor-version":[{"id":10858,"href":"https:\/\/dorgisproject.eu\/ro\/wp-json\/wp\/v2\/pages\/5874\/revisions\/10858"}],"wp:attachment":[{"href":"https:\/\/dorgisproject.eu\/ro\/wp-json\/wp\/v2\/media?parent=5874"}],"curies":[{"name":"wp","href":"https:\/\/api.w.org\/{rel}","templated":true}]}}