{"id":3293,"date":"2022-08-21T19:31:08","date_gmt":"2022-08-21T19:31:08","guid":{"rendered":"https:\/\/demo.bulldogproject.eu\/bulldog-partnership\/"},"modified":"2025-03-05T22:50:59","modified_gmt":"2025-03-05T22:50:59","slug":"bulldog-partnership","status":"publish","type":"page","link":"https:\/\/dorgisproject.eu\/ro\/bulldog-partnership\/","title":{"rendered":"Parteneriat DORGIS"},"content":{"rendered":"\n<figure class=\"wp-block-image\"><img loading=\"lazy\" decoding=\"async\" width=\"1600\" height=\"992\" src=\"https:\/\/demo.dorgisproject.eu\/wp-content\/uploads\/2023\/02\/meet4.jpg\" alt=\"\" class=\"wp-image-7416\" srcset=\"https:\/\/dorgisproject.eu\/wp-content\/uploads\/2023\/02\/meet4.jpg 1600w, https:\/\/dorgisproject.eu\/wp-content\/uploads\/2023\/02\/meet4-300x186.jpg 300w, https:\/\/dorgisproject.eu\/wp-content\/uploads\/2023\/02\/meet4-1024x635.jpg 1024w, https:\/\/dorgisproject.eu\/wp-content\/uploads\/2023\/02\/meet4-768x476.jpg 768w, https:\/\/dorgisproject.eu\/wp-content\/uploads\/2023\/02\/meet4-1536x952.jpg 1536w, https:\/\/dorgisproject.eu\/wp-content\/uploads\/2023\/02\/meet4-1170x725.jpg 1170w\" sizes=\"auto, (max-width: 1600px) 100vw, 1600px\" \/><\/figure>\n\n\n\n<p><\/p>\n\n\n\n<h5 class=\"wp-block-heading\">CU SPRIJINUL PROGRAMULUI SPORTIV ERASMUS+<\/h5>\n\n\n\n<p><\/p>\n\n\n\n<figure class=\"wp-block-image size-large is-resized\"><img loading=\"lazy\" decoding=\"async\" width=\"1024\" height=\"295\" src=\"https:\/\/demo.dorgisproject.eu\/wp-content\/uploads\/2023\/01\/eu-logo-1024x295.jpg\" alt=\"\" class=\"wp-image-6030\" style=\"width:256px;height:74px\" srcset=\"https:\/\/dorgisproject.eu\/wp-content\/uploads\/2023\/01\/eu-logo-1024x295.jpg 1024w, https:\/\/dorgisproject.eu\/wp-content\/uploads\/2023\/01\/eu-logo-300x86.jpg 300w, https:\/\/dorgisproject.eu\/wp-content\/uploads\/2023\/01\/eu-logo-768x221.jpg 768w, https:\/\/dorgisproject.eu\/wp-content\/uploads\/2023\/01\/eu-logo-1536x442.jpg 1536w, https:\/\/dorgisproject.eu\/wp-content\/uploads\/2023\/01\/eu-logo-2048x590.jpg 2048w, https:\/\/dorgisproject.eu\/wp-content\/uploads\/2023\/01\/eu-logo-1170x337.jpg 1170w\" sizes=\"auto, (max-width: 1024px) 100vw, 1024px\" \/><\/figure>\n\n\n\n<p><\/p>\n\n\n\n<h5 class=\"wp-block-heading\"><\/h5>\n\n\n<p>Consor\u021biul nostru include toate nivelurile de educa\u021bie, echipe sportive \u0219i asocia\u021bii sportive, precum:<\/p>\n<ul>\n<li><strong>Universitatea Catolic\u0103 din Valencia (Spania)<\/strong>, Facultatea de \u0218tiin\u021be ale Activit\u0103\u021bii Fizice \u0219i Sportului (FCCAFD), care are 4 grupe de cercetare diferite, pe diverse teme (s\u0103n\u0103tate \u0219i performan\u021b\u0103 sportiv\u0103, educa\u021bie fizic\u0103, dezvoltare durabil\u0103 \u00een aer liber) cu peste 40 de cercet\u0103tori implica\u021bi;<\/li>\n<li><strong>CUS Padova &#8211; Asocia\u021bia Sportiv\u0103 a Universit\u0103\u021bii din Padova<\/strong>, Italia, o institu\u021bie foarte experimentat\u0103 \u00een promovarea activit\u0103\u021bilor sportive ca mijloc cultural \u0219i educa\u021bional esen\u021bial pentru studen\u021bi, formatori \u0219i personalul universitar, pentru a-\u0219i dezvolta competen\u021be transversale \u0219i integrate \u0219i a sprijini practica \u0219i a promova educa\u021bia fizic\u0103 ca parte a sportului amator. \u00cen derularea activit\u0103\u021bilor sale, Asocia\u021bia beneficiaz\u0103 de sponsorizarea mai multor Departamente Universitare \u0219i lucreaz\u0103 \u00een cadrul urm\u0103toarelor re\u021bele: CUSI (Centrul Sportiv Universitar Italian); FISU (Federa\u021bia Interna\u021bional\u0103 de Sport Universitar) \u0219i EUSA (Asocia\u021bia European\u0103 de Sport Universitar).<\/li>\n<li><strong>Meandros Ltd.<\/strong>, o organiza\u021bie din Atena (Grecia), care are o lung\u0103 tradi\u021bie \u00een dezvoltarea materialelor educa\u021bionale pentru elevi \u0219i studen\u021bi de toate v\u00e2rstele, c\u00e2t \u0219i \u00een publicarea de c\u0103r\u021bi \u0219tiin\u021bifice \u0219i materiale digitale, proiectarea de platforme electronice \u0219i organizarea de evenimente sportive.<\/li>\n<li><strong>Associa\u00e7\u00e3o de Futebol de Bragan\u00e7a<\/strong> (Asocia\u021bia de Fotbal Bragan\u00e7a) din Portugalia, o asocia\u021bie sportiv\u0103 implicat\u0103 activ \u00een trei sporturi, care are experien\u021b\u0103 \u00een furnizarea de activit\u0103\u021bi sportive \u0219i un membru, din personal, cu experien\u021b\u0103 \u00een controalele antidoping ale UEFA.<\/li>\n<li><strong>Asocia\u021bia Copiilor \u0219i Tinerilor &#8211; \u201cKAROL\u201d.<\/strong> Asocia\u021bia este Membru Extraordinar al Asocia\u021biei pentru Promovarea Sportului \u0219i Activit\u0103\u021bii Fizice \u00een Pomerania de Vest. \u201cKAROL\u201d este o organiza\u021bie polonez\u0103, non-guvernamental\u0103 \u0219i non-profit, care organizeaz\u0103 activit\u0103\u021bi sportive \u0219i recreative pentru copiii \u0219i adolescen\u021bii din institu\u021biile de \u00eenv\u0103\u021b\u0103m\u00e2nt preuniversitar, precum \u0219i tabere de vacan\u021b\u0103 pentru grupurile defavorizate.<\/li>\n<li>.<strong>Zajednica Sportskih Udruga Grada Rijeke \u201eRije\u010dki Sportski Savez<\/strong><strong>\u201d<\/strong> din Croa\u021bia, organiza\u021bie care colaboreaz\u0103 cu toate cluburile sportive din ora\u0219ul Rijeka \u0219i care este promotorul Programului public sportiv din Rijeka, aprobat \u0219i co-finan\u021bat (prin intermediul Direc\u021biei administrative pentru sport \u0219i cultur\u0103 tehnic\u0103) de consiliul local \u0219i prim\u0103ria ora\u0219ului.\u00a0\u00a0\u00a0\u00a0\u00a0<\/li>\n<\/ul>\n<p><strong><u>COORDONATOR<\/u><\/strong>: <strong>\u0218coala Gimnazial\u0103 Rediu<\/strong>, coordonatorul din Romania, este o institu\u021bie cu \u00eenv\u0103\u021b\u0103m\u00e2nt obligatoriu de mul\u021bi ani, care cuprinde patru structuri. Aceasta lucreaz\u0103 cu grupurile \u021bint\u0103 \u0219i are experien\u021b\u0103 \u00een furnizarea de material educa\u021bional pentru toate nivelurile de educa\u021bie, c\u00e2t \u0219i experien\u021b\u0103 \u00een identificarea tr\u0103s\u0103turile de personalitate ale adolescen\u021bilor sportivi.<\/p>\n<p><span style=\"font-size: revert; color: #ffffff;\"><strong>\u0218COALA GIMNAZIAL\u0102 REDIU<\/strong><br data-rich-text-line-break=\"true\" \/>SOS. VALEA REDIULUI NR. 342, REDIU<br data-rich-text-line-break=\"true\" \/>707405, ROMANIA<br data-rich-text-line-break=\"true\" \/>Tel-fax: 0232\/253955<br data-rich-text-line-break=\"true\" \/>E-mail:<a style=\"color: #ffffff;\" href=\"mailto:rediu_school@yahoo.com\" target=\"_blank\" rel=\"noreferrer noopener\">rediu_school@yahoo.com<\/a><\/span><\/p>\n<\/p>\n<blockquote>\n<p>DESIGN-UL \u0218I REALIZAREA APLICA\u021aIEI MOBILE: TOOL LTD. &#8211; GRECIA<\/p>\n<\/blockquote>\n\n<div class=\"wp-block-image\">\n<figure class=\"alignleft size-full is-resized\"><img loading=\"lazy\" decoding=\"async\" width=\"150\" height=\"151\" src=\"https:\/\/dorgisproject.eu\/wp-content\/uploads\/2022\/08\/5.jpg\" alt=\"\" class=\"wp-image-3005\" style=\"aspect-ratio:0.9905660377358491;width:71px;height:auto\" srcset=\"https:\/\/dorgisproject.eu\/wp-content\/uploads\/2022\/08\/5.jpg 150w, https:\/\/dorgisproject.eu\/wp-content\/uploads\/2022\/08\/5-80x80.jpg 80w\" sizes=\"auto, (max-width: 150px) 100vw, 150px\" \/><\/figure>\n<\/div>\n\n<div class=\"wp-block-image\">\n<figure class=\"alignleft size-full is-resized\"><img loading=\"lazy\" decoding=\"async\" width=\"300\" height=\"92\" src=\"https:\/\/dorgisproject.eu\/wp-content\/uploads\/2022\/08\/6.jpg\" alt=\"\" class=\"wp-image-3011\" style=\"aspect-ratio:3.25;width:169px;height:auto\"\/><\/figure>\n<\/div>\n\n<div class=\"wp-block-image\">\n<figure class=\"alignleft size-full is-resized\"><img loading=\"lazy\" decoding=\"async\" width=\"150\" height=\"157\" src=\"https:\/\/dorgisproject.eu\/wp-content\/uploads\/2022\/08\/3.png\" alt=\"\" class=\"wp-image-2993\" style=\"aspect-ratio:0.9528301886792453;width:71px;height:auto\"\/><\/figure>\n<\/div>\n\n<div class=\"wp-block-image\">\n<figure class=\"alignleft size-large is-resized\"><img loading=\"lazy\" decoding=\"async\" width=\"1024\" height=\"410\" src=\"https:\/\/demo.dorgisproject.eu\/wp-content\/uploads\/2023\/02\/UCV-1024x410.jpg\" alt=\"\" class=\"wp-image-7995\" style=\"aspect-ratio:2.6382978723404253;width:166px;height:auto\" srcset=\"https:\/\/dorgisproject.eu\/wp-content\/uploads\/2023\/02\/UCV-1024x410.jpg 1024w, https:\/\/dorgisproject.eu\/wp-content\/uploads\/2023\/02\/UCV-300x120.jpg 300w, https:\/\/dorgisproject.eu\/wp-content\/uploads\/2023\/02\/UCV-768x308.jpg 768w, https:\/\/dorgisproject.eu\/wp-content\/uploads\/2023\/02\/UCV-1170x469.jpg 1170w, https:\/\/dorgisproject.eu\/wp-content\/uploads\/2023\/02\/UCV.jpg 1370w\" sizes=\"auto, (max-width: 1024px) 100vw, 1024px\" \/><\/figure>\n<\/div>\n\n<div class=\"wp-block-image\">\n<figure class=\"alignleft size-full is-resized\"><img loading=\"lazy\" decoding=\"async\" width=\"150\" height=\"177\" src=\"https:\/\/dorgisproject.eu\/wp-content\/uploads\/2022\/08\/1.png\" alt=\"\" class=\"wp-image-2981\" style=\"width:59px;height:auto\"\/><\/figure>\n<\/div>\n\n<div class=\"wp-block-image\">\n<figure class=\"alignleft size-full is-resized\"><img loading=\"lazy\" decoding=\"async\" width=\"250\" height=\"150\" src=\"https:\/\/dorgisproject.eu\/wp-content\/uploads\/2023\/02\/rijeckisportskisavez-1.png\" alt=\"\" class=\"wp-image-7955\" style=\"width:105px;height:auto\"\/><\/figure>\n<\/div>\n\n\n<figure class=\"wp-block-image size-full is-resized\"><img loading=\"lazy\" decoding=\"async\" width=\"960\" height=\"738\" src=\"https:\/\/demo.dorgisproject.eu\/wp-content\/uploads\/2023\/02\/KAROL2.jpg\" alt=\"\" class=\"wp-image-7971\" style=\"aspect-ratio:1;width:95px;height:auto\" srcset=\"https:\/\/dorgisproject.eu\/wp-content\/uploads\/2023\/02\/KAROL2.jpg 960w, https:\/\/dorgisproject.eu\/wp-content\/uploads\/2023\/02\/KAROL2-300x231.jpg 300w, https:\/\/dorgisproject.eu\/wp-content\/uploads\/2023\/02\/KAROL2-768x590.jpg 768w\" sizes=\"auto, (max-width: 960px) 100vw, 960px\" \/><\/figure>\n\n\n\n<p><\/p>\n","protected":false},"excerpt":{"rendered":"<p>CU SPRIJINUL PROGRAMULUI SPORTIV ERASMUS+ Consor\u021biul nostru include toate nivelurile de educa\u021bie, echipe sportive \u0219i asocia\u021bii sportive, precum: Universitatea Catolic\u0103 din Valencia (Spania), Facultatea de \u0218tiin\u021be ale Activit\u0103\u021bii Fizice \u0219i Sportului (FCCAFD), care are 4 grupe de cercetare diferite, pe diverse teme (s\u0103n\u0103tate \u0219i performan\u021b\u0103 sportiv\u0103, educa\u021bie fizic\u0103, dezvoltare durabil\u0103 \u00een aer liber) cu peste [&hellip;]<\/p>\n","protected":false},"author":3,"featured_media":0,"parent":0,"menu_order":0,"comment_status":"closed","ping_status":"closed","template":"","meta":{"_themeisle_gutenberg_block_has_review":false,"footnotes":""},"class_list":["post-3293","page","type-page","status-publish","hentry"],"_links":{"self":[{"href":"https:\/\/dorgisproject.eu\/ro\/wp-json\/wp\/v2\/pages\/3293","targetHints":{"allow":["GET"]}}],"collection":[{"href":"https:\/\/dorgisproject.eu\/ro\/wp-json\/wp\/v2\/pages"}],"about":[{"href":"https:\/\/dorgisproject.eu\/ro\/wp-json\/wp\/v2\/types\/page"}],"author":[{"embeddable":true,"href":"https:\/\/dorgisproject.eu\/ro\/wp-json\/wp\/v2\/users\/3"}],"replies":[{"embeddable":true,"href":"https:\/\/dorgisproject.eu\/ro\/wp-json\/wp\/v2\/comments?post=3293"}],"version-history":[{"count":17,"href":"https:\/\/dorgisproject.eu\/ro\/wp-json\/wp\/v2\/pages\/3293\/revisions"}],"predecessor-version":[{"id":10776,"href":"https:\/\/dorgisproject.eu\/ro\/wp-json\/wp\/v2\/pages\/3293\/revisions\/10776"}],"wp:attachment":[{"href":"https:\/\/dorgisproject.eu\/ro\/wp-json\/wp\/v2\/media?parent=3293"}],"curies":[{"name":"wp","href":"https:\/\/api.w.org\/{rel}","templated":true}]}}