{"id":2937,"date":"2022-08-20T18:13:34","date_gmt":"2022-08-20T18:13:34","guid":{"rendered":"https:\/\/demo.bulldogproject.eu\/bulldog-apps\/"},"modified":"2025-03-05T23:40:37","modified_gmt":"2025-03-05T23:40:37","slug":"dorgis-apps","status":"publish","type":"page","link":"https:\/\/dorgisproject.eu\/ro\/dorgis-apps\/","title":{"rendered":"DORGIS Apps"},"content":{"rendered":"\n<div class=\"wp-block-cover is-light has-parallax\"><span aria-hidden=\"true\" class=\"wp-block-cover__background has-white-background-color has-background-dim-0 has-background-dim\"><\/span><div class=\"wp-block-cover__image-background wp-image-7496 has-parallax\" style=\"background-position:50% 50%;background-image:url(https:\/\/dorgisproject.eu\/wp-content\/uploads\/2023\/02\/APPS2.jpg)\"><\/div><div class=\"wp-block-cover__inner-container is-layout-flow wp-block-cover-is-layout-flow\">\n<p class=\"has-text-align-center has-large-font-size\"><\/p>\n<\/div><\/div>\n\n\n\n<div class=\"wp-block-group is-nowrap is-layout-flex wp-container-core-group-is-layout-ad2f72ca wp-block-group-is-layout-flex\"><\/div>\n\n\n\n<p>\u201eDORGIS-AR\u201d urm\u0103re\u0219te combaterea dopajului \u00een sportul recrea\u021bional \u0219i \u00een mediul sportiv recrea\u021bional, s\u0103 informeze, s\u0103 educe \u0219i s\u0103 motiveze sportivii juniori de 9-16 ani, profesorii de educa\u021bie fizic\u0103 \u0219i sport \/ antrenorii \u0219i p\u0103rin\u021bii juniorilor \u00eempotriva utiliz\u0103rii drogurilor \u0219i substan\u021belor interzise care pot d\u0103una s\u0103n\u0103t\u0103\u021bii sportivilor \u0219i pot afecta integritatea sportiv\u0103. \u201eDORGIS-AR\u201d \u0219i-a propus s\u0103 \u00eencurajeze \u0219i s\u0103 promoveze Spiritul Sportului \u0219i o diet\u0103 s\u0103n\u0103toas\u0103, ca o contrapondere la cultura pro-doping, utiliz\u00e2nd o tehnologie mobil\u0103 modern\u0103 \u0219i activit\u0103\u021bi anti-doping pentru juniori.<\/p>\n\n\n\n<p>Proiectul a realizat un Joc Anti-doping inovator utiliz\u00e2nd tehnologia Realit\u0103\u021bii Augmentate (AR) pentru a prezenta mai clar riscurile dopajului \u0219i, \u00een acela\u0219i timp, pentru a promova Etica Sportului \u0219i alimenta\u021bia s\u0103n\u0103toas\u0103. La acest proiect a lucrat personal calificat \u0219i cu experien\u021b\u0103 de la toate nivelurile de \u00eenv\u0103\u021b\u0103m\u00e2nt, membri ai asocia\u021biilor \u0219i echipelor sportive din \u0219apte state europene: RO, EL, IT, ES, PT, PL &amp; HR.<\/p>\n\n\n<div class=\"wp-block-image\">\n<figure class=\"alignleft size-large is-resized\"><a href=\"https:\/\/play.google.com\/store\/apps\/details?id=gr.tool.dorgis\"><img loading=\"lazy\" decoding=\"async\" width=\"1024\" height=\"1024\" src=\"https:\/\/dorgisproject.eu\/wp-content\/uploads\/2023\/02\/GOOGLE-PLAY-1024x1024.png\" alt=\"\" class=\"wp-image-9604\" style=\"width:256px;height:256px\" srcset=\"https:\/\/dorgisproject.eu\/wp-content\/uploads\/2023\/02\/GOOGLE-PLAY-1024x1024.png 1024w, https:\/\/dorgisproject.eu\/wp-content\/uploads\/2023\/02\/GOOGLE-PLAY-300x300.png 300w, https:\/\/dorgisproject.eu\/wp-content\/uploads\/2023\/02\/GOOGLE-PLAY-150x150.png 150w, https:\/\/dorgisproject.eu\/wp-content\/uploads\/2023\/02\/GOOGLE-PLAY-768x768.png 768w, https:\/\/dorgisproject.eu\/wp-content\/uploads\/2023\/02\/GOOGLE-PLAY-80x80.png 80w, https:\/\/dorgisproject.eu\/wp-content\/uploads\/2023\/02\/GOOGLE-PLAY-430x430.png 430w, https:\/\/dorgisproject.eu\/wp-content\/uploads\/2023\/02\/GOOGLE-PLAY-560x560.png 560w, https:\/\/dorgisproject.eu\/wp-content\/uploads\/2023\/02\/GOOGLE-PLAY.png 1147w\" sizes=\"auto, (max-width: 1024px) 100vw, 1024px\" \/><\/a><figcaption class=\"wp-element-caption\">GET IT ON GOOGLE PLAY<\/figcaption><\/figure>\n<\/div>\n\n<div class=\"wp-block-image\">\n<figure class=\"alignleft size-large is-resized\"><a href=\"https:\/\/apps.apple.com\/gr\/app\/dorgis-ar\/id1635743938\"><img loading=\"lazy\" decoding=\"async\" width=\"1024\" height=\"1024\" src=\"https:\/\/dorgisproject.eu\/wp-content\/uploads\/2023\/02\/APPLE-STORE-1024x1024.png\" alt=\"\" class=\"wp-image-9612\" style=\"width:256px;height:256px\" srcset=\"https:\/\/dorgisproject.eu\/wp-content\/uploads\/2023\/02\/APPLE-STORE-1024x1024.png 1024w, https:\/\/dorgisproject.eu\/wp-content\/uploads\/2023\/02\/APPLE-STORE-300x300.png 300w, https:\/\/dorgisproject.eu\/wp-content\/uploads\/2023\/02\/APPLE-STORE-150x150.png 150w, https:\/\/dorgisproject.eu\/wp-content\/uploads\/2023\/02\/APPLE-STORE-768x768.png 768w, https:\/\/dorgisproject.eu\/wp-content\/uploads\/2023\/02\/APPLE-STORE-80x80.png 80w, https:\/\/dorgisproject.eu\/wp-content\/uploads\/2023\/02\/APPLE-STORE-430x430.png 430w, https:\/\/dorgisproject.eu\/wp-content\/uploads\/2023\/02\/APPLE-STORE-560x560.png 560w, https:\/\/dorgisproject.eu\/wp-content\/uploads\/2023\/02\/APPLE-STORE.png 1147w\" sizes=\"auto, (max-width: 1024px) 100vw, 1024px\" \/><\/a><figcaption class=\"wp-element-caption\">GET IT ON APPLE STORE<\/figcaption><\/figure>\n<\/div>\n\n\n<p><\/p>\n\n\n\n<p><\/p>\n\n\n\n<p><\/p>\n\n\n\n<p><\/p>\n\n\n\n<p><\/p>\n","protected":false},"excerpt":{"rendered":"<p>\u201eDORGIS-AR\u201d urm\u0103re\u0219te combaterea dopajului \u00een sportul recrea\u021bional \u0219i \u00een mediul sportiv recrea\u021bional, s\u0103 informeze, s\u0103 educe \u0219i s\u0103 motiveze sportivii juniori de 9-16 ani, profesorii de educa\u021bie fizic\u0103 \u0219i sport \/ antrenorii \u0219i p\u0103rin\u021bii juniorilor \u00eempotriva utiliz\u0103rii drogurilor \u0219i substan\u021belor interzise care pot d\u0103una s\u0103n\u0103t\u0103\u021bii sportivilor \u0219i pot afecta integritatea sportiv\u0103. \u201eDORGIS-AR\u201d \u0219i-a propus s\u0103 [&hellip;]<\/p>\n","protected":false},"author":3,"featured_media":0,"parent":0,"menu_order":0,"comment_status":"closed","ping_status":"closed","template":"","meta":{"_themeisle_gutenberg_block_has_review":false,"footnotes":""},"class_list":["post-2937","page","type-page","status-publish","hentry"],"_links":{"self":[{"href":"https:\/\/dorgisproject.eu\/ro\/wp-json\/wp\/v2\/pages\/2937","targetHints":{"allow":["GET"]}}],"collection":[{"href":"https:\/\/dorgisproject.eu\/ro\/wp-json\/wp\/v2\/pages"}],"about":[{"href":"https:\/\/dorgisproject.eu\/ro\/wp-json\/wp\/v2\/types\/page"}],"author":[{"embeddable":true,"href":"https:\/\/dorgisproject.eu\/ro\/wp-json\/wp\/v2\/users\/3"}],"replies":[{"embeddable":true,"href":"https:\/\/dorgisproject.eu\/ro\/wp-json\/wp\/v2\/comments?post=2937"}],"version-history":[{"count":53,"href":"https:\/\/dorgisproject.eu\/ro\/wp-json\/wp\/v2\/pages\/2937\/revisions"}],"predecessor-version":[{"id":10800,"href":"https:\/\/dorgisproject.eu\/ro\/wp-json\/wp\/v2\/pages\/2937\/revisions\/10800"}],"wp:attachment":[{"href":"https:\/\/dorgisproject.eu\/ro\/wp-json\/wp\/v2\/media?parent=2937"}],"curies":[{"name":"wp","href":"https:\/\/api.w.org\/{rel}","templated":true}]}}