{"id":2798,"date":"2022-08-20T17:29:46","date_gmt":"2022-08-20T17:29:46","guid":{"rendered":"https:\/\/demo.bulldogproject.eu\/instructions-for-bulldog-app\/"},"modified":"2025-03-05T23:57:13","modified_gmt":"2025-03-05T23:57:13","slug":"instructions-for-bulldog-app","status":"publish","type":"page","link":"https:\/\/dorgisproject.eu\/ro\/instructions-for-bulldog-app\/","title":{"rendered":"Utilizarea aplica\u021biei DORGIS"},"content":{"rendered":"\n<div class=\"wp-block-cover aligncenter is-light has-parallax is-repeated\" style=\"min-height:328px;aspect-ratio:unset;\"><span aria-hidden=\"true\" class=\"wp-block-cover__background has-white-background-color has-background-dim-0 has-background-dim\"><\/span><div class=\"wp-block-cover__image-background wp-image-7701 has-parallax is-repeated\" style=\"background-position:50% 50%;background-image:url(https:\/\/dorgisproject.eu\/wp-content\/uploads\/2023\/02\/MARK3-copy-scaled.jpg)\"><\/div><div class=\"wp-block-cover__inner-container is-layout-flow wp-block-cover-is-layout-flow\">\n<p class=\"has-text-align-center has-large-font-size\"><\/p>\n<\/div><\/div>\n\n\n\n<p><\/p>\n\n\n\n<p><strong>INSTRUC\u021aIUNI DE UTILIZARE A APLICA\u021aIEI &#8220;DORGIS&#8221;<br><\/strong>&nbsp;<br><strong>A) \u00ceN&nbsp;TABLOUL DE BORD (DASHBOARD):<\/strong><br>Tabloul de bord se g\u0103se\u0219te la adresa:<br><a href=\"https:\/\/dashboard.dorgisproject.eu\/\">https:\/\/dashboard.dorgisproject.eu\/<\/a><br><br>1. \u00cenainte de a utiliza aplica\u021bia, trebuie s\u0103 v\u0103 \u00eenregistra\u021bi on-line \u00een TABLOUL DE BORD (DASHBOARD).<br>2. Ve\u021bi primi un e-mail de verificare cu o parol\u0103 pe care o ve\u021bi folosi la prima conectare. (Verifica\u021bi-v\u0103 \u0219i mesajele SPAM!)<br>3. Apoi selecta\u021bi JOC NOU (NEW GAME).<br>4. Denumi\u021bi jocul nou \/ grupul de juc\u0103tori.<br>5. Dac\u0103 ve\u021bi selecta JUC\u0102TORI (PLAYERS), ve\u021bi vizualiza to\u021bi utilizatorii care \u0219i-au trimis cu succes rezultatele ob\u021binute \u00een aplica\u021bie. Ini\u021bial, lista este goal\u0103.<br>6. Vizualiza\u021bi codul jocului \/ grupului (care se afl\u0103 \u00een partea de sus a listei) \u0219i distribui\u021bi-l utilizatorilor.<br>7. Pute\u021bi crea oric\u00e2te jocuri \/ grupuri dori\u021bi!<br><\/p>\n\n\n\n<figure class=\"wp-block-gallery has-nested-images columns-default is-cropped wp-block-gallery-1 is-layout-flex wp-block-gallery-is-layout-flex\">\n<figure class=\"wp-block-image size-large\"><img loading=\"lazy\" decoding=\"async\" width=\"1024\" height=\"453\" data-id=\"8342\" src=\"https:\/\/demo.dorgisproject.eu\/wp-content\/uploads\/2023\/02\/DASH1-1024x453.jpg\" alt=\"\" class=\"wp-image-8342\" srcset=\"https:\/\/dorgisproject.eu\/wp-content\/uploads\/2023\/02\/DASH1-1024x453.jpg 1024w, https:\/\/dorgisproject.eu\/wp-content\/uploads\/2023\/02\/DASH1-300x133.jpg 300w, https:\/\/dorgisproject.eu\/wp-content\/uploads\/2023\/02\/DASH1-768x340.jpg 768w, https:\/\/dorgisproject.eu\/wp-content\/uploads\/2023\/02\/DASH1-1536x680.jpg 1536w, https:\/\/dorgisproject.eu\/wp-content\/uploads\/2023\/02\/DASH1-1170x518.jpg 1170w, https:\/\/dorgisproject.eu\/wp-content\/uploads\/2023\/02\/DASH1.jpg 1920w\" sizes=\"auto, (max-width: 1024px) 100vw, 1024px\" \/><\/figure>\n\n\n\n<figure class=\"wp-block-image size-large\"><img loading=\"lazy\" decoding=\"async\" width=\"1024\" height=\"451\" data-id=\"8349\" src=\"https:\/\/demo.dorgisproject.eu\/wp-content\/uploads\/2023\/02\/DASH2-1024x451.jpg\" alt=\"\" class=\"wp-image-8349\" srcset=\"https:\/\/dorgisproject.eu\/wp-content\/uploads\/2023\/02\/DASH2-1024x451.jpg 1024w, https:\/\/dorgisproject.eu\/wp-content\/uploads\/2023\/02\/DASH2-300x132.jpg 300w, https:\/\/dorgisproject.eu\/wp-content\/uploads\/2023\/02\/DASH2-768x338.jpg 768w, https:\/\/dorgisproject.eu\/wp-content\/uploads\/2023\/02\/DASH2-1536x677.jpg 1536w, https:\/\/dorgisproject.eu\/wp-content\/uploads\/2023\/02\/DASH2-1170x516.jpg 1170w, https:\/\/dorgisproject.eu\/wp-content\/uploads\/2023\/02\/DASH2.jpg 1920w\" sizes=\"auto, (max-width: 1024px) 100vw, 1024px\" \/><\/figure>\n\n\n\n<figure class=\"wp-block-image size-large\"><img loading=\"lazy\" decoding=\"async\" width=\"1024\" height=\"452\" data-id=\"8356\" src=\"https:\/\/demo.dorgisproject.eu\/wp-content\/uploads\/2023\/02\/DASH3-1024x452.jpg\" alt=\"\" class=\"wp-image-8356\" srcset=\"https:\/\/dorgisproject.eu\/wp-content\/uploads\/2023\/02\/DASH3-1024x452.jpg 1024w, https:\/\/dorgisproject.eu\/wp-content\/uploads\/2023\/02\/DASH3-300x133.jpg 300w, https:\/\/dorgisproject.eu\/wp-content\/uploads\/2023\/02\/DASH3-768x339.jpg 768w, https:\/\/dorgisproject.eu\/wp-content\/uploads\/2023\/02\/DASH3-1536x678.jpg 1536w, https:\/\/dorgisproject.eu\/wp-content\/uploads\/2023\/02\/DASH3-1170x517.jpg 1170w, https:\/\/dorgisproject.eu\/wp-content\/uploads\/2023\/02\/DASH3.jpg 1920w\" sizes=\"auto, (max-width: 1024px) 100vw, 1024px\" \/><\/figure>\n<\/figure>\n\n\n\n<p><br><\/p>\n\n\n\n<hr class=\"wp-block-separator has-alpha-channel-opacity\"\/>\n\n\n\n<p><strong>B) \u00ceN APLICA\u021aIA MOBIL\u0102:<\/strong><br><br>1. De \u00eendat\u0103 ce juc\u0103torii finalizeaz\u0103 partea \u00eent\u00e2i sau a&nbsp;treia, ei vor folosi codul jocului \/ grupului \u0219i un nume de utilizator (la alegere) pentru a-\u0219i trimite c\u0103tre DASHBOARD rezultatele ob\u021binute.<br>2. R\u0103spunsurile, codul jocului \/ grupului \u0219i numele de utilizator ales (dac\u0103 au fost trimise&nbsp;on-line cu succes) vor fi p\u0103strate \u00een aplica\u021bie pe toat\u0103 durata jocului.<br>3. Dac\u0103 utilizatorul selecteaz\u0103 JOC NOU (NEW GAME), atunci toate datele de mai sus vor fi \u0219terse din aplica\u021bie.<br><br><strong>SUCCES!<\/strong><\/p>\n","protected":false},"excerpt":{"rendered":"<p>INSTRUC\u021aIUNI DE UTILIZARE A APLICA\u021aIEI &#8220;DORGIS&#8221;&nbsp;A) \u00ceN&nbsp;TABLOUL DE BORD (DASHBOARD):Tabloul de bord se g\u0103se\u0219te la adresa:https:\/\/dashboard.dorgisproject.eu\/ 1. \u00cenainte de a utiliza aplica\u021bia, trebuie s\u0103 v\u0103 \u00eenregistra\u021bi on-line \u00een TABLOUL DE BORD (DASHBOARD).2. Ve\u021bi primi un e-mail de verificare cu o parol\u0103 pe care o ve\u021bi folosi la prima conectare. (Verifica\u021bi-v\u0103 \u0219i mesajele SPAM!)3. Apoi selecta\u021bi [&hellip;]<\/p>\n","protected":false},"author":3,"featured_media":0,"parent":0,"menu_order":0,"comment_status":"closed","ping_status":"closed","template":"","meta":{"_themeisle_gutenberg_block_has_review":false,"footnotes":""},"class_list":["post-2798","page","type-page","status-publish","hentry"],"_links":{"self":[{"href":"https:\/\/dorgisproject.eu\/ro\/wp-json\/wp\/v2\/pages\/2798","targetHints":{"allow":["GET"]}}],"collection":[{"href":"https:\/\/dorgisproject.eu\/ro\/wp-json\/wp\/v2\/pages"}],"about":[{"href":"https:\/\/dorgisproject.eu\/ro\/wp-json\/wp\/v2\/types\/page"}],"author":[{"embeddable":true,"href":"https:\/\/dorgisproject.eu\/ro\/wp-json\/wp\/v2\/users\/3"}],"replies":[{"embeddable":true,"href":"https:\/\/dorgisproject.eu\/ro\/wp-json\/wp\/v2\/comments?post=2798"}],"version-history":[{"count":11,"href":"https:\/\/dorgisproject.eu\/ro\/wp-json\/wp\/v2\/pages\/2798\/revisions"}],"predecessor-version":[{"id":10819,"href":"https:\/\/dorgisproject.eu\/ro\/wp-json\/wp\/v2\/pages\/2798\/revisions\/10819"}],"wp:attachment":[{"href":"https:\/\/dorgisproject.eu\/ro\/wp-json\/wp\/v2\/media?parent=2798"}],"curies":[{"name":"wp","href":"https:\/\/api.w.org\/{rel}","templated":true}]}}