{"id":1529,"date":"2022-07-29T15:43:31","date_gmt":"2022-07-29T15:43:31","guid":{"rendered":"https:\/\/demo.bulldogproject.eu\/policy-2\/"},"modified":"2025-03-06T00:10:14","modified_gmt":"2025-03-06T00:10:14","slug":"policy-2","status":"publish","type":"page","link":"https:\/\/dorgisproject.eu\/ro\/policy-2\/","title":{"rendered":"Condi\u021bii de utilizare: Aplica\u021bia DORGIS"},"content":{"rendered":"\n<h3 class=\"wp-block-heading\">Politica de confiden\u021bialitate<\/h3>\n\n\n\n<div class=\"wp-block-cover is-light has-parallax\"><span aria-hidden=\"true\" class=\"wp-block-cover__background has-white-background-color has-background-dim-0 has-background-dim\"><\/span><div class=\"wp-block-cover__image-background wp-image-7701 has-parallax\" style=\"background-position:50% 50%;background-image:url(https:\/\/dorgisproject.eu\/wp-content\/uploads\/2023\/02\/MARK3-copy-scaled.jpg)\"><\/div><div class=\"wp-block-cover__inner-container is-layout-flow wp-block-cover-is-layout-flow\">\n<p class=\"has-text-align-center has-large-font-size\"><\/p>\n<\/div><\/div>\n\n\n\n<p><strong>Condi\u021bii de utilizare: Aplica\u021bia DORGIS AR<br><\/strong><br>1. Introducere<br>Prin prezenta notificare, dorim s\u0103 v\u0103 inform\u0103m despre termenii \u0219i condi\u021biile privind colectarea \u0219i prelucrarea datelor noastre cu caracter personal, efectuat\u0103 de DORGIS AR PARTNERSHIP format din urm\u0103toarele institu\u021bii: \u0218COALA GIMNAZIAL\u0102 REDIU, MAIANDROS EPE, CENTRO UNIVERSITARIO SPORTIVO \u2013 CUSPADOVA, ASSOCIA\u00c7\u00c3O DE FUTEBOL DE BRAGAN\u00c7A, FUNDACION UNIVERSIDAD CATOLICA DE VALENCIA SAN VICENTE MARTIR, ZAJEDNICA SPORTSKIH UDRUGA GRADA RIJEKE RIJECKI SPORTSKI SAVEZ \u0219i STOWARZYSZENIE DZIECI I M\u0141ODZIE\u017bY DZIECI I M\u0141ODZIE\u017bY KAROL, versiunea polonez\u0103, rom\u00e2n\u0103 \u0219i spaniol\u0103, de\u021bin\u0103torii de aplica\u021bii \u00een limba polonez\u0103, rom\u00e2n\u0103 \u0219i spaniol\u0103, \u00een limba greac\u0103, \u00een limba greac\u0103, \u00een limba croat\u0103 \u0219i operator al datelor cu caracter personal colectate prin aceast\u0103 aplica\u021bie (denumit \u00een continuare \u201eDORGIS\u201d).<br><br>DORGIS a luat toate m\u0103surile necesare pentru a asigura o protec\u021bie \u0219i securitate la nivel \u00eenalt pentru aplica\u021bia DORGIS, \u00een conformitate cu cele mai bune practici de afaceri recunoscute. Accesul \u0219i navigarea \u00een aplica\u021bia DORGIS sunt gratuite. Orice copiere sau reproducere \u00een orice mod, publicare, modificare, alterare sau folosire \u00een orice alt mod a fotografiilor, videoclipurilor, imaginilor \u0219i siglelor incluse \u00een aplica\u021bia DORGIS este strict interzis\u0103.<br>DORGIS \u00ee\u0219i rezerv\u0103 dreptul de a modifica aceast\u0103 Politic\u0103 \u00een orice moment, f\u0103r\u0103 notificarea prealabil\u0103 a utilizatorilor. Prin urmare, v\u0103 recomand\u0103m s\u0103 o revizui\u021bi \u00een mod regulat atunci c\u00e2nd utiliza\u021bi aplica\u021bia.<br><br>2. Ce date personale colect\u0103m?<\/p>\n\n\n\n<p>C\u00e2nd utiliza\u021bi aceast\u0103 aplica\u021bie, nu este necesar\u0103 \u00eenregistrarea niciunei date personale. Cu toate acestea, dac\u0103 dori\u021bi s\u0103 v\u0103 conecta\u021bi la tabloul de bord DORGIS pentru a crea un nou joc pentru aplica\u021bia DORGIS, vi se va cere s\u0103 trimite\u021bi anumite informa\u021bii personale, cum ar fi : nume si adresa de email.<br><br>3. \u00cen ce scopuri colect\u0103m datele dumneavoastr\u0103 cu caracter personal?<br><\/p>\n\n\n\n<p>Avem grij\u0103 s\u0103 colect\u0103m numai Datele personale necesare, care sunt adecvate \u0219i clare pentru scopurile vizate, nefiind supuse vreunei prelucr\u0103ri ulterioare \u00een niciun fel incompatibile cu scopurile ini\u021biale ale colect\u0103rii. Prelucr\u0103m datele dumneavoastr\u0103 cu caracter personal \u00een urm\u0103toarele scopuri: \u2022 Pentru a v\u0103 contacta la \u00eenregistrare, pentru a primi e-mailul dumneavoastr\u0103 \u0219i a v\u0103 trimite o parol\u0103 pentru intrarea \u00een aplica\u021bie.<br><br>4. C\u00e2t timp p\u0103str\u0103m datele dumneavoastr\u0103 cu caracter personal?<\/p>\n\n\n\n<p>Ne asigur\u0103m c\u0103 datele cu caracter personal pe care le colect\u0103m nu sunt prelucrate mai mult dec\u00e2t este necesar pentru scopul proces\u0103rii. Criteriile de baz\u0103 pe care le lu\u0103m \u00een considerare atunci c\u00e2nd stabilim durata \u00een care p\u0103str\u0103m datele dumneavoastr\u0103 cu caracter personal sunt limitarea \u00een timp a reclama\u021biilor determinat\u0103 de lege \u0219i termenele \u00een care o autoritate public\u0103 ne poate solicita s\u0103 le furniz\u0103m informa\u021biile pe care le de\u021binem \u00een eviden\u021bele noastre.<br><br>5. Care este temeiul legal pentru care DORGIS v\u0103 prelucreaz\u0103 Datele?<\/p>\n\n\n\n<p>\u2022 Consim\u021b\u0103m\u00e2ntul dumneavoastr\u0103, acolo unde este cazul, \u00eentr-un singur scop (de exemplu, atunci c\u00e2nd v\u0103 \u00eenregistra\u021bi \u00een tabloul de bord DORGIS)\u2022 Respectarea obliga\u021biilor impuse de lege (de exemplu, atunci c\u00e2nd trebuie s\u0103 notific\u0103m autorit\u0103\u021bilor fiscale datele de contact ale partenerilor no\u0219tri)\u2022 Protec\u021bia legitimit\u0103\u021bii interesele parteneriatului DORGIS, precum \u0219i \u00eendeplinirea obliga\u021biilor contractuale sau statutare.<\/p>\n\n\n\n<p>6. Cui \u00eemp\u0103rt\u0103\u0219im datele dumneavoastr\u0103 cu caracter personal?<\/p>\n\n\n\n<p>De regul\u0103, datele pe care ni le furniza\u021bi nu sunt dezv\u0103luite unor ter\u021bi \u0219i nu sunt \u00een niciun fel f\u0103cute publice sau exploatate \u00een niciun fel. \u00cen cazuri excep\u021bionale, datele personale ale utilizatorilor pot fi transmise unor ter\u021bi furnizori de servicii ai DORGIS, care prelucreaz\u0103 datele dumneavoastr\u0103 cu caracter personal exclusiv pentru \u00eendeplinirea obliga\u021biilor care le revin, care decurg din rela\u021bia lor contractual\u0103 cu DORGIS \u0219i din calitatea lor de procesatori (cum ar fi ter\u021bi. -furnizori de servicii pentru petreceri, consultan\u021bi \u00een servicii de securitate etc.).<br><br>De asemenea, DORGIS poate dezv\u0103lui informa\u021biile dumneavoastr\u0103 cu caracter personal \u00een urm\u0103toarele cazuri:\u2022 C\u00e2nd are acordul expres al persoanei de a-\u0219i publica datele \u00een orice mod\u2022 Dac\u0103 o astfel de dezv\u0103luire este necesar\u0103 pentru exercitarea drepturilor DORGIS\u2022 Dac\u0103 este cerut de lege, un ordin judec\u0103toresc sau orice alt\u0103 autoritate guvernamental\u0103 sau de reglementare.<br><br>\u00cen cazul \u00een care DORGIS transfer\u0103 datele dumneavoastr\u0103 cu caracter personal c\u0103tre destinatari din afara Uniunii Europene sau a Spa\u021biului Economic European, va aplica m\u0103suri de protec\u021bie adecvate pentru a asigura un nivel adecvat de protec\u021bie a datelor dumneavoastr\u0103 cu caracter personal.<br><br>7. Cum ne asigur\u0103m c\u0103 Procesatorii v\u0103 respect\u0103 datele?<\/p>\n\n\n\n<p>Procesorii de date, \u00een numele Parteneriatului, au fost de acord \u0219i sunt lega\u021bi prin contract cu noi \u0219i, printre altele:<br><br>\u2022 S\u0103 p\u0103streze confiden\u021bialitatea\u2022 S\u0103 nu partajeze Datele cu ter\u021be p\u0103r\u021bi f\u0103r\u0103 consim\u021b\u0103m\u00e2ntul Parteneriatului sau s\u0103 le foloseasc\u0103 \u00een beneficiul lor personal\u2022 S\u0103 ia m\u0103suri de siguran\u021b\u0103 adecvate\u2022 S\u0103 respecte cadrul legal pentru protec\u021bia datelor cu caracter personal, \u00een special Regulamentul 979\/2016\/ \u0395\u0395 (altfel cunoscut sub numele de GDPR)<br><br>8. Care sunt drepturile tale?<br><br>\u2022 Ave\u021bi dreptul de a accesa datele dumneavoastr\u0103 cu caracter personal. Aceasta \u00eenseamn\u0103 c\u0103 ave\u021bi dreptul de a fi informat de noi dac\u0103 proces\u0103m datele dumneavoastr\u0103. Dac\u0103 prelucr\u0103m Datele dumneavoastr\u0103, pute\u021bi cere informa\u021bii despre scopul prelucr\u0103rii, tipul de Date pe care le de\u021binem, cui le partaj\u0103m, c\u00e2t timp le stoc\u0103m, dar \u0219i despre celelalte drepturi ale dumneavoastr\u0103, cum ar fi corectarea, \u0219tergerea, \u0219i depunerea unei pl\u00e2ngeri la Autoritatea pentru Protec\u021bia Datelor.<br><br>\u2022 Ave\u021bi dreptul de a corecta datele personale inexacte. Dac\u0103 descoperi\u021bi c\u0103 exist\u0103 o eroare \u00een Datele dvs., pute\u021bi solicita ca noi s\u0103 o corect\u0103m (de exemplu, o corectare a numelui sau o actualizare a unei modific\u0103ri de adres\u0103).<br><br>\u2022 Ai dreptul de a fi \u0219ters\/drept de a fi uitat.<br><br>\u2022 Ne pute\u021bi cere s\u0103 v\u0103 \u0219tergem datele dac\u0103 unul dintre motivele prev\u0103zute de legisla\u021bia aplicabil\u0103 este \u00een vigoare.<br><br>\u2022 Ave\u021bi dreptul s\u0103 v\u0103 transfera\u021bi Datele.<br><br>\u00cen cazul \u00een care prelucrarea se bazeaz\u0103 pe consim\u021b\u0103m\u00e2ntul dvs. sau este necesar\u0103 pentru a executa un contract cu dvs. sau se face prin mijloace automate, ne pute\u021bi cere s\u0103 primim, \u00eentr-o form\u0103 lizibil\u0103, Datele pe care le-a\u021bi furnizat sau ne pute\u021bi cere s\u0103 primim transmite-l unui alt operator\/procesator.\u2022 Ave\u021bi dreptul de a restric\u021biona prelucrarea.<br><br>Ne pute\u021bi cere s\u0103 restric\u021bion\u0103m prelucrarea datelor dumneavoastr\u0103 cu caracter personal, dac\u0103 un motiv prev\u0103zut de legisla\u021bia aplicabil\u0103 este \u00een vigoare.<br><br>\u2022 Ave\u021bi dreptul de a v\u0103 opune \u0219i de a v\u0103 retrage consim\u021b\u0103m\u00e2ntul pentru prelucrarea Datelor dumneavoastr\u0103.<br><br>Dac\u0103 dori\u021bi s\u0103 v\u0103 exercita\u021bi aceste drepturi, v\u0103 rug\u0103m s\u0103 trimite\u021bi un e-mail la <a href=\"mailto:gdpr@bulldogproject.eu\">gdpr@dorgisproject.eu<\/a>sau o scrisoare la urm\u0103toarea adres\u0103:<br><br>\u0218COALA GIMNAZIAL\u0102 REDIU\u0218OS. VALEA REDIULUI NR. 342707405 REDIUROMANIA<br><br>\u00cen sf\u00e2r\u0219it, dac\u0103 considera\u021bi c\u0103 \u00eenc\u0103lc\u0103m legea aplicabil\u0103 pentru protec\u021bia datelor dumneavoastr\u0103 cu caracter personal, ave\u021bi dreptul de a depune o pl\u00e2ngere la Autoritatea pentru Protec\u021bia Datelor cu Caracter Personal, \u00eenregistrat\u0103 \u00een \u0218os.Valea Rediului, nr. 342 Rediu 70740, Romania.<br><br>9. Limitarea r\u0103spunderii<br><br>Aplica\u021bia DORGIS poate include link-uri c\u0103tre alte site-uri web care nu sunt controlate de parteneriatul DORGIS, ci de c\u0103tre al\u021bi proprietari (persoane fizice sau juridice) c\u0103rora le apar\u021bin site-urile de mai sus. \u00cen nicio circumstan\u021b\u0103, parteneriatul DORGIS nu este responsabil pentru orice daune pe care utilizatorul le-ar putea suferi \u00een urma vizitei sale pe alte site-uri, inclusiv pentru orice prelucrare ilegal\u0103 a datelor sale cu caracter personal ca urmare a vizitei site-urilor de mai sus.<br><br>10. Cookie-uri<br><br>Cookie-urile sunt fi\u0219iere text mici care con\u021bin informa\u021bii, care sunt trimise de site-ul web dorgisproject.eu \u0219i sunt desc\u0103rcate pe computerul personal sau pe dispozitivul inteligent al utilizatorului-vizitator. Aceste fi\u0219iere pot con\u021bine informa\u021bii despre tipul de browser web utilizat de fiecare utilizator-vizitator, tipul de computer, sistemul de operare, furnizorul de internet \u0219i alte informa\u021bii tehnice.<br><br>Cookie-urile nu v\u0103 deterioreaz\u0103 computerul sau dispozitivul mobil, sau fi\u0219ierele stocate pe acestea \u0219i nu intervin \u00een niciun fel cu niciun document sau fi\u0219ier stocat pe computerul dumneavoastr\u0103 atunci c\u00e2nd vizita\u021bi site-ul dorgisproject.eu. Utilizarea cookie-urilor nu v\u0103 dezv\u0103luie identitatea, dar poate duce la identificarea computerului dumneavoastr\u0103.<br><br>Site-ul web dorgisproject.eu poate folosi cookie-uri \u00een urm\u0103toarele scopuri:<br><br>(a) Google Analytics Pentru a efectua sondaje \u00een scopuri statistice \u0219i\/sau pentru a \u00eembun\u0103t\u0103\u021bi con\u021binutul \u0219i serviciile dorgisproject.eu \u0219i\/sau pentru a m\u0103sura eficacitatea acestuia.<br><br>(b) Re\u021bele socialeCookie-urile sunt plasate de furnizorii de site-uri de re\u021bele sociale pentru a permite vizitatorului s\u0103 partajeze cu u\u0219urin\u021b\u0103 con\u021binutul dorgisproject.eu prin aceste site-uri.<br><br>Majoritatea browserelor web accept\u0103 utilizarea cookie-urilor \u00een mod implicit, dar este posibil s\u0103 seta\u021bi browserul s\u0103 refuze primirea sau s\u0103 accepte selectiv anumite module cookie. Dac\u0103 dezactiva\u021bi primirea cookie-urilor, anumite func\u021bii oferite de site-ul nostru web pot fi indisponibile, \u00een timp ce unele pagini pot s\u0103 nu fie afi\u0219ate corect.<br><br>Site-ul <a href=\"http:\/\/www.allaboutcookies.org\/\">www.allaboutcookies.org<\/a> ofer\u0103 instruc\u021biuni bune \u0219i simple despre gestionarea cookie-urilor, folosind diferite tipuri de browsere web.<\/p>\n\n\n\n<p><br>&nbsp;<\/p>\n","protected":false},"excerpt":{"rendered":"<p>Politica de confiden\u021bialitate Condi\u021bii de utilizare: Aplica\u021bia DORGIS AR1. IntroducerePrin prezenta notificare, dorim s\u0103 v\u0103 inform\u0103m despre termenii \u0219i condi\u021biile privind colectarea \u0219i prelucrarea datelor noastre cu caracter personal, efectuat\u0103 de DORGIS AR PARTNERSHIP format din urm\u0103toarele institu\u021bii: \u0218COALA GIMNAZIAL\u0102 REDIU, MAIANDROS EPE, CENTRO UNIVERSITARIO SPORTIVO \u2013 CUSPADOVA, ASSOCIA\u00c7\u00c3O DE FUTEBOL DE BRAGAN\u00c7A, FUNDACION UNIVERSIDAD [&hellip;]<\/p>\n","protected":false},"author":3,"featured_media":0,"parent":0,"menu_order":0,"comment_status":"closed","ping_status":"closed","template":"","meta":{"_themeisle_gutenberg_block_has_review":false,"footnotes":""},"class_list":["post-1529","page","type-page","status-publish","hentry"],"_links":{"self":[{"href":"https:\/\/dorgisproject.eu\/ro\/wp-json\/wp\/v2\/pages\/1529","targetHints":{"allow":["GET"]}}],"collection":[{"href":"https:\/\/dorgisproject.eu\/ro\/wp-json\/wp\/v2\/pages"}],"about":[{"href":"https:\/\/dorgisproject.eu\/ro\/wp-json\/wp\/v2\/types\/page"}],"author":[{"embeddable":true,"href":"https:\/\/dorgisproject.eu\/ro\/wp-json\/wp\/v2\/users\/3"}],"replies":[{"embeddable":true,"href":"https:\/\/dorgisproject.eu\/ro\/wp-json\/wp\/v2\/comments?post=1529"}],"version-history":[{"count":12,"href":"https:\/\/dorgisproject.eu\/ro\/wp-json\/wp\/v2\/pages\/1529\/revisions"}],"predecessor-version":[{"id":10835,"href":"https:\/\/dorgisproject.eu\/ro\/wp-json\/wp\/v2\/pages\/1529\/revisions\/10835"}],"wp:attachment":[{"href":"https:\/\/dorgisproject.eu\/ro\/wp-json\/wp\/v2\/media?parent=1529"}],"curies":[{"name":"wp","href":"https:\/\/api.w.org\/{rel}","templated":true}]}}