{"id":1467,"date":"2022-07-29T14:20:18","date_gmt":"2022-07-29T14:20:18","guid":{"rendered":"https:\/\/demo.bulldogproject.eu\/legislation\/"},"modified":"2025-03-06T00:05:54","modified_gmt":"2025-03-06T00:05:54","slug":"legislation","status":"publish","type":"page","link":"https:\/\/dorgisproject.eu\/ro\/legislation\/","title":{"rendered":"Legisla\u021bia"},"content":{"rendered":"\n<div class=\"wp-block-cover is-light has-parallax is-repeated\"><span aria-hidden=\"true\" class=\"wp-block-cover__background has-white-background-color has-background-dim-0 has-background-dim\"><\/span><div class=\"wp-block-cover__image-background wp-image-7787 has-parallax is-repeated\" style=\"background-position:50% 50%;background-image:url(https:\/\/dorgisproject.eu\/wp-content\/uploads\/2023\/02\/doping2.jpg)\"><\/div><div class=\"wp-block-cover__inner-container is-layout-flow wp-block-cover-is-layout-flow\">\n<p class=\"has-text-align-center has-large-font-size\"><\/p>\n<\/div><\/div>\n\n\n\n<p><strong>LEGISLA\u021aIA ANTI-DOPING \u00ceN ROM\u00c2NIA<\/strong><\/p>\n\n\n\n<p><strong>(\u00een anul 2022)<\/strong><\/p>\n\n\n\n<p><strong>Agen\u021bia Na\u021bional\u0103 Anti-Doping (ANAD)<\/strong>, este institu\u0163ia public\u0103 cu personalitate juridic\u0103 \u015fi autonomie decizional\u0103 \u00een activitatea anti-doping. ANAD este direct responsabil\u0103 de adoptarea \u015fi implementarea la nivel na\u021bional a tuturor reglement\u0103rilor interna\u021bionale privind prevenirea \u0219i combaterea dopajului \u00een sport.<\/p>\n\n\n\n<p>Reglement\u0103rile anti-doping la nivel na\u0163ional au fost elaborate \u00een concordan\u0163\u0103 cu politicile interna\u0163ionale \u00een domeniu, r\u0103spunz\u00e2nd exigen\u0163elor formulate de Consiliul Europei, de Organiza\u0163ia Na\u0163iunilor Unite pentru Educa\u0163ie, \u015etiin\u0163\u0103 \u015fi Cultur\u0103 (UNESCO) \u0219i de Agen\u0163ia Mondial\u0103 Anti-Doping (WADA).<\/p>\n\n\n\n<p><strong><em>Conven\u021bia Interna\u021bional\u0103 a UNESCO \u00eempotriva dopajului \u00een sport<\/em><\/strong> a fost acceptat\u0103 prin Legea nr. 367\/2006. <strong><em>Conven\u021bia \u00eempotriva dopajului a Consiliului Europei<\/em><\/strong> a fost ratificat\u0103 prin Legea nr. 171\/1998. Prin semnarea <strong><em>Memorandumului de la Copenhaga<\/em><\/strong> \u00een anul 2003, Rom\u00e2nia s-a angajat s\u0103 transpun\u0103 prevederile <strong><em>Codul Mondial Anti-Doping<\/em><\/strong>.<\/p>\n\n\n\n<p><strong>Programul mondial anti-doping<\/strong> include toate elementele necesare pentru a se asigura armonizarea optim\u0103 \u015fi aplicarea \u00een cele mai bune condi\u0163ii a programelor anti-doping la nivel interna\u0163ional \u015fi na\u0163ional.<\/p>\n\n\n\n<p>Principalele elemente sunt:<\/p>\n\n\n\n<p><strong>Nivelul 1<\/strong>: <em>Codul Mondial Anti-Doping<\/em><\/p>\n\n\n\n<p><strong>Nivelul 2<\/strong>: <em>Standardele interna\u0163ionale \u015fi documentele tehnice<\/em><\/p>\n\n\n\n<p><strong>Nivelul 3<\/strong>: <em>Modelele de bun\u0103 practic\u0103 \u015fi \u00eendrum\u0103rile<\/em><\/p>\n\n\n\n<p>Av\u00e2nd \u00een vedere obliga\u021biile ce-i revin ca semnatar al <strong><em>Codului Mondial Anti-Doping<\/em><\/strong>, ANAD a ini\u021biat procedurile de elaborare a unor noi acte normative la nivel na\u021bional.<\/p>\n\n\n\n<p>Parlamentul Rom\u00e2niei a adoptat <strong><u>Legea nr. 310\/2021 privind prevenirea \u0219i combaterea dopajului \u00een sport<\/u><\/strong> publicat\u0103 \u00een Monitorul Oficial al Rom\u00e2niei, Partea I, nr. 1229 din 27.12.2021. Acest act normativ a intrat \u00een vigoare la data de 30.12.2021 \u0219i preia prevederi care reflect\u0103 toate modific\u0103rile \u0219i complet\u0103rile aduse <em>Codului Mondial Anti-Doping<\/em>, urmare a procesului de revizuire din care a rezultat varianta intrat\u0103 \u00een vigoare la 1 ianuarie 2021. Preciz\u0103m c\u0103 preluarea prin Legea nr. 310\/2021 a avut \u00een vedere toate cerin\u021bele referitoare la respectarea condi\u021biei de conformitate cu programul mondial anti-doping. \u00cen elaborarea Legii nr. 310\/2021 s-au introdus \u0219i prevederi referitoare la aderarea la standardele interna\u021bionale elaborate de WADA, prin trimiteri la aplicarea acestora.<\/p>\n\n\n\n<p>Prin Legea nr. 310\/2021 au fost abrogate dispozi\u021biile Legii nr. 227\/2006 privind prevenirea \u0219i combaterea dopajului \u00een sport, republicat\u0103, cu modific\u0103rile \u0219i complet\u0103rile ulterioare.<\/p>\n\n\n\n<p>Actul normativ care organizeaz\u0103 executarea dispozi\u021biilor Legii nr. 310\/2021 privind prevenirea \u0219i combaterea dopajului \u00een sport \u00eel constituie <strong><u>Hot\u0103r\u00e2rea Guvernului (H.G.) nr. 278\/2022 pentru aprobarea Normelor metodologice privind controlul doping<\/u><\/strong> (publicat\u0103 \u00een Monitorul Oficial nr. 199 din 28 februarie 2022).<\/p>\n\n\n\n<p><strong><em>Normele metodologice privind controlul doping<\/em><\/strong> stabilesc urm\u0103toarele etape \u0219i procese ale controlului doping la nivel na\u021bional:<\/p>\n\n\n\n<p>* procedura de desf\u0103\u0219urare a test\u0103rii doping;<\/p>\n\n\n\n<p>* organizarea sta\u021biilor de control doping pentru testarea doping \u00een competi\u021bie;<\/p>\n\n\n\n<p>* cerin\u021bele referitoare la informa\u021biile de localizare.<\/p>\n\n\n\n<p>Dispozi\u021biile acestui act normativ realizeaz\u0103 o \u00eenglobare a noilor prevederi interna\u021bionale \u00een domeniul dopajului \u00een sport, respectiv modific\u0103rile aduse <strong>Codului Mondial Anti-Doping<\/strong> (urmare a procesului de revizuire) \u0219i cele ale <strong>Standardului interna\u021bional pentru testare \u0219i investiga\u021bii<\/strong> al Agen\u021biei Mondiale Anti-Doping, modific\u0103ri care au intrat \u00een vigoare la 1 ianuarie 2021, precum \u0219i prevederile <strong>Conven\u021biei Interna\u021bionale \u00eempotriva dopajului \u00een sport<\/strong>, adoptat\u0103 \u00een cadrul Conferin\u021bei Generale a Organiza\u021biei Na\u021biunilor Unite pentru Educa\u021bie, \u0218tiin\u021b\u0103 \u0219i Cultur\u0103, la Paris la 19 octombrie 2005, acceptat\u0103 de Rom\u00e2nia prin <strong>Legea nr. 367\/2006<\/strong> (<em>Codul Mondial Anti-Doping<\/em> fiind anex\u0103 la aceast\u0103 conven\u021bie).<\/p>\n\n\n\n<p>ANAD are \u0219i atribu\u021bia elabor\u0103rii <strong><em>Strategiei Na\u0163ionale Anti-Doping<\/em><\/strong>, \u00een conformitate cu obiectivele \u015fi prevederile Codului, ale standardelor interna\u0163ionale, ale reglement\u0103rilor Conven\u0163iei \u00eempotriva dopajului, adoptat\u0103, \u00een cadrul Consiliului Europei, la Strasbourg la 16 noiembrie 1989, ratificat\u0103 prin Legea nr. 171\/1998, \u015fi ale Conven\u0163iei UNESCO. Prin Hot\u0103r\u00e2rea Guvernului nr. 398\/2018 (publicat\u0103 \u00een Monitorul Oficial nr. 517 din 25 iunie 2018) a fost aprobat\u0103 <strong>Strategia na\u021bional\u0103 anti-doping pentru perioada 2018-2022<\/strong> \u0219i <strong>Planul de ac\u021biune pentru implementarea acesteia<\/strong>.<\/p>\n\n\n\n<p>De asemenea, ANAD propune m\u0103suri specifice \u015fi colaboreaz\u0103 cu autorit\u0103\u0163ile \u015fi institu\u0163iile publice \u00een sensul intensific\u0103rii luptei \u00eempotriva traficului ilicit de substan\u0163e \u015fi\/sau metode interzise \u00een conformitate cu atribu\u0163iile stabilite prin <strong>Legea nr. 104\/2008 privind prevenirea \u015fi combaterea producerii \u015fi traficului ilicit de substan\u0163e dopante cu grad mare de risc<\/strong> (republicat\u0103, cu modific\u0103rile \u015fi complet\u0103rile ulterioare), \u00een vigoare de la 19 mai 2008.<\/p>\n\n\n\n<p><strong>Mai multe informa\u021bii se pot g\u0103si online:<\/strong><\/p>\n\n\n\n<p><a href=\"https:\/\/anad.gov.ro\/\">https:\/\/anad.gov.ro\/<\/a><\/p>\n\n\n\n<p><a href=\"https:\/\/legislatie.just.ro\/\">https:\/\/legislatie.just.ro\/<\/a><\/p>\n","protected":false},"excerpt":{"rendered":"<p>LEGISLA\u021aIA ANTI-DOPING \u00ceN ROM\u00c2NIA (\u00een anul 2022) Agen\u021bia Na\u021bional\u0103 Anti-Doping (ANAD), este institu\u0163ia public\u0103 cu personalitate juridic\u0103 \u015fi autonomie decizional\u0103 \u00een activitatea anti-doping. ANAD este direct responsabil\u0103 de adoptarea \u015fi implementarea la nivel na\u021bional a tuturor reglement\u0103rilor interna\u021bionale privind prevenirea \u0219i combaterea dopajului \u00een sport. Reglement\u0103rile anti-doping la nivel na\u0163ional au fost elaborate \u00een concordan\u0163\u0103 [&hellip;]<\/p>\n","protected":false},"author":2,"featured_media":0,"parent":0,"menu_order":0,"comment_status":"closed","ping_status":"closed","template":"","meta":{"_themeisle_gutenberg_block_has_review":false,"footnotes":""},"class_list":["post-1467","page","type-page","status-publish","hentry"],"_links":{"self":[{"href":"https:\/\/dorgisproject.eu\/ro\/wp-json\/wp\/v2\/pages\/1467","targetHints":{"allow":["GET"]}}],"collection":[{"href":"https:\/\/dorgisproject.eu\/ro\/wp-json\/wp\/v2\/pages"}],"about":[{"href":"https:\/\/dorgisproject.eu\/ro\/wp-json\/wp\/v2\/types\/page"}],"author":[{"embeddable":true,"href":"https:\/\/dorgisproject.eu\/ro\/wp-json\/wp\/v2\/users\/2"}],"replies":[{"embeddable":true,"href":"https:\/\/dorgisproject.eu\/ro\/wp-json\/wp\/v2\/comments?post=1467"}],"version-history":[{"count":7,"href":"https:\/\/dorgisproject.eu\/ro\/wp-json\/wp\/v2\/pages\/1467\/revisions"}],"predecessor-version":[{"id":10828,"href":"https:\/\/dorgisproject.eu\/ro\/wp-json\/wp\/v2\/pages\/1467\/revisions\/10828"}],"wp:attachment":[{"href":"https:\/\/dorgisproject.eu\/ro\/wp-json\/wp\/v2\/media?parent=1467"}],"curies":[{"name":"wp","href":"https:\/\/api.w.org\/{rel}","templated":true}]}}