{"id":1433,"date":"2022-07-29T13:43:16","date_gmt":"2022-07-29T13:43:16","guid":{"rendered":"https:\/\/demo.bulldogproject.eu\/our-goals\/"},"modified":"2025-03-05T20:20:13","modified_gmt":"2025-03-05T20:20:13","slug":"our-goals","status":"publish","type":"page","link":"https:\/\/dorgisproject.eu\/ro\/our-goals\/","title":{"rendered":"Obiective"},"content":{"rendered":"\n<div class=\"wp-block-cover has-parallax\"><span aria-hidden=\"true\" class=\"wp-block-cover__background has-white-background-color has-background-dim-0 has-background-dim\"><\/span><div class=\"wp-block-cover__image-background wp-image-7278 has-parallax\" style=\"background-position:50% 50%;background-image:url(https:\/\/dorgisproject.eu\/wp-content\/uploads\/2023\/02\/nodoping-1.jpg)\"><\/div><div class=\"wp-block-cover__inner-container is-layout-flow wp-block-cover-is-layout-flow\">\n<p class=\"has-text-align-center has-large-font-size\"><\/p>\n<\/div><\/div>\n\n\n\n<p><\/p>\n\n\n\n<p><strong>DORGIS-AR<\/strong> \u00ee\u0219i propune:<\/p>\n\n\n\n<p>a) s\u0103 \u00eencurajeze sportul curat, asigur\u00e2ndu-se c\u0103 sportivii juniori \u0219i \u00eentreg personalul care \u00eei sprijin\u0103 practic\u0103 valorile unei astfel de culturi sportive. Este necesar\u0103 \u00eembun\u0103t\u0103\u021birea\/reevaluarea eticii sportive \u0219i a integrit\u0103\u021bii \u00een sport.<\/p>\n\n\n\n<p>b) s\u0103 contribuie la prevenirea dopajului \u00een sportul recreativ, prin informarea, educarea \u0219i motivarea sportivilor \u0219i a profesorilor\/ antrenorilor acestora cu privire la pericolele legate de consumul de droguri \u0219i de substan\u021be interzise.<\/p>\n\n\n\n<p>c) s\u0103 contribuie la promovarea unei alimenta\u021bii s\u0103n\u0103toase, ca o contrapondere la cultura pro-doping \u00een sportul recreativ.<\/p>\n\n\n\n<p>d) s\u0103 creasc\u0103 gradul de con\u0219tientizare a p\u0103rin\u021bilor sportivilor juniori cu privire la fenomenul \u00een cre\u0219tere al dopajului \u00een afara sistemelor sportive de performan\u021b\u0103 \u0219i competi\u021bionale, care s-ar putea transforma \u00eentr-o problem\u0103 serioas\u0103 pentru societate \u0219i s\u0103n\u0103tatea public\u0103.<\/p>\n\n\n\n<p>e) s\u0103 contribuie la familiarizarea popula\u021biei sportive cu privire la legisla\u021bia anti-doping \u00een vigoare, codul WADA, lista substan\u021belor interzise \u0219i procedurile de testare.<\/p>\n\n\n\n<p><\/p>\n\n\n\n<figure class=\"wp-block-image size-full is-resized\"><img loading=\"lazy\" decoding=\"async\" width=\"710\" height=\"357\" src=\"https:\/\/dorgisproject.eu\/wp-content\/uploads\/2023\/02\/DORGIS-LOGO-TRANSPARENT-2.png\" alt=\"\" class=\"wp-image-9415\" style=\"width:178px;height:89px\" srcset=\"https:\/\/dorgisproject.eu\/wp-content\/uploads\/2023\/02\/DORGIS-LOGO-TRANSPARENT-2.png 710w, https:\/\/dorgisproject.eu\/wp-content\/uploads\/2023\/02\/DORGIS-LOGO-TRANSPARENT-2-300x151.png 300w\" sizes=\"auto, (max-width: 710px) 100vw, 710px\" \/><\/figure>\n\n\n\n<p><\/p>\n\n\n\n<p><strong>GRUPURI<\/strong><strong>&#8211;<\/strong><strong>\u021aINT\u0102<\/strong><\/p>\n\n\n\n<ul class=\"wp-block-list\">\n<li>Sportivii de 9-16 ani care particip\u0103 la sporturile recreative sau de performan\u021b\u0103 (ne adres\u0103m \u00eendeosebi sportivilor juniori din echipe sportive \u0219colare \/ universitare, din cluburi sportive de amatori sau din asocia\u021bii sportive apar\u021bin\u00e2nd celor \u0219apte \u021b\u0103ri participante la acest proiect: RO, EL, IT, ES, PT, PL \u0219i HR);<\/li>\n\n\n\n<li>Profesorii\/antrenorii de sport, cadrele medicale ale echipelor sportive mai sus men\u021bionate;<\/li>\n\n\n\n<li>P\u0103rin\u021bii tinerilor sportivi \u0219i popula\u021biei sportive pe arii mai largi.<\/li>\n<\/ul>\n","protected":false},"excerpt":{"rendered":"<p>DORGIS-AR \u00ee\u0219i propune: a) s\u0103 \u00eencurajeze sportul curat, asigur\u00e2ndu-se c\u0103 sportivii juniori \u0219i \u00eentreg personalul care \u00eei sprijin\u0103 practic\u0103 valorile unei astfel de culturi sportive. Este necesar\u0103 \u00eembun\u0103t\u0103\u021birea\/reevaluarea eticii sportive \u0219i a integrit\u0103\u021bii \u00een sport. b) s\u0103 contribuie la prevenirea dopajului \u00een sportul recreativ, prin informarea, educarea \u0219i motivarea sportivilor \u0219i a profesorilor\/ antrenorilor acestora [&hellip;]<\/p>\n","protected":false},"author":2,"featured_media":0,"parent":0,"menu_order":0,"comment_status":"closed","ping_status":"closed","template":"","meta":{"_themeisle_gutenberg_block_has_review":false,"footnotes":""},"class_list":["post-1433","page","type-page","status-publish","hentry"],"_links":{"self":[{"href":"https:\/\/dorgisproject.eu\/ro\/wp-json\/wp\/v2\/pages\/1433","targetHints":{"allow":["GET"]}}],"collection":[{"href":"https:\/\/dorgisproject.eu\/ro\/wp-json\/wp\/v2\/pages"}],"about":[{"href":"https:\/\/dorgisproject.eu\/ro\/wp-json\/wp\/v2\/types\/page"}],"author":[{"embeddable":true,"href":"https:\/\/dorgisproject.eu\/ro\/wp-json\/wp\/v2\/users\/2"}],"replies":[{"embeddable":true,"href":"https:\/\/dorgisproject.eu\/ro\/wp-json\/wp\/v2\/comments?post=1433"}],"version-history":[{"count":12,"href":"https:\/\/dorgisproject.eu\/ro\/wp-json\/wp\/v2\/pages\/1433\/revisions"}],"predecessor-version":[{"id":10733,"href":"https:\/\/dorgisproject.eu\/ro\/wp-json\/wp\/v2\/pages\/1433\/revisions\/10733"}],"wp:attachment":[{"href":"https:\/\/dorgisproject.eu\/ro\/wp-json\/wp\/v2\/media?parent=1433"}],"curies":[{"name":"wp","href":"https:\/\/api.w.org\/{rel}","templated":true}]}}