{"id":1286,"date":"2022-07-28T22:24:03","date_gmt":"2022-07-28T22:24:03","guid":{"rendered":"https:\/\/demo.bulldogproject.eu\/how-the-game-works\/"},"modified":"2025-03-05T19:49:50","modified_gmt":"2025-03-05T19:49:50","slug":"how-the-game-works","status":"publish","type":"page","link":"https:\/\/dorgisproject.eu\/ro\/how-the-game-works\/","title":{"rendered":"Cum se desf\u0103\u0219oar\u0103 jocul?"},"content":{"rendered":"\n<p><strong>CUM FUNC\u021aIONEAZ\u0102 JOCUL DIGITAL?<\/strong><\/p>\n\n\n\n<figure class=\"wp-block-image size-full is-resized\"><img loading=\"lazy\" decoding=\"async\" width=\"710\" height=\"357\" src=\"https:\/\/dorgisproject.eu\/wp-content\/uploads\/2023\/02\/DORGIS-LOGO-TRANSPARENT-1.png\" alt=\"\" class=\"wp-image-7867\" style=\"width:449px;height:auto\" srcset=\"https:\/\/dorgisproject.eu\/wp-content\/uploads\/2023\/02\/DORGIS-LOGO-TRANSPARENT-1.png 710w, https:\/\/dorgisproject.eu\/wp-content\/uploads\/2023\/02\/DORGIS-LOGO-TRANSPARENT-1-300x151.png 300w\" sizes=\"auto, (max-width: 710px) 100vw, 710px\" \/><\/figure>\n\n\n\n<p>Aplica\u021bia mobil\u0103 DORGIS-AR cuprinde<strong> trei p\u0103r\u021bi<\/strong>. Fiecare parte ar putea fi parcurs\u0103 \u00eentr-o singur\u0103 zi, astfel c\u0103 DORGIS-AR GETS DIGITAL ar trebui s\u0103 dureze \u00een total 3 zile.<\/p>\n\n\n\n<p>Timpul&nbsp; maxim pentru finalizarea fiec\u0103rei p\u0103r\u021bi a jocului DORGIS-AR: 50 min.<\/p>\n\n\n<div class=\"wp-block-image\">\n<figure class=\"alignleft size-large is-resized\"><img loading=\"lazy\" decoding=\"async\" width=\"520\" height=\"1024\" src=\"https:\/\/dorgisproject.eu\/wp-content\/uploads\/2023\/02\/2SLIDER-520x1024.png\" alt=\"\" class=\"wp-image-8267\" style=\"width:206px;height:auto\" srcset=\"https:\/\/dorgisproject.eu\/wp-content\/uploads\/2023\/02\/2SLIDER-520x1024.png 520w, https:\/\/dorgisproject.eu\/wp-content\/uploads\/2023\/02\/2SLIDER-152x300.png 152w, https:\/\/dorgisproject.eu\/wp-content\/uploads\/2023\/02\/2SLIDER-768x1513.png 768w, https:\/\/dorgisproject.eu\/wp-content\/uploads\/2023\/02\/2SLIDER-780x1536.png 780w, https:\/\/dorgisproject.eu\/wp-content\/uploads\/2023\/02\/2SLIDER-1039x2048.png 1039w, https:\/\/dorgisproject.eu\/wp-content\/uploads\/2023\/02\/2SLIDER.png 1080w\" sizes=\"auto, (max-width: 520px) 100vw, 520px\" \/><\/figure>\n<\/div>\n\n\n<p><strong>PARTEA 1: TEST DE PERSONALITATE \u0218I EVALUARE A CUNO\u0218TIN\u021aELOR EXISTENTE<\/strong>Utilizatorul va intra \u00een aplica\u021bie \u0219i va rezolva un test test psihologic \u0219i sociometric care urm\u0103re\u0219te:<\/p>\n\n\n\n<p>1) s\u0103 identifice dac\u0103 este vulnerabil la consumul de droguri \u0219i substan\u021be interzise;<\/p>\n\n\n\n<p>2) s\u0103-\u0219i evalueze cuno\u0219tin\u021bele de\u021binute despre:<\/p>\n\n\n\n<p>a) integritatea \u00een sport \u0219i cum se poate proteja integritatea sportului;<\/p>\n\n\n\n<p>b) dopaj, medicamentele \u0219i substan\u021bele interzise, c\u00e2t \u0219i pericolele reprezentate de acestea;<\/p>\n\n\n\n<p>c) alimenta\u021bia s\u0103n\u0103toas\u0103 \u0219i alte aspecte combaterii dopajului (de exemplu: evaluarea \u00een\u021belegerii de c\u0103tre sportivi a unor termeni precum dopaj, WADA, steroizi etc.)<\/p>\n\n\n\n<p>Testul de evaluare va include \u00eentreb\u0103ri cu r\u0103spunsuri multiple \u0219i un glisor cu fe\u021be z\u00e2mbitoare. Rezultatele testului vor fi trimise online c\u0103tre panoul de control (Dashboard) gestionat de profesor \/ antrenor prin introducerea unui pseudonim (la alegere) \u0219i a codului jocului creat anterior \u00een Dashboard.<\/p>\n\n\n<div class=\"wp-block-image\">\n<figure class=\"alignleft size-large is-resized\"><img loading=\"lazy\" decoding=\"async\" width=\"520\" height=\"1024\" src=\"https:\/\/dorgisproject.eu\/wp-content\/uploads\/2023\/02\/9SLIDER-520x1024.png\" alt=\"\" class=\"wp-image-8275\" style=\"width:190px;height:auto\" srcset=\"https:\/\/dorgisproject.eu\/wp-content\/uploads\/2023\/02\/9SLIDER-520x1024.png 520w, https:\/\/dorgisproject.eu\/wp-content\/uploads\/2023\/02\/9SLIDER-152x300.png 152w, https:\/\/dorgisproject.eu\/wp-content\/uploads\/2023\/02\/9SLIDER-768x1513.png 768w, https:\/\/dorgisproject.eu\/wp-content\/uploads\/2023\/02\/9SLIDER-780x1536.png 780w, https:\/\/dorgisproject.eu\/wp-content\/uploads\/2023\/02\/9SLIDER-1039x2048.png 1039w, https:\/\/dorgisproject.eu\/wp-content\/uploads\/2023\/02\/9SLIDER.png 1080w\" sizes=\"auto, (max-width: 520px) 100vw, 520px\" \/><\/figure>\n<\/div>\n\n\n<p><strong>PARTEA 2: JOC EDUCA\u021aIONAL FOLOSIND&nbsp; TEHNOLOGIA&nbsp; REALIT\u0102\u021aII AUGMENTATE<\/strong>Aceast\u0103 parte a jocului anti-doping DORGIS-AR reprezint\u0103 inova\u021bia major\u0103 a proiectului nostru.<\/p>\n\n\n\n<p>Partea educa\u021bional\u0103 cu Realitate Augmentat\u0103 (AR) are dou\u0103 sec\u021biuni: Meniul s\u0103n\u0103tos \u0219i Lista substan\u021belor interzise.<\/p>\n\n\n\n<p>Modulul AR include utilizarea a dou\u0103 holograme 3D (o sportiv\u0103 \u0219i un sportiv) care vor interac\u021biona \u00een timp real cu utilizatorul. Aceasta \u00eenseamn\u0103 c\u0103 avatarul (o reprezentarea vizual\u0103 a unui model 3D suprapus peste imaginea din lumea real\u0103, ob\u021bin\u00e2nd astfel realitatea augmentat\u0103) va ap\u0103rea prin intermediul smartphone-ului utilizatorului \u00een lumea real\u0103 a utilizatorului, de exemplu: pe o mas\u0103 \u00een fa\u021ba utilizatorului, pe podea sau pe o banc\u0103, pe terenul de fotbal l\u00e2ng\u0103 ceilal\u021bi coechipieri etc.<\/p>\n\n\n\n<p>Utilizatorul va putea s\u0103 observe avatarul din orice unghi, s\u0103 mic\u0219oreze sau s\u0103 m\u0103reasc\u0103 figura, s\u0103 o plaseze pe ecranul smartphone-ului oriunde dore\u0219te.<\/p>\n\n\n\n<p>Sportivul hologram\u0103&nbsp; va efectua&nbsp; diverse mi\u0219c\u0103ri pentru a p\u0103rea \u0219i mai real.<\/p>\n\n\n<div class=\"wp-block-image\">\n<figure class=\"alignleft size-large is-resized\"><img loading=\"lazy\" decoding=\"async\" width=\"529\" height=\"1024\" src=\"https:\/\/dorgisproject.eu\/wp-content\/uploads\/2023\/02\/11SLIDER-529x1024.png\" alt=\"\" class=\"wp-image-8283\" style=\"width:212px;height:auto\" srcset=\"https:\/\/dorgisproject.eu\/wp-content\/uploads\/2023\/02\/11SLIDER-529x1024.png 529w, https:\/\/dorgisproject.eu\/wp-content\/uploads\/2023\/02\/11SLIDER-155x300.png 155w, https:\/\/dorgisproject.eu\/wp-content\/uploads\/2023\/02\/11SLIDER-768x1488.png 768w, https:\/\/dorgisproject.eu\/wp-content\/uploads\/2023\/02\/11SLIDER-793x1536.png 793w, https:\/\/dorgisproject.eu\/wp-content\/uploads\/2023\/02\/11SLIDER-1057x2048.png 1057w, https:\/\/dorgisproject.eu\/wp-content\/uploads\/2023\/02\/11SLIDER.png 1080w\" sizes=\"auto, (max-width: 529px) 100vw, 529px\" \/><\/figure>\n<\/div>\n\n\n<p><strong>JOCUL DORGIS-AR PAS CU PAS<\/strong><\/p>\n\n\n\n<p>Utilizatorul \u00ee\u0219i alege sportivul-avatar (fat\u0103 sau b\u0103iat), apoi are dou\u0103 op\u021biuni:<\/p>\n\n\n\n<p>a) s\u0103 \u201chr\u0103neasc\u0103\u201d avatarul cu alimente folosind tehnologia drag and drop, apoi s\u0103 vad\u0103 \u00een timp real rezultatele alegerilor sale privind performan\u021ba sportiv\u0103&nbsp; a avatarului s\u0103u. De asemenea, pe ecranul mobil vor ap\u0103rea&nbsp; texte care vor explica beneficiile sau efectele negative ale alegerilor sale alimentare (s\u0103n\u0103toase sau nes\u0103n\u0103toase pentru organism) \u0219i o evaluare care va influen\u021ba performan\u021ba sportiv\u0103 a avatarului ales;<\/p>\n\n\n\n<p>b) s\u0103 selecteze dintre categoriile de baz\u0103 ale substan\u021belor interzise, c\u00e2teva pentru \u00eembun\u0103t\u0103\u021birea performan\u021bei (de exemplu: <em>stimulente, steroizi, hormoni, diuretice, narcotice \u0219i canabinoizi)<\/em>, apoi s\u0103 vad\u0103 efectele lor secundare asupra corpului avatarului \u0219i a performan\u021bei sportive a acestuia.<\/p>\n\n\n\n<p>Sportivii care folosesc steroizi anabolizan\u021bi pot prezenta, de exemplu, urm\u0103toarele afec\u021biuni:<\/p>\n\n\n\n<p><em>-Cre\u0219tere \u00een greutate;<\/em><\/p>\n\n\n\n<p><em>-Acnee;<\/em><\/p>\n\n\n\n<p><em>-C\u0103derea p\u0103rului;<\/em><\/p>\n\n\n\n<p><em>&#8211; Transform\u0103ri masculine<\/em> (\u00een cazul femeilor), cum ar fi cre\u0219terea p\u0103rului corporal \u0219i \u00eengro\u0219area vocii;<\/p>\n\n\n\n<p><em>&nbsp;&#8211; Dezvoltarea anormal\u0103 <\/em>a s\u00e2nilor (la b\u0103rba\u021bi).<\/p>\n\n\n\n<p><\/p>\n\n\n<div class=\"wp-block-image\">\n<figure class=\"alignleft size-large is-resized\"><img loading=\"lazy\" decoding=\"async\" width=\"529\" height=\"1024\" src=\"https:\/\/dorgisproject.eu\/wp-content\/uploads\/2023\/02\/11SLIDER-529x1024.png\" alt=\"\" class=\"wp-image-8283\" style=\"width:191px;height:auto\" srcset=\"https:\/\/dorgisproject.eu\/wp-content\/uploads\/2023\/02\/11SLIDER-529x1024.png 529w, https:\/\/dorgisproject.eu\/wp-content\/uploads\/2023\/02\/11SLIDER-155x300.png 155w, https:\/\/dorgisproject.eu\/wp-content\/uploads\/2023\/02\/11SLIDER-768x1488.png 768w, https:\/\/dorgisproject.eu\/wp-content\/uploads\/2023\/02\/11SLIDER-793x1536.png 793w, https:\/\/dorgisproject.eu\/wp-content\/uploads\/2023\/02\/11SLIDER-1057x2048.png 1057w, https:\/\/dorgisproject.eu\/wp-content\/uploads\/2023\/02\/11SLIDER.png 1080w\" sizes=\"auto, (max-width: 529px) 100vw, 529px\" \/><\/figure>\n<\/div>\n\n\n<p>Utilizatorul va observa aceste deregl\u0103ri asupra corpului avatarului \u0219i va \u00een\u021belege c\u0103 dopajul poate avea efecte secundare grave asupra organismului unui sportiv \u00een via\u021ba real\u0103.<\/p>\n\n\n\n<p>De asemenea, pe ecran vor apare texte care vor explica efectele d\u0103un\u0103toare ale fiec\u0103rei categorii de substan\u021be interzise pe care le pot provoca corpului uman. De exemplu, dac\u0103 utilizatorul selecteaz\u0103 categoria steroizi anabolizan\u021bi, el va putea vedea cum avatarului \u00eei va ap\u0103rea&nbsp; acnee sever\u0103.<\/p>\n\n\n\n<p>Apoi, textele vor explica \u00eentr-un mod simplu, \u00een func\u021bie de v\u00e2rst\u0103, celelalte efecte secundare pe care le poate avea personajul \u0219i, de asemenea, un screening care va ar\u0103ta c\u00e2t de mult va fi afectat pe termen lung sportivul prin utilizarea&nbsp; acestor&nbsp;&nbsp; substan\u021be interzise.<\/p>\n\n\n\n<p>Credem c\u0103 tehnologia inovatoare a Realit\u0103\u021bii Augmentate \u00eei va atrage pe tinerii sportivi \u0219i c\u0103 vor utiliza aplica\u021bia noastr\u0103 Anti-doping, pentru a beneficia de resursele educa\u021bionale astfel prezentate.<\/p>\n\n\n\n<p><strong>PARTEA 3:&nbsp; JOCURI DE EVALUARE<\/strong><\/p>\n\n\n\n<p>Ultima parte a jocului nostru pentru dispozitive mobile include dou\u0103 chestionare interactive de evaluare, menite s\u0103 testeze cuno\u0219tin\u021bele acumulate de utilizatori cu privire la dopaj \u0219i la alimenta\u021bia s\u0103n\u0103toas\u0103.<\/p>\n\n\n<div class=\"wp-block-image\">\n<figure class=\"alignleft size-large is-resized\"><img loading=\"lazy\" decoding=\"async\" width=\"527\" height=\"1024\" src=\"https:\/\/dorgisproject.eu\/wp-content\/uploads\/2023\/02\/8SLIDER-527x1024.png\" alt=\"\" class=\"wp-image-8291\" style=\"width:201px;height:auto\" srcset=\"https:\/\/dorgisproject.eu\/wp-content\/uploads\/2023\/02\/8SLIDER-527x1024.png 527w, https:\/\/dorgisproject.eu\/wp-content\/uploads\/2023\/02\/8SLIDER-154x300.png 154w, https:\/\/dorgisproject.eu\/wp-content\/uploads\/2023\/02\/8SLIDER-768x1493.png 768w, https:\/\/dorgisproject.eu\/wp-content\/uploads\/2023\/02\/8SLIDER-790x1536.png 790w, https:\/\/dorgisproject.eu\/wp-content\/uploads\/2023\/02\/8SLIDER-1053x2048.png 1053w, https:\/\/dorgisproject.eu\/wp-content\/uploads\/2023\/02\/8SLIDER.png 1080w\" sizes=\"auto, (max-width: 527px) 100vw, 527px\" \/><\/figure>\n<\/div>\n\n\n<p><strong>A) CREA\u021aI-V\u0102 PROPRIUL MENIU ZILNIC S\u0102N\u0102TOS<\/strong>Utilizatorul va selecta alimente pentru a crea un meniu zilnic s\u0103n\u0103tos, fiind evaluat pentru performan\u021ba sa \u0219i testat pentru cuno\u0219tin\u021bele acumulate.<\/p>\n\n\n\n<p>Alegerile potrivite de hran\u0103 \u0219i hidratare cresc adaosul de performan\u021b\u0103 sportiv\u0103&nbsp; \u0219i men\u021bin s\u0103n\u0103tatea corpului pe tot parcursul vie\u021bii. Prin urmare, promov\u0103m o alimenta\u021bie adecvat\u0103, necesar\u0103 unui t\u00e2n\u0103r sportiv, ca o contrapondere la cultura pro-doping.<\/p>\n\n\n\n<p><\/p>\n\n\n\n<p><strong>B) CREA\u021aI LISTA SUBSTAN\u021aELOR INTERZISE<\/strong><\/p>\n\n\n\n<p>Utilizatorul va crea lista substan\u021belor interzise, asociind denumirile categoriilor de substan\u021be interzise cu efectele lor secundare, fiind astfel evaluat pentru performan\u021ba sa. Utilizatorul va fi evaluat, prin intermediul acestui test interactiv, pentru cuno\u0219tin\u021bele dob\u00e2ndite \u00een vederea prevenirii \u0219i combaterii dopajului \u00een mediul sportiv (recreativ sau de performan\u021b\u0103).<\/p>\n\n\n\n<p><strong>AJUTOARE DORGIS<\/strong><\/p>\n\n\n<div class=\"wp-block-image\">\n<figure class=\"alignleft size-full is-resized\"><img loading=\"lazy\" decoding=\"async\" width=\"400\" height=\"300\" src=\"https:\/\/dorgisproject.eu\/wp-content\/uploads\/2023\/02\/shirts.png\" alt=\"\" class=\"wp-image-8299\" style=\"width:289px;height:auto\" srcset=\"https:\/\/dorgisproject.eu\/wp-content\/uploads\/2023\/02\/shirts.png 400w, https:\/\/dorgisproject.eu\/wp-content\/uploads\/2023\/02\/shirts-300x225.png 300w\" sizes=\"auto, (max-width: 400px) 100vw, 400px\" \/><\/figure>\n<\/div>\n\n\n<p>La sf\u00e2r\u0219itul jocului, sportivii care au ob\u021binut cele mai bune rezultate vor fi premia\u021bi, devenind <strong>Ajutoare anti-doping DORGIS <\/strong>\u0219i vor purta tricoul DORGIS-AR. Ace\u0219ti sportivi pot forma un grup de sprijin pentru clasa sau echipa lor sportiv\u0103.<\/p>\n\n\n\n<p>De asemenea, \u00een ultima zi a jocului DORGIS-AR, to\u021bi participan\u021bii (sportivii juniori, profesorii, antrenorii, p\u0103rin\u021bii etc.) vor trebui s\u0103 completeze un scurt Chestionar de evaluare a produselor.<\/p>\n","protected":false},"excerpt":{"rendered":"<p>CUM FUNC\u021aIONEAZ\u0102 JOCUL DIGITAL? Aplica\u021bia mobil\u0103 DORGIS-AR cuprinde trei p\u0103r\u021bi. Fiecare parte ar putea fi parcurs\u0103 \u00eentr-o singur\u0103 zi, astfel c\u0103 DORGIS-AR GETS DIGITAL ar trebui s\u0103 dureze \u00een total 3 zile. Timpul&nbsp; maxim pentru finalizarea fiec\u0103rei p\u0103r\u021bi a jocului DORGIS-AR: 50 min. PARTEA 1: TEST DE PERSONALITATE \u0218I EVALUARE A CUNO\u0218TIN\u021aELOR EXISTENTEUtilizatorul va intra [&hellip;]<\/p>\n","protected":false},"author":2,"featured_media":1262,"parent":0,"menu_order":0,"comment_status":"closed","ping_status":"closed","template":"","meta":{"_themeisle_gutenberg_block_has_review":false,"footnotes":""},"class_list":["post-1286","page","type-page","status-publish","has-post-thumbnail","hentry"],"_links":{"self":[{"href":"https:\/\/dorgisproject.eu\/ro\/wp-json\/wp\/v2\/pages\/1286","targetHints":{"allow":["GET"]}}],"collection":[{"href":"https:\/\/dorgisproject.eu\/ro\/wp-json\/wp\/v2\/pages"}],"about":[{"href":"https:\/\/dorgisproject.eu\/ro\/wp-json\/wp\/v2\/types\/page"}],"author":[{"embeddable":true,"href":"https:\/\/dorgisproject.eu\/ro\/wp-json\/wp\/v2\/users\/2"}],"replies":[{"embeddable":true,"href":"https:\/\/dorgisproject.eu\/ro\/wp-json\/wp\/v2\/comments?post=1286"}],"version-history":[{"count":17,"href":"https:\/\/dorgisproject.eu\/ro\/wp-json\/wp\/v2\/pages\/1286\/revisions"}],"predecessor-version":[{"id":10707,"href":"https:\/\/dorgisproject.eu\/ro\/wp-json\/wp\/v2\/pages\/1286\/revisions\/10707"}],"wp:featuredmedia":[{"embeddable":true,"href":"https:\/\/dorgisproject.eu\/ro\/wp-json\/wp\/v2\/media\/1262"}],"wp:attachment":[{"href":"https:\/\/dorgisproject.eu\/ro\/wp-json\/wp\/v2\/media?parent=1286"}],"curies":[{"name":"wp","href":"https:\/\/api.w.org\/{rel}","templated":true}]}}