{"id":1249,"date":"2022-07-28T22:00:49","date_gmt":"2022-07-28T22:00:49","guid":{"rendered":"https:\/\/demo.bulldogproject.eu\/bulldog-demo\/"},"modified":"2023-02-07T18:17:07","modified_gmt":"2023-02-07T18:17:07","slug":"bulldog-demo","status":"publish","type":"page","link":"https:\/\/dorgisproject.eu\/ro\/bulldog-demo\/","title":{"rendered":"DORGIS Demo"},"content":{"rendered":"\n<figure class=\"wp-block-embed is-type-video is-provider-youtube wp-block-embed-youtube wp-embed-aspect-16-9 wp-has-aspect-ratio\"><div class=\"wp-block-embed__wrapper\">\n<iframe loading=\"lazy\" title=\"DORGIS AR- DEMO\" width=\"1080\" height=\"608\" src=\"https:\/\/www.youtube.com\/embed\/AH87leliSmk?feature=oembed\" frameborder=\"0\" allow=\"accelerometer; autoplay; clipboard-write; encrypted-media; gyroscope; picture-in-picture; web-share\" allowfullscreen><\/iframe>\n<\/div><\/figure>\n\n\n\n<p>Proiectul \u201eDORGIS-AR\u201d a fost cofinan\u021bat de programul ERASMUS+ SPORT al Uniunii Europene.<\/p>\n\n\n\n<p>\u201eDORGIS-AR\u201d urm\u0103re\u0219te combaterea dopajului \u00een sportul recrea\u021bional \u0219i \u00een mediul sportiv recrea\u021bional, s\u0103 informeze, s\u0103 educe \u0219i s\u0103 motiveze sportivii juniori de 9-16 ani, profesorii de educa\u021bie fizic\u0103 \u0219i sport \/ antrenorii \u0219i p\u0103rin\u021bii juniorilor \u00eempotriva utiliz\u0103rii drogurilor \u0219i substan\u021belor interzise care pot d\u0103una s\u0103n\u0103t\u0103\u021bii sportivilor \u0219i pot afecta integritatea sportiv\u0103. \u201eDORGIS-AR\u201d \u0219i-a propus s\u0103 \u00eencurajeze \u0219i s\u0103 promoveze Spiritul Sportului \u0219i o diet\u0103 s\u0103n\u0103toas\u0103, ca o contrapondere la cultura pro-doping, utiliz\u00e2nd o tehnologie mobil\u0103 modern\u0103 \u0219i activit\u0103\u021bi anti-doping pentru juniori.<\/p>\n\n\n\n<p>Proiectul a realizat un Joc Anti-doping inovator utiliz\u00e2nd tehnologia Realit\u0103\u021bii Augmentate (AR) pentru a prezenta mai clar riscurile dopajului \u0219i, \u00een acela\u0219i timp, pentru a promova Etica Sportului \u0219i alimenta\u021bia s\u0103n\u0103toas\u0103. <\/p>\n\n\n\n<p>La acest proiect a lucrat personal calificat \u0219i cu experien\u021b\u0103 de la toate nivelurile de \u00eenv\u0103\u021b\u0103m\u00e2nt, membri ai asocia\u021biilor \u0219i echipelor sportive din \u0219apte state europene: RO, EL, IT, ES, PT, PL &amp; HR.<\/p>\n","protected":false},"excerpt":{"rendered":"<p>Proiectul \u201eDORGIS-AR\u201d a fost cofinan\u021bat de programul ERASMUS+ SPORT al Uniunii Europene. \u201eDORGIS-AR\u201d urm\u0103re\u0219te combaterea dopajului \u00een sportul recrea\u021bional \u0219i \u00een mediul sportiv recrea\u021bional, s\u0103 informeze, s\u0103 educe \u0219i s\u0103 motiveze sportivii juniori de 9-16 ani, profesorii de educa\u021bie fizic\u0103 \u0219i sport \/ antrenorii \u0219i p\u0103rin\u021bii juniorilor \u00eempotriva utiliz\u0103rii drogurilor \u0219i substan\u021belor interzise care pot [&hellip;]<\/p>\n","protected":false},"author":3,"featured_media":0,"parent":0,"menu_order":0,"comment_status":"closed","ping_status":"closed","template":"","meta":{"_themeisle_gutenberg_block_has_review":false,"footnotes":""},"class_list":["post-1249","page","type-page","status-publish","hentry"],"_links":{"self":[{"href":"https:\/\/dorgisproject.eu\/ro\/wp-json\/wp\/v2\/pages\/1249","targetHints":{"allow":["GET"]}}],"collection":[{"href":"https:\/\/dorgisproject.eu\/ro\/wp-json\/wp\/v2\/pages"}],"about":[{"href":"https:\/\/dorgisproject.eu\/ro\/wp-json\/wp\/v2\/types\/page"}],"author":[{"embeddable":true,"href":"https:\/\/dorgisproject.eu\/ro\/wp-json\/wp\/v2\/users\/3"}],"replies":[{"embeddable":true,"href":"https:\/\/dorgisproject.eu\/ro\/wp-json\/wp\/v2\/comments?post=1249"}],"version-history":[{"count":4,"href":"https:\/\/dorgisproject.eu\/ro\/wp-json\/wp\/v2\/pages\/1249\/revisions"}],"predecessor-version":[{"id":9423,"href":"https:\/\/dorgisproject.eu\/ro\/wp-json\/wp\/v2\/pages\/1249\/revisions\/9423"}],"wp:attachment":[{"href":"https:\/\/dorgisproject.eu\/ro\/wp-json\/wp\/v2\/media?parent=1249"}],"curies":[{"name":"wp","href":"https:\/\/api.w.org\/{rel}","templated":true}]}}