{"id":4168,"date":"2022-08-29T14:04:50","date_gmt":"2022-08-29T14:04:50","guid":{"rendered":"https:\/\/www.bulldogproject.eu\/moodle-platform\/"},"modified":"2025-03-05T23:47:36","modified_gmt":"2025-03-05T23:47:36","slug":"moodle-platform","status":"publish","type":"page","link":"https:\/\/dorgisproject.eu\/pt-pt\/moodle-platform\/","title":{"rendered":"Plataforma DORGIS no MOODLE"},"content":{"rendered":"\n<div class=\"wp-block-cover is-light has-parallax\"><span aria-hidden=\"true\" class=\"wp-block-cover__background has-white-background-color has-background-dim-0 has-background-dim\"><\/span><div class=\"wp-block-cover__image-background wp-image-7528 has-parallax\" style=\"background-position:50% 50%;background-image:url(https:\/\/dorgisproject.eu\/wp-content\/uploads\/2023\/02\/moodlescreen.jpg)\"><\/div><div class=\"wp-block-cover__inner-container is-layout-flow wp-block-cover-is-layout-flow\">\n<p class=\"has-text-align-center has-large-font-size\"><\/p>\n<\/div><\/div>\n\n\n\n<p><strong>PLATAFORMA DORGIS NO MOODLE:<\/strong> 42 Cursos para Treinadores &amp; professores<\/p>\n\n\n\n<p><a href=\"https:\/\/moodle.dorgisproject.eu\/\" target=\"_blank\" rel=\"noreferrer noopener\">https:\/\/moodle.dorgisproject.eu\/<\/a><\/p>\n\n\n\n<p id=\"yui_3_17_2_1_1661789780969_42\"><\/p>\n\n\n\n<ul class=\"wp-block-list\">\n<li><strong>Estudos de caso<\/strong><\/li>\n\n\n\n<li><strong>RESULTADOS- para o Atleta, para a equipa<\/strong><\/li>\n\n\n\n<li><strong>Dicas e instru\u00e7\u00f5es pr\u00e1ticas<\/strong><\/li>\n\n\n\n<li><strong>Testes<\/strong><\/li>\n\n\n\n<li><strong>Leitura complementar<\/strong><\/li>\n<\/ul>\n","protected":false},"excerpt":{"rendered":"<p>PLATAFORMA DORGIS NO MOODLE: 42 Cursos para Treinadores &amp; professores https:\/\/moodle.dorgisproject.eu\/<\/p>\n","protected":false},"author":3,"featured_media":0,"parent":0,"menu_order":0,"comment_status":"closed","ping_status":"closed","template":"","meta":{"_themeisle_gutenberg_block_has_review":false,"footnotes":""},"class_list":["post-4168","page","type-page","status-publish","hentry"],"_links":{"self":[{"href":"https:\/\/dorgisproject.eu\/pt-pt\/wp-json\/wp\/v2\/pages\/4168","targetHints":{"allow":["GET"]}}],"collection":[{"href":"https:\/\/dorgisproject.eu\/pt-pt\/wp-json\/wp\/v2\/pages"}],"about":[{"href":"https:\/\/dorgisproject.eu\/pt-pt\/wp-json\/wp\/v2\/types\/page"}],"author":[{"embeddable":true,"href":"https:\/\/dorgisproject.eu\/pt-pt\/wp-json\/wp\/v2\/users\/3"}],"replies":[{"embeddable":true,"href":"https:\/\/dorgisproject.eu\/pt-pt\/wp-json\/wp\/v2\/comments?post=4168"}],"version-history":[{"count":8,"href":"https:\/\/dorgisproject.eu\/pt-pt\/wp-json\/wp\/v2\/pages\/4168\/revisions"}],"predecessor-version":[{"id":10807,"href":"https:\/\/dorgisproject.eu\/pt-pt\/wp-json\/wp\/v2\/pages\/4168\/revisions\/10807"}],"wp:attachment":[{"href":"https:\/\/dorgisproject.eu\/pt-pt\/wp-json\/wp\/v2\/media?parent=4168"}],"curies":[{"name":"wp","href":"https:\/\/api.w.org\/{rel}","templated":true}]}}