{"id":3292,"date":"2022-08-21T19:31:08","date_gmt":"2022-08-21T19:31:08","guid":{"rendered":"https:\/\/demo.bulldogproject.eu\/bulldog-partnership\/"},"modified":"2025-03-05T22:30:44","modified_gmt":"2025-03-05T22:30:44","slug":"bulldog-partnership","status":"publish","type":"page","link":"https:\/\/dorgisproject.eu\/pt-pt\/bulldog-partnership\/","title":{"rendered":"Parceria DORGIS"},"content":{"rendered":"\n<div class=\"wp-block-cover has-parallax\"><span aria-hidden=\"true\" class=\"wp-block-cover__background has-white-background-color has-background-dim-0 has-background-dim\"><\/span><div class=\"wp-block-cover__image-background wp-image-7415 has-parallax\" style=\"background-position:50% 50%;background-image:url(https:\/\/dorgisproject.eu\/wp-content\/uploads\/2023\/02\/meet4.jpg)\"><\/div><div class=\"wp-block-cover__inner-container is-layout-flow wp-block-cover-is-layout-flow\">\n<p class=\"has-text-align-center has-large-font-size\"><\/p>\n<\/div><\/div>\n\n\n\n<h5 class=\"wp-block-heading\" id=\"block-116b1242-85a8-4032-bae5-a58bb596b224\">COM O APOIO DO PROGRAMA ERASMUS+ SPORT<\/h5>\n\n\n\n<p><\/p>\n\n\n\n<figure class=\"wp-block-image size-large is-resized\"><a href=\"https:\/\/www.eacea.ec.europa.eu\/index_en\"><img loading=\"lazy\" decoding=\"async\" width=\"1024\" height=\"295\" src=\"https:\/\/dorgisproject.eu\/wp-content\/uploads\/2023\/01\/eu-logo-1024x295.jpg\" alt=\"\" class=\"wp-image-6029\" style=\"width:253px;height:auto\" srcset=\"https:\/\/dorgisproject.eu\/wp-content\/uploads\/2023\/01\/eu-logo-1024x295.jpg 1024w, https:\/\/dorgisproject.eu\/wp-content\/uploads\/2023\/01\/eu-logo-300x86.jpg 300w, https:\/\/dorgisproject.eu\/wp-content\/uploads\/2023\/01\/eu-logo-768x221.jpg 768w, https:\/\/dorgisproject.eu\/wp-content\/uploads\/2023\/01\/eu-logo-1536x442.jpg 1536w, https:\/\/dorgisproject.eu\/wp-content\/uploads\/2023\/01\/eu-logo-2048x590.jpg 2048w, https:\/\/dorgisproject.eu\/wp-content\/uploads\/2023\/01\/eu-logo-1170x337.jpg 1170w\" sizes=\"auto, (max-width: 1024px) 100vw, 1024px\" \/><\/a><\/figure>\n\n\n\n<h5 class=\"wp-block-heading\"><\/h5>\n\n\n<\/p>\n<blockquote>\n<p>DESENHO E DESENVOLVIMENTO DA APLICA\u00c7\u00c3O: TOOL LTD.- GR\u00c9CIA<\/p>\n<\/blockquote>\n\n<div class=\"wp-block-image\">\n<figure class=\"alignleft size-full is-resized\"><img loading=\"lazy\" decoding=\"async\" width=\"150\" height=\"151\" src=\"https:\/\/dorgisproject.eu\/wp-content\/uploads\/2022\/08\/5.jpg\" alt=\"\" class=\"wp-image-3004\" style=\"width:74px;height:auto\" srcset=\"https:\/\/dorgisproject.eu\/wp-content\/uploads\/2022\/08\/5.jpg 150w, https:\/\/dorgisproject.eu\/wp-content\/uploads\/2022\/08\/5-80x80.jpg 80w\" sizes=\"auto, (max-width: 150px) 100vw, 150px\" \/><\/figure>\n<\/div>\n\n<div class=\"wp-block-image\">\n<figure class=\"alignleft size-full is-resized\"><img loading=\"lazy\" decoding=\"async\" width=\"150\" height=\"157\" src=\"https:\/\/dorgisproject.eu\/wp-content\/uploads\/2022\/08\/3.png\" alt=\"\" class=\"wp-image-2992\" style=\"width:72px;height:auto\"\/><\/figure>\n<\/div>\n\n<div class=\"wp-block-image\">\n<figure class=\"alignleft size-full is-resized\"><img loading=\"lazy\" decoding=\"async\" width=\"402\" height=\"123\" src=\"https:\/\/dorgisproject.eu\/wp-content\/uploads\/2022\/07\/meandros-1.jpg\" alt=\"\" class=\"wp-image-911\" style=\"width:186px;height:auto\" srcset=\"https:\/\/dorgisproject.eu\/wp-content\/uploads\/2022\/07\/meandros-1.jpg 402w, https:\/\/dorgisproject.eu\/wp-content\/uploads\/2022\/07\/meandros-1-300x92.jpg 300w\" sizes=\"auto, (max-width: 402px) 100vw, 402px\" \/><\/figure>\n<\/div>\n\n<div class=\"wp-block-image\">\n<figure class=\"alignleft size-large is-resized\"><img loading=\"lazy\" decoding=\"async\" width=\"1024\" height=\"410\" src=\"https:\/\/dorgisproject.eu\/wp-content\/uploads\/2023\/02\/UCV-1024x410.jpg\" alt=\"\" class=\"wp-image-7994\" style=\"aspect-ratio:2.6382978723404253;width:161px;height:auto\" srcset=\"https:\/\/dorgisproject.eu\/wp-content\/uploads\/2023\/02\/UCV-1024x410.jpg 1024w, https:\/\/dorgisproject.eu\/wp-content\/uploads\/2023\/02\/UCV-300x120.jpg 300w, https:\/\/dorgisproject.eu\/wp-content\/uploads\/2023\/02\/UCV-768x308.jpg 768w, https:\/\/dorgisproject.eu\/wp-content\/uploads\/2023\/02\/UCV-1170x469.jpg 1170w, https:\/\/dorgisproject.eu\/wp-content\/uploads\/2023\/02\/UCV.jpg 1370w\" sizes=\"auto, (max-width: 1024px) 100vw, 1024px\" \/><\/figure>\n<\/div>\n\n<div class=\"wp-block-image\">\n<figure class=\"alignleft size-full is-resized\"><img loading=\"lazy\" decoding=\"async\" width=\"150\" height=\"177\" src=\"https:\/\/dorgisproject.eu\/wp-content\/uploads\/2022\/08\/1.png\" alt=\"\" class=\"wp-image-2980\" style=\"aspect-ratio:0.8504672897196262;width:59px;height:auto\"\/><\/figure>\n<\/div>\n\n<div class=\"wp-block-image\">\n<figure class=\"alignright size-full is-resized\"><img loading=\"lazy\" decoding=\"async\" width=\"960\" height=\"738\" src=\"https:\/\/dorgisproject.eu\/wp-content\/uploads\/2023\/02\/KAROL2.jpg\" alt=\"\" class=\"wp-image-7970\" style=\"width:98px;height:auto\" srcset=\"https:\/\/dorgisproject.eu\/wp-content\/uploads\/2023\/02\/KAROL2.jpg 960w, https:\/\/dorgisproject.eu\/wp-content\/uploads\/2023\/02\/KAROL2-300x231.jpg 300w, https:\/\/dorgisproject.eu\/wp-content\/uploads\/2023\/02\/KAROL2-768x590.jpg 768w\" sizes=\"auto, (max-width: 960px) 100vw, 960px\" \/><\/figure>\n<\/div>\n\n\n<figure class=\"wp-block-image size-full is-resized\"><img loading=\"lazy\" decoding=\"async\" width=\"250\" height=\"150\" src=\"https:\/\/dorgisproject.eu\/wp-content\/uploads\/2023\/02\/rijeckisportskisavez-1.png\" alt=\"\" class=\"wp-image-7954\" style=\"width:143px;height:auto\"\/><\/figure>\n\n\n\n<p><\/p>\n","protected":false},"excerpt":{"rendered":"<p>COM O APOIO DO PROGRAMA ERASMUS+ SPORT DESENHO E DESENVOLVIMENTO DA APLICA\u00c7\u00c3O: TOOL LTD.- GR\u00c9CIA<\/p>\n","protected":false},"author":3,"featured_media":0,"parent":0,"menu_order":0,"comment_status":"closed","ping_status":"closed","template":"","meta":{"_themeisle_gutenberg_block_has_review":false,"footnotes":""},"class_list":["post-3292","page","type-page","status-publish","hentry"],"_links":{"self":[{"href":"https:\/\/dorgisproject.eu\/pt-pt\/wp-json\/wp\/v2\/pages\/3292","targetHints":{"allow":["GET"]}}],"collection":[{"href":"https:\/\/dorgisproject.eu\/pt-pt\/wp-json\/wp\/v2\/pages"}],"about":[{"href":"https:\/\/dorgisproject.eu\/pt-pt\/wp-json\/wp\/v2\/types\/page"}],"author":[{"embeddable":true,"href":"https:\/\/dorgisproject.eu\/pt-pt\/wp-json\/wp\/v2\/users\/3"}],"replies":[{"embeddable":true,"href":"https:\/\/dorgisproject.eu\/pt-pt\/wp-json\/wp\/v2\/comments?post=3292"}],"version-history":[{"count":26,"href":"https:\/\/dorgisproject.eu\/pt-pt\/wp-json\/wp\/v2\/pages\/3292\/revisions"}],"predecessor-version":[{"id":10766,"href":"https:\/\/dorgisproject.eu\/pt-pt\/wp-json\/wp\/v2\/pages\/3292\/revisions\/10766"}],"wp:attachment":[{"href":"https:\/\/dorgisproject.eu\/pt-pt\/wp-json\/wp\/v2\/media?parent=3292"}],"curies":[{"name":"wp","href":"https:\/\/api.w.org\/{rel}","templated":true}]}}