{"id":2936,"date":"2022-08-20T18:13:34","date_gmt":"2022-08-20T18:13:34","guid":{"rendered":"https:\/\/demo.bulldogproject.eu\/bulldog-apps\/"},"modified":"2025-03-05T23:39:05","modified_gmt":"2025-03-05T23:39:05","slug":"dorgis-apps","status":"publish","type":"page","link":"https:\/\/dorgisproject.eu\/pt-pt\/dorgis-apps\/","title":{"rendered":"DORGIS Apps"},"content":{"rendered":"\n<div class=\"wp-block-cover is-light has-parallax\"><span aria-hidden=\"true\" class=\"wp-block-cover__background has-white-background-color has-background-dim-0 has-background-dim\"><\/span><div class=\"wp-block-cover__image-background wp-image-7495 has-parallax\" style=\"background-position:50% 50%;background-image:url(https:\/\/dorgisproject.eu\/wp-content\/uploads\/2023\/02\/APPS2.jpg)\"><\/div><div class=\"wp-block-cover__inner-container is-layout-flow wp-block-cover-is-layout-flow\">\n<p class=\"has-text-align-center has-large-font-size\"><\/p>\n<\/div><\/div>\n\n\n\n<div class=\"wp-block-group is-nowrap is-layout-flex wp-container-core-group-is-layout-ad2f72ca wp-block-group-is-layout-flex\"><\/div>\n\n\n\n<p>O DORGIS visa combater a dopagem no meio desportivo recreativo, informar, educar e motivar jovens atletas dos 9 aos 16 anos, professores\/treinadores desportivos e pais contra o uso de drogas e subst\u00e2ncias proibidas que possam amea\u00e7ar a sa\u00fade, causar danos aos atletas e \u00e0 integridade desportiva. O DORGIS visa incentivar e promover o esp\u00edrito desportivo e uma dieta saud\u00e1vel contrariando a cultura pr\u00f3-doping, usando a tecnologia e atividades antidoping no terreno de jogo.<\/p>\n\n\n\n<p>O projeto desenvolveu um jogo digital antidoping inovador, usando pela primeira vez a tecnologia de realidade aumentada com o objetivo de esclarecer a natureza precisa dos riscos impostos pelo doping e, ao mesmo tempo, promover a \u00e9tica desportiva e a nutri\u00e7\u00e3o saud\u00e1vel. Neste projeto trabalharam pessoas experientes com todos os n\u00edveis de ensino, provenientes de organiza\u00e7\u00f5es e equipas desportivas da RO, EL, IT, ES, PT, PL &amp; HR.<\/p>\n\n\n<div class=\"wp-block-image\">\n<figure class=\"alignleft size-large is-resized\"><a href=\"https:\/\/apps.apple.com\/gr\/app\/dorgis-ar\/id1635743938\"><img loading=\"lazy\" decoding=\"async\" width=\"1024\" height=\"1024\" src=\"https:\/\/dorgisproject.eu\/wp-content\/uploads\/2023\/02\/APPLE-STORE-1-1024x1024.png\" alt=\"\" class=\"wp-image-9643\" style=\"width:256px;height:256px\" srcset=\"https:\/\/dorgisproject.eu\/wp-content\/uploads\/2023\/02\/APPLE-STORE-1-1024x1024.png 1024w, https:\/\/dorgisproject.eu\/wp-content\/uploads\/2023\/02\/APPLE-STORE-1-300x300.png 300w, https:\/\/dorgisproject.eu\/wp-content\/uploads\/2023\/02\/APPLE-STORE-1-150x150.png 150w, https:\/\/dorgisproject.eu\/wp-content\/uploads\/2023\/02\/APPLE-STORE-1-768x768.png 768w, https:\/\/dorgisproject.eu\/wp-content\/uploads\/2023\/02\/APPLE-STORE-1-80x80.png 80w, https:\/\/dorgisproject.eu\/wp-content\/uploads\/2023\/02\/APPLE-STORE-1-430x430.png 430w, https:\/\/dorgisproject.eu\/wp-content\/uploads\/2023\/02\/APPLE-STORE-1-560x560.png 560w, https:\/\/dorgisproject.eu\/wp-content\/uploads\/2023\/02\/APPLE-STORE-1.png 1147w\" sizes=\"auto, (max-width: 1024px) 100vw, 1024px\" \/><\/a><figcaption class=\"wp-element-caption\">GET IT ON APPLE STORE<\/figcaption><\/figure>\n<\/div>\n\n<div class=\"wp-block-image\">\n<figure class=\"alignleft size-large is-resized\"><a href=\"https:\/\/play.google.com\/store\/apps\/details?id=gr.tool.dorgis\"><img loading=\"lazy\" decoding=\"async\" width=\"1024\" height=\"1024\" src=\"https:\/\/dorgisproject.eu\/wp-content\/uploads\/2023\/02\/GOOGLE-PLAY-1024x1024.png\" alt=\"\" class=\"wp-image-9603\" style=\"width:256px;height:256px\" srcset=\"https:\/\/dorgisproject.eu\/wp-content\/uploads\/2023\/02\/GOOGLE-PLAY-1024x1024.png 1024w, https:\/\/dorgisproject.eu\/wp-content\/uploads\/2023\/02\/GOOGLE-PLAY-300x300.png 300w, https:\/\/dorgisproject.eu\/wp-content\/uploads\/2023\/02\/GOOGLE-PLAY-150x150.png 150w, https:\/\/dorgisproject.eu\/wp-content\/uploads\/2023\/02\/GOOGLE-PLAY-768x768.png 768w, https:\/\/dorgisproject.eu\/wp-content\/uploads\/2023\/02\/GOOGLE-PLAY-80x80.png 80w, https:\/\/dorgisproject.eu\/wp-content\/uploads\/2023\/02\/GOOGLE-PLAY-430x430.png 430w, https:\/\/dorgisproject.eu\/wp-content\/uploads\/2023\/02\/GOOGLE-PLAY-560x560.png 560w, https:\/\/dorgisproject.eu\/wp-content\/uploads\/2023\/02\/GOOGLE-PLAY.png 1147w\" sizes=\"auto, (max-width: 1024px) 100vw, 1024px\" \/><\/a><figcaption class=\"wp-element-caption\">GET IT ON GOOGLE PLAY<\/figcaption><\/figure>\n<\/div>\n\n\n<p><\/p>\n\n\n\n<p><\/p>\n\n\n\n<p><\/p>\n\n\n\n<p><\/p>\n\n\n\n<p><\/p>\n","protected":false},"excerpt":{"rendered":"<p>O DORGIS visa combater a dopagem no meio desportivo recreativo, informar, educar e motivar jovens atletas dos 9 aos 16 anos, professores\/treinadores desportivos e pais contra o uso de drogas e subst\u00e2ncias proibidas que possam amea\u00e7ar a sa\u00fade, causar danos aos atletas e \u00e0 integridade desportiva. O DORGIS visa incentivar e promover o esp\u00edrito desportivo [&hellip;]<\/p>\n","protected":false},"author":3,"featured_media":0,"parent":0,"menu_order":0,"comment_status":"closed","ping_status":"closed","template":"","meta":{"_themeisle_gutenberg_block_has_review":false,"footnotes":""},"class_list":["post-2936","page","type-page","status-publish","hentry"],"_links":{"self":[{"href":"https:\/\/dorgisproject.eu\/pt-pt\/wp-json\/wp\/v2\/pages\/2936","targetHints":{"allow":["GET"]}}],"collection":[{"href":"https:\/\/dorgisproject.eu\/pt-pt\/wp-json\/wp\/v2\/pages"}],"about":[{"href":"https:\/\/dorgisproject.eu\/pt-pt\/wp-json\/wp\/v2\/types\/page"}],"author":[{"embeddable":true,"href":"https:\/\/dorgisproject.eu\/pt-pt\/wp-json\/wp\/v2\/users\/3"}],"replies":[{"embeddable":true,"href":"https:\/\/dorgisproject.eu\/pt-pt\/wp-json\/wp\/v2\/comments?post=2936"}],"version-history":[{"count":50,"href":"https:\/\/dorgisproject.eu\/pt-pt\/wp-json\/wp\/v2\/pages\/2936\/revisions"}],"predecessor-version":[{"id":10799,"href":"https:\/\/dorgisproject.eu\/pt-pt\/wp-json\/wp\/v2\/pages\/2936\/revisions\/10799"}],"wp:attachment":[{"href":"https:\/\/dorgisproject.eu\/pt-pt\/wp-json\/wp\/v2\/media?parent=2936"}],"curies":[{"name":"wp","href":"https:\/\/api.w.org\/{rel}","templated":true}]}}