{"id":2797,"date":"2022-08-20T17:29:46","date_gmt":"2022-08-20T17:29:46","guid":{"rendered":"https:\/\/demo.bulldogproject.eu\/instructions-for-bulldog-app\/"},"modified":"2025-03-05T23:56:35","modified_gmt":"2025-03-05T23:56:35","slug":"instructions-for-bulldog-app","status":"publish","type":"page","link":"https:\/\/dorgisproject.eu\/pt-pt\/instructions-for-bulldog-app\/","title":{"rendered":"Instru\u00e7\u00f5es da aplica\u00e7\u00e3o DORGIS"},"content":{"rendered":"\n<div class=\"wp-block-cover aligncenter is-light has-parallax is-repeated\" style=\"min-height:339px;aspect-ratio:unset;\"><span aria-hidden=\"true\" class=\"wp-block-cover__background has-white-background-color has-background-dim-0 has-background-dim\"><\/span><div class=\"wp-block-cover__image-background wp-image-7700 has-parallax is-repeated\" style=\"background-position:50% 50%;background-image:url(https:\/\/dorgisproject.eu\/wp-content\/uploads\/2023\/02\/MARK3-copy-scaled.jpg)\"><\/div><div class=\"wp-block-cover__inner-container is-layout-flow wp-block-cover-is-layout-flow\">\n<p class=\"has-text-align-center has-large-font-size\"><\/p>\n<\/div><\/div>\n\n\n\n<p><\/p>\n\n\n\n<p><strong>INSTRU\u00c7\u00d5ES DO APLICATIVO DORGIS<\/strong><\/p>\n\n\n\n<p><strong>NO PAINEL<\/strong><\/p>\n\n\n\n<p>O painel est\u00e1 localizado em:<\/p>\n\n\n\n<p><a href=\"https:\/\/dashboard.dorgisproject.eu\/\">https:\/\/dashboard.dorgisproject.eu\/<\/a><\/p>\n\n\n\n<p>1. Na primeira vez que usar o aplicativo, voc\u00ea deve registar-se<\/p>\n\n\n\n<p>2. Voc\u00ea receber\u00e1 um e-mail de verifica\u00e7\u00e3o com uma senha que usar\u00e1 na primeira vez que se conectar (d\u00ea uma olhada tamb\u00e9m no seu spam).<\/p>\n\n\n\n<p>3. Em seguida, v\u00e1 para NOVO JOGO<\/p>\n\n\n\n<p>4. Voc\u00ea nomeia o jogo que voc\u00ea quer criar<\/p>\n\n\n\n<p>5. Se voc\u00ea clicar em JOGADORES, aparecer\u00e3o todos aqueles que enviaram sua pontua\u00e7\u00e3o. No in\u00edcio, a lista estar\u00e1 vazia.<\/p>\n\n\n\n<p>6. Voc\u00ea obt\u00e9m o ID do jogo que est\u00e1 localizado no topo da lista e o distribui aos jogadores<\/p>\n\n\n\n<p>7. Voc\u00ea pode criar quantos jogos quiser sem limita\u00e7\u00f5es.<\/p>\n\n\n\n<figure class=\"wp-block-gallery has-nested-images columns-default is-cropped wp-block-gallery-1 is-layout-flex wp-block-gallery-is-layout-flex\">\n<figure class=\"wp-block-image size-large\"><img loading=\"lazy\" decoding=\"async\" width=\"1024\" height=\"453\" data-id=\"8340\" src=\"https:\/\/demo.dorgisproject.eu\/wp-content\/uploads\/2023\/02\/DASH1-1024x453.jpg\" alt=\"\" class=\"wp-image-8340\" srcset=\"https:\/\/dorgisproject.eu\/wp-content\/uploads\/2023\/02\/DASH1-1024x453.jpg 1024w, https:\/\/dorgisproject.eu\/wp-content\/uploads\/2023\/02\/DASH1-300x133.jpg 300w, https:\/\/dorgisproject.eu\/wp-content\/uploads\/2023\/02\/DASH1-768x340.jpg 768w, https:\/\/dorgisproject.eu\/wp-content\/uploads\/2023\/02\/DASH1-1536x680.jpg 1536w, https:\/\/dorgisproject.eu\/wp-content\/uploads\/2023\/02\/DASH1-1170x518.jpg 1170w, https:\/\/dorgisproject.eu\/wp-content\/uploads\/2023\/02\/DASH1.jpg 1920w\" sizes=\"auto, (max-width: 1024px) 100vw, 1024px\" \/><\/figure>\n\n\n\n<figure class=\"wp-block-image size-large\"><img loading=\"lazy\" decoding=\"async\" width=\"1024\" height=\"451\" data-id=\"8347\" src=\"https:\/\/demo.dorgisproject.eu\/wp-content\/uploads\/2023\/02\/DASH2-1024x451.jpg\" alt=\"\" class=\"wp-image-8347\" srcset=\"https:\/\/dorgisproject.eu\/wp-content\/uploads\/2023\/02\/DASH2-1024x451.jpg 1024w, https:\/\/dorgisproject.eu\/wp-content\/uploads\/2023\/02\/DASH2-300x132.jpg 300w, https:\/\/dorgisproject.eu\/wp-content\/uploads\/2023\/02\/DASH2-768x338.jpg 768w, https:\/\/dorgisproject.eu\/wp-content\/uploads\/2023\/02\/DASH2-1536x677.jpg 1536w, https:\/\/dorgisproject.eu\/wp-content\/uploads\/2023\/02\/DASH2-1170x516.jpg 1170w, https:\/\/dorgisproject.eu\/wp-content\/uploads\/2023\/02\/DASH2.jpg 1920w\" sizes=\"auto, (max-width: 1024px) 100vw, 1024px\" \/><\/figure>\n\n\n\n<figure class=\"wp-block-image size-large\"><img loading=\"lazy\" decoding=\"async\" width=\"1024\" height=\"452\" data-id=\"8355\" src=\"https:\/\/demo.dorgisproject.eu\/wp-content\/uploads\/2023\/02\/DASH3-1024x452.jpg\" alt=\"\" class=\"wp-image-8355\" srcset=\"https:\/\/dorgisproject.eu\/wp-content\/uploads\/2023\/02\/DASH3-1024x452.jpg 1024w, https:\/\/dorgisproject.eu\/wp-content\/uploads\/2023\/02\/DASH3-300x133.jpg 300w, https:\/\/dorgisproject.eu\/wp-content\/uploads\/2023\/02\/DASH3-768x339.jpg 768w, https:\/\/dorgisproject.eu\/wp-content\/uploads\/2023\/02\/DASH3-1536x678.jpg 1536w, https:\/\/dorgisproject.eu\/wp-content\/uploads\/2023\/02\/DASH3-1170x517.jpg 1170w, https:\/\/dorgisproject.eu\/wp-content\/uploads\/2023\/02\/DASH3.jpg 1920w\" sizes=\"auto, (max-width: 1024px) 100vw, 1024px\" \/><\/figure>\n<\/figure>\n\n\n\n<hr class=\"wp-block-separator has-alpha-channel-opacity\"\/>\n\n\n\n<p><\/p>\n\n\n\n<p><strong>NA APP<\/strong><\/p>\n\n\n\n<p>1. Assim que os jogadores terminam a parte 1 ou 3, eles usam o ID do jogo e um nome de usu\u00e1rio \u00e0 sua escolha para enviar sua pontua\u00e7\u00e3o.<\/p>\n\n\n\n<p>2. As respostas, o ID do jogo e o nome de usu\u00e1rio (caso o usu\u00e1rio os tenha enviado) s\u00e3o armazenados durante todo o jogo.<\/p>\n\n\n\n<p>3. Se o usu\u00e1rio pressionar NOVO JOGO, todos os dados acima ser\u00e3o exclu\u00eddos do jogo.<\/p>\n","protected":false},"excerpt":{"rendered":"<p>INSTRU\u00c7\u00d5ES DO APLICATIVO DORGIS NO PAINEL O painel est\u00e1 localizado em: https:\/\/dashboard.dorgisproject.eu\/ 1. Na primeira vez que usar o aplicativo, voc\u00ea deve registar-se 2. Voc\u00ea receber\u00e1 um e-mail de verifica\u00e7\u00e3o com uma senha que usar\u00e1 na primeira vez que se conectar (d\u00ea uma olhada tamb\u00e9m no seu spam). 3. Em seguida, v\u00e1 para NOVO JOGO [&hellip;]<\/p>\n","protected":false},"author":3,"featured_media":0,"parent":0,"menu_order":0,"comment_status":"closed","ping_status":"closed","template":"","meta":{"_themeisle_gutenberg_block_has_review":false,"footnotes":""},"class_list":["post-2797","page","type-page","status-publish","hentry"],"_links":{"self":[{"href":"https:\/\/dorgisproject.eu\/pt-pt\/wp-json\/wp\/v2\/pages\/2797","targetHints":{"allow":["GET"]}}],"collection":[{"href":"https:\/\/dorgisproject.eu\/pt-pt\/wp-json\/wp\/v2\/pages"}],"about":[{"href":"https:\/\/dorgisproject.eu\/pt-pt\/wp-json\/wp\/v2\/types\/page"}],"author":[{"embeddable":true,"href":"https:\/\/dorgisproject.eu\/pt-pt\/wp-json\/wp\/v2\/users\/3"}],"replies":[{"embeddable":true,"href":"https:\/\/dorgisproject.eu\/pt-pt\/wp-json\/wp\/v2\/comments?post=2797"}],"version-history":[{"count":12,"href":"https:\/\/dorgisproject.eu\/pt-pt\/wp-json\/wp\/v2\/pages\/2797\/revisions"}],"predecessor-version":[{"id":10818,"href":"https:\/\/dorgisproject.eu\/pt-pt\/wp-json\/wp\/v2\/pages\/2797\/revisions\/10818"}],"wp:attachment":[{"href":"https:\/\/dorgisproject.eu\/pt-pt\/wp-json\/wp\/v2\/media?parent=2797"}],"curies":[{"name":"wp","href":"https:\/\/api.w.org\/{rel}","templated":true}]}}