{"id":1528,"date":"2022-07-29T15:43:31","date_gmt":"2022-07-29T15:43:31","guid":{"rendered":"https:\/\/demo.bulldogproject.eu\/policy-2\/"},"modified":"2025-03-06T00:09:44","modified_gmt":"2025-03-06T00:09:44","slug":"policy-2","status":"publish","type":"page","link":"https:\/\/dorgisproject.eu\/pt-pt\/policy-2\/","title":{"rendered":"Termos de Utiliza\u00e7\u00e3o"},"content":{"rendered":"\n<h3 class=\"wp-block-heading\">Pol\u00edtica de Privacidade<\/h3>\n\n\n\n<div class=\"wp-block-cover is-light has-parallax\"><span aria-hidden=\"true\" class=\"wp-block-cover__background has-white-background-color has-background-dim-0 has-background-dim\"><\/span><div class=\"wp-block-cover__image-background wp-image-7700 has-parallax\" style=\"background-position:50% 50%;background-image:url(https:\/\/dorgisproject.eu\/wp-content\/uploads\/2023\/02\/MARK3-copy-scaled.jpg)\"><\/div><div class=\"wp-block-cover__inner-container is-layout-flow wp-block-cover-is-layout-flow\">\n<p class=\"has-text-align-center has-large-font-size\"><\/p>\n<\/div><\/div>\n\n\n\n<p><\/p>\n\n\n\n<p><strong>Termos de Uso: DORGIS AR App<br><\/strong><br>1. Introdu\u00e7\u00e3o<br>Com o presente aviso, gostar\u00edamos de inform\u00e1-lo sobre os termos e condi\u00e7\u00f5es relativos \u00e0 nossa coleta e processamento de dados pessoais, realizados pela DORGIS AR PARTNERSHIP composta pelas seguintes institui\u00e7\u00f5es: \u0218COALA GIMNAZIAL\u0102 REDIU, MAIANDROS EPE, CENTRO UNIVERSITARIO SPORTIVO \u2013 CUSPADOVA, ASSOCIA\u00c7\u00c3O DE FUTEBOL DE BRAGAN\u00c7A, FUNDACION UNIVERSIDAD CATOLICA DE VALENCIA SAN VICENTE MARTIR, ZAJEDNICA SPORTSKIH UDRUGA GRADA RIJEKE RIJECKI SPORTSKI SAVEZ e STOWARZYSZENIE DZIECI I M\u0141ODZIE\u017bY KAROL propriet\u00e1rios do aplicativo DORGIS AR (vers\u00f5es romena, grega, italiana, portuguesa, espanhola, polonesa e croata) e respons\u00e1vel pelo tratamento dos dados pessoais recolhidos atrav\u00e9s desta aplica\u00e7\u00e3o (doravante designados por \u201cDORGIS\u201d).<br><br>A DORGIS tomou todas as medidas necess\u00e1rias para garantir um alto n\u00edvel de prote\u00e7\u00e3o e seguran\u00e7a para o aplicativo DORGIS, de acordo com as melhores pr\u00e1ticas de neg\u00f3cios reconhecidas. O acesso e a navega\u00e7\u00e3o no aplicativo DORGIS s\u00e3o gratuitos. \u00c9 expressamente proibida qualquer c\u00f3pia ou reprodu\u00e7\u00e3o por qualquer forma, publica\u00e7\u00e3o, modifica\u00e7\u00e3o, altera\u00e7\u00e3o ou qualquer outra utiliza\u00e7\u00e3o das fotografias, v\u00eddeos, imagens e log\u00f3tipos inclu\u00eddos na aplica\u00e7\u00e3o DORGIS.<br>A DORGIS reserva-se o direito de modificar esta Pol\u00edtica a qualquer momento sem pr\u00e9vio aviso dos usu\u00e1rios. Portanto, \u00e9 recomend\u00e1vel revis\u00e1-lo regularmente ao usar o aplicativo.<br><br>2. Que dados pessoais recolhemos?<\/p>\n\n\n\n<p>Ao usar este aplicativo, n\u00e3o \u00e9 necess\u00e1rio registrar nenhum dado pessoal. No entanto, se voc\u00ea deseja fazer login no painel do DORGIS para criar um novo jogo para o aplicativo DORGIS, ser\u00e1 solicitado que voc\u00ea forne\u00e7a algumas informa\u00e7\u00f5es pessoais, como : nome e endere\u00e7o de e-mail.<br><br>3. Para que finalidades recolhemos os seus dados pessoais?<br><br><\/p>\n\n\n\n<p>Tomamos o cuidado de recolher apenas os Dados Pessoais necess\u00e1rios, adequados e claros para as finalidades a que se destinam, n\u00e3o estando sujeitos a qualquer tratamento posterior de qualquer forma incompat\u00edvel com as finalidades originais da recolha. Tratamos os seus dados pessoais para as seguintes finalidades: \u2022 Para entrar em contato com voc\u00ea no momento do seu cadastro para receber seu e-mail e enviar uma senha para entrar no aplicativo.<br><br>4. Por quanto tempo mantemos seus Dados Pessoais?<\/p>\n\n\n\n<p>Garantimos que os Dados Pessoais que coletamos sejam processados \u200b\u200bpor n\u00e3o mais do que o necess\u00e1rio para o prop\u00f3sito de processamento. Os crit\u00e9rios b\u00e1sicos que levamos em considera\u00e7\u00e3o ao determinar o tempo em que conservamos seus dados pessoais s\u00e3o a limita\u00e7\u00e3o temporal das reclama\u00e7\u00f5es determinadas por lei e os prazos dentro dos quais uma autoridade p\u00fablica pode exigir que forne\u00e7amos as informa\u00e7\u00f5es que mantemos em nossos registros.<br><br>5. Qual \u00e9 a base legal para a DORGIS processar seus Dados?<\/p>\n\n\n\n<p>\u2022 Seu consentimento, quando apropriado, para uma finalidade (por exemplo, quando voc\u00ea se registra no painel DORGIS) \u2022 Cumprimento das obriga\u00e7\u00f5es impostas pela lei (por exemplo, quando precisamos notificar os detalhes de contato de nossos parceiros \u00e0s autoridades fiscais) \u2022 A prote\u00e7\u00e3o do leg\u00edtimo interesses da sociedade DORGIS, bem como o cumprimento de obriga\u00e7\u00f5es contratuais ou estatut\u00e1rias.<\/p>\n\n\n\n<p>6. Com quem compartilhamos seus Dados Pessoais?<\/p>\n\n\n\n<p>Como regra, os dados que voc\u00ea nos fornece n\u00e3o s\u00e3o divulgados a terceiros e n\u00e3o s\u00e3o de forma alguma divulgados ou explorados. Em casos excecionais, os dados pessoais do utilizador poder\u00e3o ser transmitidos a terceiros prestadores de servi\u00e7os da DORGIS, que tratam os seus dados pessoais exclusivamente para o cumprimento das suas obriga\u00e7\u00f5es, decorrentes da sua rela\u00e7\u00e3o contratual com a DORGIS e da sua qualidade de subcontratantes (como terceiros terceiros, consultores de servi\u00e7os de seguran\u00e7a, etc.).<br><br>Al\u00e9m disso, a DORGIS pode divulgar suas informa\u00e7\u00f5es pessoais nos seguintes casos:\u2022 Quando tiver o consentimento expresso da pessoa para publicar seus dados de qualquer forma\u2022 Se tal divulga\u00e7\u00e3o for necess\u00e1ria para exercer os direitos da DORGIS\u2022 Se for exigido por lei, um ordem judicial ou qualquer outro governo ou autoridade reguladora.<br><br>Caso a DORGIS transfira seus Dados Pessoais para destinat\u00e1rios fora da Uni\u00e3o Europeia ou do Espa\u00e7o Econ\u00f4mico Europeu, aplicar\u00e1 as salvaguardas apropriadas para garantir um n\u00edvel adequado de prote\u00e7\u00e3o para seus Dados Pessoais.<br><br>7. Como garantimos que os processadores respeitam seus dados?<\/p>\n\n\n\n<p>Os Processadores de Dados, em nome da Sociedade, concordaram e est\u00e3o contratualmente vinculados a n\u00f3s e entre outros:<br><br>\u2022 Manter a confidencialidade \u2022 N\u00e3o partilhar Dados com terceiros sem o consentimento da Sociedade ou utiliz\u00e1-los em benef\u00edcio pr\u00f3prio \u2022 Adotar as medidas de seguran\u00e7a adequadas \u2022 Cumprir o quadro legal de prote\u00e7\u00e3o de Dados Pessoais, nomeadamente o Regulamento 979\/2016\/ \u0395\u0395 (tamb\u00e9m conhecido como GDPR)<br><br>8. Quais s\u00e3o os seus direitos?<br><br>\u2022 Voc\u00ea tem o direito de acessar seus dados pessoais. Isso significa que voc\u00ea tem o direito de ser informado por n\u00f3s se estivermos processando seus dados. Se estivermos processando seus dados, voc\u00ea pode solicitar informa\u00e7\u00f5es sobre a finalidade do processamento, o tipo de dados que mantemos, a quem os compartilhamos, por quanto tempo os armazenamos, mas tamb\u00e9m sobre seus outros direitos, como corre\u00e7\u00e3o, exclus\u00e3o, e apresenta\u00e7\u00e3o de reclama\u00e7\u00e3o \u00e0 Autoridade de Prote\u00e7\u00e3o de Dados.<br><br>\u2022 Voc\u00ea tem o direito de corrigir dados pessoais imprecisos. Se voc\u00ea achar que h\u00e1 um erro em seus dados, voc\u00ea pode solicitar que n\u00f3s o corrigimos (por exemplo, uma corre\u00e7\u00e3o de nome ou uma atualiza\u00e7\u00e3o de uma mudan\u00e7a de endere\u00e7o).<br><br>\u2022 Voc\u00ea tem o direito de ser exclu\u00eddo\/direito de ser esquecido.<br><br>\u2022 Pode solicitar-nos a elimina\u00e7\u00e3o dos seus dados se estiver em vigor uma das raz\u00f5es previstas na legisla\u00e7\u00e3o aplic\u00e1vel.<br><br>\u2022 Voc\u00ea tem o direito de transferir seus dados.<br><br>Caso o tratamento se baseie no seu consentimento ou seja necess\u00e1rio para a celebra\u00e7\u00e3o de um contrato consigo ou seja efetuado por meios automatizados, pode pedir-nos que recebamos, de forma leg\u00edvel, os Dados que nos forneceu, ou pedir-nos para encaminh\u00e1-lo para outro controlador\/processador.\u2022 Voc\u00ea tem o direito de restringir o processamento.<br><br>Pode solicitar-nos a restri\u00e7\u00e3o do tratamento dos seus Dados Pessoais, caso esteja em vigor uma raz\u00e3o prevista na legisla\u00e7\u00e3o aplic\u00e1vel.<br><br>\u2022 Voc\u00ea tem o direito de se opor e retirar o consentimento para o processamento de seus dados.<br><br>Se voc\u00ea deseja exercer esses direitos, envie um e-mail para <a href=\"mailto:gdpr@bulldogproject.eu\">gdpr@dorgisproject.eu<\/a> ou uma carta para o seguinte endere\u00e7o:<br><br>\u0218COALA GIMNAZIAL\u00d3 REDIU\u0218OS. VALEA REDIULUI NR. 342707405 REDIUROMANIA<br><br>Por \u00faltimo, se considera que violamos a lei aplic\u00e1vel \u00e0 prote\u00e7\u00e3o dos seus dados pessoais, tem o direito de apresentar reclama\u00e7\u00e3o junto da Autoridade de Prote\u00e7\u00e3o de Dados Pessoais, registada em \u0218os.Valea Rediului, nr. 342 Rediu 70740, Rom\u00eania.<br><br>9. Limita\u00e7\u00e3o de responsabilidade<br><br>O aplicativo DORGIS pode incluir links para outros sites n\u00e3o controlados pela parceria DORGIS, mas por outros propriet\u00e1rios (pessoas f\u00edsicas ou jur\u00eddicas) aos quais os sites acima pertencem. Em nenhuma hip\u00f3tese a DORGIS partnership \u00e9 respons\u00e1vel por qualquer dano que o usu\u00e1rio possa sofrer com sua visita a outros sites, incluindo qualquer tratamento il\u00edcito de seus dados pessoais em raz\u00e3o da visita aos sites acima.<br><br>10. Cookies<br><br>Cookies s\u00e3o pequenos arquivos de texto contendo informa\u00e7\u00f5es, que s\u00e3o enviados pelo site dorgisproject.eu e s\u00e3o baixados para o computador pessoal ou dispositivo inteligente do usu\u00e1rio-visitante. Esses arquivos podem conter informa\u00e7\u00f5es sobre o tipo de navegador da Web utilizado por cada usu\u00e1rio-visitante, o tipo de computador, sistema operacional, provedor de internet e outras informa\u00e7\u00f5es t\u00e9cnicas.<br><br>Os cookies n\u00e3o danificam o seu computador ou dispositivo m\u00f3vel, ou os arquivos neles armazenados, e n\u00e3o interferem de forma alguma com quaisquer documentos ou arquivos armazenados no seu computador quando voc\u00ea visita o site dorgisproject.eu. A utiliza\u00e7\u00e3o de cookies n\u00e3o revela a sua identidade, mas pode levar \u00e0 identifica\u00e7\u00e3o do seu computador.<br><br>O website dorgisproject.eu pode utilizar cookies para as seguintes finalidades:<br><br>(a) Google AnalyticsPara realizar pesquisas para fins estat\u00edsticos e\/ou para melhorar o conte\u00fado e servi\u00e7os de dorgisproject.eu e\/ou para medir sua efic\u00e1cia.<br><br>(b) Redes sociaisCookies s\u00e3o colocados por provedores de sites de redes sociais para permitir que o visitante compartilhe facilmente o conte\u00fado de dorgisproject.eu por meio desses sites.<br><br>A maioria dos navegadores aceita o uso de cookies por padr\u00e3o, mas \u00e9 poss\u00edvel configurar seu navegador para negar o recebimento ou aceitar seletivamente determinados cookies. Se voc\u00ea desativar o recebimento de cookies, alguns recursos fornecidos pelo nosso site podem ficar indispon\u00edveis, enquanto algumas p\u00e1ginas podem n\u00e3o ser exibidas corretamente.<br><br>O site <a href=\"http:\/\/www.allaboutcookies.org\/\">www.allaboutcookies.org<\/a> oferece instru\u00e7\u00f5es boas e simples sobre como gerenciar cookies, usando diferentes tipos de navegadores da web.<\/p>\n\n\n\n<p><\/p>\n\n\n\n<p><\/p>\n","protected":false},"excerpt":{"rendered":"<p>Pol\u00edtica de Privacidade Termos de Uso: DORGIS AR App1. Introdu\u00e7\u00e3oCom o presente aviso, gostar\u00edamos de inform\u00e1-lo sobre os termos e condi\u00e7\u00f5es relativos \u00e0 nossa coleta e processamento de dados pessoais, realizados pela DORGIS AR PARTNERSHIP composta pelas seguintes institui\u00e7\u00f5es: \u0218COALA GIMNAZIAL\u0102 REDIU, MAIANDROS EPE, CENTRO UNIVERSITARIO SPORTIVO \u2013 CUSPADOVA, ASSOCIA\u00c7\u00c3O DE FUTEBOL DE BRAGAN\u00c7A, FUNDACION [&hellip;]<\/p>\n","protected":false},"author":3,"featured_media":0,"parent":0,"menu_order":0,"comment_status":"closed","ping_status":"closed","template":"","meta":{"_themeisle_gutenberg_block_has_review":false,"footnotes":""},"class_list":["post-1528","page","type-page","status-publish","hentry"],"_links":{"self":[{"href":"https:\/\/dorgisproject.eu\/pt-pt\/wp-json\/wp\/v2\/pages\/1528","targetHints":{"allow":["GET"]}}],"collection":[{"href":"https:\/\/dorgisproject.eu\/pt-pt\/wp-json\/wp\/v2\/pages"}],"about":[{"href":"https:\/\/dorgisproject.eu\/pt-pt\/wp-json\/wp\/v2\/types\/page"}],"author":[{"embeddable":true,"href":"https:\/\/dorgisproject.eu\/pt-pt\/wp-json\/wp\/v2\/users\/3"}],"replies":[{"embeddable":true,"href":"https:\/\/dorgisproject.eu\/pt-pt\/wp-json\/wp\/v2\/comments?post=1528"}],"version-history":[{"count":14,"href":"https:\/\/dorgisproject.eu\/pt-pt\/wp-json\/wp\/v2\/pages\/1528\/revisions"}],"predecessor-version":[{"id":10834,"href":"https:\/\/dorgisproject.eu\/pt-pt\/wp-json\/wp\/v2\/pages\/1528\/revisions\/10834"}],"wp:attachment":[{"href":"https:\/\/dorgisproject.eu\/pt-pt\/wp-json\/wp\/v2\/media?parent=1528"}],"curies":[{"name":"wp","href":"https:\/\/api.w.org\/{rel}","templated":true}]}}