{"id":1502,"date":"2022-07-29T15:27:00","date_gmt":"2022-07-29T15:27:00","guid":{"rendered":"https:\/\/demo.bulldogproject.eu\/intellectual-outputs\/"},"modified":"2025-03-05T23:27:03","modified_gmt":"2025-03-05T23:27:03","slug":"intellectual-outputs","status":"publish","type":"page","link":"https:\/\/dorgisproject.eu\/pt-pt\/intellectual-outputs\/","title":{"rendered":"Resultados intelectuais"},"content":{"rendered":"\n<div class=\"wp-block-cover is-light has-parallax\"><span aria-hidden=\"true\" class=\"wp-block-cover__background has-white-background-color has-background-dim-0 has-background-dim\"><\/span><div class=\"wp-block-cover__image-background wp-image-7462 has-parallax\" style=\"background-position:50% 50%;background-image:url(https:\/\/dorgisproject.eu\/wp-content\/uploads\/2023\/02\/PISINA1.jpg)\"><\/div><div class=\"wp-block-cover__inner-container is-layout-flow wp-block-cover-is-layout-flow\">\n<p class=\"has-text-align-center has-large-font-size\"><\/p>\n<\/div><\/div>\n\n\n\n<p><\/p>\n\n\n\n<p><strong>6 APPS<\/strong> para telem\u00f3veis e tablets Android e iOS em seis vers\u00f5es lingu\u00edsticas (EN, RO, IT, EL, PT, SK)<\/p>\n\n\n<div class=\"wp-block-image\">\n<figure class=\"alignleft size-full is-resized\"><img loading=\"lazy\" decoding=\"async\" width=\"1000\" height=\"500\" src=\"https:\/\/demo.dorgisproject.eu\/wp-content\/uploads\/2023\/02\/APPS2.jpg\" alt=\"\" class=\"wp-image-7495\" style=\"width:250px;height:125px\" srcset=\"https:\/\/dorgisproject.eu\/wp-content\/uploads\/2023\/02\/APPS2.jpg 1000w, https:\/\/dorgisproject.eu\/wp-content\/uploads\/2023\/02\/APPS2-300x150.jpg 300w, https:\/\/dorgisproject.eu\/wp-content\/uploads\/2023\/02\/APPS2-768x384.jpg 768w\" sizes=\"auto, (max-width: 1000px) 100vw, 1000px\" \/><\/figure>\n<\/div>\n\n\n<p>Incluindo:<\/p>\n\n\n\n<p>i) Teste de avalia\u00e7\u00e3o (testar os sentimentos do utilizador em rela\u00e7\u00e3o ao bullying \/ capacidade de reagir \/ auto-confian\u00e7a)&nbsp;&nbsp;&nbsp;&nbsp;&nbsp;<\/p>\n\n\n\n<p>ii) Jogo Educativo (educar o utilizador, informar sobre as op\u00e7\u00f5es de defesa)&nbsp;&nbsp;&nbsp;&nbsp;&nbsp;&nbsp;<\/p>\n\n\n\n<p>iii) Jogo de Avalia\u00e7\u00e3o (avaliar os conhecimentos adquiridos)&nbsp;&nbsp;&nbsp;&nbsp;&nbsp;&nbsp;&nbsp;<\/p>\n\n\n\n<p>b) <strong>WEBSITE<\/strong> incluindo a parte Promocional e E-m\u00f3dulos incorporados na <a rel=\"noreferrer noopener\" href=\"https:\/\/moodle.bulldogproject.eu\/?redirect=0\" target=\"_blank\">plataforma Moodle<\/a> para professores\/t\u00e9cnicos e pais<\/p>\n\n\n<div class=\"wp-block-image\">\n<figure class=\"alignleft size-large is-resized\"><img loading=\"lazy\" decoding=\"async\" width=\"461\" height=\"1024\" src=\"https:\/\/demo.dorgisproject.eu\/wp-content\/uploads\/2023\/02\/Screenshot_20220312-131135_Dorgis-AR-461x1024.jpg\" alt=\"\" class=\"wp-image-8223\" style=\"width:231px;height:512px\" srcset=\"https:\/\/dorgisproject.eu\/wp-content\/uploads\/2023\/02\/Screenshot_20220312-131135_Dorgis-AR-461x1024.jpg 461w, https:\/\/dorgisproject.eu\/wp-content\/uploads\/2023\/02\/Screenshot_20220312-131135_Dorgis-AR-135x300.jpg 135w, https:\/\/dorgisproject.eu\/wp-content\/uploads\/2023\/02\/Screenshot_20220312-131135_Dorgis-AR-768x1707.jpg 768w, https:\/\/dorgisproject.eu\/wp-content\/uploads\/2023\/02\/Screenshot_20220312-131135_Dorgis-AR-691x1536.jpg 691w, https:\/\/dorgisproject.eu\/wp-content\/uploads\/2023\/02\/Screenshot_20220312-131135_Dorgis-AR-922x2048.jpg 922w, https:\/\/dorgisproject.eu\/wp-content\/uploads\/2023\/02\/Screenshot_20220312-131135_Dorgis-AR.jpg 1080w\" sizes=\"auto, (max-width: 461px) 100vw, 461px\" \/><\/figure>\n<\/div>\n\n\n<p>c) <strong>MATERIAIS PEDAG\u00d3GICOS<\/strong> para a segunda parte do BULLDOG&#8217;S (BULLDOG IN SPORTS GROUNDS) incluindo<\/p>\n\n\n\n<p>a) Diretrizes para treinadores\/professores<\/p>\n\n\n\n<p>b) Material pedag\u00f3gico a ser utilizado durante atividades anti-bullying:<\/p>\n\n\n\n<p>i) Perguntas do jogo Brainstorming<\/p>\n\n\n\n<p>ii) Cen\u00e1rios de resolu\u00e7\u00e3o de problemas<\/p>\n\n\n\n<p>iii) Cart\u00f5es de hist\u00f3rias<\/p>\n\n\n\n<p>iv) Cart\u00f5es com informa\u00e7\u00e3o de acordo com o grupo et\u00e1rio envolvido, a serem utilizados durante atividades anti-bullying<\/p>\n\n\n\n<p><br><\/p>\n","protected":false},"excerpt":{"rendered":"<p>6 APPS para telem\u00f3veis e tablets Android e iOS em seis vers\u00f5es lingu\u00edsticas (EN, RO, IT, EL, PT, SK) Incluindo: i) Teste de avalia\u00e7\u00e3o (testar os sentimentos do utilizador em rela\u00e7\u00e3o ao bullying \/ capacidade de reagir \/ auto-confian\u00e7a)&nbsp;&nbsp;&nbsp;&nbsp;&nbsp; ii) Jogo Educativo (educar o utilizador, informar sobre as op\u00e7\u00f5es de defesa)&nbsp;&nbsp;&nbsp;&nbsp;&nbsp;&nbsp; iii) Jogo de Avalia\u00e7\u00e3o [&hellip;]<\/p>\n","protected":false},"author":3,"featured_media":0,"parent":0,"menu_order":0,"comment_status":"closed","ping_status":"closed","template":"","meta":{"_themeisle_gutenberg_block_has_review":false,"footnotes":""},"class_list":["post-1502","page","type-page","status-publish","hentry"],"_links":{"self":[{"href":"https:\/\/dorgisproject.eu\/pt-pt\/wp-json\/wp\/v2\/pages\/1502","targetHints":{"allow":["GET"]}}],"collection":[{"href":"https:\/\/dorgisproject.eu\/pt-pt\/wp-json\/wp\/v2\/pages"}],"about":[{"href":"https:\/\/dorgisproject.eu\/pt-pt\/wp-json\/wp\/v2\/types\/page"}],"author":[{"embeddable":true,"href":"https:\/\/dorgisproject.eu\/pt-pt\/wp-json\/wp\/v2\/users\/3"}],"replies":[{"embeddable":true,"href":"https:\/\/dorgisproject.eu\/pt-pt\/wp-json\/wp\/v2\/comments?post=1502"}],"version-history":[{"count":7,"href":"https:\/\/dorgisproject.eu\/pt-pt\/wp-json\/wp\/v2\/pages\/1502\/revisions"}],"predecessor-version":[{"id":10787,"href":"https:\/\/dorgisproject.eu\/pt-pt\/wp-json\/wp\/v2\/pages\/1502\/revisions\/10787"}],"wp:attachment":[{"href":"https:\/\/dorgisproject.eu\/pt-pt\/wp-json\/wp\/v2\/media?parent=1502"}],"curies":[{"name":"wp","href":"https:\/\/api.w.org\/{rel}","templated":true}]}}