{"id":1285,"date":"2022-07-28T22:24:03","date_gmt":"2022-07-28T22:24:03","guid":{"rendered":"https:\/\/demo.bulldogproject.eu\/how-the-game-works\/"},"modified":"2025-03-05T19:41:29","modified_gmt":"2025-03-05T19:41:29","slug":"how-the-game-works","status":"publish","type":"page","link":"https:\/\/dorgisproject.eu\/pt-pt\/how-the-game-works\/","title":{"rendered":"Como funcionam os jogos"},"content":{"rendered":"\n<p><strong>COMO FUNCIONA O JOGO DIGITAL<\/strong><\/p>\n\n\n\n<figure class=\"wp-block-image size-full is-resized\"><img loading=\"lazy\" decoding=\"async\" width=\"710\" height=\"357\" src=\"https:\/\/dorgisproject.eu\/wp-content\/uploads\/2023\/02\/DORGIS-LOGO-TRANSPARENT-2.png\" alt=\"\" class=\"wp-image-9414\" style=\"width:477px;height:auto\" srcset=\"https:\/\/dorgisproject.eu\/wp-content\/uploads\/2023\/02\/DORGIS-LOGO-TRANSPARENT-2.png 710w, https:\/\/dorgisproject.eu\/wp-content\/uploads\/2023\/02\/DORGIS-LOGO-TRANSPARENT-2-300x151.png 300w\" sizes=\"auto, (max-width: 710px) 100vw, 710px\" \/><\/figure>\n\n\n\n<p>A app DORGIS-AR Mobile ser\u00e1 dividido em tr\u00eas partes. Cada parte ser\u00e1 conclu\u00edda em um dia, o jogo DORGIS- AR GETS DIGITAL deve durar no total 3 dias. Tempo m\u00e1ximo para a conclus\u00e3o de cada parte do jogo DORGIS-AR: 50 minutos.<\/p>\n\n\n<div class=\"wp-block-image\">\n<figure class=\"alignleft size-large is-resized\"><img loading=\"lazy\" decoding=\"async\" width=\"520\" height=\"1024\" src=\"https:\/\/dorgisproject.eu\/wp-content\/uploads\/2023\/02\/2SLIDER-520x1024.png\" alt=\"\" class=\"wp-image-8266\" style=\"width:187px;height:auto\" srcset=\"https:\/\/dorgisproject.eu\/wp-content\/uploads\/2023\/02\/2SLIDER-520x1024.png 520w, https:\/\/dorgisproject.eu\/wp-content\/uploads\/2023\/02\/2SLIDER-152x300.png 152w, https:\/\/dorgisproject.eu\/wp-content\/uploads\/2023\/02\/2SLIDER-768x1513.png 768w, https:\/\/dorgisproject.eu\/wp-content\/uploads\/2023\/02\/2SLIDER-780x1536.png 780w, https:\/\/dorgisproject.eu\/wp-content\/uploads\/2023\/02\/2SLIDER-1039x2048.png 1039w, https:\/\/dorgisproject.eu\/wp-content\/uploads\/2023\/02\/2SLIDER.png 1080w\" sizes=\"auto, (max-width: 520px) 100vw, 520px\" \/><\/figure>\n<\/div>\n\n\n<p><strong>PARTE 1: TESTE DE PERSONALIDADE E AVALIA\u00c7\u00c3O DO CONHECIMENTO EXISTENTE<\/strong><br>O atleta far\u00e1 login abrindo uma conta usando um \u201cnickname\u201d.<br>Em seguida, ele entrar\u00e1 na app e realizar\u00e1 uma prova de Avalia\u00e7\u00e3o visando:<br>1) participar de um teste psicol\u00f3gico e sociom\u00e9trico que identificar\u00e1 se ele \u00e9 vulner\u00e1vel a doping e subst\u00e2ncias.<br>2) avaliar seu conhecimento existente sobre:<br>a) conhecimento dos jovens atletas sobre quest\u00f5es relacionadas \u00e0 integridade no desporto e o que eles podem fazer para ajudar a proteger a integridade do desporto;<br>b) conhecimento dos jovens atletas sobre quest\u00f5es relacionadas com o doping, medicamentos e subst\u00e2ncias proibidas e os perigos que estes podem causar \u00e0 sua sa\u00fade;<br>c) nutri\u00e7\u00e3o saud\u00e1vel e quest\u00f5es relacionadas ao doping (por exemplo, avaliar a compreens\u00e3o do atleta sobre termos como doping, WADA, ester\u00f3ides, etc.)<br>O teste de avalia\u00e7\u00e3o incluir\u00e1 perguntas de m\u00faltipla escolha e controle deslizante de emoji.<br><br>&nbsp;<\/p>\n\n\n<div class=\"wp-block-image\">\n<figure class=\"alignleft size-large is-resized\"><img loading=\"lazy\" decoding=\"async\" width=\"520\" height=\"1024\" src=\"https:\/\/dorgisproject.eu\/wp-content\/uploads\/2023\/02\/9SLIDER-520x1024.png\" alt=\"\" class=\"wp-image-8274\" style=\"width:173px;height:auto\" srcset=\"https:\/\/dorgisproject.eu\/wp-content\/uploads\/2023\/02\/9SLIDER-520x1024.png 520w, https:\/\/dorgisproject.eu\/wp-content\/uploads\/2023\/02\/9SLIDER-152x300.png 152w, https:\/\/dorgisproject.eu\/wp-content\/uploads\/2023\/02\/9SLIDER-768x1513.png 768w, https:\/\/dorgisproject.eu\/wp-content\/uploads\/2023\/02\/9SLIDER-780x1536.png 780w, https:\/\/dorgisproject.eu\/wp-content\/uploads\/2023\/02\/9SLIDER-1039x2048.png 1039w, https:\/\/dorgisproject.eu\/wp-content\/uploads\/2023\/02\/9SLIDER.png 1080w\" sizes=\"auto, (max-width: 520px) 100vw, 520px\" \/><\/figure>\n<\/div>\n\n\n<p><strong>PARTE 2: JOGO EDUCACIONAL USANDO TECNOLOGIA DE REALIDADE AUMENTADA<\/strong><br>Esta parte do jogo antidoping DORGIS-AR \u00e9 a grande inova\u00e7\u00e3o do nosso projeto, porque n\u00e3o h\u00e1 outro aplicativo m\u00f3vel antidoping que ofere\u00e7a essa tecnologia.<br>O aplicativo DORGIS-AR inclui um jogo educacional de Realidade Aumentada (AR) dividido em duas partes.<br>O jogo AR incluir\u00e1 o uso de dois hologramas 3D (um atleta feminino e um masculino) que ir\u00e3o interagir em tempo real com o usu\u00e1rio. Isso significa que o holograma que \u00e9 a representa\u00e7\u00e3o visual de um modelo 3D sobreposto \u00e0 realidade (chamado de realidade aumentada) aparecer\u00e1 por meio do smartphone do usu\u00e1rio na palavra real do usu\u00e1rio, por exemplo. em uma mesa em frente ao usu\u00e1rio, no ch\u00e3o de sua sala de aula ou vesti\u00e1rio, no campo de futebol ao lado dos demais companheiros etc.<br>O usu\u00e1rio poder\u00e1 girar 360\u00b0 o Holograma, minimizar ou maximizar a figura e posicion\u00e1-la na tela do smartphone onde desejar. O atleta do Holograma realizar\u00e1 algum tipo de movimento para parecer ainda mais realista.<br>&nbsp;<br><strong>O JOGO AR PASSO A PASSO<\/strong><br><br>O usu\u00e1rio escolhe seu avatar-atleta (feminino ou masculino) e ent\u00e3o tem duas op\u00e7\u00f5es:<br>a) Alimente seu holograma\/avatar com comida saud\u00e1vel ou n\u00e3o saud\u00e1vel usando a tecnologia de arrastar e soltar e depois veja os resultados de suas escolhas no desempenho atl\u00e9tico de seu avatar em tempo real. Al\u00e9m disso, na tela do celular aparecer\u00e3o textos que explicar\u00e3o os benef\u00edcios ou os efeitos mal\u00e9ficos de suas sele\u00e7\u00f5es de alimentos e uma classifica\u00e7\u00e3o que influenciar\u00e1 o desempenho atl\u00e9tico de seu holograma\/avatar;<br><br>b) Selecione entre as categorias b\u00e1sicas de drogas proibidas e subst\u00e2ncias para melhorar o desempenho, por exemplo: estimulantes, esteroides, hormonas, diur\u00e9ticos, narc\u00f3ticos e canabin\u00f3ides e veja seus efeitos colaterais no corpo do avatar e no desempenho atl\u00e9tico.<br>Atletas que usam esteroides anabolizantes podem apresentar, por exemplo, um dos seguintes:<br><em>-Ganho de peso-Acne-Perda de cabelo<\/em><br>-Tornar-se mais masculino (para mulheres), como crescimento de pelos corporais e engrossamento da voz<br>&#8211; Desenvolvimento de mamas de tamanho anormal (homens)<\/p>\n\n\n<div class=\"wp-block-image\">\n<figure class=\"alignleft size-large is-resized\"><img loading=\"lazy\" decoding=\"async\" width=\"529\" height=\"1024\" src=\"https:\/\/dorgisproject.eu\/wp-content\/uploads\/2023\/02\/11SLIDER-529x1024.png\" alt=\"\" class=\"wp-image-8282\" style=\"width:183px;height:auto\" srcset=\"https:\/\/dorgisproject.eu\/wp-content\/uploads\/2023\/02\/11SLIDER-529x1024.png 529w, https:\/\/dorgisproject.eu\/wp-content\/uploads\/2023\/02\/11SLIDER-155x300.png 155w, https:\/\/dorgisproject.eu\/wp-content\/uploads\/2023\/02\/11SLIDER-768x1488.png 768w, https:\/\/dorgisproject.eu\/wp-content\/uploads\/2023\/02\/11SLIDER-793x1536.png 793w, https:\/\/dorgisproject.eu\/wp-content\/uploads\/2023\/02\/11SLIDER-1057x2048.png 1057w, https:\/\/dorgisproject.eu\/wp-content\/uploads\/2023\/02\/11SLIDER.png 1080w\" sizes=\"auto, (max-width: 529px) 100vw, 529px\" \/><\/figure>\n<\/div>\n\n\n<p>O usu\u00e1rio poder\u00e1 ver esses danos no corpo do avatar e compreender os graves efeitos colaterais que eles causam no organismo de um atleta, caso ele fa\u00e7a uma escolha semelhante na vida real.<br>Al\u00e9m disso, na tela aparecer\u00e3o textos que explicar\u00e3o os danos que cada categoria de drogas proibidas causa no corpo humano. Por exemplo. Se o usu\u00e1rio selecionar esteroides anabolizantes, ele ver\u00e1 seu holograma desenvolver acne severo.<br>Em seguida, seguir\u00e3o textos explicando de forma simples para a idade os demais efeitos colaterais que o avatar\/atleta ir\u00e1 desenvolver e tamb\u00e9m uma classifica\u00e7\u00e3o que mostrar\u00e1 o quanto a longo prazo o atleta ser\u00e1 afetado pelo uso dessas subst\u00e2ncias proibidas .<br>Acreditamos que a inovadora tecnologia de Realidade Aumentada utilizada ir\u00e1 motivar os jovens atletas a utilizarem a nossa app Anti-Doping e a beneficiarem do conhecimento adquirido.<\/p>\n\n\n\n<p><\/p>\n\n\n\n<p><strong>PARTE 3: JOGOS DE AVALIA\u00c7\u00c3O<\/strong><br><br>A \u00faltima parte do nosso jogo para celular incluir\u00e1 question\u00e1rios interativos de avalia\u00e7\u00e3o com o objetivo de testar o conhecimento adquirido pelos usu\u00e1rios sobre doping e nutri\u00e7\u00e3o saud\u00e1vel.<br><br><br><\/p>\n\n\n<div class=\"wp-block-image\">\n<figure class=\"alignleft size-large is-resized\"><img loading=\"lazy\" decoding=\"async\" width=\"527\" height=\"1024\" src=\"https:\/\/dorgisproject.eu\/wp-content\/uploads\/2023\/02\/8SLIDER-527x1024.png\" alt=\"\" class=\"wp-image-8290\" style=\"width:180px;height:auto\" srcset=\"https:\/\/dorgisproject.eu\/wp-content\/uploads\/2023\/02\/8SLIDER-527x1024.png 527w, https:\/\/dorgisproject.eu\/wp-content\/uploads\/2023\/02\/8SLIDER-154x300.png 154w, https:\/\/dorgisproject.eu\/wp-content\/uploads\/2023\/02\/8SLIDER-768x1493.png 768w, https:\/\/dorgisproject.eu\/wp-content\/uploads\/2023\/02\/8SLIDER-790x1536.png 790w, https:\/\/dorgisproject.eu\/wp-content\/uploads\/2023\/02\/8SLIDER-1053x2048.png 1053w, https:\/\/dorgisproject.eu\/wp-content\/uploads\/2023\/02\/8SLIDER.png 1080w\" sizes=\"auto, (max-width: 527px) 100vw, 527px\" \/><\/figure>\n<\/div>\n\n\n<p><br><strong>A) CRIE SEU PR\u00d3PRIO MENU DI\u00c1RIO SAUD\u00c1VEL<\/strong><br>O usu\u00e1rio arrastar\u00e1 e soltar\u00e1 alimentos para criar um menu di\u00e1rio saud\u00e1vel, ser\u00e1 avaliado por seu desempenho e avaliado pelo conhecimento adquirido.<br>As escolhas certas de alimenta\u00e7\u00e3o e hidrata\u00e7\u00e3o aumentam os ganhos de desempenho atl\u00e9tico ideal e sa\u00fade ao longo da vida. Portanto, devemos promover uma nutri\u00e7\u00e3o adequada e modelar escolhas saud\u00e1veis \u200b\u200bde alimenta\u00e7\u00e3o e hidrata\u00e7\u00e3o para um jovem atleta como um contrapeso \u00e0 cultura pr\u00f3-doping.<\/p>\n\n\n\n<p><strong>B) CRIE A LISTA DE DROGAS PROIBIDAS<\/strong><br>O usu\u00e1rio ir\u00e1 emparelhar e combinar para criar a lista de drogas proibidas, combinando categorias de drogas proibidas com seus efeitos colaterais e ser\u00e1 avaliado pelo seu desempenho. O usu\u00e1rio ser\u00e1 avaliado por meio deste question\u00e1rio interativo quanto ao conhecimento adquirido sobre drogas e subst\u00e2ncias proibidas com o objetivo de prevenir a cultura do doping em ambiente recreativo.<\/p>\n\n\n\n<p><strong><strong>AJUDANTES DORGIS<\/strong><\/strong><\/p>\n\n\n<div class=\"wp-block-image\">\n<figure class=\"alignleft size-full is-resized\"><img loading=\"lazy\" decoding=\"async\" width=\"400\" height=\"300\" src=\"https:\/\/dorgisproject.eu\/wp-content\/uploads\/2023\/02\/shirts.png\" alt=\"\" class=\"wp-image-8298\" style=\"width:231px;height:auto\" srcset=\"https:\/\/dorgisproject.eu\/wp-content\/uploads\/2023\/02\/shirts.png 400w, https:\/\/dorgisproject.eu\/wp-content\/uploads\/2023\/02\/shirts-300x225.png 300w\" sizes=\"auto, (max-width: 400px) 100vw, 400px\" \/><\/figure>\n<\/div>\n\n\n<p>Ao final do jogo, os jovens atletas com as melhores notas e pontua\u00e7\u00f5es ser\u00e3o premiados tornando-se auxiliares antidoping DORGIS podendo vestir a camisola do DORGIS-AR. Esses atletas podem formar um grupo de apoio para sua turma ou equipa desportiva.<br>Al\u00e9m disso, durante o \u00faltimo dia de jogo DORGIS-AR, todos os participantes (jovens atletas, professores, treinadores, pais) ter\u00e3o que preencher um pequeno Formul\u00e1rio de Avalia\u00e7\u00e3o dos Materiais.<\/p>\n","protected":false},"excerpt":{"rendered":"<p>COMO FUNCIONA O JOGO DIGITAL A app DORGIS-AR Mobile ser\u00e1 dividido em tr\u00eas partes. Cada parte ser\u00e1 conclu\u00edda em um dia, o jogo DORGIS- AR GETS DIGITAL deve durar no total 3 dias. Tempo m\u00e1ximo para a conclus\u00e3o de cada parte do jogo DORGIS-AR: 50 minutos. PARTE 1: TESTE DE PERSONALIDADE E AVALIA\u00c7\u00c3O DO CONHECIMENTO [&hellip;]<\/p>\n","protected":false},"author":2,"featured_media":1261,"parent":0,"menu_order":0,"comment_status":"closed","ping_status":"closed","template":"","meta":{"_themeisle_gutenberg_block_has_review":false,"footnotes":""},"class_list":["post-1285","page","type-page","status-publish","has-post-thumbnail","hentry"],"_links":{"self":[{"href":"https:\/\/dorgisproject.eu\/pt-pt\/wp-json\/wp\/v2\/pages\/1285","targetHints":{"allow":["GET"]}}],"collection":[{"href":"https:\/\/dorgisproject.eu\/pt-pt\/wp-json\/wp\/v2\/pages"}],"about":[{"href":"https:\/\/dorgisproject.eu\/pt-pt\/wp-json\/wp\/v2\/types\/page"}],"author":[{"embeddable":true,"href":"https:\/\/dorgisproject.eu\/pt-pt\/wp-json\/wp\/v2\/users\/2"}],"replies":[{"embeddable":true,"href":"https:\/\/dorgisproject.eu\/pt-pt\/wp-json\/wp\/v2\/comments?post=1285"}],"version-history":[{"count":20,"href":"https:\/\/dorgisproject.eu\/pt-pt\/wp-json\/wp\/v2\/pages\/1285\/revisions"}],"predecessor-version":[{"id":10701,"href":"https:\/\/dorgisproject.eu\/pt-pt\/wp-json\/wp\/v2\/pages\/1285\/revisions\/10701"}],"wp:featuredmedia":[{"embeddable":true,"href":"https:\/\/dorgisproject.eu\/pt-pt\/wp-json\/wp\/v2\/media\/1261"}],"wp:attachment":[{"href":"https:\/\/dorgisproject.eu\/pt-pt\/wp-json\/wp\/v2\/media?parent=1285"}],"curies":[{"name":"wp","href":"https:\/\/api.w.org\/{rel}","templated":true}]}}