{"id":1248,"date":"2022-07-28T22:00:49","date_gmt":"2022-07-28T22:00:49","guid":{"rendered":"https:\/\/demo.bulldogproject.eu\/bulldog-demo\/"},"modified":"2023-02-07T18:16:05","modified_gmt":"2023-02-07T18:16:05","slug":"bulldog-demo","status":"publish","type":"page","link":"https:\/\/dorgisproject.eu\/pt-pt\/bulldog-demo\/","title":{"rendered":"DORGIS Demo"},"content":{"rendered":"\n<figure class=\"wp-block-embed is-type-video is-provider-youtube wp-block-embed-youtube wp-embed-aspect-16-9 wp-has-aspect-ratio\"><div class=\"wp-block-embed__wrapper\">\n<iframe loading=\"lazy\" title=\"DORGIS AR- DEMO\" width=\"1080\" height=\"608\" src=\"https:\/\/www.youtube.com\/embed\/AH87leliSmk?feature=oembed\" frameborder=\"0\" allow=\"accelerometer; autoplay; clipboard-write; encrypted-media; gyroscope; picture-in-picture; web-share\" allowfullscreen><\/iframe>\n<\/div><\/figure>\n\n\n\n<p>O projeto DORGIS foi cofinanciado pelo programa ERASMUS+ SPORT da Uni\u00e3o Europeia.<\/p>\n\n\n\n<p>O DORGIS visa combater a dopagem no meio desportivo recreativo, informar, educar e motivar jovens atletas dos 9 aos 16 anos, professores\/treinadores desportivos e pais contra o uso de drogas e subst\u00e2ncias proibidas que possam amea\u00e7ar a sa\u00fade, causar danos aos atletas e \u00e0 integridade desportiva. O DORGIS visa incentivar e promover o esp\u00edrito desportivo e uma dieta saud\u00e1vel contrariando a cultura pr\u00f3-doping, usando a tecnologia e atividades antidoping no terreno de jogo.<\/p>\n\n\n\n<p>O projeto desenvolveu um jogo digital antidoping inovador, usando pela primeira vez a tecnologia de realidade aumentada com o objetivo de esclarecer a natureza precisa dos riscos impostos pelo doping e, ao mesmo tempo, promover a \u00e9tica desportiva e a nutri\u00e7\u00e3o saud\u00e1vel. Neste projeto trabalharam pessoas experientes com todos os n\u00edveis de ensino, provenientes de organiza\u00e7\u00f5es e equipas desportivas da RO, EL, IT, ES, PT, PL &amp; HR.<\/p>\n","protected":false},"excerpt":{"rendered":"<p>O projeto DORGIS foi cofinanciado pelo programa ERASMUS+ SPORT da Uni\u00e3o Europeia. O DORGIS visa combater a dopagem no meio desportivo recreativo, informar, educar e motivar jovens atletas dos 9 aos 16 anos, professores\/treinadores desportivos e pais contra o uso de drogas e subst\u00e2ncias proibidas que possam amea\u00e7ar a sa\u00fade, causar danos aos atletas e [&hellip;]<\/p>\n","protected":false},"author":3,"featured_media":0,"parent":0,"menu_order":0,"comment_status":"closed","ping_status":"closed","template":"","meta":{"_themeisle_gutenberg_block_has_review":false,"footnotes":""},"class_list":["post-1248","page","type-page","status-publish","hentry"],"_links":{"self":[{"href":"https:\/\/dorgisproject.eu\/pt-pt\/wp-json\/wp\/v2\/pages\/1248","targetHints":{"allow":["GET"]}}],"collection":[{"href":"https:\/\/dorgisproject.eu\/pt-pt\/wp-json\/wp\/v2\/pages"}],"about":[{"href":"https:\/\/dorgisproject.eu\/pt-pt\/wp-json\/wp\/v2\/types\/page"}],"author":[{"embeddable":true,"href":"https:\/\/dorgisproject.eu\/pt-pt\/wp-json\/wp\/v2\/users\/3"}],"replies":[{"embeddable":true,"href":"https:\/\/dorgisproject.eu\/pt-pt\/wp-json\/wp\/v2\/comments?post=1248"}],"version-history":[{"count":4,"href":"https:\/\/dorgisproject.eu\/pt-pt\/wp-json\/wp\/v2\/pages\/1248\/revisions"}],"predecessor-version":[{"id":9422,"href":"https:\/\/dorgisproject.eu\/pt-pt\/wp-json\/wp\/v2\/pages\/1248\/revisions\/9422"}],"wp:attachment":[{"href":"https:\/\/dorgisproject.eu\/pt-pt\/wp-json\/wp\/v2\/media?parent=1248"}],"curies":[{"name":"wp","href":"https:\/\/api.w.org\/{rel}","templated":true}]}}