{"id":10133,"date":"2023-10-27T11:16:50","date_gmt":"2023-10-27T11:16:50","guid":{"rendered":"https:\/\/dorgisproject.eu\/collaborators\/"},"modified":"2024-05-13T17:17:28","modified_gmt":"2024-05-13T17:17:28","slug":"collaborators","status":"publish","type":"page","link":"https:\/\/dorgisproject.eu\/pt-pt\/collaborators\/","title":{"rendered":"Contribuidores"},"content":{"rendered":"\n<figure class=\"wp-block-image size-full\"><img loading=\"lazy\" decoding=\"async\" width=\"94\" height=\"98\" src=\"https:\/\/dorgisproject.eu\/wp-content\/uploads\/2023\/10\/hs57su.jpg\" alt=\"\" class=\"wp-image-10119\"\/><\/figure>\n\n\n\n<p>ES BOT\u00c0NIC CAVANILLES \u00e9 um Instituto de Ensino Secund\u00e1rio de Val\u00eancia, Espanha que participou na aplica\u00e7\u00e3o piloto da aplica\u00e7\u00e3o DORGIS e incluiu DORGIS AR nos conte\u00fados das aulas de Educa\u00e7\u00e3o F\u00edsica para alunos dos 12 aos 16 anos.<\/p>\n\n\n\n<p><a href=\"https:\/\/portal.edu.gva.es\/iesbotanic\/es\/inicio\/\">https:\/\/portal.edu.gva.es\/iesbotanic\/es\/inicio\/<\/a><\/p>\n\n\n\n<p><\/p>\n\n\n\n<figure class=\"wp-block-image size-full\"><img loading=\"lazy\" decoding=\"async\" width=\"200\" height=\"103\" src=\"https:\/\/dorgisproject.eu\/wp-content\/uploads\/2023\/11\/godik2-5.jpg\" alt=\"\" class=\"wp-image-10216\"\/><\/figure>\n\n\n\n<p><strong><strong>GOBIK<\/strong><\/strong><\/p>\n\n\n\n<figure class=\"wp-block-image size-full is-resized\"><img loading=\"lazy\" decoding=\"async\" width=\"526\" height=\"692\" src=\"https:\/\/dorgisproject.eu\/wp-content\/uploads\/2023\/12\/\u0391\u03c1\u03c7\u03b5\u03af\u03bf-\u03b5\u03b9\u03ba\u03cc\u03bd\u03b1\u03c2-WhatsApp-2023-12-20-\u03c3\u03c4\u03b9\u03c2-13.47.54_52a63577-6.jpg\" alt=\"\" class=\"wp-image-10315\" style=\"width:154px;height:auto\" srcset=\"https:\/\/dorgisproject.eu\/wp-content\/uploads\/2023\/12\/\u0391\u03c1\u03c7\u03b5\u03af\u03bf-\u03b5\u03b9\u03ba\u03cc\u03bd\u03b1\u03c2-WhatsApp-2023-12-20-\u03c3\u03c4\u03b9\u03c2-13.47.54_52a63577-6.jpg 526w, https:\/\/dorgisproject.eu\/wp-content\/uploads\/2023\/12\/\u0391\u03c1\u03c7\u03b5\u03af\u03bf-\u03b5\u03b9\u03ba\u03cc\u03bd\u03b1\u03c2-WhatsApp-2023-12-20-\u03c3\u03c4\u03b9\u03c2-13.47.54_52a63577-6-228x300.jpg 228w\" sizes=\"auto, (max-width: 526px) 100vw, 526px\" \/><\/figure>\n\n\n\n<p><strong>AEL<\/strong><\/p>\n\n\n\n<figure class=\"wp-block-image size-full is-resized\"><img loading=\"lazy\" decoding=\"async\" width=\"608\" height=\"372\" src=\"https:\/\/dorgisproject.eu\/wp-content\/uploads\/2024\/05\/logo-1-4.png\" alt=\"\" class=\"wp-image-10436\" style=\"width:197px;height:auto\" srcset=\"https:\/\/dorgisproject.eu\/wp-content\/uploads\/2024\/05\/logo-1-4.png 608w, https:\/\/dorgisproject.eu\/wp-content\/uploads\/2024\/05\/logo-1-4-300x184.png 300w\" sizes=\"auto, (max-width: 608px) 100vw, 608px\" \/><\/figure>\n\n\n\n<p><strong>Castillo de Onda Team Cycling<\/strong><\/p>\n\n\n\n<figure class=\"wp-block-image size-full is-resized\"><img loading=\"lazy\" decoding=\"async\" width=\"225\" height=\"225\" src=\"https:\/\/dorgisproject.eu\/wp-content\/uploads\/2024\/05\/logo-cea-betera.png\" alt=\"\" class=\"wp-image-10371\" style=\"width:150px;height:auto\" srcset=\"https:\/\/dorgisproject.eu\/wp-content\/uploads\/2024\/05\/logo-cea-betera.png 225w, https:\/\/dorgisproject.eu\/wp-content\/uploads\/2024\/05\/logo-cea-betera-150x150.png 150w, https:\/\/dorgisproject.eu\/wp-content\/uploads\/2024\/05\/logo-cea-betera-80x80.png 80w\" sizes=\"auto, (max-width: 225px) 100vw, 225px\" \/><\/figure>\n\n\n\n<p><strong>CEA B\u00e9tera<\/strong><\/p>\n\n\n\n<figure class=\"wp-block-image size-full is-resized\"><img loading=\"lazy\" decoding=\"async\" width=\"225\" height=\"225\" src=\"https:\/\/dorgisproject.eu\/wp-content\/uploads\/2024\/05\/paiporta-cf.jpg\" alt=\"\" class=\"wp-image-10379\" style=\"width:151px;height:auto\" srcset=\"https:\/\/dorgisproject.eu\/wp-content\/uploads\/2024\/05\/paiporta-cf.jpg 225w, https:\/\/dorgisproject.eu\/wp-content\/uploads\/2024\/05\/paiporta-cf-150x150.jpg 150w, https:\/\/dorgisproject.eu\/wp-content\/uploads\/2024\/05\/paiporta-cf-80x80.jpg 80w\" sizes=\"auto, (max-width: 225px) 100vw, 225px\" \/><\/figure>\n\n\n\n<p><strong>Paiporta CF <\/strong><\/p>\n\n\n\n<figure class=\"wp-block-image size-large is-resized\"><img loading=\"lazy\" decoding=\"async\" width=\"1024\" height=\"307\" src=\"https:\/\/dorgisproject.eu\/wp-content\/uploads\/2024\/05\/Sumistock-1-1024x307.jpeg\" alt=\"\" class=\"wp-image-10387\" style=\"width:231px;height:auto\" srcset=\"https:\/\/dorgisproject.eu\/wp-content\/uploads\/2024\/05\/Sumistock-1-1024x307.jpeg 1024w, https:\/\/dorgisproject.eu\/wp-content\/uploads\/2024\/05\/Sumistock-1-300x90.jpeg 300w, https:\/\/dorgisproject.eu\/wp-content\/uploads\/2024\/05\/Sumistock-1-768x230.jpeg 768w, https:\/\/dorgisproject.eu\/wp-content\/uploads\/2024\/05\/Sumistock-1-1170x350.jpeg 1170w, https:\/\/dorgisproject.eu\/wp-content\/uploads\/2024\/05\/Sumistock-1.jpeg 1309w\" sizes=\"auto, (max-width: 1024px) 100vw, 1024px\" \/><\/figure>\n\n\n\n<p><strong>Sumistock-Sepelaco Team Cycling<\/strong><\/p>\n\n\n\n<figure class=\"wp-block-image size-large is-resized\"><img loading=\"lazy\" decoding=\"async\" width=\"1024\" height=\"1024\" src=\"https:\/\/dorgisproject.eu\/wp-content\/uploads\/2024\/05\/logo-torrent-1024x1024.jpg\" alt=\"\" class=\"wp-image-10363\" style=\"width:167px;height:auto\" srcset=\"https:\/\/dorgisproject.eu\/wp-content\/uploads\/2024\/05\/logo-torrent-1024x1024.jpg 1024w, https:\/\/dorgisproject.eu\/wp-content\/uploads\/2024\/05\/logo-torrent-300x300.jpg 300w, https:\/\/dorgisproject.eu\/wp-content\/uploads\/2024\/05\/logo-torrent-150x150.jpg 150w, https:\/\/dorgisproject.eu\/wp-content\/uploads\/2024\/05\/logo-torrent-768x768.jpg 768w, https:\/\/dorgisproject.eu\/wp-content\/uploads\/2024\/05\/logo-torrent-80x80.jpg 80w, https:\/\/dorgisproject.eu\/wp-content\/uploads\/2024\/05\/logo-torrent-430x430.jpg 430w, https:\/\/dorgisproject.eu\/wp-content\/uploads\/2024\/05\/logo-torrent-560x560.jpg 560w, https:\/\/dorgisproject.eu\/wp-content\/uploads\/2024\/05\/logo-torrent.jpg 1080w\" sizes=\"auto, (max-width: 1024px) 100vw, 1024px\" \/><\/figure>\n\n\n\n<p><strong>Torrent CF<\/strong><\/p>\n","protected":false},"excerpt":{"rendered":"<p>ES BOT\u00c0NIC CAVANILLES \u00e9 um Instituto de Ensino Secund\u00e1rio de Val\u00eancia, Espanha que participou na aplica\u00e7\u00e3o piloto da aplica\u00e7\u00e3o DORGIS e incluiu DORGIS AR nos conte\u00fados das aulas de Educa\u00e7\u00e3o F\u00edsica para alunos dos 12 aos 16 anos. https:\/\/portal.edu.gva.es\/iesbotanic\/es\/inicio\/ GOBIK AEL Castillo de Onda Team Cycling CEA B\u00e9tera Paiporta CF Sumistock-Sepelaco Team Cycling Torrent CF<\/p>\n","protected":false},"author":3,"featured_media":0,"parent":0,"menu_order":0,"comment_status":"closed","ping_status":"closed","template":"","meta":{"_themeisle_gutenberg_block_has_review":false,"footnotes":""},"class_list":["post-10133","page","type-page","status-publish","hentry"],"_links":{"self":[{"href":"https:\/\/dorgisproject.eu\/pt-pt\/wp-json\/wp\/v2\/pages\/10133","targetHints":{"allow":["GET"]}}],"collection":[{"href":"https:\/\/dorgisproject.eu\/pt-pt\/wp-json\/wp\/v2\/pages"}],"about":[{"href":"https:\/\/dorgisproject.eu\/pt-pt\/wp-json\/wp\/v2\/types\/page"}],"author":[{"embeddable":true,"href":"https:\/\/dorgisproject.eu\/pt-pt\/wp-json\/wp\/v2\/users\/3"}],"replies":[{"embeddable":true,"href":"https:\/\/dorgisproject.eu\/pt-pt\/wp-json\/wp\/v2\/comments?post=10133"}],"version-history":[{"count":8,"href":"https:\/\/dorgisproject.eu\/pt-pt\/wp-json\/wp\/v2\/pages\/10133\/revisions"}],"predecessor-version":[{"id":10478,"href":"https:\/\/dorgisproject.eu\/pt-pt\/wp-json\/wp\/v2\/pages\/10133\/revisions\/10478"}],"wp:attachment":[{"href":"https:\/\/dorgisproject.eu\/pt-pt\/wp-json\/wp\/v2\/media?parent=10133"}],"curies":[{"name":"wp","href":"https:\/\/api.w.org\/{rel}","templated":true}]}}