{"id":5872,"date":"2023-01-28T01:09:57","date_gmt":"2023-01-28T01:09:57","guid":{"rendered":"https:\/\/demo.dorgisproject.eu\/contact-2\/"},"modified":"2025-04-29T21:03:40","modified_gmt":"2025-04-29T21:03:40","slug":"contact","status":"publish","type":"page","link":"https:\/\/dorgisproject.eu\/pl\/contact\/","title":{"rendered":"Kontakt"},"content":{"rendered":"\n<div class=\"wp-block-cover has-parallax\"><div class=\"wp-block-cover__image-background wp-image-7811 has-parallax\" style=\"background-position:50% 50%;background-image:url(https:\/\/dorgisproject.eu\/wp-content\/uploads\/2023\/02\/contact2.jpg)\"><\/div><span aria-hidden=\"true\" class=\"wp-block-cover__background has-white-background-color has-background-dim-0 has-background-dim\"><\/span><div class=\"wp-block-cover__inner-container is-layout-flow wp-block-cover-is-layout-flow\">\n<p class=\"has-text-align-center has-large-font-size\"><\/p>\n<\/div><\/div>\n\n\n\n<div class=\"wp-block-group is-vertical is-content-justification-left is-layout-flex wp-container-core-group-is-layout-c0ca7d81 wp-block-group-is-layout-flex\">\n<p><strong>RUMUNIA:<\/strong>&nbsp;&nbsp;SCOALA GIMNAZIALA REDIU<\/p>\n\n\n\n<p>SOS. Valea Rediului N.R 342, <\/p>\n\n\n\n<p>Rediu 707405<\/p>\n\n\n\n<p><strong>website:&nbsp;<a rel=\"noreferrer noopener\" href=\"https:\/\/scoalagimnazialarediu.ro\/\" target=\"_blank\">https:\/\/scoalagimnazialarediu.ro\/<\/a><\/strong><\/p>\n\n\n\n<hr class=\"wp-block-separator has-alpha-channel-opacity\"\/>\n\n\n\n<hr class=\"wp-block-separator has-alpha-channel-opacity is-style-wide\"\/>\n\n\n\n<hr class=\"wp-block-separator has-alpha-channel-opacity\"\/>\n\n\n\n<p><strong>GRECJA:&nbsp;<\/strong>MAIANDROS EPE<\/p>\n\n\n\n<p>7 Artemidos st. Ekali <\/p>\n\n\n\n<p>14578 Athens<\/p>\n\n\n\n<p><strong>website:&nbsp;<a rel=\"noreferrer noopener\" href=\"https:\/\/meandrosltd.gr\/\" target=\"_blank\">https:\/\/meandrosltd.gr\/<\/a><\/strong><\/p>\n\n\n\n<hr class=\"wp-block-separator has-alpha-channel-opacity\"\/>\n<\/div>\n\n\n\n<div class=\"wp-block-group is-vertical is-layout-flex wp-container-core-group-is-layout-8cf370e7 wp-block-group-is-layout-flex\">\n<hr class=\"wp-block-separator has-alpha-channel-opacity\"\/>\n\n\n\n<p><strong>W\u0141OCHY:<\/strong>&nbsp;CENTRO UNIVERSITARIO SPORTIVO \u2013 CUS PADOVA<\/p>\n\n\n\n<p>Via Giordano Bruno 27,<\/p>\n\n\n\n<p>35124 Padova<\/p>\n\n\n\n<p><strong>website<\/strong><em>:&nbsp;<\/em><strong><a rel=\"noreferrer noopener\" href=\"https:\/\/www.cuspadova.it\/\" target=\"_blank\">https:\/\/www.cuspadova.it\/<\/a><\/strong><\/p>\n\n\n\n<hr class=\"wp-block-separator has-alpha-channel-opacity\"\/>\n<\/div>\n\n\n\n<div class=\"wp-block-group is-vertical is-layout-flex wp-container-core-group-is-layout-8cf370e7 wp-block-group-is-layout-flex\">\n<hr class=\"wp-block-separator has-alpha-channel-opacity\"\/>\n\n\n\n<p><\/p>\n\n\n\n<p><strong>PORTUGALIA:<\/strong>&nbsp;ASSOCIA\u00c7\u00c3O DE FUTEBOL DE BRAGAN\u00c7A<\/p>\n\n\n\n<p>Bairro da Coxa Fundo de Fomento de Habita\u00e7\u00e3o,<\/p>\n\n\n\n<p>Bloco C&nbsp; Entrada 1,<\/p>\n\n\n\n<p>5300 \u2013 098 Bragan\u00e7a<\/p>\n\n\n\n<p>website:\u00a0<a href=\"https:\/\/afbraganca.fpf.pt\/\" target=\"_blank\" rel=\"noreferrer noopener\">https:\/\/afbraganca.fpf.pt\/<\/a><\/p>\n\n\n\n<hr class=\"wp-block-separator has-alpha-channel-opacity\"\/>\n\n\n\n<hr class=\"wp-block-separator has-alpha-channel-opacity\"\/>\n\n\n\n<div class=\"wp-block-group is-vertical is-layout-flex wp-container-core-group-is-layout-8cf370e7 wp-block-group-is-layout-flex\">\n<p><strong>HISZPANIA<\/strong>: Fundacion Universidad Catolica de Valencia San Vcente Martir (Catholic University of Valencia-UCV )<\/p>\n\n\n\n<p>Calle Quevedo 2<\/p>\n\n\n\n<p>46001 Valencia<\/p>\n\n\n\n<p>Website: <a href=\"http:\/\/www.ucv.es\" target=\"_blank\" rel=\"noreferrer noopener\">www.ucv.es<\/a><\/p>\n\n\n\n<hr class=\"wp-block-separator has-alpha-channel-opacity\"\/>\n\n\n\n<hr class=\"wp-block-separator has-alpha-channel-opacity\"\/>\n<\/div>\n\n\n\n<div class=\"wp-block-group is-vertical is-layout-flex wp-container-core-group-is-layout-8cf370e7 wp-block-group-is-layout-flex\">\n<p class=\"has-luminous-vivid-orange-color has-text-color\"><strong>POLSKA<\/strong>: Stowarzyszenie Dzieci i M\u0142odzie\u017cy KAROL<\/p>\n\n\n\n<p class=\"has-luminous-vivid-orange-color has-text-color\">Garncarska 5<\/p>\n\n\n\n<p class=\"has-luminous-vivid-orange-color has-text-color\">70377 Szczecin,<\/p>\n\n\n\n<p class=\"has-luminous-vivid-orange-color has-text-color\">Website: http:\/\/<a href=\"http:\/\/www.stowarzyszeniekarol.pl\/\" target=\"_blank\" rel=\"noreferrer noopener\">www.stowarzyszeniekarol.pl\/<\/a><\/p>\n\n\n\n<hr class=\"wp-block-separator has-alpha-channel-opacity\"\/>\n\n\n\n<hr class=\"wp-block-separator has-alpha-channel-opacity\"\/>\n<\/div>\n\n\n\n<div class=\"wp-block-group is-vertical is-layout-flex wp-container-core-group-is-layout-8cf370e7 wp-block-group-is-layout-flex\">\n<p><strong>CHORWACJA<\/strong>: Zajednica Sportskih Udruga Grada Rijeke \u201cRije\u010dki Sportski Savez<\/p>\n\n\n\n<p>VERDIJEVA 11 III<\/p>\n\n\n\n<p>51000 RIJEKA<\/p>\n\n\n\n<p>Website: <a href=\"http:\/\/www.rss.hr\" target=\"_blank\" rel=\"noreferrer noopener\">www.rss.hr<\/a><\/p>\n<\/div>\n<\/div>\n\n\n\n<p><\/p>\n","protected":false},"excerpt":{"rendered":"<p>RUMUNIA:&nbsp;&nbsp;SCOALA GIMNAZIALA REDIU SOS. Valea Rediului N.R 342, Rediu 707405 website:&nbsp;https:\/\/scoalagimnazialarediu.ro\/ GRECJA:&nbsp;MAIANDROS EPE 7 Artemidos st. Ekali 14578 Athens website:&nbsp;https:\/\/meandrosltd.gr\/ W\u0141OCHY:&nbsp;CENTRO UNIVERSITARIO SPORTIVO \u2013 CUS PADOVA Via Giordano Bruno 27, 35124 Padova website:&nbsp;https:\/\/www.cuspadova.it\/ PORTUGALIA:&nbsp;ASSOCIA\u00c7\u00c3O DE FUTEBOL DE BRAGAN\u00c7A Bairro da Coxa Fundo de Fomento de Habita\u00e7\u00e3o, Bloco C&nbsp; Entrada 1, 5300 \u2013 098 Bragan\u00e7a website:\u00a0https:\/\/afbraganca.fpf.pt\/ [&hellip;]<\/p>\n","protected":false},"author":3,"featured_media":0,"parent":0,"menu_order":0,"comment_status":"closed","ping_status":"closed","template":"","meta":{"_themeisle_gutenberg_block_has_review":false,"footnotes":""},"class_list":["post-5872","page","type-page","status-publish","hentry"],"_links":{"self":[{"href":"https:\/\/dorgisproject.eu\/pl\/wp-json\/wp\/v2\/pages\/5872","targetHints":{"allow":["GET"]}}],"collection":[{"href":"https:\/\/dorgisproject.eu\/pl\/wp-json\/wp\/v2\/pages"}],"about":[{"href":"https:\/\/dorgisproject.eu\/pl\/wp-json\/wp\/v2\/types\/page"}],"author":[{"embeddable":true,"href":"https:\/\/dorgisproject.eu\/pl\/wp-json\/wp\/v2\/users\/3"}],"replies":[{"embeddable":true,"href":"https:\/\/dorgisproject.eu\/pl\/wp-json\/wp\/v2\/comments?post=5872"}],"version-history":[{"count":25,"href":"https:\/\/dorgisproject.eu\/pl\/wp-json\/wp\/v2\/pages\/5872\/revisions"}],"predecessor-version":[{"id":10866,"href":"https:\/\/dorgisproject.eu\/pl\/wp-json\/wp\/v2\/pages\/5872\/revisions\/10866"}],"wp:attachment":[{"href":"https:\/\/dorgisproject.eu\/pl\/wp-json\/wp\/v2\/media?parent=5872"}],"curies":[{"name":"wp","href":"https:\/\/api.w.org\/{rel}","templated":true}]}}