{"id":5713,"date":"2022-07-29T13:43:16","date_gmt":"2022-07-29T13:43:16","guid":{"rendered":"https:\/\/demo.dorgisproject.eu\/our-goals\/"},"modified":"2025-03-10T19:52:22","modified_gmt":"2025-03-10T19:52:22","slug":"our-goals","status":"publish","type":"page","link":"https:\/\/dorgisproject.eu\/pl\/our-goals\/","title":{"rendered":"Cele"},"content":{"rendered":"\n<div class=\"wp-block-cover has-parallax\"><span aria-hidden=\"true\" class=\"wp-block-cover__background has-white-background-color has-background-dim-0 has-background-dim\"><\/span><div class=\"wp-block-cover__image-background wp-image-7274 has-parallax\" style=\"background-position:50% 50%;background-image:url(https:\/\/dorgisproject.eu\/wp-content\/uploads\/2023\/02\/nodoping-1.jpg)\"><\/div><div class=\"wp-block-cover__inner-container is-layout-flow wp-block-cover-is-layout-flow\">\n<p class=\"has-text-align-center has-large-font-size\"><\/p>\n<\/div><\/div>\n\n\n\n<p><\/p>\n\n\n\n<p>DORGIS-AR ma na celu:a) Zaszczepienie kultury czystego sportu poprzez zapewnienie, \u017ce m\u0142odzi sportowcy i personel pomocniczy sportowc\u00f3w rozumiej\u0105 i praktykuj\u0105 warto\u015bci czystego sportu. Zwi\u0119kszenie etyki sportowej i uczciwo\u015bci w sporcie.<\/p>\n\n\n\n<p>b) Przyczynianie si\u0119 do zapobiegania dopingowi w sporcie rekreacyjnym. Informowanie, edukowanie i motywowanie m\u0142odych sportowc\u00f3w i nauczycieli\/trener\u00f3w sportowych w zakresie zagro\u017ce\u0144 zwi\u0105zanych z u\u017cywaniem zabronionych \u015brodk\u00f3w i substancji.<\/p>\n\n\n\n<p>c) Przyczynianie si\u0119 do promowania zdrowego od\u017cywiania jako przeciwwagi dla kultury prodopingowej w sporcie rekreacyjnym.<\/p>\n\n\n\n<p>d) Podnoszenie \u015bwiadomo\u015bci rodzic\u00f3w m\u0142odych sportowc\u00f3w na temat rosn\u0105cego i problematycznego zjawiska dopingu poza elitarnymi i wyczynowymi systemami sportowymi, kt\u00f3re mo\u017ce przekszta\u0142ci\u0107 si\u0119 w powa\u017cny problem spo\u0142eczny i stanowi\u0107 zagro\u017cenie dla zdrowia publicznego.&nbsp;<\/p>\n\n\n\n<p>e)Zapoznanie szerszej spo\u0142eczno\u015bci sportowej z przepisami, kodeksem WADA, list\u0105 zabronionych substancji i procedurami testowymi.<br><\/p>\n\n\n\n<figure class=\"wp-block-image size-full is-resized\"><img loading=\"lazy\" decoding=\"async\" width=\"710\" height=\"357\" src=\"https:\/\/dorgisproject.eu\/wp-content\/uploads\/2023\/02\/DORGIS-LOGO-TRANSPARENT.png\" alt=\"\" class=\"wp-image-7645\" style=\"width:243px;height:auto\" srcset=\"https:\/\/dorgisproject.eu\/wp-content\/uploads\/2023\/02\/DORGIS-LOGO-TRANSPARENT.png 710w, https:\/\/dorgisproject.eu\/wp-content\/uploads\/2023\/02\/DORGIS-LOGO-TRANSPARENT-300x151.png 300w\" sizes=\"auto, (max-width: 710px) 100vw, 710px\" \/><\/figure>\n\n\n\n<p><\/p>\n\n\n\n<p><strong>GRUPY DOCELOWE<\/strong><\/p>\n\n\n\n<ul class=\"wp-block-list\">\n<li>M\u0142odzi sportowcy w wieku 9-16 lat uprawiaj\u0105cy sport rekreacyjny. B\u0119dziemy kierowa\u0107 reklamy, g\u0142\u00f3wnie do m\u0142odych sportowc\u00f3w uczestnicz\u0105cych w dru\u017cynach szkolnych \/ uniwersyteckich, amatorskich dru\u017cynach sportowych, stowarzyszeniach sportowych itp., z siedmiu uczestnicz\u0105cych kraj\u00f3w: z Rumunii, Grecji, W\u0142och, Hiszpanii, Portugalii, Polski i Chorwacji.<\/li>\n\n\n\n<li>Nauczyciele sportowi\/profesorowie\/ trenerzy\/coachowie, sztab medyczny dru\u017cyn wy\u017cej wymienionych sportowc\u00f3w;<\/li>\n\n\n\n<li>Rodzice m\u0142odych sportowc\u00f3w i szersza spo\u0142eczno\u015b\u0107 sportowa.<\/li>\n<\/ul>\n\n\n\n<p><\/p>\n","protected":false},"excerpt":{"rendered":"<p>DORGIS-AR ma na celu:a) Zaszczepienie kultury czystego sportu poprzez zapewnienie, \u017ce m\u0142odzi sportowcy i personel pomocniczy sportowc\u00f3w rozumiej\u0105 i praktykuj\u0105 warto\u015bci czystego sportu. Zwi\u0119kszenie etyki sportowej i uczciwo\u015bci w sporcie. b) Przyczynianie si\u0119 do zapobiegania dopingowi w sporcie rekreacyjnym. Informowanie, edukowanie i motywowanie m\u0142odych sportowc\u00f3w i nauczycieli\/trener\u00f3w sportowych w zakresie zagro\u017ce\u0144 zwi\u0105zanych z u\u017cywaniem zabronionych [&hellip;]<\/p>\n","protected":false},"author":2,"featured_media":0,"parent":0,"menu_order":0,"comment_status":"closed","ping_status":"closed","template":"","meta":{"_themeisle_gutenberg_block_has_review":false,"footnotes":""},"class_list":["post-5713","page","type-page","status-publish","hentry"],"_links":{"self":[{"href":"https:\/\/dorgisproject.eu\/pl\/wp-json\/wp\/v2\/pages\/5713","targetHints":{"allow":["GET"]}}],"collection":[{"href":"https:\/\/dorgisproject.eu\/pl\/wp-json\/wp\/v2\/pages"}],"about":[{"href":"https:\/\/dorgisproject.eu\/pl\/wp-json\/wp\/v2\/types\/page"}],"author":[{"embeddable":true,"href":"https:\/\/dorgisproject.eu\/pl\/wp-json\/wp\/v2\/users\/2"}],"replies":[{"embeddable":true,"href":"https:\/\/dorgisproject.eu\/pl\/wp-json\/wp\/v2\/comments?post=5713"}],"version-history":[{"count":14,"href":"https:\/\/dorgisproject.eu\/pl\/wp-json\/wp\/v2\/pages\/5713\/revisions"}],"predecessor-version":[{"id":10851,"href":"https:\/\/dorgisproject.eu\/pl\/wp-json\/wp\/v2\/pages\/5713\/revisions\/10851"}],"wp:attachment":[{"href":"https:\/\/dorgisproject.eu\/pl\/wp-json\/wp\/v2\/media?parent=5713"}],"curies":[{"name":"wp","href":"https:\/\/api.w.org\/{rel}","templated":true}]}}