{"id":5679,"date":"2022-07-29T14:20:18","date_gmt":"2022-07-29T14:20:18","guid":{"rendered":"https:\/\/demo.dorgisproject.eu\/legislation\/"},"modified":"2025-03-06T00:06:38","modified_gmt":"2025-03-06T00:06:38","slug":"legislation","status":"publish","type":"page","link":"https:\/\/dorgisproject.eu\/pl\/legislation\/","title":{"rendered":"Ustawodawstwo"},"content":{"rendered":"\n<div class=\"wp-block-cover is-light has-parallax is-repeated\"><span aria-hidden=\"true\" class=\"wp-block-cover__background has-white-background-color has-background-dim-0 has-background-dim\"><\/span><div class=\"wp-block-cover__image-background wp-image-7785 has-parallax is-repeated\" style=\"background-position:50% 50%;background-image:url(https:\/\/dorgisproject.eu\/wp-content\/uploads\/2023\/02\/doping2.jpg)\"><\/div><div class=\"wp-block-cover__inner-container is-layout-flow wp-block-cover-is-layout-flow\">\n<p class=\"has-text-align-center has-large-font-size\"><\/p>\n<\/div><\/div>\n\n\n\n<p><\/p>\n\n\n\n<h5 class=\"wp-block-heading\"><strong>PRZEPISY ANTYDOPINGOWE POLSKIEJ AGENCJI ANTYDOPINGOWEJ<br><br>POLADA<\/strong> zosta\u0142a utworzona w 2017 roku na mocy polskiej usta-<br>wy o zwalczaniu dopingu w sporcie w celu pe\u0142nienia funkcji<br>krajowej organizacji antydopingowej.<\/h5>\n\n\n\n<p>Celem program\u00f3w zwalczania dopingu w sporcie jest ochrona<br>zdrowia zawodnik\u00f3w oraz zapewnienie im mo\u017cliwo\u015bci d\u0105\u017cenia<br>do osi\u0105gni\u0119cia doskona\u0142o\u015bci bez u\u017cycia substancji i metod zabronionych.<br>Programy zwalczania dopingu w sporcie maj\u0105 na celu zachowanie<br>uczciwo\u015bci sportu w zakresie przestrzegania zasad, szacunku<br>wobec innych zawodnik\u00f3w, uczciwego wsp\u00f3\u0142zawodnictwa, r\u00f3wnych szans oraz warto\u015bci, jak\u0105 stanowi dla \u015bwiata czysty sport.<br>Duch sportu to pochwa\u0142a ludzkiego ducha, cia\u0142a i umys\u0142u. Jest on<br>kwintesencj\u0105 idei olimpijskiej, a jego odzwierciedleniem s\u0105 nast\u0119puj\u0105ce warto\u015bci, kt\u00f3re odnajdujemy w sporcie i poprzez sport:<br>\u2022 zdrowie;<br>\u2022 etyka, zasada fair play i uczciwo\u015b\u0107;<br>\u2022 okre\u015blone w Kodeksie prawa zawodnik\u00f3w;<br>\u2022 doskona\u0142o\u015b\u0107 w dzia\u0142aniu;<\/p>\n\n\n\n<p><br>\u2022 kszta\u0142towanie charakteru oraz nauka;<br>\u2022 zabawa i rado\u015b\u0107;<br>\u2022 praca zespo\u0142owa<br>\u2022 po\u015bwi\u0119cenie i zaanga\u017cowanie;<br>\u2022 poszanowanie zasad i prawa;<br>\u2022 poszanowanie samego siebie i innych uczestnik\u00f3w;<br>\u2022 odwaga;<br>\u2022 wsp\u00f3lnota i solidarno\u015b\u0107.<br>Duch sportu znajduje wyraz w tym, \u017ce potrafimy wsp\u00f3\u0142zawodniczy\u0107 uczciwie.<br>Doping jest z zasady sprzeczny z duchem sportu.<\/p>\n\n\n\n<p><strong>ARTYKU\u0141 1<\/strong><strong><br>DEFINICJA DOPINGU<\/strong><br>Doping definiuje si\u0119 jako wyst\u0105pienie jednego lub wi\u0119cej narusze\u0144 przepis\u00f3w antydopingowych, okre\u015blonych w artyku\u0142ach 2.1 &#8211; 2.11 Przepis\u00f3w antydopingowych.<\/p>\n\n\n\n<p>2.1.1 Obowi\u0105zkiem zawodnika jest dopilnowanie, aby<br>do jego organizmu nie zosta\u0142a wprowadzona \u017cadna<br>substancja zabroniona. Zawodnicy odpowiadaj\u0105<br>za ka\u017cd\u0105 substancj\u0119 zabronion\u0105 lub jej metabolity<br>lub markery, kt\u00f3rych obecno\u015b\u0107 zostanie stwierdzona w pobranych od nich pr\u00f3bkach fizjologicznych.<br>Zgodnie z art. 2.1 do stwierdzenia naruszenia przepisu antydopingowego nie jest konieczne udowodnienie zamiaru, winy, zaniedbania lub \u015bwiadomego<br>u\u017cycia przez zawodnika.<\/p>\n\n\n\n<p><strong>ARTYKU\u0141 4<\/strong><strong><br>LISTA SUBSTANCJI I METOD ZABRONIONYCH<\/strong><\/p>\n\n\n\n<p>[Komentarz do art. 4.1: Najnowsza wersja Listy substancji i metod zabronio-<br>nych jest dost\u0119pna na stronie internetowej WADA: https:\/\/www.wada-ama.<br>org. Lista substancji i metod zabronionych mo\u017ce by\u0107 zmieniana i publikowana<br>gdy tylko pojawi si\u0119 taka potrzeba. Aby system by\u0142 przewidywalny lista jest<br>jednak publikowana corocznie, bez wzgl\u0119du na to, czy zosta\u0142y w niej wpro-<br>wadzone jakie\u015b zmiany czy te\u017c nie.]<br><\/p>\n\n\n\n<p>5.2 Prawo do przeprowadzania bada\u0144<br>5.2.1 POLADA ma prawo przeprowadzania bada\u0144 podczas<br>zawod\u00f3w i poza zawodami u wszystkich zawodnik\u00f3w, kt\u00f3rzy s\u0105 obywatelami, mieszka\u0144cami, posiadaczami licencji lub cz\u0142onkami organizacji sportowej w kraju, w kt\u00f3rym dzia\u0142a ta krajowa organizacja antydopingowa lub te\u017c u zawodnik\u00f3w przebywaj\u0105cych w tym kraju.<br>5.2.2 Przeprowadzenie bada\u0144 powinno by\u0107 ukierunkowane na zbieranie analitycznych dowod\u00f3w w celu weryfikacji czy zawodnik naruszy\u0142 art. 2.1 lub 2.2.<br>niniejszych przepis\u00f3w antydopingowych.<\/p>\n\n\n<div class=\"wp-block-image\">\n<figure class=\"aligncenter size-full\"><img loading=\"lazy\" decoding=\"async\" width=\"609\" height=\"525\" src=\"https:\/\/demo.dorgisproject.eu\/wp-content\/uploads\/2023\/02\/polada1.jpg\" alt=\"\" class=\"wp-image-8415\" srcset=\"https:\/\/dorgisproject.eu\/wp-content\/uploads\/2023\/02\/polada1.jpg 609w, https:\/\/dorgisproject.eu\/wp-content\/uploads\/2023\/02\/polada1-300x259.jpg 300w\" sizes=\"auto, (max-width: 609px) 100vw, 609px\" \/><\/figure>\n<\/div>\n\n\n<p>Najwy\u017csza Izba Kontroli (NIK) to naczelny i niezale\u017cny organ kontroli pa\u0144stwowej z misj\u0105 stra\u017cnika grosza publicznego. Od 100 lat NIK ocenia funkcjonowanie pa\u0144stwa i&nbsp;gospodarowanie \u015brodkami publicznymi<\/p>\n\n\n<div class=\"wp-block-image\">\n<figure class=\"aligncenter size-full\"><img loading=\"lazy\" decoding=\"async\" width=\"609\" height=\"618\" src=\"https:\/\/demo.dorgisproject.eu\/wp-content\/uploads\/2023\/02\/POLADA2.jpg\" alt=\"\" class=\"wp-image-8423\" srcset=\"https:\/\/dorgisproject.eu\/wp-content\/uploads\/2023\/02\/POLADA2.jpg 609w, https:\/\/dorgisproject.eu\/wp-content\/uploads\/2023\/02\/POLADA2-296x300.jpg 296w, https:\/\/dorgisproject.eu\/wp-content\/uploads\/2023\/02\/POLADA2-80x80.jpg 80w\" sizes=\"auto, (max-width: 609px) 100vw, 609px\" \/><\/figure>\n<\/div>\n\n\n<p><strong>Podstawowym aktem zawieraj\u0105cym sankcj\u0119 za naruszenia przepis\u00f3w antydopingowych jest \u015awiatowy Kodeks Antydopingowy (Kodeks) wprowadzony przez WADA. W oparciu o jego postanowienia POLADA, wdro\u017cy\u0142a&nbsp; \u201ePrzepisy Antydopingowe\u201d, kt\u00f3re znajduj\u0105 zastosowanie do polskich zwi\u0105zk\u00f3w sportowych oraz os\u00f3b wymienionych w art. 1.3. Nale\u017c\u0105 do nich bez wzgl\u0119du na wiek m.in. wszyscy zawodnicy i personel pomocniczy zawodnik\u00f3w, kt\u00f3rzy:<\/strong><strong><\/strong><\/p>\n\n\n\n<p>-s\u0105 cz\u0142onkami lub kt\u00f3rzy maj\u0105 licencj\u0119 Polskiego Zwi\u0105zku Sportowego, lub cz\u0142onka lub filii dowolnego Polskiego Zwi\u0105zku Sportowego (w tym klub\u00f3w, zespo\u0142\u00f3w, stowarzysze\u0144 lub lig);<\/p>\n\n\n\n<p>-uczestnicz\u0105 w zawodach, konkursach i innych wydarzeniach zorganizowanych, zatwierdzonych lub uznawanych przez dowolny Polski Zwi\u0105zek Sportowy, lub dowolnego cz\u0142onka lub fili\u0119 dowolnego Polskiego Zwi\u0105zku Sportowego(w tym klub\u00f3w, zespo\u0142\u00f3w, stowarzysze\u0144 lub lig), bez wzgl\u0119du na miejsce, w kt\u00f3rym si\u0119 odbywaj\u0105;<\/p>\n\n\n\n<p>&#8211; z tytu\u0142u akredytacji, licencji lub innych uzgodnie\u0144 umownych lub w inny spos\u00f3b podlegaj\u0105 jurysdykcji dowolnego Polskiego Zwi\u0105zku Sportowego, lub dowolnego cz\u0142onka lub fili\u0119 dowolnego Polskiego Zwi\u0105zku Sportowego(w tym klub\u00f3w, zespo\u0142\u00f3w, stowarzysze\u0144 lub lig), dla cel\u00f3w walki z dopingiem;<\/p>\n\n\n\n<p>&#8211; uczestnicz\u0105 w dowolnej roli w dowolnym dzia\u0142aniu zorganizowanym, odbywaj\u0105cym si\u0119 lub zatwierdzonym przez organizatora Zawod\u00f3w krajowych lub ligi krajowej, kt\u00f3ra nie jest powi\u0105zana z Polskim Zwi\u0105zkiem Sportowym.<\/p>\n\n\n\n<p>W sprawach dotycz\u0105cych potencjalnych narusze\u0144 orzeka Panel Dyscyplinarny b\u0119d\u0105cy samodzielnym organem dzia\u0142aj\u0105cym przy Polskiej Agencji Antydopingowej. Dzia\u0142a on na podstawie dedykowanego Regulaminu z dnia 13 lipca 2017 r. oraz art. 8.1.6. i nast. Przepis\u00f3w Antydopingowych. W przypadku potwierdzenia uchybienia zakazom dopingowym Panel Dyscyplinarny ma prawo zastosowa\u0107 kary wymienione w art.9, 10 i 11. S\u0105 one odzwierciedleniem rozwi\u0105za\u0144 wyst\u0119puj\u0105cych w Kodeksie.<\/p>\n\n\n\n<p><em>Art. 9 Przepis\u00f3w Antydopingowych<\/em><\/p>\n\n\n\n<p><em>Stwierdzenie naruszenia przepis\u00f3w antydopingowych przez zawodnika w badaniu przeprowadzonym podczas zawod\u00f3w <\/em><strong>automatycznie prowadzi do uniewa\u017cnienia wynik\u00f3w indywidualnych uzyskanych w danych zawodach<\/strong><em>, ze wszystkimi wynikaj\u0105cymi z tego konsekwencjami, w tym przepadkiem wszelkich zdobytych medali, punkt\u00f3w czy nagr\u00f3d.<\/em><\/p>\n\n\n\n<p>Z uwagi na rozleg\u0142o\u015b\u0107 art. 10, zasadnym jest wskazanie, \u017ce podstawow\u0105 kar\u0105 jest <strong>dyskwalifikacja na czas okre\u015blony<\/strong>. Jej modyfikacje uzale\u017cnione s\u0105 od okoliczno\u015bci uj\u0119tych w poszczeg\u00f3lnych ust\u0119pach. Panel dyscyplinarny w uzasadnionych przypadkach mo\u017ce kary z\u0142agodzi\u0107 lub zaostrzy\u0107. Poni\u017cej zaprezentuj\u0119 niekt\u00f3re z zachowa\u0144 zagro\u017conych sankcj\u0105.<\/p>\n\n\n\n<p>a) <strong>Obecno\u015b\u0107 w organizmie, u\u017cycie, usi\u0142owanie u\u017cycia lub posiadania substancji zabronionych i metod zabronionych<\/strong>.<\/p>\n\n\n\n<p><strong>4 lata <\/strong>dyskwalifikacji obowi\u0105zuj\u0105 w przypadku substancji nieokre\u015blonej albo okre\u015blonej przez POLADA, je\u017celi mo\u017cna wykaza\u0107, \u017ce naruszenie przepis\u00f3w by\u0142o celowe.<\/p>\n\n\n\n<p><strong>2 lata<\/strong> dyskwalifikacji obowi\u0105zuj\u0105 je\u017celi dzia\u0142anie nie by\u0142o celowe.<\/p>\n\n\n\n<p>b) <strong>niestawienie si\u0119 na pobranie pr\u00f3bki krwi lub moczu<\/strong> \u2013 dyskwalifikacja na okres 4 lat, natomiast w przypadku wykazania, \u017ce naruszenie nie by\u0142o celowe \u2013 2 lata dyskwalifikacji.<\/p>\n\n\n\n<p>c) <strong>nieprzedstawienie informacji dotycz\u0105cych miejsca pobytu, umo\u017cliwiaj\u0105cych przeprowadzenie kontroli<\/strong> \u2013 kara dyskwalifikacji wynosi 2 lata i mo\u017ce by\u0107 skr\u00f3cona do minimum 1 roku, w zale\u017cno\u015bci od stopnia winy zawodnika. Skr\u00f3cenia nie stosuje si\u0119 w przypadku wielokrotnego pope\u0142nienia niniejszego przewinienia.<\/p>\n\n\n\n<p>d) <strong>handel lub usi\u0142owanie handlu dowolnymi substancjami zabronionymi lub metodami zabronionymi albo podanie\/zastosowanie lub usi\u0142owanie podania\/zastosowania dowolnej substancji zabronionej lub metody zabronionej podczas lub poza zawodami<\/strong> &#8211; kara dyskwalifikacji wynosi od przynajmniej 4 lat do do\u017cywotniej dyskwalifikacji, w zale\u017cno\u015bci od wagi naruszenia.<\/p>\n\n\n\n<p>e) <strong>pomaganie, zach\u0119canie, u\u0142atwianie, nak\u0142anianie, ukrywanie i wszelkie inne formy wsp\u00f3\u0142dzia\u0142ania w naruszeniu przepis\u00f3w antydopingowych lub pr\u00f3bie ich naruszenia<\/strong> \u2013 kara dyskwalifikacji wynosi minimum 2 lata do maksymalnie 4 lat w zale\u017cno\u015bci od wagi naruszenia.<\/p>\n\n\n\n<p>Dodatkowo na zawodnika mo\u017ce zosta\u0107 na\u0142o\u017cony obowi\u0105zek zwrotu koszt\u00f3w poniesionych przez POLADA w zwi\u0105zku z prowadzeniem dochodzenia. Ponadto POLADA mo\u017ce wed\u0142ug w\u0142asnego uznania i zgodnie z zasad\u0105 proporcjonalno\u015bci:<\/p>\n\n\n\n<p>a) nakaza\u0107 zawodnikowi lub innej osobie zwrot koszt\u00f3w zwi\u0105zanych z naruszeniem przepis\u00f3w antydopingowych bez wzgl\u0119du na d\u0142ugo\u015b\u0107 na\u0142o\u017conej kary dyskwalifikacji i\/lub<\/p>\n\n\n\n<p>b) na\u0142o\u017cy\u0107 na zawodnika lub inn\u0105 osob\u0119 kar\u0119 finansow\u0105 w maksymalnej wysoko\u015bci 5 tysi\u0119cy z\u0142otych ale tylko w przypadkach, gdy ju\u017c na\u0142o\u017cona zosta\u0142a maksymalna kara dyskwalifikacji.<\/p>\n\n\n\n<p>Powy\u017cej przedstawiono, zgodnie z nomenklatur\u0105 POLADA \u201ekary w sportach indywidulanych\u201d. Je\u017celi za\u015b chodzi o sporty zespo\u0142owe <em>w przypadku stwierdzenia u wi\u0119cej ni\u017c dw\u00f3ch cz\u0142onk\u00f3w zespo\u0142u naruszenia przepis\u00f3w antydopingowych w czasie trwania wydarzenia sportowego, organ zarz\u0105dzaj\u0105cy wydarzeniem sportowym mo\u017ce na\u0142o\u017cy\u0107 odpowiedni\u0105 kar\u0119 na zesp\u00f3\u0142 (np. utrata punkt\u00f3w, wykluczenie z zawod\u00f3w lub wydarzenia sportowego lub inna kara) niezale\u017cnie od wszelkich kar na\u0142o\u017conych na poszczeg\u00f3lnych zawodnik\u00f3w naruszaj\u0105cych przepisy antydopingowe <\/em>(art. 11.2 Przepis\u00f3w Antydopingowych). Nic nie stoi jednak na przeszkodzie aby organ zarz\u0105dzaj\u0105cy wydarzeniem sportowym surowsze kary ni\u017c te okre\u015blone w art. 11.2. (art. 11.3. Przepis\u00f3w Antydopingowych).<\/p>\n\n\n\n<p><strong>Jak mo\u017cna zaobserwowa\u0107 katalog kar nie jest obszerny, jednak\u017ce wyj\u0105tkowo dotkliwy. Bardzo cz\u0119sto zdarza si\u0119, \u017ce chocia\u017cby dwuletnia dyskwalifikacja mo\u017ce przekre\u015bli\u0107 obiecuj\u0105c\u0105 karier\u0119. Z tego te\u017c powodu warto z du\u017c\u0105 ostro\u017cno\u015bci\u0105 podchodzi\u0107 do sytuacji, w kt\u00f3rych istnieje ryzyko za\u017cycia niedozwolonej substancji lub skorzystania z zabronionej metody. W przeciwnym wypadku trzeba liczy\u0107 si\u0119 z mo\u017cliwo\u015bci\u0105 poniesienia przedstawionych wy\u017cej konsekwencji.<\/strong><\/p>\n\n\n\n<p><strong>\u0179r\u00f3d\u0142a:<\/strong><\/p>\n\n\n\n<p><a href=\"https:\/\/prawosportowe.pl\/a\/przykladowe-kary-zwiazane-ze-stosowaniem-dopingu-w-polskim-sporcie\">https:\/\/prawosportowe.pl\/a\/przykladowe-kary-zwiazane-ze-stosowaniem-dopingu-w-polskim-sporcie<\/a><\/p>\n\n\n\n<p><a href=\"https:\/\/antydoping.pl\/wp-content\/uploads\/2020\/12\/PA-POLADA-2021-v.1.0-2.pdf\">https:\/\/antydoping.pl\/wp-content\/uploads\/2020\/12\/PA-POLADA-2021-v.1.0-2.pdf<\/a><\/p>\n\n\n\n<p><a href=\"https:\/\/www.nik.gov.pl\/aktualnosci\/doping-w-sporcie-wyczynowym.html\">https:\/\/www.nik.gov.pl\/aktualnosci\/doping-w-sporcie-wyczynowym.html<\/a><\/p>\n","protected":false},"excerpt":{"rendered":"<p>PRZEPISY ANTYDOPINGOWE POLSKIEJ AGENCJI ANTYDOPINGOWEJ POLADA zosta\u0142a utworzona w 2017 roku na mocy polskiej usta-wy o zwalczaniu dopingu w sporcie w celu pe\u0142nienia funkcjikrajowej organizacji antydopingowej. Celem program\u00f3w zwalczania dopingu w sporcie jest ochronazdrowia zawodnik\u00f3w oraz zapewnienie im mo\u017cliwo\u015bci d\u0105\u017ceniado osi\u0105gni\u0119cia doskona\u0142o\u015bci bez u\u017cycia substancji i metod zabronionych.Programy zwalczania dopingu w sporcie maj\u0105 na celu [&hellip;]<\/p>\n","protected":false},"author":2,"featured_media":0,"parent":0,"menu_order":0,"comment_status":"closed","ping_status":"closed","template":"","meta":{"_themeisle_gutenberg_block_has_review":false,"footnotes":""},"class_list":["post-5679","page","type-page","status-publish","hentry"],"_links":{"self":[{"href":"https:\/\/dorgisproject.eu\/pl\/wp-json\/wp\/v2\/pages\/5679","targetHints":{"allow":["GET"]}}],"collection":[{"href":"https:\/\/dorgisproject.eu\/pl\/wp-json\/wp\/v2\/pages"}],"about":[{"href":"https:\/\/dorgisproject.eu\/pl\/wp-json\/wp\/v2\/types\/page"}],"author":[{"embeddable":true,"href":"https:\/\/dorgisproject.eu\/pl\/wp-json\/wp\/v2\/users\/2"}],"replies":[{"embeddable":true,"href":"https:\/\/dorgisproject.eu\/pl\/wp-json\/wp\/v2\/comments?post=5679"}],"version-history":[{"count":9,"href":"https:\/\/dorgisproject.eu\/pl\/wp-json\/wp\/v2\/pages\/5679\/revisions"}],"predecessor-version":[{"id":10829,"href":"https:\/\/dorgisproject.eu\/pl\/wp-json\/wp\/v2\/pages\/5679\/revisions\/10829"}],"wp:attachment":[{"href":"https:\/\/dorgisproject.eu\/pl\/wp-json\/wp\/v2\/media?parent=5679"}],"curies":[{"name":"wp","href":"https:\/\/api.w.org\/{rel}","templated":true}]}}