{"id":5673,"date":"2022-07-29T15:27:00","date_gmt":"2022-07-29T15:27:00","guid":{"rendered":"https:\/\/demo.dorgisproject.eu\/intellectual-outputs\/"},"modified":"2025-03-05T23:33:18","modified_gmt":"2025-03-05T23:33:18","slug":"intellectual-outputs","status":"publish","type":"page","link":"https:\/\/dorgisproject.eu\/pl\/intellectual-outputs\/","title":{"rendered":"Intelektualne Rezultaty"},"content":{"rendered":"\n<div class=\"wp-block-cover is-light has-parallax\"><span aria-hidden=\"true\" class=\"wp-block-cover__background has-white-background-color has-background-dim-0 has-background-dim\"><\/span><div class=\"wp-block-cover__image-background wp-image-7461 has-parallax\" style=\"background-position:50% 50%;background-image:url(https:\/\/dorgisproject.eu\/wp-content\/uploads\/2023\/02\/PISINA1.jpg)\"><\/div><div class=\"wp-block-cover__inner-container is-layout-flow wp-block-cover-is-layout-flow\">\n<p class=\"has-text-align-center has-large-font-size\">&nbsp;<\/p>\n<\/div><\/div>\n\n\n\n<p>&nbsp;Gra DORGIS b\u0119dzie realizowana w trzech fazach wymagaj\u0105cych:<\/p>\n\n\n<div class=\"wp-block-image\">\n<figure class=\"alignleft size-large is-resized\"><img loading=\"lazy\" decoding=\"async\" width=\"1024\" height=\"512\" src=\"https:\/\/demo.dorgisproject.eu\/wp-content\/uploads\/2023\/02\/APPS-1024x512.jpg\" alt=\"\" class=\"wp-image-7474\" style=\"width:256px;height:128px\" srcset=\"https:\/\/dorgisproject.eu\/wp-content\/uploads\/2023\/02\/APPS-1024x512.jpg 1024w, https:\/\/dorgisproject.eu\/wp-content\/uploads\/2023\/02\/APPS-300x150.jpg 300w, https:\/\/dorgisproject.eu\/wp-content\/uploads\/2023\/02\/APPS-768x384.jpg 768w, https:\/\/dorgisproject.eu\/wp-content\/uploads\/2023\/02\/APPS-1170x585.jpg 1170w, https:\/\/dorgisproject.eu\/wp-content\/uploads\/2023\/02\/APPS.jpg 1200w\" sizes=\"auto, (max-width: 1024px) 100vw, 1024px\" \/><\/figure>\n<\/div>\n\n\n<p>a) aktywno\u015bci fizycznej,<\/p>\n\n\n\n<p>b) innowacyjnej technologii mobilnej oraz<\/p>\n\n\n\n<p>c) obs\u0142ugi modu\u0142\u00f3w E-Platform.<\/p>\n\n\n\n<p><\/p>\n\n\n\n<p>W <strong>1. fazie rozgrywek<\/strong> opracujemy <strong>70 antydopingowych gier edukacyjnych<\/strong> i &nbsp;dzia\u0142a\u0144 maj\u0105cych na celu nauczenie m\u0142odych sportowc\u00f3w znaczenia etyki sportu i uczciwo\u015bci sportowej.<br><br><strong>2. faza gry:<\/strong> Opracujemy innowacyjn\u0105 <strong>aplikacj\u0119 mobiln\u0105<\/strong> w &nbsp;o\u015bmiu wersjach j\u0119zykowych RO, EL, IT, ES, PT, PL, HR, EN w celu<\/p>\n\n\n\n<p>a) podkre\u015blenia niebezpiecznych skutk\u00f3w ubocznych zabronionych \u015brodk\u00f3w poprzez wykorzystanie Holograficznej Rozszerzonej Rzeczywisto\u015bci oraz<\/p>\n\n\n\n<p>b) by edukowa\u0107 na temat zdrowego od\u017cywiania jako alternatywy dla nielegalnych substancji.<br><br><strong>Technologia rozszerzonej rzeczywisto\u015bci:<\/strong> Opracujemy dwa hologramy (modele 3D sportowc\u00f3w p\u0142ci m\u0119skiej i \u017ce\u0144skiej), kt\u00f3re w czasie rzeczywistym sprawi\u0105, \u017ce gra b\u0119dzie bardziej ekscytuj\u0105ca i aktualna oraz uwidoczni u\u017cytkownikom skutki uboczne, kt\u00f3re zabronione substancje i narkotyki mog\u0105 powodowa\u0107 w ich ciele. <\/p>\n\n\n<div class=\"wp-block-image\">\n<figure class=\"alignleft size-large is-resized\"><img loading=\"lazy\" decoding=\"async\" width=\"461\" height=\"1024\" src=\"https:\/\/demo.dorgisproject.eu\/wp-content\/uploads\/2023\/02\/Screenshot_20220312-131135_Dorgis-AR-461x1024.jpg\" alt=\"\" class=\"wp-image-8218\" style=\"width:231px;height:512px\" srcset=\"https:\/\/dorgisproject.eu\/wp-content\/uploads\/2023\/02\/Screenshot_20220312-131135_Dorgis-AR-461x1024.jpg 461w, https:\/\/dorgisproject.eu\/wp-content\/uploads\/2023\/02\/Screenshot_20220312-131135_Dorgis-AR-135x300.jpg 135w, https:\/\/dorgisproject.eu\/wp-content\/uploads\/2023\/02\/Screenshot_20220312-131135_Dorgis-AR-768x1707.jpg 768w, https:\/\/dorgisproject.eu\/wp-content\/uploads\/2023\/02\/Screenshot_20220312-131135_Dorgis-AR-691x1536.jpg 691w, https:\/\/dorgisproject.eu\/wp-content\/uploads\/2023\/02\/Screenshot_20220312-131135_Dorgis-AR-922x2048.jpg 922w, https:\/\/dorgisproject.eu\/wp-content\/uploads\/2023\/02\/Screenshot_20220312-131135_Dorgis-AR.jpg 1080w\" sizes=\"auto, (max-width: 461px) 100vw, 461px\" \/><\/figure>\n<\/div>\n\n\n<p><br>Po\u0142\u0105czymy edukacj\u0119 z rozrywk\u0105, maj\u0105c na celu zmotywowanie i przyci\u0105gni\u0119cie jak najwi\u0119kszej liczby m\u0142odych sportowc\u00f3w do korzystania z aplikacji i korzystania z tre\u015bci edukacyjnych.<\/p>\n\n\n\n<p><br><strong>\u200b3. faza gry:<\/strong> Opracujemy <strong>e-platform\u0119<\/strong> z 42 modu\u0142ami opartymi na Moodle, kt\u00f3re naucz\u0105 nauczycieli\/trener\u00f3w sportowych, jak identyfikowa\u0107 sportowc\u00f3w podatnych na doping, jak rozumie\u0107 oznaki dopingu, jak promowa\u0107 kodeks antydopingowy WADA oraz poka\u017c\u0105 jaka jest lista zabronionych substancji i jakie s\u0105 procedury prawne. <\/p>\n\n\n\n<p>Ponadto nasz projekt b\u0119dzie wspiera\u0142 potrzeby rodzic\u00f3w sportowc\u00f3w i podnosi\u0142 \u015bwiadomo\u015b\u0107 poprzez cztery wydarzenia rozpowszechniaj\u0105ce i wiele innych dzia\u0142a\u0144 w celu rozszerzenia wiedzy, kt\u00f3re odb\u0119d\u0105 si\u0119 w siedmiu krajach UE.&nbsp;<\/p>\n","protected":false},"excerpt":{"rendered":"<p>&nbsp;Gra DORGIS b\u0119dzie realizowana w trzech fazach wymagaj\u0105cych: a) aktywno\u015bci fizycznej, b) innowacyjnej technologii mobilnej oraz c) obs\u0142ugi modu\u0142\u00f3w E-Platform. W 1. fazie rozgrywek opracujemy 70 antydopingowych gier edukacyjnych i &nbsp;dzia\u0142a\u0144 maj\u0105cych na celu nauczenie m\u0142odych sportowc\u00f3w znaczenia etyki sportu i uczciwo\u015bci sportowej. 2. faza gry: Opracujemy innowacyjn\u0105 aplikacj\u0119 mobiln\u0105 w &nbsp;o\u015bmiu wersjach j\u0119zykowych RO, [&hellip;]<\/p>\n","protected":false},"author":3,"featured_media":0,"parent":0,"menu_order":0,"comment_status":"closed","ping_status":"closed","template":"","meta":{"_themeisle_gutenberg_block_has_review":false,"footnotes":""},"class_list":["post-5673","page","type-page","status-publish","hentry"],"_links":{"self":[{"href":"https:\/\/dorgisproject.eu\/pl\/wp-json\/wp\/v2\/pages\/5673","targetHints":{"allow":["GET"]}}],"collection":[{"href":"https:\/\/dorgisproject.eu\/pl\/wp-json\/wp\/v2\/pages"}],"about":[{"href":"https:\/\/dorgisproject.eu\/pl\/wp-json\/wp\/v2\/types\/page"}],"author":[{"embeddable":true,"href":"https:\/\/dorgisproject.eu\/pl\/wp-json\/wp\/v2\/users\/3"}],"replies":[{"embeddable":true,"href":"https:\/\/dorgisproject.eu\/pl\/wp-json\/wp\/v2\/comments?post=5673"}],"version-history":[{"count":11,"href":"https:\/\/dorgisproject.eu\/pl\/wp-json\/wp\/v2\/pages\/5673\/revisions"}],"predecessor-version":[{"id":10793,"href":"https:\/\/dorgisproject.eu\/pl\/wp-json\/wp\/v2\/pages\/5673\/revisions\/10793"}],"wp:attachment":[{"href":"https:\/\/dorgisproject.eu\/pl\/wp-json\/wp\/v2\/media?parent=5673"}],"curies":[{"name":"wp","href":"https:\/\/api.w.org\/{rel}","templated":true}]}}