{"id":5667,"date":"2022-08-20T17:29:46","date_gmt":"2022-08-20T17:29:46","guid":{"rendered":"https:\/\/demo.dorgisproject.eu\/instructions-for-bulldog-app\/"},"modified":"2025-03-05T23:59:26","modified_gmt":"2025-03-05T23:59:26","slug":"instructions-for-bulldog-app","status":"publish","type":"page","link":"https:\/\/dorgisproject.eu\/pl\/instructions-for-bulldog-app\/","title":{"rendered":"Instrukcje do aplikacji DORGIS"},"content":{"rendered":"\n<div class=\"wp-block-cover aligncenter is-light has-parallax is-repeated has-medium-font-size\" style=\"min-height:375px;aspect-ratio:unset;\"><span aria-hidden=\"true\" class=\"wp-block-cover__background has-white-background-color has-background-dim-0 has-background-dim\"><\/span><div class=\"wp-block-cover__image-background wp-image-7699 has-parallax is-repeated\" style=\"background-position:50% 50%;background-image:url(https:\/\/dorgisproject.eu\/wp-content\/uploads\/2023\/02\/MARK3-copy-scaled.jpg)\"><\/div><div class=\"wp-block-cover__inner-container is-layout-flow wp-block-cover-is-layout-flow\">\n<p class=\"has-text-align-center has-medium-font-size\"><\/p>\n<\/div><\/div>\n\n\n\n<p class=\"ticss-082b81de\"><\/p>\n\n\n\n<p><strong>INSTRUKCJE DO APLIKACJI DORGIS<\/strong><\/p>\n\n\n\n<p>NA PULPICIE NAWIGACYJNYM<\/p>\n\n\n\n<p>Pulpit nawigacyjny znajduje si\u0119 pod adresem:<\/p>\n\n\n\n<p><a href=\"https:\/\/dashboard.dorgisproject.eu\/\">https:\/\/dashboard.dorgisproject.eu\/<\/a><\/p>\n\n\n\n<p>1. Przy pierwszym korzystaniu z aplikacji nale\u017cy si\u0119 zarejestrowa\u0107<\/p>\n\n\n\n<p>2. Otrzymasz weryfikacyjn\u0105 wiadomo\u015b\u0107 e-mail z has\u0142em, kt\u00f3rego u\u017cyjesz przy pierwszym po\u0142\u0105czeniu. (sprawd\u017a r\u00f3wnie\u017c wiadomo\u015bci w Spamie}<\/p>\n\n\n\n<p>3. Nast\u0119pnie przechodzisz do NOWEJ GRY<\/p>\n\n\n\n<p>4. Tworzysz nazw\u0119 gry, kt\u00f3r\u0105 tworzysz<\/p>\n\n\n\n<p>5. Je\u015bli naci\u015bniesz guzik GRACZE, pojawiaj\u0105 si\u0119 wszyscy ci, kt\u00f3rzy przes\u0142ali sw\u00f3j wynik. Na pocz\u0105tku lista jest pusta.<\/p>\n\n\n\n<p>6. Otrzymujesz identyfikator gry, kt\u00f3ry znajduje si\u0119 na g\u00f3rze list i rozdajesz go graczom<\/p>\n\n\n\n<p>7. &nbsp;Mo\u017cesz tworzy\u0107 tyle gier, ile chcesz, bez ogranicze\u0144.<\/p>\n\n\n\n<p><\/p>\n\n\n\n<figure class=\"wp-block-gallery has-nested-images columns-default is-cropped wp-block-gallery-1 is-layout-flex wp-block-gallery-is-layout-flex\">\n<figure class=\"wp-block-image size-large\"><img loading=\"lazy\" decoding=\"async\" width=\"1024\" height=\"453\" data-id=\"8338\" src=\"https:\/\/demo.dorgisproject.eu\/wp-content\/uploads\/2023\/02\/DASH1-1024x453.jpg\" alt=\"\" class=\"wp-image-8338\" srcset=\"https:\/\/dorgisproject.eu\/wp-content\/uploads\/2023\/02\/DASH1-1024x453.jpg 1024w, https:\/\/dorgisproject.eu\/wp-content\/uploads\/2023\/02\/DASH1-300x133.jpg 300w, https:\/\/dorgisproject.eu\/wp-content\/uploads\/2023\/02\/DASH1-768x340.jpg 768w, https:\/\/dorgisproject.eu\/wp-content\/uploads\/2023\/02\/DASH1-1536x680.jpg 1536w, https:\/\/dorgisproject.eu\/wp-content\/uploads\/2023\/02\/DASH1-1170x518.jpg 1170w, https:\/\/dorgisproject.eu\/wp-content\/uploads\/2023\/02\/DASH1.jpg 1920w\" sizes=\"auto, (max-width: 1024px) 100vw, 1024px\" \/><\/figure>\n\n\n\n<figure class=\"wp-block-image size-large\"><img loading=\"lazy\" decoding=\"async\" width=\"1024\" height=\"451\" data-id=\"8346\" src=\"https:\/\/demo.dorgisproject.eu\/wp-content\/uploads\/2023\/02\/DASH2-1024x451.jpg\" alt=\"\" class=\"wp-image-8346\" srcset=\"https:\/\/dorgisproject.eu\/wp-content\/uploads\/2023\/02\/DASH2-1024x451.jpg 1024w, https:\/\/dorgisproject.eu\/wp-content\/uploads\/2023\/02\/DASH2-300x132.jpg 300w, https:\/\/dorgisproject.eu\/wp-content\/uploads\/2023\/02\/DASH2-768x338.jpg 768w, https:\/\/dorgisproject.eu\/wp-content\/uploads\/2023\/02\/DASH2-1536x677.jpg 1536w, https:\/\/dorgisproject.eu\/wp-content\/uploads\/2023\/02\/DASH2-1170x516.jpg 1170w, https:\/\/dorgisproject.eu\/wp-content\/uploads\/2023\/02\/DASH2.jpg 1920w\" sizes=\"auto, (max-width: 1024px) 100vw, 1024px\" \/><\/figure>\n\n\n\n<figure class=\"wp-block-image size-large\"><img loading=\"lazy\" decoding=\"async\" width=\"1024\" height=\"452\" data-id=\"8354\" src=\"https:\/\/demo.dorgisproject.eu\/wp-content\/uploads\/2023\/02\/DASH3-1024x452.jpg\" alt=\"\" class=\"wp-image-8354\" srcset=\"https:\/\/dorgisproject.eu\/wp-content\/uploads\/2023\/02\/DASH3-1024x452.jpg 1024w, https:\/\/dorgisproject.eu\/wp-content\/uploads\/2023\/02\/DASH3-300x133.jpg 300w, https:\/\/dorgisproject.eu\/wp-content\/uploads\/2023\/02\/DASH3-768x339.jpg 768w, https:\/\/dorgisproject.eu\/wp-content\/uploads\/2023\/02\/DASH3-1536x678.jpg 1536w, https:\/\/dorgisproject.eu\/wp-content\/uploads\/2023\/02\/DASH3-1170x517.jpg 1170w, https:\/\/dorgisproject.eu\/wp-content\/uploads\/2023\/02\/DASH3.jpg 1920w\" sizes=\"auto, (max-width: 1024px) 100vw, 1024px\" \/><\/figure>\n<\/figure>\n\n\n\n<hr class=\"wp-block-separator has-alpha-channel-opacity\"\/>\n\n\n\n<p><\/p>\n\n\n\n<p><strong>W APLIKACJI<\/strong><\/p>\n\n\n\n<p>1. Gdy tylko gracze uko\u0144cz\u0105 cz\u0119\u015b\u0107 1. lub 3., &nbsp;u\u017cywaj\u0105 identyfikatora gry i wybran\u0105 nazw\u0119 u\u017cytkownika, aby przes\u0142a\u0107 sw\u00f3j wynik.<\/p>\n\n\n\n<p>2. Odpowiedzi, identyfikator gry i nazwa u\u017cytkownika (je\u015bli u\u017cytkownik je przes\u0142a\u0142) s\u0105 przechowywane przez ca\u0142y czas trwania gry.<\/p>\n\n\n\n<p>3. Je\u015bli u\u017cytkownik naci\u015bnie NOW\u0104 GR\u0118, wszystkie powy\u017csze dane zostan\u0105 usuni\u0119te z gry.<\/p>\n\n\n\n<p><\/p>\n","protected":false},"excerpt":{"rendered":"<p>INSTRUKCJE DO APLIKACJI DORGIS NA PULPICIE NAWIGACYJNYM Pulpit nawigacyjny znajduje si\u0119 pod adresem: https:\/\/dashboard.dorgisproject.eu\/ 1. Przy pierwszym korzystaniu z aplikacji nale\u017cy si\u0119 zarejestrowa\u0107 2. Otrzymasz weryfikacyjn\u0105 wiadomo\u015b\u0107 e-mail z has\u0142em, kt\u00f3rego u\u017cyjesz przy pierwszym po\u0142\u0105czeniu. (sprawd\u017a r\u00f3wnie\u017c wiadomo\u015bci w Spamie} 3. Nast\u0119pnie przechodzisz do NOWEJ GRY 4. Tworzysz nazw\u0119 gry, kt\u00f3r\u0105 tworzysz 5. Je\u015bli naci\u015bniesz [&hellip;]<\/p>\n","protected":false},"author":3,"featured_media":0,"parent":0,"menu_order":0,"comment_status":"closed","ping_status":"closed","template":"","meta":{"_themeisle_gutenberg_block_has_review":false,"footnotes":""},"class_list":["post-5667","page","type-page","status-publish","hentry"],"_links":{"self":[{"href":"https:\/\/dorgisproject.eu\/pl\/wp-json\/wp\/v2\/pages\/5667","targetHints":{"allow":["GET"]}}],"collection":[{"href":"https:\/\/dorgisproject.eu\/pl\/wp-json\/wp\/v2\/pages"}],"about":[{"href":"https:\/\/dorgisproject.eu\/pl\/wp-json\/wp\/v2\/types\/page"}],"author":[{"embeddable":true,"href":"https:\/\/dorgisproject.eu\/pl\/wp-json\/wp\/v2\/users\/3"}],"replies":[{"embeddable":true,"href":"https:\/\/dorgisproject.eu\/pl\/wp-json\/wp\/v2\/comments?post=5667"}],"version-history":[{"count":25,"href":"https:\/\/dorgisproject.eu\/pl\/wp-json\/wp\/v2\/pages\/5667\/revisions"}],"predecessor-version":[{"id":10821,"href":"https:\/\/dorgisproject.eu\/pl\/wp-json\/wp\/v2\/pages\/5667\/revisions\/10821"}],"wp:attachment":[{"href":"https:\/\/dorgisproject.eu\/pl\/wp-json\/wp\/v2\/media?parent=5667"}],"curies":[{"name":"wp","href":"https:\/\/api.w.org\/{rel}","templated":true}]}}