{"id":5661,"date":"2022-07-28T22:24:03","date_gmt":"2022-07-28T22:24:03","guid":{"rendered":"https:\/\/demo.dorgisproject.eu\/how-the-game-works\/"},"modified":"2025-03-05T19:53:40","modified_gmt":"2025-03-05T19:53:40","slug":"how-the-game-works","status":"publish","type":"page","link":"https:\/\/dorgisproject.eu\/pl\/how-the-game-works\/","title":{"rendered":"Jak dzia\u0142a gra cyfrowa"},"content":{"rendered":"\n<figure class=\"wp-block-image size-full is-resized\"><img loading=\"lazy\" decoding=\"async\" width=\"295\" height=\"150\" src=\"https:\/\/dorgisproject.eu\/wp-content\/uploads\/2023\/03\/image.png\" alt=\"\" class=\"wp-image-10088\" style=\"width:385px;height:auto\"\/><\/figure>\n\n\n\n<p>Aplikacja mobilna DORGIS-AR zostanie podzielona na trzy cz\u0119\u015bci. Ka\u017cda cz\u0119\u015b\u0107 zostanie uko\u0144czona w ci\u0105gu jednego dnia, wi\u0119c gra DORGIS-AR GETS DIGITAL powinna trwa\u0107 \u0142\u0105cznie 3 dni.&nbsp;<br>Maksymalny czas na uko\u0144czenie ka\u017cdej cz\u0119\u015bci gry DORGIS-AR to 50 min<\/p>\n\n\n<div class=\"wp-block-image\">\n<figure class=\"alignleft size-large is-resized\"><img loading=\"lazy\" decoding=\"async\" width=\"520\" height=\"1024\" src=\"https:\/\/dorgisproject.eu\/wp-content\/uploads\/2023\/02\/2SLIDER-520x1024.png\" alt=\"\" class=\"wp-image-8265\" style=\"width:185px;height:auto\" srcset=\"https:\/\/dorgisproject.eu\/wp-content\/uploads\/2023\/02\/2SLIDER-520x1024.png 520w, https:\/\/dorgisproject.eu\/wp-content\/uploads\/2023\/02\/2SLIDER-152x300.png 152w, https:\/\/dorgisproject.eu\/wp-content\/uploads\/2023\/02\/2SLIDER-768x1513.png 768w, https:\/\/dorgisproject.eu\/wp-content\/uploads\/2023\/02\/2SLIDER-780x1536.png 780w, https:\/\/dorgisproject.eu\/wp-content\/uploads\/2023\/02\/2SLIDER-1039x2048.png 1039w, https:\/\/dorgisproject.eu\/wp-content\/uploads\/2023\/02\/2SLIDER.png 1080w\" sizes=\"auto, (max-width: 520px) 100vw, 520px\" \/><\/figure>\n<\/div>\n\n\n<p><strong>CZ\u0118\u015a\u0106 1: <\/strong><strong>TEST OSOBOWO\u015aCI I OCENA ISTNIEJ\u0104CEJ WIEDZY<br><\/strong><br>Sportowiec zaloguje si\u0119, otwieraj\u0105c konto przy u\u017cyciu pseudonimu. Nast\u0119pnie wejdzie w aplikacj\u0119 i wykona test oceniaj\u0105cy maj\u0105cy na celu:<\/p>\n\n\n\n<p>1) okre\u015blenie, czy jest podatnym na doping i substancje zabronione.&nbsp;<\/p>\n\n\n\n<p>2) oceni\u0107 dotychczasow\u0105 wiedz\u0119 m\u0142odych sportowc\u00f3w na temat:<\/p>\n\n\n\n<p>a) kwestii zwi\u0105zanych z uczciwo\u015bci\u0105 w sporcie i tego, co mog\u0105 zrobi\u0107, aby pom\u00f3c chroni\u0107 integralno\u015b\u0107 sportu;<\/p>\n\n\n\n<p>b) kwestii zwi\u0105zanych z dopingiem, zakazanymi lekami i substancjami oraz niebezpiecze\u0144stwem, jakie mog\u0105 one powodowa\u0107 dla ich zdrowia;<\/p>\n\n\n\n<p>c) zdrowego od\u017cywiania i kwestii zwi\u0105zanych z dopingiem (np. ocena rozumienia przez sportowca termin\u00f3w takich jak doping,&nbsp; WADA, sterydy itp.) Test oceny b\u0119dzie obejmowa\u0142 pytania wielokrotnego wyboru i suwak emoji.<br><\/p>\n\n\n<div class=\"wp-block-image\">\n<figure class=\"alignleft size-large is-resized\"><img loading=\"lazy\" decoding=\"async\" width=\"520\" height=\"1024\" src=\"https:\/\/dorgisproject.eu\/wp-content\/uploads\/2023\/02\/9SLIDER-520x1024.png\" alt=\"\" class=\"wp-image-8273\" style=\"aspect-ratio:0.5434782608695652;width:182px;height:auto\" srcset=\"https:\/\/dorgisproject.eu\/wp-content\/uploads\/2023\/02\/9SLIDER-520x1024.png 520w, https:\/\/dorgisproject.eu\/wp-content\/uploads\/2023\/02\/9SLIDER-152x300.png 152w, https:\/\/dorgisproject.eu\/wp-content\/uploads\/2023\/02\/9SLIDER-768x1513.png 768w, https:\/\/dorgisproject.eu\/wp-content\/uploads\/2023\/02\/9SLIDER-780x1536.png 780w, https:\/\/dorgisproject.eu\/wp-content\/uploads\/2023\/02\/9SLIDER-1039x2048.png 1039w, https:\/\/dorgisproject.eu\/wp-content\/uploads\/2023\/02\/9SLIDER.png 1080w\" sizes=\"auto, (max-width: 520px) 100vw, 520px\" \/><\/figure>\n<\/div>\n\n\n<p><strong>CZ\u0118\u015a\u0106 2 : <\/strong><strong>GRA EDUKACYJNA WYKORZYSTUJ\u0104CA TECHNOLOGI\u0118 ROZSZERZONEJ RZECZYWISTO\u015aCI<\/strong><br>Ta cz\u0119\u015b\u0107 gry antydopingowej DORGIS-AR jest g\u0142\u00f3wn\u0105 innowacj\u0105&nbsp; naszego projektu, poniewa\u017c nie ma innej antydopingowej aplikacji mobilnej oferuj\u0105cej t\u0119 technologi\u0119. Aplikacja DORGIS-AR zawiera edukacyjn\u0105 gr\u0119 w Rozszerzonej Rzeczywisto\u015bci&nbsp; (AR) podzielon\u0105 na dwie cz\u0119\u015bci. Gra AR b\u0119dzie polega\u0142a na wykorzystaniu dw\u00f3ch hologram\u00f3w 3D (sportowca kobiety i m\u0119\u017cczyzny), kt\u00f3re w czasie rzeczywistym b\u0119d\u0105 wchodzi\u0107 w interakcje z u\u017cytkownikiem. Oznacza to, \u017ce hologram, kt\u00f3ry jest wizualn\u0105 reprezentacj\u0105 modelu 3D na\u0142o\u017conego na rzeczywisto\u015b\u0107 (zwan\u0105 rozszerzon\u0105 rzeczywisto\u015bci\u0105) pojawi si\u0119 za po\u015brednictwem smartfona w prawdziwym \u015bwiecie np. na stole przed u\u017cytkownikiem, na pod\u0142odze jego klasy szkolnej lub szatni, na boisku pi\u0142karskim obok innych koleg\u00f3w z dru\u017cyny itp. U\u017cytkownik b\u0119dzie m\u00f3g\u0142 obr\u00f3ci\u0107 hologram o 360\u00b0, zminimalizowa\u0107 lub zmaksymalizowa\u0107 posta\u0107 i umie\u015bci\u0107 j\u0105 na ekranie smartfona tam, gdzie chce. Sportowiec hologramu wykona jaki\u015b ruch, aby wygl\u0105da\u0107 jeszcze bardziej realistycznie.<br><br><strong>GRA AR KROK PO KROKU<\/strong><br><br>U\u017cytkownik wybiera swojego sportowca-awatara (\u017ce\u0144skiego lub m\u0119skiego), a nast\u0119pnie ma dwie opcje:<\/p>\n\n\n\n<p>a) Nakarmi\u0107 sw\u00f3j hologram \/ awatar zdrow\u0105 lub niezdrow\u0105 \u017cywno\u015bci\u0105 za pomoc\u0105 technologii przeci\u0105gnij i upu\u015b\u0107, a nast\u0119pnie zobaczy skutek swoich wybor\u00f3w na wyniki sportowe swojego awatara w czasie rzeczywistym. Ponadto na ekranie telefonu kom\u00f3rkowego pojawi\u0105 si\u0119 teksty, kt\u00f3re wyja\u015bni\u0105 korzy\u015bci lub szkodliwe skutki jego wybor\u00f3w \u017cywieniowych, oraz ocena, kt\u00f3ra wp\u0142ynie na wyniki sportowe jego hologramu \/ awatara;<\/p>\n\n\n\n<p>b) Wybra\u0107 spo\u015br\u00f3d podstawowych kategorii zabronionych \u015brodk\u00f3w i substancji zwi\u0119kszaj\u0105cych wydajno\u015b\u0107, np.<br><em>stymulanty, sterydy, hormony, leki moczop\u0119dne, narkotyki i kannabinoidy<\/em> oraz&nbsp; zobaczy\u0107 ich skutki uboczne&nbsp; na ciele awatara i wyniki sportowe. Sportowcy stosuj\u0105cy sterydy anaboliczne mog\u0105 wykazywa\u0107 na przyk\u0142ad jeden z wielu poni\u017cszych:<\/p>\n\n\n\n<p>&#8211;<em>Przyrost masy cia\u0142a<\/em><\/p>\n\n\n\n<p><em>-Tr\u0105dzik<\/em><\/p>\n\n\n\n<p><em>-Wypadanie<\/em><em> <\/em><em>w\u0142os\u00f3w<\/em><\/p>\n\n\n\n<p>&#8211;<em>Stawanie si\u0119 bardziej m\u0119skim<\/em> (dla kobiet), takie jak wzrost w\u0142os\u00f3w na ciele i pog\u0142\u0119bienie g\u0142osu<\/p>\n\n\n\n<p>&#8211;<em>Rozw\u00f3j piersi o nienormalnej wielko\u015bci<\/em> (m\u0119\u017cczy\u017ani)<\/p>\n\n\n<div class=\"wp-block-image\">\n<figure class=\"alignleft size-large is-resized\"><img loading=\"lazy\" decoding=\"async\" width=\"529\" height=\"1024\" src=\"https:\/\/dorgisproject.eu\/wp-content\/uploads\/2023\/02\/11SLIDER-529x1024.png\" alt=\"\" class=\"wp-image-8281\" style=\"width:183px;height:auto\" srcset=\"https:\/\/dorgisproject.eu\/wp-content\/uploads\/2023\/02\/11SLIDER-529x1024.png 529w, https:\/\/dorgisproject.eu\/wp-content\/uploads\/2023\/02\/11SLIDER-155x300.png 155w, https:\/\/dorgisproject.eu\/wp-content\/uploads\/2023\/02\/11SLIDER-768x1488.png 768w, https:\/\/dorgisproject.eu\/wp-content\/uploads\/2023\/02\/11SLIDER-793x1536.png 793w, https:\/\/dorgisproject.eu\/wp-content\/uploads\/2023\/02\/11SLIDER-1057x2048.png 1057w, https:\/\/dorgisproject.eu\/wp-content\/uploads\/2023\/02\/11SLIDER.png 1080w\" sizes=\"auto, (max-width: 529px) 100vw, 529px\" \/><\/figure>\n<\/div>\n\n\n<p>U\u017cytkownik b\u0119dzie m\u00f3g\u0142 zobaczy\u0107 to uszkodzenie na ciele awatara i zrozumie\u0107 powa\u017cne skutki uboczne, jakie maj\u0105 na organizm sportowca,&nbsp; je\u015bli dokona podobnego wyboru w prawdziwym \u017cyciu. Ponadto na ekranie pojawi\u0105 si\u0119 teksty, kt\u00f3re wyja\u015bni\u0105 szkody, jakie ka\u017cda z zabronionych substancji powoduje na ludzkim ciele. Np. je\u015bli u\u017cytkownik wybierze sterydy anaboliczne, zobaczy, \u017ce jego hologram rozwija ci\u0119\u017cki tr\u0105dzik. Nast\u0119pnie pojawi\u0105 si\u0119 teksty wyja\u015bniaj\u0105ce, w prosty dla jego wieku&nbsp; spos\u00f3b, inne skutki uboczne, kt\u00f3re rozwinie awatar \/ sportowiec, a tak\u017ce ocena, kt\u00f3ra poka\u017ce, jak bardzo w d\u0142u\u017cszej perspektywie sportowiec b\u0119dzie dotkni\u0119ty przez stosowanie tych zabronionych substancji. Wierzymy, \u017ce zastosowana innowacyjna technologia Rozszerzonej Rzeczywisto\u015bci zmotywuje m\u0142odych sportowc\u00f3w do korzystania z naszej aplikacji antydopingowej i korzystania ze zdobytej wiedzy.<br><br><strong><strong>CZ\u0118\u015a\u0106 3: GRY EWALUACYJNE<\/strong><br><\/strong>Ostatni\u0105 cz\u0119\u015bci\u0105 naszej gry mobilnej b\u0119d\u0105 interaktywne quizy ewaluacyjne, kt\u00f3rych celem b\u0119dzie sprawdzenie zdobytej przez u\u017cytkownik\u00f3w wiedzy na temat dopingu i zdrowego od\u017cywiania.<\/p>\n\n\n<div class=\"wp-block-image\">\n<figure class=\"alignleft size-full is-resized\"><img decoding=\"async\" src=\"https:\/\/dorgisproject.eu\/wp-content\/uploads\/2023\/02\/8SLIDER-e1741191794792.png\" alt=\"\" class=\"wp-image-8289\" style=\"width:169px;height:auto\"\/><\/figure>\n<\/div>\n\n\n<p><strong><strong>A) STW\u00d3RZ W\u0141ASNE ZDROWE CODZIENNE MENU<\/strong><br><\/strong>U\u017cytkownik b\u0119dzie przeci\u0105ga\u0142 i upuszcza\u0142 jedzenie aby stworzy\u0107 zdrowe codzienne menu; zostanie oceniony za swoje wyniki i oceniony za zdobyt\u0105 wiedz\u0119. W\u0142a\u015bciwe wybory \u017cywieniowe i nawodnienie zwi\u0119kszaj\u0105 optymalne wyniki sportowe i zdrowie przez ca\u0142e \u017cycie. Dlatego musimy promowa\u0107 prawid\u0142owe od\u017cywianie i odpowiednie nawadnianie m\u0142odego sportowca jako przeciwwaga dla kultury prodopingowej.<strong><br><br><strong>&nbsp;B) UTW\u00d3RZ LIST\u0118 ZABRONIONYCH SUBSTANCJI<\/strong><br><\/strong>U\u017cytkownik b\u0119dzie \u0142\u0105czy\u0142 i dopasowywa\u0142, aby utworzy\u0107 list\u0119 zabronionych substancji, dopasowuj\u0105c kategorie zabronionych substancji do ich skutk\u00f3w ubocznych i otrzymuj\u0105c ocen\u0119 za swoje wyniki. U\u017cytkownik zostanie oceniony za pomoc\u0105 interaktywnego quizu za zdobyt\u0105 wiedz\u0119 zwi\u0105zan\u0105 z zakazanymi \u015brodkami i substancjami. Ca\u0142y gra ma na celu zapobiec kulturze dopingu w \u015brodowisku rekreacyjnym.<strong><br><\/strong><br><strong>POMOCNICY DORGISA<\/strong><\/p>\n\n\n<div class=\"wp-block-image\">\n<figure class=\"alignleft size-full is-resized\"><img loading=\"lazy\" decoding=\"async\" width=\"400\" height=\"300\" src=\"https:\/\/dorgisproject.eu\/wp-content\/uploads\/2023\/02\/shirts.png\" alt=\"\" class=\"wp-image-8297\" style=\"width:311px;height:auto\" srcset=\"https:\/\/dorgisproject.eu\/wp-content\/uploads\/2023\/02\/shirts.png 400w, https:\/\/dorgisproject.eu\/wp-content\/uploads\/2023\/02\/shirts-300x225.png 300w\" sizes=\"auto, (max-width: 400px) 100vw, 400px\" \/><\/figure>\n<\/div>\n\n\n<p><br>Pod koniec gry m\u0142odzi sportowcy z najlepszymi ocenami i wynikami zostan\u0105 nagrodzeni przez pomocnik\u00f3w antydopingowych DORGIS i b\u0119d\u0105 nosi\u0107 koszulk\u0119 DORGIS-AR. Ci sportowcy mog\u0105 utworzy\u0107 grup\u0119 wsparcia dla swojej klasy lub dru\u017cyny sportowej. R\u00f3wnie\u017c podczas ostatniego dnia gry DORGIS-AR wszyscy uczestnicy (m\u0142odzi sportowcy, nauczyciele, trenerzy, rodzice) b\u0119d\u0105 musieli wype\u0142ni\u0107 kr\u00f3tki Formularz Oceny Materia\u0142\u00f3w.<br><br><\/p>\n","protected":false},"excerpt":{"rendered":"<p>Aplikacja mobilna DORGIS-AR zostanie podzielona na trzy cz\u0119\u015bci. Ka\u017cda cz\u0119\u015b\u0107 zostanie uko\u0144czona w ci\u0105gu jednego dnia, wi\u0119c gra DORGIS-AR GETS DIGITAL powinna trwa\u0107 \u0142\u0105cznie 3 dni.&nbsp;Maksymalny czas na uko\u0144czenie ka\u017cdej cz\u0119\u015bci gry DORGIS-AR to 50 min CZ\u0118\u015a\u0106 1: TEST OSOBOWO\u015aCI I OCENA ISTNIEJ\u0104CEJ WIEDZYSportowiec zaloguje si\u0119, otwieraj\u0105c konto przy u\u017cyciu pseudonimu. Nast\u0119pnie wejdzie w aplikacj\u0119 [&hellip;]<\/p>\n","protected":false},"author":2,"featured_media":4439,"parent":0,"menu_order":0,"comment_status":"closed","ping_status":"closed","template":"","meta":{"_themeisle_gutenberg_block_has_review":false,"footnotes":""},"class_list":["post-5661","page","type-page","status-publish","has-post-thumbnail","hentry"],"_links":{"self":[{"href":"https:\/\/dorgisproject.eu\/pl\/wp-json\/wp\/v2\/pages\/5661","targetHints":{"allow":["GET"]}}],"collection":[{"href":"https:\/\/dorgisproject.eu\/pl\/wp-json\/wp\/v2\/pages"}],"about":[{"href":"https:\/\/dorgisproject.eu\/pl\/wp-json\/wp\/v2\/types\/page"}],"author":[{"embeddable":true,"href":"https:\/\/dorgisproject.eu\/pl\/wp-json\/wp\/v2\/users\/2"}],"replies":[{"embeddable":true,"href":"https:\/\/dorgisproject.eu\/pl\/wp-json\/wp\/v2\/comments?post=5661"}],"version-history":[{"count":11,"href":"https:\/\/dorgisproject.eu\/pl\/wp-json\/wp\/v2\/pages\/5661\/revisions"}],"predecessor-version":[{"id":10711,"href":"https:\/\/dorgisproject.eu\/pl\/wp-json\/wp\/v2\/pages\/5661\/revisions\/10711"}],"wp:featuredmedia":[{"embeddable":true,"href":"https:\/\/dorgisproject.eu\/pl\/wp-json\/wp\/v2\/media\/4439"}],"wp:attachment":[{"href":"https:\/\/dorgisproject.eu\/pl\/wp-json\/wp\/v2\/media?parent=5661"}],"curies":[{"name":"wp","href":"https:\/\/api.w.org\/{rel}","templated":true}]}}