{"id":5656,"date":"2022-08-21T19:31:08","date_gmt":"2022-08-21T19:31:08","guid":{"rendered":"https:\/\/demo.dorgisproject.eu\/bulldog-partnership\/"},"modified":"2025-03-05T23:12:05","modified_gmt":"2025-03-05T23:12:05","slug":"bulldog-partnership","status":"publish","type":"page","link":"https:\/\/dorgisproject.eu\/pl\/bulldog-partnership\/","title":{"rendered":"DORGIS partnerstwo"},"content":{"rendered":"\n<div class=\"wp-block-cover has-parallax\" style=\"min-height:877px;aspect-ratio:unset;\"><span aria-hidden=\"true\" class=\"wp-block-cover__background has-white-background-color has-background-dim-0 has-background-dim\"><\/span><div class=\"wp-block-cover__image-background wp-image-7414 has-parallax\" style=\"background-position:50% 50%;background-image:url(https:\/\/dorgisproject.eu\/wp-content\/uploads\/2023\/02\/meet4.jpg)\"><\/div><div class=\"wp-block-cover__inner-container is-layout-flow wp-block-cover-is-layout-flow\">\n<p class=\"has-text-align-center has-large-font-size\"><\/p>\n<\/div><\/div>\n\n\n\n<p><\/p>\n\n\n\n<h5 class=\"wp-block-heading\">PRZY WSPARCIU PROGRAMU ERASMUS+ SPORT<\/h5>\n\n\n\n<p><\/p>\n\n\n\n<figure class=\"wp-block-image size-large is-resized\"><img loading=\"lazy\" decoding=\"async\" width=\"1024\" height=\"295\" src=\"https:\/\/dorgisproject.eu\/wp-content\/uploads\/2023\/01\/eu-logo-1024x295.jpg\" alt=\"\" class=\"wp-image-6028\" style=\"width:256px;height:74px\" srcset=\"https:\/\/dorgisproject.eu\/wp-content\/uploads\/2023\/01\/eu-logo-1024x295.jpg 1024w, https:\/\/dorgisproject.eu\/wp-content\/uploads\/2023\/01\/eu-logo-300x86.jpg 300w, https:\/\/dorgisproject.eu\/wp-content\/uploads\/2023\/01\/eu-logo-768x221.jpg 768w, https:\/\/dorgisproject.eu\/wp-content\/uploads\/2023\/01\/eu-logo-1536x442.jpg 1536w, https:\/\/dorgisproject.eu\/wp-content\/uploads\/2023\/01\/eu-logo-2048x590.jpg 2048w, https:\/\/dorgisproject.eu\/wp-content\/uploads\/2023\/01\/eu-logo-1170x337.jpg 1170w\" sizes=\"auto, (max-width: 1024px) 100vw, 1024px\" \/><\/figure>\n\n\n\n<p><\/p>\n\n\n\n<p>Nasze konsorcjum obejmuje wszystkie poziomy edukacji, dru\u017cyny sportowe i stowarzyszenia sportowe.<\/p>\n\n\n\n<ul class=\"wp-block-list\">\n<li><strong>Katolicki Uniwersytet w Walencji<\/strong>, Hiszpania, Wydzia\u0142 Aktywno\u015bci Fizycznej i Nauk o Sporcie (FCCAFD), kt\u00f3ry ma 4 r\u00f3\u017cne grupy badawcze w r\u00f3\u017cnych tematach (zdrowie i wyniki sportowe, wychowanie fizyczne, otwarty i zr\u00f3wnowa\u017cony rozw\u00f3j) z udzia\u0142em ponad 40 naukowc\u00f3w.<\/li>\n\n\n\n<li><strong>CUS Padova, <\/strong>Stowarzyszenie Sportowe Uniwersytetu w Padwie, W\u0142ochy, bardzo do\u015bwiadczona instytucja w promowaniu dzia\u0142alno\u015bci sportowej jako niezb\u0119dnego \u015brodka kulturalnego i edukacyjnego dla student\u00f3w, trener\u00f3w i pracownik\u00f3w uniwersyteckich w celu rozwijania umiej\u0119tno\u015bci przekrojowych i zintegrowanych oraz wspiera praktyk\u0119 i rozpowszechnianie wychowania fizycznego w ramach sportu amatorskiego. W rozwoju swojej dzia\u0142alno\u015bci Stowarzyszenie korzysta ze sponsoringu kilku Wydzia\u0142\u00f3w Uniwersyteckich i dzia\u0142a w ramach nast\u0119puj\u0105cych sieci: CUSI (W\u0142oskie Uniwersyteckie Centrum Sportowe); FISU (Mi\u0119dzynarodowa Federacja Sportu Uniwersyteckiego) i EUSA (Europejskie Stowarzyszenie Sportu Uniwersyteckiego).<\/li>\n\n\n\n<li><strong>Meandros Ltd., <\/strong>organizacja z Aten w Grecji, kt\u00f3ra ma d\u0142ug\u0105 tradycj\u0119 w opracowywaniu materia\u0142\u00f3w edukacyjnych dla uczni\u00f3w w ka\u017cdym wieku, publikowaniu ksi\u0105\u017cek naukowych i materia\u0142\u00f3w cyfrowych, projektowaniu platform internetowych i organizowaniu wydarze\u0144 sportowych.<\/li>\n\n\n\n<li><strong>Associa\u00e7\u00e3o de Futebol de Bragan\u00e7a<\/strong> (Bragan\u00e7a Football Association) z Portugalii, zwi\u0105zek sportowy, aktywnie zaanga\u017cowany w trzy dyscypliny sportowe, kt\u00f3ry ma do\u015bwiadczenie w prowadzeniu zaj\u0119\u0107 sportowych i ma do\u015bwiadczenie w kontrolach antydopingowych UEFA.<\/li>\n\n\n\n<li>&nbsp;<strong>Stowarzyszenie Dzieci i M\u0142odzie\u017cy KAROL<\/strong> z Polski, jedna z najwi\u0119kszych organizacji pozarz\u0105dowych w wojew\u00f3dztwie zachodniopomorskim, zajmuj\u0105ca si\u0119 kultur\u0105 fizyczn\u0105.<\/li>\n\n\n\n<li><strong>Zajednica Sportskih Udruga Grada Rijeke &#8220;Rije\u010dki Sportski Savez,<\/strong> z Chorwacji, kt\u00f3ra jest sojusznikiem wszystkich klub\u00f3w sportowych w mie\u015bcie Rijeka i jest promotorem programu publicznego wsp\u00f3\u0142finansowania programu sportowego w mie\u015bcie Rijeka, kt\u00f3ry jest przedstawiany za po\u015brednictwem wydzia\u0142u administracji miasta ds. sportu i kultury technicznej rz\u0105dowi miasta Rijeka i Radzie Miasta Rijeki.<\/li>\n<\/ul>\n\n\n\n<p><strong>SCOALA GIMNAZIALA REDIU<\/strong><br>SOS. VALEA REDIULUI NR. 342,REDIU<br>707405, RUMUNIA<br>Tel-faks: 0232\/253955<br>E-mail: <a rel=\"noreferrer noopener\" href=\"mailto:rediu_school@yahoo.com\" target=\"_blank\">rediu_school@yahoo.com<\/a><\/p>\n\n\n\n<p><\/p>\n\n\n\n<p>PROJEKTOWANIE I ROZW\u00d3J APLIKACJI DORGIS<\/p>\n\n\n<div class=\"wp-block-image\">\n<figure class=\"alignleft size-full is-resized\"><img loading=\"lazy\" decoding=\"async\" width=\"150\" height=\"151\" src=\"https:\/\/dorgisproject.eu\/wp-content\/uploads\/2022\/08\/5.jpg\" alt=\"\" class=\"wp-image-4926\" style=\"aspect-ratio:0.9905660377358491;width:71px;height:auto\" srcset=\"https:\/\/dorgisproject.eu\/wp-content\/uploads\/2022\/08\/5.jpg 150w, https:\/\/dorgisproject.eu\/wp-content\/uploads\/2022\/08\/5-80x80.jpg 80w\" sizes=\"auto, (max-width: 150px) 100vw, 150px\" \/><\/figure>\n<\/div>\n\n<div class=\"wp-block-image\">\n<figure class=\"alignleft size-full is-resized\"><img loading=\"lazy\" decoding=\"async\" width=\"300\" height=\"92\" src=\"https:\/\/dorgisproject.eu\/wp-content\/uploads\/2022\/08\/6.jpg\" alt=\"\" class=\"wp-image-4929\" style=\"aspect-ratio:3.25;width:185px;height:auto\"\/><\/figure>\n<\/div>\n\n<div class=\"wp-block-image\">\n<figure class=\"alignleft size-full is-resized\"><img loading=\"lazy\" decoding=\"async\" width=\"150\" height=\"157\" src=\"https:\/\/dorgisproject.eu\/wp-content\/uploads\/2022\/08\/3.png\" alt=\"\" class=\"wp-image-4920\" style=\"aspect-ratio:0.9528301886792453;width:65px;height:auto\"\/><\/figure>\n<\/div>\n\n<div class=\"wp-block-image\">\n<figure class=\"alignleft size-full is-resized\"><img loading=\"lazy\" decoding=\"async\" width=\"195\" height=\"70\" src=\"https:\/\/dorgisproject.eu\/wp-content\/uploads\/2023\/02\/web-ucv_nuevologo-ucv_29_07_2019.jpg\" alt=\"\" class=\"wp-image-7981\" style=\"aspect-ratio:2.6382978723404253;width:166px;height:auto\"\/><\/figure>\n<\/div>\n\n<div class=\"wp-block-image\">\n<figure class=\"alignleft size-full is-resized\"><img loading=\"lazy\" decoding=\"async\" width=\"150\" height=\"177\" src=\"https:\/\/dorgisproject.eu\/wp-content\/uploads\/2022\/08\/1.png\" alt=\"\" class=\"wp-image-4914\" style=\"aspect-ratio:0.8504672897196262;width:58px;height:auto\"\/><\/figure>\n<\/div>\n\n<div class=\"wp-block-image\">\n<figure class=\"alignleft size-full is-resized\"><img loading=\"lazy\" decoding=\"async\" width=\"250\" height=\"150\" src=\"https:\/\/dorgisproject.eu\/wp-content\/uploads\/2023\/02\/rijeckisportskisavez-1.png\" alt=\"\" class=\"wp-image-7953\" style=\"width:110px;height:auto\"\/><\/figure>\n<\/div>\n\n\n<figure class=\"wp-block-image size-full is-resized\"><img loading=\"lazy\" decoding=\"async\" width=\"960\" height=\"738\" src=\"https:\/\/dorgisproject.eu\/wp-content\/uploads\/2023\/02\/KAROL2.jpg\" alt=\"\" class=\"wp-image-7969\" style=\"width:140px;height:85px\" srcset=\"https:\/\/dorgisproject.eu\/wp-content\/uploads\/2023\/02\/KAROL2.jpg 960w, https:\/\/dorgisproject.eu\/wp-content\/uploads\/2023\/02\/KAROL2-300x231.jpg 300w, https:\/\/dorgisproject.eu\/wp-content\/uploads\/2023\/02\/KAROL2-768x590.jpg 768w\" sizes=\"auto, (max-width: 960px) 100vw, 960px\" \/><\/figure>\n","protected":false},"excerpt":{"rendered":"<p>PRZY WSPARCIU PROGRAMU ERASMUS+ SPORT Nasze konsorcjum obejmuje wszystkie poziomy edukacji, dru\u017cyny sportowe i stowarzyszenia sportowe. SCOALA GIMNAZIALA REDIUSOS. VALEA REDIULUI NR. 342,REDIU707405, RUMUNIATel-faks: 0232\/253955E-mail: rediu_school@yahoo.com PROJEKTOWANIE I ROZW\u00d3J APLIKACJI DORGIS<\/p>\n","protected":false},"author":3,"featured_media":0,"parent":0,"menu_order":0,"comment_status":"closed","ping_status":"closed","template":"","meta":{"_themeisle_gutenberg_block_has_review":false,"footnotes":""},"class_list":["post-5656","page","type-page","status-publish","hentry"],"_links":{"self":[{"href":"https:\/\/dorgisproject.eu\/pl\/wp-json\/wp\/v2\/pages\/5656","targetHints":{"allow":["GET"]}}],"collection":[{"href":"https:\/\/dorgisproject.eu\/pl\/wp-json\/wp\/v2\/pages"}],"about":[{"href":"https:\/\/dorgisproject.eu\/pl\/wp-json\/wp\/v2\/types\/page"}],"author":[{"embeddable":true,"href":"https:\/\/dorgisproject.eu\/pl\/wp-json\/wp\/v2\/users\/3"}],"replies":[{"embeddable":true,"href":"https:\/\/dorgisproject.eu\/pl\/wp-json\/wp\/v2\/comments?post=5656"}],"version-history":[{"count":27,"href":"https:\/\/dorgisproject.eu\/pl\/wp-json\/wp\/v2\/pages\/5656\/revisions"}],"predecessor-version":[{"id":10780,"href":"https:\/\/dorgisproject.eu\/pl\/wp-json\/wp\/v2\/pages\/5656\/revisions\/10780"}],"wp:attachment":[{"href":"https:\/\/dorgisproject.eu\/pl\/wp-json\/wp\/v2\/media?parent=5656"}],"curies":[{"name":"wp","href":"https:\/\/api.w.org\/{rel}","templated":true}]}}