{"id":5642,"date":"2022-08-20T18:13:34","date_gmt":"2022-08-20T18:13:34","guid":{"rendered":"https:\/\/demo.dorgisproject.eu\/bulldog-apps\/"},"modified":"2025-03-05T23:43:40","modified_gmt":"2025-03-05T23:43:40","slug":"dorgis-apps","status":"publish","type":"page","link":"https:\/\/dorgisproject.eu\/pl\/dorgis-apps\/","title":{"rendered":"DORGIS Apps"},"content":{"rendered":"\n<div class=\"wp-block-cover is-light has-parallax\"><span aria-hidden=\"true\" class=\"wp-block-cover__background has-white-background-color has-background-dim-0 has-background-dim\"><\/span><div class=\"wp-block-cover__image-background wp-image-7494 has-parallax\" style=\"background-position:50% 50%;background-image:url(https:\/\/dorgisproject.eu\/wp-content\/uploads\/2023\/02\/APPS2.jpg)\"><\/div><div class=\"wp-block-cover__inner-container is-layout-flow wp-block-cover-is-layout-flow\">\n<p class=\"has-text-align-center has-large-font-size\"><\/p>\n<\/div><\/div>\n\n\n\n<div class=\"wp-block-group is-nowrap is-layout-flex wp-container-core-group-is-layout-ad2f72ca wp-block-group-is-layout-flex\"><\/div>\n\n\n\n<p>DORGIS postawi\u0142 sobie za cel: zwalczanie dopingu w sportach rekreacyjnych i rekreacyjnym \u015brodowisku sportowym, informowanie, edukowanie i motywowanie m\u0142odych sportowc\u00f3w w wieku od 9 do 16 lat, nauczycieli\/trener\u00f3w sportowych oraz rodzic\u00f3w do niestosowania zabronionych \u015brodk\u00f3w i substancji, kt\u00f3re mog\u0105 zagra\u017ca\u0107 zdrowiu sportowc\u00f3w i szkodzi\u0107 integralno\u015bci sportu. DORGIS ma na celu zach\u0119ci\u0107 i promowa\u0107 Ducha Sportu i zdrowe od\u017cywianie jako przeciwwaga dla kultury prodopingowej, z wykorzystaniem nowoczesnej technologii mobilnej i dzia\u0142a\u0144 antydopingowych na objektach sportowych.<\/p>\n\n\n\n<p>W ramach projektu opracowano innowacyjn\u0105 gr\u0119 antydopingow\u0105 wykorzystuj\u0105c\u0105 po raz pierwszy technologi\u0119 rozszerzonej rzeczywisto\u015bci, maj\u0105c\u0105 na celu dok\u0142adne wyja\u015bnienie charakteru zagro\u017ce\u0144 stwarzanych przez doping, a jednocze\u015bnie promowanie etyki sportowej i zdrowego od\u017cywiania. Do projektu przyst\u0105pili do\u015bwiadczeni pracownicy ze wszystkich szczebli edukacji, stowarzysze\u0144 sportowych i dru\u017cyn sportowych, z Rumunii, Grecji, W\u0142och, Hiszpanii, Portugalii, Polski i Chorwacji.<\/p>\n\n\n<div class=\"wp-block-image\">\n<figure class=\"alignleft size-large is-resized\"><a href=\"https:\/\/apps.apple.com\/gr\/app\/dorgis-ar\/id1635743938\"><img loading=\"lazy\" decoding=\"async\" width=\"1024\" height=\"1024\" src=\"https:\/\/dorgisproject.eu\/wp-content\/uploads\/2023\/02\/APPLE-STORE-1024x1024.png\" alt=\"\" class=\"wp-image-9610\" style=\"width:256px;height:256px\" srcset=\"https:\/\/dorgisproject.eu\/wp-content\/uploads\/2023\/02\/APPLE-STORE-1024x1024.png 1024w, https:\/\/dorgisproject.eu\/wp-content\/uploads\/2023\/02\/APPLE-STORE-300x300.png 300w, https:\/\/dorgisproject.eu\/wp-content\/uploads\/2023\/02\/APPLE-STORE-150x150.png 150w, https:\/\/dorgisproject.eu\/wp-content\/uploads\/2023\/02\/APPLE-STORE-768x768.png 768w, https:\/\/dorgisproject.eu\/wp-content\/uploads\/2023\/02\/APPLE-STORE-80x80.png 80w, https:\/\/dorgisproject.eu\/wp-content\/uploads\/2023\/02\/APPLE-STORE-430x430.png 430w, https:\/\/dorgisproject.eu\/wp-content\/uploads\/2023\/02\/APPLE-STORE-560x560.png 560w, https:\/\/dorgisproject.eu\/wp-content\/uploads\/2023\/02\/APPLE-STORE.png 1147w\" sizes=\"auto, (max-width: 1024px) 100vw, 1024px\" \/><\/a><figcaption class=\"wp-element-caption\">GET IT ON APPLE STORE<\/figcaption><\/figure>\n<\/div>\n\n<div class=\"wp-block-image\">\n<figure class=\"alignleft size-large is-resized\"><a href=\"https:\/\/play.google.com\/store\/apps\/details?id=gr.tool.dorgis\"><img loading=\"lazy\" decoding=\"async\" width=\"1024\" height=\"1024\" src=\"https:\/\/dorgisproject.eu\/wp-content\/uploads\/2023\/02\/GOOGLE-PLAY-1024x1024.png\" alt=\"\" class=\"wp-image-9602\" style=\"width:256px;height:256px\" srcset=\"https:\/\/dorgisproject.eu\/wp-content\/uploads\/2023\/02\/GOOGLE-PLAY-1024x1024.png 1024w, https:\/\/dorgisproject.eu\/wp-content\/uploads\/2023\/02\/GOOGLE-PLAY-300x300.png 300w, https:\/\/dorgisproject.eu\/wp-content\/uploads\/2023\/02\/GOOGLE-PLAY-150x150.png 150w, https:\/\/dorgisproject.eu\/wp-content\/uploads\/2023\/02\/GOOGLE-PLAY-768x768.png 768w, https:\/\/dorgisproject.eu\/wp-content\/uploads\/2023\/02\/GOOGLE-PLAY-80x80.png 80w, https:\/\/dorgisproject.eu\/wp-content\/uploads\/2023\/02\/GOOGLE-PLAY-430x430.png 430w, https:\/\/dorgisproject.eu\/wp-content\/uploads\/2023\/02\/GOOGLE-PLAY-560x560.png 560w, https:\/\/dorgisproject.eu\/wp-content\/uploads\/2023\/02\/GOOGLE-PLAY.png 1147w\" sizes=\"auto, (max-width: 1024px) 100vw, 1024px\" \/><\/a><figcaption class=\"wp-element-caption\">GET IT ON GOOGLE PLAY<\/figcaption><\/figure>\n<\/div>\n\n\n<p><\/p>\n\n\n\n<p><\/p>\n\n\n\n<p><\/p>\n\n\n\n<p><\/p>\n\n\n\n<p><\/p>\n","protected":false},"excerpt":{"rendered":"<p>DORGIS postawi\u0142 sobie za cel: zwalczanie dopingu w sportach rekreacyjnych i rekreacyjnym \u015brodowisku sportowym, informowanie, edukowanie i motywowanie m\u0142odych sportowc\u00f3w w wieku od 9 do 16 lat, nauczycieli\/trener\u00f3w sportowych oraz rodzic\u00f3w do niestosowania zabronionych \u015brodk\u00f3w i substancji, kt\u00f3re mog\u0105 zagra\u017ca\u0107 zdrowiu sportowc\u00f3w i szkodzi\u0107 integralno\u015bci sportu. DORGIS ma na celu zach\u0119ci\u0107 i promowa\u0107 Ducha Sportu [&hellip;]<\/p>\n","protected":false},"author":3,"featured_media":0,"parent":0,"menu_order":0,"comment_status":"closed","ping_status":"closed","template":"","meta":{"_themeisle_gutenberg_block_has_review":false,"footnotes":""},"class_list":["post-5642","page","type-page","status-publish","hentry"],"_links":{"self":[{"href":"https:\/\/dorgisproject.eu\/pl\/wp-json\/wp\/v2\/pages\/5642","targetHints":{"allow":["GET"]}}],"collection":[{"href":"https:\/\/dorgisproject.eu\/pl\/wp-json\/wp\/v2\/pages"}],"about":[{"href":"https:\/\/dorgisproject.eu\/pl\/wp-json\/wp\/v2\/types\/page"}],"author":[{"embeddable":true,"href":"https:\/\/dorgisproject.eu\/pl\/wp-json\/wp\/v2\/users\/3"}],"replies":[{"embeddable":true,"href":"https:\/\/dorgisproject.eu\/pl\/wp-json\/wp\/v2\/comments?post=5642"}],"version-history":[{"count":11,"href":"https:\/\/dorgisproject.eu\/pl\/wp-json\/wp\/v2\/pages\/5642\/revisions"}],"predecessor-version":[{"id":10802,"href":"https:\/\/dorgisproject.eu\/pl\/wp-json\/wp\/v2\/pages\/5642\/revisions\/10802"}],"wp:attachment":[{"href":"https:\/\/dorgisproject.eu\/pl\/wp-json\/wp\/v2\/media?parent=5642"}],"curies":[{"name":"wp","href":"https:\/\/api.w.org\/{rel}","templated":true}]}}