{"id":3291,"date":"2022-08-21T19:31:08","date_gmt":"2022-08-21T19:31:08","guid":{"rendered":"https:\/\/demo.bulldogproject.eu\/bulldog-partnership\/"},"modified":"2025-03-05T22:31:43","modified_gmt":"2025-03-05T22:31:43","slug":"bulldog-partnership","status":"publish","type":"page","link":"https:\/\/dorgisproject.eu\/it\/bulldog-partnership\/","title":{"rendered":"Collaborazione DORGIS"},"content":{"rendered":"\n<div class=\"wp-block-cover has-parallax\"><span aria-hidden=\"true\" class=\"wp-block-cover__background has-white-background-color has-background-dim-0 has-background-dim\"><\/span><div class=\"wp-block-cover__image-background wp-image-7413 has-parallax\" style=\"background-position:50% 50%;background-image:url(https:\/\/dorgisproject.eu\/wp-content\/uploads\/2023\/02\/meet4.jpg)\"><\/div><div class=\"wp-block-cover__inner-container is-layout-flow wp-block-cover-is-layout-flow\">\n<p class=\"has-text-align-center has-large-font-size\"><\/p>\n<\/div><\/div>\n\n\n\n<h5 class=\"wp-block-heading\">CON IL SOSTEGNO DEL PROGRAMMA ERASMUS+ SPORT<\/h5>\n\n\n\n<p><\/p>\n\n\n\n<figure class=\"wp-block-image size-large is-resized\"><a href=\"https:\/\/www.eacea.ec.europa.eu\/index_en\"><img loading=\"lazy\" decoding=\"async\" width=\"1024\" height=\"295\" src=\"https:\/\/dorgisproject.eu\/wp-content\/uploads\/2023\/01\/eu-logo-1024x295.jpg\" alt=\"\" class=\"wp-image-6027\" style=\"width:272px;height:auto\" srcset=\"https:\/\/dorgisproject.eu\/wp-content\/uploads\/2023\/01\/eu-logo-1024x295.jpg 1024w, https:\/\/dorgisproject.eu\/wp-content\/uploads\/2023\/01\/eu-logo-300x86.jpg 300w, https:\/\/dorgisproject.eu\/wp-content\/uploads\/2023\/01\/eu-logo-768x221.jpg 768w, https:\/\/dorgisproject.eu\/wp-content\/uploads\/2023\/01\/eu-logo-1536x442.jpg 1536w, https:\/\/dorgisproject.eu\/wp-content\/uploads\/2023\/01\/eu-logo-2048x590.jpg 2048w, https:\/\/dorgisproject.eu\/wp-content\/uploads\/2023\/01\/eu-logo-1170x337.jpg 1170w\" sizes=\"auto, (max-width: 1024px) 100vw, 1024px\" \/><\/a><\/figure>\n\n\n\n<h5 class=\"wp-block-heading\"><\/h5>\n\n\n<p>Il nostro consorzio comprende tutti i livelli di istruzione, squadre sportive e associazioni sportive.<\/p>\n<ul>\n<li>L&#8217;<strong>Universit\u00e0 Cattolica di Valencia<\/strong>, Spagna, Facolt\u00e0 di Attivit\u00e0 Fisica e Scienze dello Sport (FCCAFD), che ha 4 diversi gruppi di ricerca in diverse tematiche (Salute e Performance sportiva, Educazione fisica, Outdoor e Sviluppo sostenibile) con pi\u00f9 di 40 ricercatori coinvolti.<\/li>\n<li>Il <strong>CUS Padova<\/strong>, l&#8217;Associazione Sportiva dell&#8217;<u>Universit\u00e0 di Padova<\/u>, istituzione con grande esperienza nella promozione delle attivit\u00e0 sportive come strumento culturale ed educativo essenziale per gli studenti, gli allenatori e il personale universitario per sviluppare competenze trasversali e integrate. Sostiene la pratica e la diffusione dell&#8217;educazione fisica come parte dello sport amatoriale. Nello sviluppo delle sue attivit\u00e0, l&#8217;Associazione beneficia del patrocinio di diversi Dipartimenti universitari e lavora all&#8217;interno delle seguenti reti: CUSI (Centro Universitario Sportivo Italiano); FISU (Federazione Internazionale Sport Universitari) e EUSA (European University Sports Association).<\/li>\n<li><strong>Meandros Ltd<\/strong>., un&#8217;organizzazione di Atene, Grecia, che ha una lunga tradizione nello sviluppo di materiali didattici per studenti di tutte le et\u00e0, nella pubblicazione di libri scientifici e materiali digitali, nella progettazione di piattaforme elettroniche e nell&#8217;organizzazione di eventi sportivi.<\/li>\n<li><strong>Associa\u00e7\u00e3o de Futebol de Bragan\u00e7a<\/strong> (Associazione calcistica di Bragan\u00e7a) dal Portogallo, un&#8217;associazione sportiva, attivamente coinvolta in tre sport, che ha esperienza nell&#8217;offerta di attivit\u00e0 sportive e un membro del personale esperto nei controlli antidoping della UEFA.<\/li>\n<li><strong>Stowarzyszenie Dzieci i M\u0142odzie\u017cy KAROL <\/strong>dalla Polonia. L&#8217;associazione \u00e8 membro straordinario dell&#8217;Associazione della Pomerania Occidentale per la promozione dello sport e dell&#8217;attivit\u00e0 fisica. KAROL \u00e8 un&#8217;organizzazione polacca, non governativa e senza scopo di lucro, che organizza attivit\u00e0 sportive e corsi ricreativi per bambini e adolescenti delle scuole primarie e secondarie, nonch\u00e9 campi di vacanza estivi e invernali per gruppi svantaggiati.<\/li>\n<li><strong>Zajednica Sportskih Udruga Grada Rijeke &#8220;Rije\u010dki Sportski Savez&#8221;<\/strong>, dalla Croazia, che riunisce tutti i club sportivi della Citt\u00e0 di Rijeka ed \u00e8 il promotore del Programma di cofinanziamento del programma sportivo pubblico nella Citt\u00e0 di Rijeka, che viene presentato attraverso il dipartimento dell&#8217;amministrazione cittadina per lo sport e la cultura tecnica al governo della Citt\u00e0 di Rijeka e al Consiglio comunale di Rijeka per l&#8217;adozione.<\/li>\n<\/ul>\n<p><strong>COORDINATORE:<\/strong> <strong>Scoala Gimnaziala Rediu<\/strong>, il coordinatore rumeno, fornisce l&#8217;istruzione obbligatoria da molti anni e si articola in quattro strutture. L&#8217;istituzione lavora con i nostri gruppi target e ha esperienza nella realizzazione di materiale didattico per tutti i livelli di istruzione.<\/p>\n<p><span style=\"font-size: revert; color: initial;\"><span style=\"color: #ffffff;\"><strong>SCOALA GIMNAZIALA REDIU<\/strong><\/span><br \/><span style=\"color: #ffffff;\">SOS. VALEA REDIULUI NR. 342,REDIU 707405, ROMANIA<\/span><br \/><span style=\"color: #ffffff;\">Tel\/fax: 0232\/253955<\/span><br \/><span style=\"color: #ffffff;\">email:<\/span> <a href=\"mailto:rediu_school@yahoo.com\">rediu_school@yahoo.com<\/a><\/span><\/p>\n<p>DESIGN E SVILUPPO DELL\u2019APPLICAZIONE: TOOL LTD. \u2013 GRECIA<\/p>\n\n<div class=\"wp-block-image\">\n<figure class=\"alignleft size-full is-resized\"><img loading=\"lazy\" decoding=\"async\" width=\"150\" height=\"151\" src=\"https:\/\/dorgisproject.eu\/wp-content\/uploads\/2022\/08\/5.jpg\" alt=\"\" class=\"wp-image-3003\" style=\"width:65px;height:auto\" srcset=\"https:\/\/dorgisproject.eu\/wp-content\/uploads\/2022\/08\/5.jpg 150w, https:\/\/dorgisproject.eu\/wp-content\/uploads\/2022\/08\/5-80x80.jpg 80w\" sizes=\"auto, (max-width: 150px) 100vw, 150px\" \/><\/figure>\n<\/div>\n\n<div class=\"wp-block-image\">\n<figure class=\"alignleft size-full is-resized\"><img loading=\"lazy\" decoding=\"async\" width=\"150\" height=\"157\" src=\"https:\/\/dorgisproject.eu\/wp-content\/uploads\/2022\/08\/3.png\" alt=\"\" class=\"wp-image-2991\" style=\"width:64px;height:auto\"\/><\/figure>\n<\/div>\n\n<div class=\"wp-block-image\">\n<figure class=\"alignleft size-full is-resized\"><img loading=\"lazy\" decoding=\"async\" width=\"1370\" height=\"549\" src=\"https:\/\/dorgisproject.eu\/wp-content\/uploads\/2023\/02\/UCV.jpg\" alt=\"\" class=\"wp-image-7992\" style=\"width:152px;height:auto\" srcset=\"https:\/\/dorgisproject.eu\/wp-content\/uploads\/2023\/02\/UCV.jpg 1370w, https:\/\/dorgisproject.eu\/wp-content\/uploads\/2023\/02\/UCV-300x120.jpg 300w, https:\/\/dorgisproject.eu\/wp-content\/uploads\/2023\/02\/UCV-1024x410.jpg 1024w, https:\/\/dorgisproject.eu\/wp-content\/uploads\/2023\/02\/UCV-768x308.jpg 768w, https:\/\/dorgisproject.eu\/wp-content\/uploads\/2023\/02\/UCV-1170x469.jpg 1170w\" sizes=\"auto, (max-width: 1370px) 100vw, 1370px\" \/><\/figure>\n<\/div>\n\n<div class=\"wp-block-image\">\n<figure class=\"alignleft size-full is-resized\"><img loading=\"lazy\" decoding=\"async\" width=\"402\" height=\"123\" src=\"https:\/\/dorgisproject.eu\/wp-content\/uploads\/2022\/07\/meandros-1.jpg\" alt=\"\" class=\"wp-image-910\" style=\"aspect-ratio:2.6382978723404253;width:171px;height:auto\" srcset=\"https:\/\/dorgisproject.eu\/wp-content\/uploads\/2022\/07\/meandros-1.jpg 402w, https:\/\/dorgisproject.eu\/wp-content\/uploads\/2022\/07\/meandros-1-300x92.jpg 300w\" sizes=\"auto, (max-width: 402px) 100vw, 402px\" \/><\/figure>\n<\/div>\n\n<div class=\"wp-block-image\">\n<figure class=\"alignleft size-full is-resized\"><img loading=\"lazy\" decoding=\"async\" width=\"250\" height=\"150\" src=\"https:\/\/dorgisproject.eu\/wp-content\/uploads\/2023\/02\/rijeckisportskisavez-1.png\" alt=\"\" class=\"wp-image-7952\" style=\"aspect-ratio:0.8504672897196262;width:64px;height:auto\"\/><\/figure>\n<\/div>\n\n\n<figure class=\"wp-block-image size-full is-resized\"><a href=\"http:\/\/www.stowarzyszeniekarol.pl\/\"><img loading=\"lazy\" decoding=\"async\" width=\"960\" height=\"738\" src=\"https:\/\/demo.dorgisproject.eu\/wp-content\/uploads\/2023\/02\/KAROL2.jpg\" alt=\"\" class=\"wp-image-7968\" style=\"width:140px;height:85px\" srcset=\"https:\/\/dorgisproject.eu\/wp-content\/uploads\/2023\/02\/KAROL2.jpg 960w, https:\/\/dorgisproject.eu\/wp-content\/uploads\/2023\/02\/KAROL2-300x231.jpg 300w, https:\/\/dorgisproject.eu\/wp-content\/uploads\/2023\/02\/KAROL2-768x590.jpg 768w\" sizes=\"auto, (max-width: 960px) 100vw, 960px\" \/><\/a><\/figure>\n","protected":false},"excerpt":{"rendered":"<p>CON IL SOSTEGNO DEL PROGRAMMA ERASMUS+ SPORT Il nostro consorzio comprende tutti i livelli di istruzione, squadre sportive e associazioni sportive. L&#8217;Universit\u00e0 Cattolica di Valencia, Spagna, Facolt\u00e0 di Attivit\u00e0 Fisica e Scienze dello Sport (FCCAFD), che ha 4 diversi gruppi di ricerca in diverse tematiche (Salute e Performance sportiva, Educazione fisica, Outdoor e Sviluppo sostenibile) [&hellip;]<\/p>\n","protected":false},"author":3,"featured_media":0,"parent":0,"menu_order":0,"comment_status":"closed","ping_status":"closed","template":"","meta":{"_themeisle_gutenberg_block_has_review":false,"footnotes":""},"class_list":["post-3291","page","type-page","status-publish","hentry"],"_links":{"self":[{"href":"https:\/\/dorgisproject.eu\/it\/wp-json\/wp\/v2\/pages\/3291","targetHints":{"allow":["GET"]}}],"collection":[{"href":"https:\/\/dorgisproject.eu\/it\/wp-json\/wp\/v2\/pages"}],"about":[{"href":"https:\/\/dorgisproject.eu\/it\/wp-json\/wp\/v2\/types\/page"}],"author":[{"embeddable":true,"href":"https:\/\/dorgisproject.eu\/it\/wp-json\/wp\/v2\/users\/3"}],"replies":[{"embeddable":true,"href":"https:\/\/dorgisproject.eu\/it\/wp-json\/wp\/v2\/comments?post=3291"}],"version-history":[{"count":24,"href":"https:\/\/dorgisproject.eu\/it\/wp-json\/wp\/v2\/pages\/3291\/revisions"}],"predecessor-version":[{"id":10767,"href":"https:\/\/dorgisproject.eu\/it\/wp-json\/wp\/v2\/pages\/3291\/revisions\/10767"}],"wp:attachment":[{"href":"https:\/\/dorgisproject.eu\/it\/wp-json\/wp\/v2\/media?parent=3291"}],"curies":[{"name":"wp","href":"https:\/\/api.w.org\/{rel}","templated":true}]}}