{"id":1527,"date":"2022-07-29T15:43:31","date_gmt":"2022-07-29T15:43:31","guid":{"rendered":"https:\/\/demo.bulldogproject.eu\/policy-2\/"},"modified":"2025-03-06T00:09:14","modified_gmt":"2025-03-06T00:09:14","slug":"policy-2","status":"publish","type":"page","link":"https:\/\/dorgisproject.eu\/it\/policy-2\/","title":{"rendered":"Condizioni di utilizzo"},"content":{"rendered":"\n<h3 class=\"wp-block-heading\"><strong>Politica sulla riservatezza<\/strong><\/h3>\n\n\n\n<div class=\"wp-block-cover is-light has-parallax\"><span aria-hidden=\"true\" class=\"wp-block-cover__background has-white-background-color has-background-dim-0 has-background-dim\"><\/span><div class=\"wp-block-cover__image-background wp-image-7698 has-parallax\" style=\"background-position:50% 50%;background-image:url(https:\/\/dorgisproject.eu\/wp-content\/uploads\/2023\/02\/MARK3-copy-scaled.jpg)\"><\/div><div class=\"wp-block-cover__inner-container is-layout-flow wp-block-cover-is-layout-flow\">\n<p class=\"has-text-align-center has-large-font-size\"><\/p>\n<\/div><\/div>\n\n\n\n<p><\/p>\n\n\n\n<p><strong>Condizioni d&#8217;uso: App DORGIS AR<br><\/strong><br>1. Introduzione<br>Con la presente informativa, desideriamo informarLa sui termini e le condizioni relative alla nostra raccolta e trattamento dei dati personali, effettuata da DORGIS AR PARTNERSHIP costituita dalle seguenti istituzioni: \u0218COALA GIMNAZIAL\u0102 REDIU, MAIANDROS EPE, CENTRO UNIVERSITARIO SPORTIVO \u2013 CUSPADOVA, ASSOCIA\u00c7\u00c3O DE FUTEBOL DE BRAGAN\u00c7A, FUNDACION UNIVERSIDAD CATOLICA DE VALENCIA SAN VICENTE MARTIR, ZAJEDNICA SPORTSKIH UDRUGA GRADA RIJEKE RIJECKI SPORTSKI SAVEZ e STOWARZYSZENIE DZIECI I M\u0141ODZIE\u017bY KAROL proprietari dell&#8217;applicazione DORGIS AR (versioni rumena, greca, italiana, portoghese, spagnola, polacca e croata) e titolare del trattamento dei dati personali raccolti tramite questa applicazione (di seguito \u201cDORGIS\u201d).<br><br>DORGIS ha adottato tutte le misure necessarie per garantire un alto livello di protezione e sicurezza per l&#8217;applicazione DORGIS, in conformit\u00e0 con le migliori pratiche commerciali riconosciute. L&#8217;accesso e la navigazione nell&#8217;applicazione DORGIS sono gratuiti. \u00c8 severamente vietato copiare o riprodurre in qualsiasi modo, pubblicare, modificare, alterare o in qualsiasi altro modo utilizzare le fotografie, i video, le immagini ei loghi inclusi nell&#8217;applicazione DORGIS.<br>DORGIS si riserva il diritto di modificare la presente Policy in qualsiasi momento senza preavviso agli utenti. Pertanto, si consiglia di rivederlo regolarmente quando si utilizza l&#8217;applicazione.<br><br>2. Quali dati personali raccogliamo?<\/p>\n\n\n\n<p>Quando si utilizza questa applicazione, non \u00e8 necessario registrare alcun dato personale. Tuttavia, se desideri accedere alla dashboard DORGIS per creare un nuovo gioco per l&#8217;app DORGIS, ti verr\u00e0 chiesto di inviare alcune informazioni personali, come : nome e indirizzo email.<br><br>3. Per quali finalit\u00e0 raccogliamo i tuoi dati personali?<br><\/p>\n\n\n\n<p>Ci occupiamo di raccogliere solo i Dati Personali necessari, appropriati e chiari per le finalit\u00e0 previste, non essendo soggetti ad alcun ulteriore trattamento in alcun modo incompatibile con le finalit\u00e0 originarie della raccolta. Trattiamo i tuoi dati personali per le seguenti finalit\u00e0: \u2022 Per contattarti al momento della tua registrazione in modo da ricevere la tua email e inviarti una password per l&#8217;accesso all&#8217;applicazione.<br><br>4. Per quanto tempo conserviamo i tuoi dati personali?<\/p>\n\n\n\n<p>Ci assicuriamo che i Dati personali che raccogliamo vengano elaborati per un periodo non superiore a quello necessario per lo scopo del trattamento. I criteri di base che prendiamo in considerazione per determinare la durata della conservazione dei tuoi dati personali sono i limiti di tempo dei reclami determinati dalla legge e i limiti di tempo entro i quali un&#8217;autorit\u00e0 pubblica pu\u00f2 richiederci di fornire loro le informazioni che conserviamo nei nostri registri.<br><br>5. Qual \u00e8 la base giuridica per il trattamento dei dati da parte di DORGIS?<\/p>\n\n\n\n<p>\u2022 Il tuo consenso, ove appropriato, per uno scopo (ad es. quando ti registri nel dashboard DORGIS)\u2022 Conformit\u00e0 agli obblighi imposti dalla legge (ad es. quando dobbiamo comunicare i dettagli di contatto dei nostri partner alle autorit\u00e0 fiscali)\u2022 La protezione del legittimo interessi della partnership DORGIS, nonch\u00e9 l&#8217;adempimento di obblighi contrattuali o legali.<\/p>\n\n\n\n<p>6. Con chi condividiamo i tuoi dati personali?<\/p>\n\n\n\n<p>Di norma i dati che ci fornisci non vengono ceduti a terzi e non vengono in alcun modo resi pubblici o in alcun modo sfruttati. In casi eccezionali, i dati personali dell&#8217;utente possono essere trasmessi a terzi fornitori di servizi di DORGIS, che elaborano i dati personali dell&#8217;utente esclusivamente per l&#8217;adempimento dei loro obblighi, derivanti dal loro rapporto contrattuale con DORGIS e dalla loro qualit\u00e0 di responsabili del trattamento (come terzi -fornitori di servizi di terze parti, consulenti di servizi di sicurezza, ecc.).<br><br>Inoltre, DORGIS pu\u00f2 divulgare le tue informazioni personali nei seguenti casi:\u2022 Quando ha il consenso esplicito della persona a pubblicare i propri dati in qualsiasi modo\u2022 Se tale divulgazione \u00e8 necessaria per esercitare i diritti di DORGIS\u2022 Se \u00e8 richiesto dalla legge, un ordine del tribunale o qualsiasi altra autorit\u00e0 governativa o di regolamentazione.<br><br>Nel caso in cui DORGIS trasferisca i tuoi Dati Personali a destinatari al di fuori dell&#8217;Unione Europea o dello Spazio Economico Europeo, applicher\u00e0 adeguate garanzie per garantire un livello adeguato di protezione dei tuoi Dati Personali.<br><br>7. Come garantiamo che i responsabili del trattamento rispettino i tuoi dati?<\/p>\n\n\n\n<p>I Responsabili del trattamento dei dati, per conto della Partnership, hanno concordato e sono contrattualmente vincolati con noi e tra gli altri:<br><br>\u2022 Mantenere la riservatezza \u2022 Non condividere i Dati con terzi senza il consenso dell&#8217;Associazione o utilizzarli a proprio vantaggio personale \u2022 Adottare adeguate misure di sicurezza \u2022 Rispettare il quadro giuridico per la protezione dei Dati Personali, in particolare il Regolamento 979\/2016\/ \u0395\u0395 (altrimenti noto come GDPR)<br><br>8. Quali sono i tuoi diritti?<br><br>\u2022 Hai il diritto di accedere ai tuoi dati personali. Ci\u00f2 significa che hai il diritto di essere informato da noi se stiamo elaborando i tuoi dati. Se stiamo elaborando i tuoi dati, puoi chiedere informazioni sullo scopo del trattamento, sul tipo di dati in nostro possesso, a chi li condividiamo, per quanto tempo li conserviamo, ma anche sugli altri tuoi diritti, come correzione, cancellazione, e la presentazione di un reclamo al Garante per la protezione dei dati personali.<br><br>\u2022 Hai il diritto di correggere i dati personali inesatti. Se trovi che c&#8217;\u00e8 un errore nei tuoi dati, puoi richiederci di correggerli (ad esempio, una correzione del nome o un aggiornamento di un cambio di indirizzo).<br><br>\u2022 Hai il diritto alla cancellazione\/diritto all&#8217;oblio.<br><br>\u2022 Puoi chiederci di cancellare i tuoi dati se sussiste uno dei motivi previsti dalla normativa applicabile.<br><br>\u2022 Hai il diritto di trasferire i tuoi dati.<br><br>Nel caso in cui il trattamento sia basato sul tuo consenso o sia necessario per eseguire un contratto con te o avvenga con mezzi automatizzati, puoi chiederci di ricevere, in forma leggibile, i Dati che ci hai fornito, oppure chiederci di inoltrarlo a un altro titolare\/responsabile del trattamento.<\/p>\n\n\n\n<p>\u2022 Hai il diritto di limitare il trattamento.<br><br>Puoi chiederci di limitare il trattamento dei tuoi dati personali, se \u00e8 in vigore un motivo previsto dalla legislazione applicabile.<br><br>\u2022 Hai il diritto di opporti e revocare il consenso al trattamento dei tuoi Dati.<br><br>Se si desidera esercitare tali diritti, si prega di inviare una e-mail a <a href=\"mailto:gdpr@bulldogproject.eu\">gdpr@dorgisproject.eu<\/a> o una lettera al seguente indirizzo:<br><br>\u0218COALA GIMNAZIAL\u0102 REDIU\u0218OS. VALEA REDIULUI NR. 342707405 REDIUROMANIA<br><br>Infine, se ritieni che stiamo violando la legge applicabile per la protezione dei tuoi dati personali, hai il diritto di presentare un reclamo al Garante per la protezione dei dati personali, registrato in \u0218os. Valea Rediului, nr. 342 Rediu 70740, Romania.<br><br>9. Limitazione di responsabilit\u00e0<br><br>L&#8217;applicazione DORGIS pu\u00f2 includere collegamenti ad altri siti Web non controllati dalla partnership DORGIS ma da altri proprietari (persone fisiche o giuridiche) a cui appartengono i siti Web di cui sopra. In nessun caso DORGIS partnership sar\u00e0 responsabile per eventuali danni che l&#8217;utente potrebbe subire a causa della sua visita ad altri siti, incluso qualsiasi trattamento illecito dei suoi dati personali a causa della visita ai suddetti siti.<br><br>10. Cookie<br><br>I cookie sono piccoli file di testo contenenti informazioni, che vengono inviati dal sito dorgisproject.eu e scaricati sul personal computer o dispositivo smart dell&#8217;utente-visitatore. Questi file possono contenere informazioni sul tipo di browser Web utilizzato da ciascun utente-visitatore, sul tipo di computer, sul sistema operativo, sul provider Internet e altre informazioni tecniche.<br><br>I cookie non danneggiano il tuo computer o dispositivo mobile, n\u00e9 i file in essi memorizzati, e non intervengono in alcun modo su alcun documento o file archiviato sul tuo computer quando visiti il \u200b\u200bsito dorgisproject.eu. L&#8217;uso dei cookie non rivela la tua identit\u00e0, ma pu\u00f2 portare all&#8217;identificazione del tuo computer.<br><br>Il sito web dorgisproject.eu potrebbe utilizzare i cookie per le seguenti finalit\u00e0:<br><br>(a) Google Analytics Per condurre sondaggi a fini statistici e\/o per migliorare i contenuti e i servizi di dorgisproject.eu e\/o per misurarne l&#8217;efficacia.<br><br>(b) Social networking I cookie vengono inseriti dai fornitori di siti di social network per consentire al visitatore di condividere facilmente il contenuto di dorgisproject.eu tramite questi siti.<br><br>La maggior parte dei browser Web accetta l&#8217;uso dei cookie per impostazione predefinita, ma \u00e8 possibile impostare il browser in modo da negare la ricezione o accettare in modo selettivo determinati cookie. Se disabiliti la ricezione dei cookie, alcune funzionalit\u00e0 fornite dal nostro sito web potrebbero non essere disponibili, mentre alcune pagine potrebbero non essere visualizzate correttamente.<br><br>Il sitoweb <a href=\"http:\/\/www.allaboutcookies.org\/\">www.allaboutcookies.org<\/a> offre buone e semplici istruzioni su come gestire i cookie, utilizzando diversi tipi di browser web.<\/p>\n\n\n\n<p><\/p>\n","protected":false},"excerpt":{"rendered":"<p>Politica sulla riservatezza Condizioni d&#8217;uso: App DORGIS AR1. IntroduzioneCon la presente informativa, desideriamo informarLa sui termini e le condizioni relative alla nostra raccolta e trattamento dei dati personali, effettuata da DORGIS AR PARTNERSHIP costituita dalle seguenti istituzioni: \u0218COALA GIMNAZIAL\u0102 REDIU, MAIANDROS EPE, CENTRO UNIVERSITARIO SPORTIVO \u2013 CUSPADOVA, ASSOCIA\u00c7\u00c3O DE FUTEBOL DE BRAGAN\u00c7A, FUNDACION UNIVERSIDAD CATOLICA [&hellip;]<\/p>\n","protected":false},"author":3,"featured_media":0,"parent":0,"menu_order":0,"comment_status":"closed","ping_status":"closed","template":"","meta":{"_themeisle_gutenberg_block_has_review":false,"footnotes":""},"class_list":["post-1527","page","type-page","status-publish","hentry"],"_links":{"self":[{"href":"https:\/\/dorgisproject.eu\/it\/wp-json\/wp\/v2\/pages\/1527","targetHints":{"allow":["GET"]}}],"collection":[{"href":"https:\/\/dorgisproject.eu\/it\/wp-json\/wp\/v2\/pages"}],"about":[{"href":"https:\/\/dorgisproject.eu\/it\/wp-json\/wp\/v2\/types\/page"}],"author":[{"embeddable":true,"href":"https:\/\/dorgisproject.eu\/it\/wp-json\/wp\/v2\/users\/3"}],"replies":[{"embeddable":true,"href":"https:\/\/dorgisproject.eu\/it\/wp-json\/wp\/v2\/comments?post=1527"}],"version-history":[{"count":14,"href":"https:\/\/dorgisproject.eu\/it\/wp-json\/wp\/v2\/pages\/1527\/revisions"}],"predecessor-version":[{"id":10833,"href":"https:\/\/dorgisproject.eu\/it\/wp-json\/wp\/v2\/pages\/1527\/revisions\/10833"}],"wp:attachment":[{"href":"https:\/\/dorgisproject.eu\/it\/wp-json\/wp\/v2\/media?parent=1527"}],"curies":[{"name":"wp","href":"https:\/\/api.w.org\/{rel}","templated":true}]}}