{"id":1501,"date":"2022-07-29T15:27:00","date_gmt":"2022-07-29T15:27:00","guid":{"rendered":"https:\/\/demo.bulldogproject.eu\/intellectual-outputs\/"},"modified":"2025-03-05T23:26:21","modified_gmt":"2025-03-05T23:26:21","slug":"intellectual-outputs","status":"publish","type":"page","link":"https:\/\/dorgisproject.eu\/it\/intellectual-outputs\/","title":{"rendered":"Risultati intellettuali"},"content":{"rendered":"\n<div class=\"wp-block-cover is-light has-parallax\"><span aria-hidden=\"true\" class=\"wp-block-cover__background has-white-background-color has-background-dim-0 has-background-dim\"><\/span><div class=\"wp-block-cover__image-background wp-image-7460 has-parallax\" style=\"background-position:50% 50%;background-image:url(https:\/\/dorgisproject.eu\/wp-content\/uploads\/2023\/02\/PISINA1.jpg)\"><\/div><div class=\"wp-block-cover__inner-container is-layout-flow wp-block-cover-is-layout-flow\">\n<p class=\"has-text-align-center has-large-font-size\"><\/p>\n<\/div><\/div>\n\n\n\n<p><\/p>\n\n\n\n<p>Il gioco DORGIS si sviluppa in tre fasi che richiedono:<\/p>\n\n\n<div class=\"wp-block-image\">\n<figure class=\"alignleft size-full is-resized\"><img loading=\"lazy\" decoding=\"async\" width=\"1000\" height=\"500\" src=\"https:\/\/demo.dorgisproject.eu\/wp-content\/uploads\/2023\/02\/APPS2.jpg\" alt=\"\" class=\"wp-image-7493\" style=\"width:250px;height:125px\" srcset=\"https:\/\/dorgisproject.eu\/wp-content\/uploads\/2023\/02\/APPS2.jpg 1000w, https:\/\/dorgisproject.eu\/wp-content\/uploads\/2023\/02\/APPS2-300x150.jpg 300w, https:\/\/dorgisproject.eu\/wp-content\/uploads\/2023\/02\/APPS2-768x384.jpg 768w\" sizes=\"auto, (max-width: 1000px) 100vw, 1000px\" \/><\/figure>\n<\/div>\n\n\n<p>a) attivit\u00e0 fisica,<\/p>\n\n\n\n<p>b) una tecnologia mobile innovativa e<\/p>\n\n\n\n<p>c) supporto di moduli online.<\/p>\n\n\n\n<p><\/p>\n\n\n\n<p>Per la <strong>prima fase del gioco<\/strong>, svilupperemo <strong>70 giochi e attivit\u00e0 educative antidoping<\/strong> per insegnare ai giovani atleti l&#8217;importanza dell&#8217;etica sportiva e dell&#8217;integrit\u00e0 sportiva.<\/p>\n\n\n\n<p><strong>Seconda fase del gioco<\/strong>: Svilupperemo un&#8217;innovativa <strong>applicazione mobile<\/strong> in otto versioni linguistiche RO, EL, IT, ES, PT, PL, HR, EN con l&#8217;obiettivo di<\/p>\n\n\n\n<p>a) sottolineare gli effetti collaterali pericolosi delle droghe proibite attraverso l&#8217;uso della realt\u00e0 olografica aumentata e<\/p>\n\n\n\n<p>b) educare alla sana alimentazione come alternativa alle sostanze illegali.<\/p>\n\n\n<div class=\"wp-block-image\">\n<figure class=\"alignleft size-large is-resized\"><img loading=\"lazy\" decoding=\"async\" width=\"461\" height=\"1024\" src=\"https:\/\/demo.dorgisproject.eu\/wp-content\/uploads\/2023\/02\/Screenshot_20220312-131135_Dorgis-AR-461x1024.jpg\" alt=\"\" class=\"wp-image-8221\" style=\"width:231px;height:512px\" srcset=\"https:\/\/dorgisproject.eu\/wp-content\/uploads\/2023\/02\/Screenshot_20220312-131135_Dorgis-AR-461x1024.jpg 461w, https:\/\/dorgisproject.eu\/wp-content\/uploads\/2023\/02\/Screenshot_20220312-131135_Dorgis-AR-135x300.jpg 135w, https:\/\/dorgisproject.eu\/wp-content\/uploads\/2023\/02\/Screenshot_20220312-131135_Dorgis-AR-768x1707.jpg 768w, https:\/\/dorgisproject.eu\/wp-content\/uploads\/2023\/02\/Screenshot_20220312-131135_Dorgis-AR-691x1536.jpg 691w, https:\/\/dorgisproject.eu\/wp-content\/uploads\/2023\/02\/Screenshot_20220312-131135_Dorgis-AR-922x2048.jpg 922w, https:\/\/dorgisproject.eu\/wp-content\/uploads\/2023\/02\/Screenshot_20220312-131135_Dorgis-AR.jpg 1080w\" sizes=\"auto, (max-width: 461px) 100vw, 461px\" \/><\/figure>\n<\/div>\n\n\n<p><strong>Tecnologia di realt\u00e0 aumentata<\/strong>: Svilupperemo due ologrammi (modelli 3D di atleti e atlete) che in tempo reale renderanno il gioco pi\u00f9 eccitante e aggiornato e renderanno visibili agli utenti gli effetti collaterali che le droghe e le sostanze proibite possono causare al loro corpo. <\/p>\n\n\n\n<p>Combineremo l&#8217;educazione con l&#8217;intrattenimento, con l&#8217;obiettivo di motivare e attrarre il maggior numero possibile di giovani atleti ad utilizzare l&#8217;app e a beneficiare dei suoi contenuti educativi.<\/p>\n\n\n\n<p><strong>Terza fase del gioco<\/strong>: Svilupperemo una <strong>piattaforma elettronica<\/strong> con 42 moduli disponibili su Moodle che insegner\u00e0 agli insegnanti\/allenatori sportivi come identificare gli atleti vulnerabili al doping, comprendere i segnali del doping, promuovere il Codice antidoping della WADA, l&#8217;elenco delle sostanze proibite e le procedure legali.<\/p>\n\n\n\n<p>Inoltre, il nostro progetto sosterr\u00e0 le esigenze dei genitori degli atleti e sensibilizzer\u00e0 l&#8217;opinione pubblica attraverso quattro eventi moltiplicatori e molte altre attivit\u00e0 di divulgazione che si svolgeranno in sette Paesi dell&#8217;UE.<\/p>\n\n\n\n<p><\/p>\n","protected":false},"excerpt":{"rendered":"<p>Il gioco DORGIS si sviluppa in tre fasi che richiedono: a) attivit\u00e0 fisica, b) una tecnologia mobile innovativa e c) supporto di moduli online. Per la prima fase del gioco, svilupperemo 70 giochi e attivit\u00e0 educative antidoping per insegnare ai giovani atleti l&#8217;importanza dell&#8217;etica sportiva e dell&#8217;integrit\u00e0 sportiva. Seconda fase del gioco: Svilupperemo un&#8217;innovativa applicazione [&hellip;]<\/p>\n","protected":false},"author":3,"featured_media":0,"parent":0,"menu_order":0,"comment_status":"closed","ping_status":"closed","template":"","meta":{"_themeisle_gutenberg_block_has_review":false,"footnotes":""},"class_list":["post-1501","page","type-page","status-publish","hentry"],"_links":{"self":[{"href":"https:\/\/dorgisproject.eu\/it\/wp-json\/wp\/v2\/pages\/1501","targetHints":{"allow":["GET"]}}],"collection":[{"href":"https:\/\/dorgisproject.eu\/it\/wp-json\/wp\/v2\/pages"}],"about":[{"href":"https:\/\/dorgisproject.eu\/it\/wp-json\/wp\/v2\/types\/page"}],"author":[{"embeddable":true,"href":"https:\/\/dorgisproject.eu\/it\/wp-json\/wp\/v2\/users\/3"}],"replies":[{"embeddable":true,"href":"https:\/\/dorgisproject.eu\/it\/wp-json\/wp\/v2\/comments?post=1501"}],"version-history":[{"count":10,"href":"https:\/\/dorgisproject.eu\/it\/wp-json\/wp\/v2\/pages\/1501\/revisions"}],"predecessor-version":[{"id":10786,"href":"https:\/\/dorgisproject.eu\/it\/wp-json\/wp\/v2\/pages\/1501\/revisions\/10786"}],"wp:attachment":[{"href":"https:\/\/dorgisproject.eu\/it\/wp-json\/wp\/v2\/media?parent=1501"}],"curies":[{"name":"wp","href":"https:\/\/api.w.org\/{rel}","templated":true}]}}