{"id":1284,"date":"2022-07-28T22:24:03","date_gmt":"2022-07-28T22:24:03","guid":{"rendered":"https:\/\/demo.bulldogproject.eu\/how-the-game-works\/"},"modified":"2025-03-05T19:46:04","modified_gmt":"2025-03-05T19:46:04","slug":"how-the-game-works","status":"publish","type":"page","link":"https:\/\/dorgisproject.eu\/it\/how-the-game-works\/","title":{"rendered":"Come funziona il gioco"},"content":{"rendered":"\n<p><strong>COME FUNZIONA IL GIOCO DIGITALE<\/strong><\/p>\n\n\n\n<figure class=\"wp-block-image size-full is-resized\"><img loading=\"lazy\" decoding=\"async\" width=\"710\" height=\"357\" src=\"https:\/\/dorgisproject.eu\/wp-content\/uploads\/2023\/02\/DORGIS-LOGO-TRANSPARENT-1.png\" alt=\"\" class=\"wp-image-7864\" style=\"width:451px;height:auto\" srcset=\"https:\/\/dorgisproject.eu\/wp-content\/uploads\/2023\/02\/DORGIS-LOGO-TRANSPARENT-1.png 710w, https:\/\/dorgisproject.eu\/wp-content\/uploads\/2023\/02\/DORGIS-LOGO-TRANSPARENT-1-300x151.png 300w\" sizes=\"auto, (max-width: 710px) 100vw, 710px\" \/><\/figure>\n\n\n\n<p>L&#8217;applicazione mobile DORGIS-AR sar\u00e0 divisa in tre parti. Ogni parte sar\u00e0 completata nell&#8217;arco di una giornata, quindi il gioco DORGIS- AR GETS DIGITAL dovrebbe durare in totale 3 giorni.<\/p>\n\n\n\n<p>Tempo massimo per il completamento di ogni parte del gioco DORGIS-AR: 50 minuti<\/p>\n\n\n\n<p><\/p>\n\n\n<div class=\"wp-block-image\">\n<figure class=\"alignleft size-large is-resized\"><img loading=\"lazy\" decoding=\"async\" width=\"520\" height=\"1024\" src=\"https:\/\/dorgisproject.eu\/wp-content\/uploads\/2023\/02\/2SLIDER-520x1024.png\" alt=\"\" class=\"wp-image-8264\" style=\"width:238px;height:auto\" srcset=\"https:\/\/dorgisproject.eu\/wp-content\/uploads\/2023\/02\/2SLIDER-520x1024.png 520w, https:\/\/dorgisproject.eu\/wp-content\/uploads\/2023\/02\/2SLIDER-152x300.png 152w, https:\/\/dorgisproject.eu\/wp-content\/uploads\/2023\/02\/2SLIDER-768x1513.png 768w, https:\/\/dorgisproject.eu\/wp-content\/uploads\/2023\/02\/2SLIDER-780x1536.png 780w, https:\/\/dorgisproject.eu\/wp-content\/uploads\/2023\/02\/2SLIDER-1039x2048.png 1039w, https:\/\/dorgisproject.eu\/wp-content\/uploads\/2023\/02\/2SLIDER.png 1080w\" sizes=\"auto, (max-width: 520px) 100vw, 520px\" \/><\/figure>\n<\/div>\n\n\n<p><strong>PARTE 1: TEST DELLA PERSONALIT\u00c0 E VALUTAZIONE DELLE CONOSCENZE ESISTENTI<\/strong><\/p>\n\n\n\n<p>L&#8217;atleta si registrer\u00e0 aprendo un account con un nickname.<\/p>\n\n\n\n<p>Quindi, entrer\u00e0 nell&#8217;applicazione ed eseguir\u00e0 un test di valutazione finalizzato a:<\/p>\n\n\n\n<p>1) partecipare a un test psicologico e sociometrico che indicher\u00e0 se \u00e8 vulnerabile al doping e alle sostanze proibite.<\/p>\n\n\n\n<p>2) valutare le sue conoscenze attuali su:<\/p>\n\n\n\n<p>a) l&#8217;integrit\u00e0 nello sport e su cosa possono fare per contribuire a proteggere l&#8217;integrit\u00e0 dello sport;<\/p>\n\n\n\n<p>b) le questioni relative al doping, ai farmaci e alle sostanze proibite e ai pericoli che queste possono causare alla salute;<\/p>\n\n\n\n<p>c) alimentazione sana e questioni legate al doping (ad esempio, valutare la comprensione da parte dell&#8217;atleta di termini come doping, WADA, steroidi, ecc.)<\/p>\n\n\n\n<p>Il test di valutazione comprender\u00e0 domande a scelta multipla e un cursore emoji.<\/p>\n\n\n\n<p><\/p>\n\n\n<div class=\"wp-block-image\">\n<figure class=\"alignleft size-large is-resized\"><img loading=\"lazy\" decoding=\"async\" width=\"520\" height=\"1024\" src=\"https:\/\/dorgisproject.eu\/wp-content\/uploads\/2023\/02\/9SLIDER-520x1024.png\" alt=\"\" class=\"wp-image-8272\" style=\"width:226px;height:auto\" srcset=\"https:\/\/dorgisproject.eu\/wp-content\/uploads\/2023\/02\/9SLIDER-520x1024.png 520w, https:\/\/dorgisproject.eu\/wp-content\/uploads\/2023\/02\/9SLIDER-152x300.png 152w, https:\/\/dorgisproject.eu\/wp-content\/uploads\/2023\/02\/9SLIDER-768x1513.png 768w, https:\/\/dorgisproject.eu\/wp-content\/uploads\/2023\/02\/9SLIDER-780x1536.png 780w, https:\/\/dorgisproject.eu\/wp-content\/uploads\/2023\/02\/9SLIDER-1039x2048.png 1039w, https:\/\/dorgisproject.eu\/wp-content\/uploads\/2023\/02\/9SLIDER.png 1080w\" sizes=\"auto, (max-width: 520px) 100vw, 520px\" \/><\/figure>\n<\/div>\n\n\n<p><strong>PARTE 2: GIOCO EDUCATIVO CHE UTILIZZA LA TECNOLOGIA DELLA REALT\u00c0 AUMENTATA<\/strong><\/p>\n\n\n\n<p>Questa parte del gioco antidoping DORGIS-AR \u00e8 la principale innovazione del nostro progetto, perch\u00e9 non esiste un&#8217;altra applicazione mobile antidoping che offra questa tecnologia.<\/p>\n\n\n\n<p>L&#8217;applicazione DORGIS-AR comprende un gioco educativo di realt\u00e0 aumentata (AR) diviso in due parti.<\/p>\n\n\n\n<p>Il gioco AR prevede l&#8217;utilizzo di due ologrammi 3D (un&#8217;atleta donna e un atleta uomo) che in tempo reale interagiranno con l&#8217;utente. Ci\u00f2 significa che l&#8217;ologramma, che \u00e8 la rappresentazione visiva di un modello 3D sovrapposto alla realt\u00e0 (la cosiddetta realt\u00e0 aumentata), apparir\u00e0 attraverso lo smartphone dell&#8217;utente nella sua realt\u00e0, ad esempio su un tavolo di fronte all&#8217;utente, sul pavimento della sua classe o del suo spogliatoio, nel campo di gioco accanto agli altri compagni di squadra, ecc.<\/p>\n\n\n\n<p>L&#8217;utente potr\u00e0 ruotare a 360\u00b0 l&#8217;ologramma, minimizzare o ingrandire la figura e posizionarla sullo schermo dello smartphone dove desidera. L&#8217;ologramma dell&#8217;atleta eseguir\u00e0 alcuni movimenti per apparire ancora pi\u00f9 realistico.<\/p>\n\n\n\n<p><strong>IL GIOCO AR PASSO PER PASSO<\/strong><\/p>\n\n\n\n<p>L&#8217;utente sceglie il suo atleta-avatar (donna o uomo) e poi ha due opzioni:<\/p>\n\n\n\n<p>a) nutrire il suo ologramma\/avatar con cibi sani o non sani utilizzando la tecnologia drag and drop e vedere i risultati delle sue scelte sulle prestazioni atletiche del suo avatar in tempo reale. Inoltre, sullo schermo del cellulare appariranno testi che spiegheranno i benefici o gli effetti negativi delle sue scelte alimentari e una valutazione che influenzer\u00e0 le prestazioni atletiche del suo ologramma\/avatar;<\/p>\n\n\n\n<p>b) Scegliere tra le categorie di base di droghe proibite e sostanze che migliorano le prestazioni, come <em>stimolanti, steroidi, ormoni, diuretici, narcotici e cannabinoidi<\/em>, e vedere i loro effetti collaterali sul corpo e sulle prestazioni atletiche dell&#8217;avatar.<\/p>\n\n\n\n<p>Gli atleti che fanno uso di steroidi anabolizzanti possono presentare, ad esempio, uno dei seguenti effetti:<\/p>\n\n\n\n<p>-aumento di peso<\/p>\n\n\n\n<p>-acne<\/p>\n\n\n\n<p>-Perdita di capelli<\/p>\n\n\n\n<p>-Diventare pi\u00f9 mascolini (per le femmine), come la crescita dei peli sul corpo e l&#8217;ingrossamento della voce.<\/p>\n\n\n\n<p>&nbsp;&#8211; Sviluppo di seni di dimensioni anomale (per i maschi)<\/p>\n\n\n<div class=\"wp-block-image\">\n<figure class=\"alignleft size-large is-resized\"><img loading=\"lazy\" decoding=\"async\" width=\"529\" height=\"1024\" src=\"https:\/\/dorgisproject.eu\/wp-content\/uploads\/2023\/02\/11SLIDER-529x1024.png\" alt=\"\" class=\"wp-image-8280\" style=\"width:221px;height:auto\" srcset=\"https:\/\/dorgisproject.eu\/wp-content\/uploads\/2023\/02\/11SLIDER-529x1024.png 529w, https:\/\/dorgisproject.eu\/wp-content\/uploads\/2023\/02\/11SLIDER-155x300.png 155w, https:\/\/dorgisproject.eu\/wp-content\/uploads\/2023\/02\/11SLIDER-768x1488.png 768w, https:\/\/dorgisproject.eu\/wp-content\/uploads\/2023\/02\/11SLIDER-793x1536.png 793w, https:\/\/dorgisproject.eu\/wp-content\/uploads\/2023\/02\/11SLIDER-1057x2048.png 1057w, https:\/\/dorgisproject.eu\/wp-content\/uploads\/2023\/02\/11SLIDER.png 1080w\" sizes=\"auto, (max-width: 529px) 100vw, 529px\" \/><\/figure>\n<\/div>\n\n\n<p>L&#8217;utente potr\u00e0 vedere questi danni sul corpo dell&#8217;avatar e comprendere i gravi effetti collaterali che hanno sull&#8217;organismo di un atleta, se fa una scelta simile nella vita reale.<\/p>\n\n\n\n<p>Inoltre, sullo schermo appariranno testi che spiegheranno i danni che ogni categoria di farmaci proibiti provoca sul corpo umano. Ad esempio, se l&#8217;utente sceglie gli steroidi anabolizzanti, vedr\u00e0 il suo ologramma manifestare una grave forma di acne.<\/p>\n\n\n\n<p>Seguiranno poi dei testi che spiegheranno in modo semplice per la sua et\u00e0 gli altri effetti collaterali che l&#8217;avatar\/atleta svilupper\u00e0 e anche una valutazione che mostrer\u00e0 quanto a lungo termine l&#8217;atleta sar\u00e0 influenzato dall&#8217;uso di queste sostanze proibite.<\/p>\n\n\n\n<p>Crediamo che l&#8217;innovativa tecnologia di realt\u00e0 aumentata utilizzata motiver\u00e0 i giovani atleti a utilizzare la nostra app antidoping e a trarre vantaggio dalle conoscenze acquisite.<\/p>\n\n\n\n<p><strong>PARTE 3: GIOCHI DI VALUTAZIONE<\/strong><\/p>\n\n\n\n<p>L&#8217;ultima parte del nostro gioco mobile comprende quiz interattivi di valutazione che mirano a testare le conoscenze acquisite dagli utenti in materia di doping e alimentazione sana.<\/p>\n\n\n<div class=\"wp-block-image\">\n<figure class=\"alignleft size-large is-resized\"><img loading=\"lazy\" decoding=\"async\" width=\"527\" height=\"1024\" src=\"https:\/\/dorgisproject.eu\/wp-content\/uploads\/2023\/02\/8SLIDER-527x1024.png\" alt=\"\" class=\"wp-image-8288\" style=\"width:231px;height:auto\" srcset=\"https:\/\/dorgisproject.eu\/wp-content\/uploads\/2023\/02\/8SLIDER-527x1024.png 527w, https:\/\/dorgisproject.eu\/wp-content\/uploads\/2023\/02\/8SLIDER-154x300.png 154w, https:\/\/dorgisproject.eu\/wp-content\/uploads\/2023\/02\/8SLIDER-768x1493.png 768w, https:\/\/dorgisproject.eu\/wp-content\/uploads\/2023\/02\/8SLIDER-790x1536.png 790w, https:\/\/dorgisproject.eu\/wp-content\/uploads\/2023\/02\/8SLIDER-1053x2048.png 1053w, https:\/\/dorgisproject.eu\/wp-content\/uploads\/2023\/02\/8SLIDER.png 1080w\" sizes=\"auto, (max-width: 527px) 100vw, 527px\" \/><\/figure>\n<\/div>\n\n\n<p><strong>A) CREA IL TUO MENU GIORNALIERO SANO<\/strong><\/p>\n\n\n\n<p>L&#8217;utente trasciner\u00e0 gli alimenti per creare un menu giornaliero sano, verr\u00e0 valutato per le sue prestazioni e per le conoscenze acquisite.<\/p>\n\n\n\n<p>Le giuste scelte alimentari e di idratazione aumentano le possibilit\u00e0 di prestazioni atletiche ottimali e di salute per tutta la vita. Pertanto, dobbiamo promuovere una corretta alimentazione e modellare scelte alimentari e di idratazione sane per un giovane atleta, come contrappeso alla cultura del doping.<\/p>\n\n\n\n<p><strong>B) CREARE L&#8217;ELENCO DELLE SOSTANZE PROIBITE<\/strong><\/p>\n\n\n\n<p>L&#8217;utente dovr\u00e0 abbinare le categorie di sostanze proibite e i loro effetti collaterali per creare l&#8217;elenco delle sostanze proibite, e sar\u00e0 valutato in base alle sue prestazioni. L&#8217;utente sar\u00e0 valutato attraverso questo quiz interattivo per le conoscenze acquisite sulle sostanze proibite e sulle sostanze che mirano a prevenire la cultura del doping nell&#8217;ambiente ricreativo.<\/p>\n\n\n\n<p><strong>AIUTANTI DI DORGIS<\/strong><\/p>\n\n\n<div class=\"wp-block-image\">\n<figure class=\"alignleft size-full is-resized\"><img loading=\"lazy\" decoding=\"async\" width=\"400\" height=\"300\" src=\"https:\/\/dorgisproject.eu\/wp-content\/uploads\/2023\/02\/shirts.png\" alt=\"\" class=\"wp-image-8296\" style=\"width:255px;height:auto\" srcset=\"https:\/\/dorgisproject.eu\/wp-content\/uploads\/2023\/02\/shirts.png 400w, https:\/\/dorgisproject.eu\/wp-content\/uploads\/2023\/02\/shirts-300x225.png 300w\" sizes=\"auto, (max-width: 400px) 100vw, 400px\" \/><\/figure>\n<\/div>\n\n\n<p>Alla fine del gioco, i giovani atleti con le migliori valutazioni e punteggi saranno premiati diventando aiutanti antidoping di DORGIS e indosseranno la maglietta di DORGIS-AR. Questi atleti possono formare un gruppo di sostegno per la loro classe o squadra sportiva.<\/p>\n\n\n\n<p>Inoltre, durante l&#8217;ultimo giorno del gioco DORGIS-AR, tutti i partecipanti (giovani atleti, insegnanti, allenatori, genitori) dovranno compilare un breve modulo di valutazione dei materiali.<\/p>\n","protected":false},"excerpt":{"rendered":"<p>COME FUNZIONA IL GIOCO DIGITALE L&#8217;applicazione mobile DORGIS-AR sar\u00e0 divisa in tre parti. Ogni parte sar\u00e0 completata nell&#8217;arco di una giornata, quindi il gioco DORGIS- AR GETS DIGITAL dovrebbe durare in totale 3 giorni. Tempo massimo per il completamento di ogni parte del gioco DORGIS-AR: 50 minuti PARTE 1: TEST DELLA PERSONALIT\u00c0 E VALUTAZIONE DELLE [&hellip;]<\/p>\n","protected":false},"author":2,"featured_media":1260,"parent":0,"menu_order":0,"comment_status":"closed","ping_status":"closed","template":"","meta":{"_themeisle_gutenberg_block_has_review":false,"footnotes":""},"class_list":["post-1284","page","type-page","status-publish","has-post-thumbnail","hentry"],"_links":{"self":[{"href":"https:\/\/dorgisproject.eu\/it\/wp-json\/wp\/v2\/pages\/1284","targetHints":{"allow":["GET"]}}],"collection":[{"href":"https:\/\/dorgisproject.eu\/it\/wp-json\/wp\/v2\/pages"}],"about":[{"href":"https:\/\/dorgisproject.eu\/it\/wp-json\/wp\/v2\/types\/page"}],"author":[{"embeddable":true,"href":"https:\/\/dorgisproject.eu\/it\/wp-json\/wp\/v2\/users\/2"}],"replies":[{"embeddable":true,"href":"https:\/\/dorgisproject.eu\/it\/wp-json\/wp\/v2\/comments?post=1284"}],"version-history":[{"count":15,"href":"https:\/\/dorgisproject.eu\/it\/wp-json\/wp\/v2\/pages\/1284\/revisions"}],"predecessor-version":[{"id":10704,"href":"https:\/\/dorgisproject.eu\/it\/wp-json\/wp\/v2\/pages\/1284\/revisions\/10704"}],"wp:featuredmedia":[{"embeddable":true,"href":"https:\/\/dorgisproject.eu\/it\/wp-json\/wp\/v2\/media\/1260"}],"wp:attachment":[{"href":"https:\/\/dorgisproject.eu\/it\/wp-json\/wp\/v2\/media?parent=1284"}],"curies":[{"name":"wp","href":"https:\/\/api.w.org\/{rel}","templated":true}]}}