{"id":5753,"date":"2022-07-28T22:00:49","date_gmt":"2022-07-28T22:00:49","guid":{"rendered":"https:\/\/demo.dorgisproject.eu\/bulldog-demo\/"},"modified":"2023-02-07T16:39:52","modified_gmt":"2023-02-07T16:39:52","slug":"bulldog-demo","status":"publish","type":"page","link":"https:\/\/dorgisproject.eu\/hr\/bulldog-demo\/","title":{"rendered":"Demo"},"content":{"rendered":"\n<figure class=\"wp-block-embed is-type-video is-provider-youtube wp-block-embed-youtube wp-embed-aspect-16-9 wp-has-aspect-ratio\"><div class=\"wp-block-embed__wrapper\">\n<iframe loading=\"lazy\" title=\"DORGIS AR- DEMO\" width=\"1080\" height=\"608\" src=\"https:\/\/www.youtube.com\/embed\/AH87leliSmk?feature=oembed\" frameborder=\"0\" allow=\"accelerometer; autoplay; clipboard-write; encrypted-media; gyroscope; picture-in-picture; web-share\" allowfullscreen><\/iframe>\n<\/div><\/figure>\n\n\n\n<p><\/p>\n\n\n\n<p>PROJEKT DORGIS sufinanciran je izprogramaERASMUS+ SPORT Europska unija.<\/p>\n\n\n\n<p>DORGIS \u017eeli borbeni doping u rekreativnom sportskom i rekreacijskom sportskom okru\u017eenju, informirati, educirati i motivirati mlade sporta\u0161e od 9 do 16 godina, sport nastavnici\/treneri i roditelji protiv uporabe zabranjenih droga i tvari koji mo\u017ee ugroziti zdravlje sporta\u0161a i na\u0161tetiti sportskom integritetu. DORGIS ima za cilj potaknuti i promicati Sport Spirit i zdravu prehranu kao protute\u017eu za dopin\u0161ku kulturu koriste\u0107i modernu mobilnu tehnologiju i antidopin\u0161ke aktivnosti na sportskim terenima.<\/p>\n\n\n\n<p>Projekt jerazvioinovativnu antidopin\u0161ku igru koja se koristi za prvu time Tehnologija pro\u0161irene stvarnosti s ciljem razja\u0161njavanja precizne prirode rizika predstavlja dopingom i istovremeno promovira sportsku etiku i zdravu prehrana. Za projekt je radilo iskusno osoblje sa svih razina edukacije, sportske udruge i sportski timovi iz RO, EL, IT,&nbsp;ES,&nbsp;PT, PL &amp; HR.<\/p>\n\n\n\n<p><\/p>\n","protected":false},"excerpt":{"rendered":"<p>PROJEKT DORGIS sufinanciran je izprogramaERASMUS+ SPORT Europska unija. DORGIS \u017eeli borbeni doping u rekreativnom sportskom i rekreacijskom sportskom okru\u017eenju, informirati, educirati i motivirati mlade sporta\u0161e od 9 do 16 godina, sport nastavnici\/treneri i roditelji protiv uporabe zabranjenih droga i tvari koji mo\u017ee ugroziti zdravlje sporta\u0161a i na\u0161tetiti sportskom integritetu. DORGIS ima za cilj potaknuti i [&hellip;]<\/p>\n","protected":false},"author":3,"featured_media":0,"parent":0,"menu_order":0,"comment_status":"closed","ping_status":"closed","template":"","meta":{"_themeisle_gutenberg_block_has_review":false,"footnotes":""},"class_list":["post-5753","page","type-page","status-publish","hentry"],"_links":{"self":[{"href":"https:\/\/dorgisproject.eu\/hr\/wp-json\/wp\/v2\/pages\/5753","targetHints":{"allow":["GET"]}}],"collection":[{"href":"https:\/\/dorgisproject.eu\/hr\/wp-json\/wp\/v2\/pages"}],"about":[{"href":"https:\/\/dorgisproject.eu\/hr\/wp-json\/wp\/v2\/types\/page"}],"author":[{"embeddable":true,"href":"https:\/\/dorgisproject.eu\/hr\/wp-json\/wp\/v2\/users\/3"}],"replies":[{"embeddable":true,"href":"https:\/\/dorgisproject.eu\/hr\/wp-json\/wp\/v2\/comments?post=5753"}],"version-history":[{"count":7,"href":"https:\/\/dorgisproject.eu\/hr\/wp-json\/wp\/v2\/pages\/5753\/revisions"}],"predecessor-version":[{"id":9378,"href":"https:\/\/dorgisproject.eu\/hr\/wp-json\/wp\/v2\/pages\/5753\/revisions\/9378"}],"wp:attachment":[{"href":"https:\/\/dorgisproject.eu\/hr\/wp-json\/wp\/v2\/media?parent=5753"}],"curies":[{"name":"wp","href":"https:\/\/api.w.org\/{rel}","templated":true}]}}