{"id":5672,"date":"2022-07-29T15:27:00","date_gmt":"2022-07-29T15:27:00","guid":{"rendered":"https:\/\/demo.dorgisproject.eu\/intellectual-outputs\/"},"modified":"2025-03-05T23:32:10","modified_gmt":"2025-03-05T23:32:10","slug":"intellectual-outputs","status":"publish","type":"page","link":"https:\/\/dorgisproject.eu\/hr\/intellectual-outputs\/","title":{"rendered":"Intelektualni Rezultati"},"content":{"rendered":"\n<div class=\"wp-block-cover is-light has-parallax\"><span aria-hidden=\"true\" class=\"wp-block-cover__background has-white-background-color has-background-dim-0 has-background-dim\"><\/span><div class=\"wp-block-cover__image-background wp-image-7458 has-parallax\" style=\"background-position:50% 50%;background-image:url(https:\/\/dorgisproject.eu\/wp-content\/uploads\/2023\/02\/PISINA1.jpg)\"><\/div><div class=\"wp-block-cover__inner-container is-layout-flow wp-block-cover-is-layout-flow\">\n<p class=\"has-text-align-center has-large-font-size\">&nbsp;<\/p>\n<\/div><\/div>\n\n\n\n<p>&nbsp;DORGIS igra izvodit \u0107e se u tri faze koje zahtijevaju:<\/p>\n\n\n<div class=\"wp-block-image\">\n<figure class=\"alignleft size-large is-resized\"><img loading=\"lazy\" decoding=\"async\" width=\"1024\" height=\"512\" src=\"https:\/\/demo.dorgisproject.eu\/wp-content\/uploads\/2023\/02\/APPS-1024x512.jpg\" alt=\"\" class=\"wp-image-7474\" style=\"width:256px;height:128px\" srcset=\"https:\/\/dorgisproject.eu\/wp-content\/uploads\/2023\/02\/APPS-1024x512.jpg 1024w, https:\/\/dorgisproject.eu\/wp-content\/uploads\/2023\/02\/APPS-300x150.jpg 300w, https:\/\/dorgisproject.eu\/wp-content\/uploads\/2023\/02\/APPS-768x384.jpg 768w, https:\/\/dorgisproject.eu\/wp-content\/uploads\/2023\/02\/APPS-1170x585.jpg 1170w, https:\/\/dorgisproject.eu\/wp-content\/uploads\/2023\/02\/APPS.jpg 1200w\" sizes=\"auto, (max-width: 1024px) 100vw, 1024px\" \/><\/figure>\n<\/div>\n\n\n<p><br>a) tjelesnu aktivnost,<br>b) inovativnu mobilnu tehnologiju i<br>c) podr\u0161ku modula E-Platform.<br><br>Za <strong>1. fazu igre<\/strong>, razvit \u0107emo <strong>70 antidopin\u0161kih edukacija&nbsp;igre<\/strong>i aktivnosti s ciljem podu\u010davanja mladih sporta\u0161a va\u017enosti Sportska etika i sportski integritet.<br><br><strong>2. faza igre:<\/strong>Ho\u0107emo razviti inovativnu<strong>mobilnu aplikaciju<\/strong>u osam jezi\u010dnih verzija RO, EL, IT, ES, PT, PL, HR, EN cilj<\/p>\n\n\n\n<p>a) naglasiti opasne nuspojave zabranjenih lijekova putem kori\u0161tenje holografske pro\u0161irene stvarnosti i<br>b) educirati o zdravoj prehrani kao alternativi ilegalnim tvarima.<\/p>\n\n\n<div class=\"wp-block-image\">\n<figure class=\"alignleft size-large is-resized\"><img loading=\"lazy\" decoding=\"async\" width=\"461\" height=\"1024\" src=\"https:\/\/demo.dorgisproject.eu\/wp-content\/uploads\/2023\/02\/Screenshot_20220312-131135_Dorgis-AR-461x1024.jpg\" alt=\"\" class=\"wp-image-8218\" style=\"width:231px;height:512px\" srcset=\"https:\/\/dorgisproject.eu\/wp-content\/uploads\/2023\/02\/Screenshot_20220312-131135_Dorgis-AR-461x1024.jpg 461w, https:\/\/dorgisproject.eu\/wp-content\/uploads\/2023\/02\/Screenshot_20220312-131135_Dorgis-AR-135x300.jpg 135w, https:\/\/dorgisproject.eu\/wp-content\/uploads\/2023\/02\/Screenshot_20220312-131135_Dorgis-AR-768x1707.jpg 768w, https:\/\/dorgisproject.eu\/wp-content\/uploads\/2023\/02\/Screenshot_20220312-131135_Dorgis-AR-691x1536.jpg 691w, https:\/\/dorgisproject.eu\/wp-content\/uploads\/2023\/02\/Screenshot_20220312-131135_Dorgis-AR-922x2048.jpg 922w, https:\/\/dorgisproject.eu\/wp-content\/uploads\/2023\/02\/Screenshot_20220312-131135_Dorgis-AR.jpg 1080w\" sizes=\"auto, (max-width: 461px) 100vw, 461px\" \/><\/figure>\n<\/div>\n\n\n<p><strong>Tehnologija pro\u0161irene stvarnosti:<\/strong>Razvit \u0107emo dva holograma (3D modeli mu\u0161ki i \u017eenski sporta\u0161i) koji \u0107e u stvarnom vremenu u\u010diniti igru uzbudljivijom i a\u017euran te \u0107e korisnicima u\u010diniti vidljivim nuspojave koje zabranjeni lijekovi i tvari mogu uzrokovati njihovo tijelo. <\/p>\n\n\n\n<p>Kombinirat \u0107emo edukacija sa zabavom s ciljem motiviranja i privla\u010denja \u0161to ve\u0107eg broja mladi sporta\u0161i koji koriste aplikacije i imaju koristi od obrazovnog sadr\u017eaja.<br><\/p>\n\n\n\n<p><strong>\u200b3. faza igre:<\/strong>Ho\u0107emo razviti <strong>E-platformu<\/strong>s 42 modula temeljena na Moodleu koji nau\u010dit \u0107e u\u010ditelje sporta \/trenere kako prepoznati doping ranjive sporta\u0161e, razumjeti doping znakove, promovirati WADA-in antidopin\u0161ki kodeks, zabranjeni popis i pravne procedure.<br>Osim toga, na\u0161 projekt \u0107e podr\u017eati sporta\u0161e Roditeljske potrebe i podi\u0107i svijest kroz \u010detiri multiplikatorska doga\u0111aja i mnoga druga \u0161irenja aktivnosti koje \u0107e se odvijati u sedam zemalja EU-a.<\/p>\n","protected":false},"excerpt":{"rendered":"<p>&nbsp;DORGIS igra izvodit \u0107e se u tri faze koje zahtijevaju: a) tjelesnu aktivnost,b) inovativnu mobilnu tehnologiju ic) podr\u0161ku modula E-Platform. Za 1. fazu igre, razvit \u0107emo 70 antidopin\u0161kih edukacija&nbsp;igrei aktivnosti s ciljem podu\u010davanja mladih sporta\u0161a va\u017enosti Sportska etika i sportski integritet. 2. faza igre:Ho\u0107emo razviti inovativnumobilnu aplikacijuu osam jezi\u010dnih verzija RO, EL, IT, ES, PT, [&hellip;]<\/p>\n","protected":false},"author":3,"featured_media":0,"parent":0,"menu_order":0,"comment_status":"closed","ping_status":"closed","template":"","meta":{"_themeisle_gutenberg_block_has_review":false,"footnotes":""},"class_list":["post-5672","page","type-page","status-publish","hentry"],"_links":{"self":[{"href":"https:\/\/dorgisproject.eu\/hr\/wp-json\/wp\/v2\/pages\/5672","targetHints":{"allow":["GET"]}}],"collection":[{"href":"https:\/\/dorgisproject.eu\/hr\/wp-json\/wp\/v2\/pages"}],"about":[{"href":"https:\/\/dorgisproject.eu\/hr\/wp-json\/wp\/v2\/types\/page"}],"author":[{"embeddable":true,"href":"https:\/\/dorgisproject.eu\/hr\/wp-json\/wp\/v2\/users\/3"}],"replies":[{"embeddable":true,"href":"https:\/\/dorgisproject.eu\/hr\/wp-json\/wp\/v2\/comments?post=5672"}],"version-history":[{"count":12,"href":"https:\/\/dorgisproject.eu\/hr\/wp-json\/wp\/v2\/pages\/5672\/revisions"}],"predecessor-version":[{"id":10792,"href":"https:\/\/dorgisproject.eu\/hr\/wp-json\/wp\/v2\/pages\/5672\/revisions\/10792"}],"wp:attachment":[{"href":"https:\/\/dorgisproject.eu\/hr\/wp-json\/wp\/v2\/media?parent=5672"}],"curies":[{"name":"wp","href":"https:\/\/api.w.org\/{rel}","templated":true}]}}