{"id":5666,"date":"2022-08-20T17:29:46","date_gmt":"2022-08-20T17:29:46","guid":{"rendered":"https:\/\/demo.dorgisproject.eu\/instructions-for-bulldog-app\/"},"modified":"2025-03-05T23:58:24","modified_gmt":"2025-03-05T23:58:24","slug":"instructions-for-bulldog-app","status":"publish","type":"page","link":"https:\/\/dorgisproject.eu\/hr\/instructions-for-bulldog-app\/","title":{"rendered":"Upute za aplikaclju DORGIS"},"content":{"rendered":"\n<div class=\"wp-block-cover aligncenter is-light has-parallax is-repeated has-medium-font-size\" style=\"min-height:375px;aspect-ratio:unset;\"><span aria-hidden=\"true\" class=\"wp-block-cover__background has-white-background-color has-background-dim-0 has-background-dim\"><\/span><div class=\"wp-block-cover__image-background wp-image-7696 has-parallax is-repeated\" style=\"background-position:50% 50%;background-image:url(https:\/\/dorgisproject.eu\/wp-content\/uploads\/2023\/02\/MARK3-copy-scaled.jpg)\"><\/div><div class=\"wp-block-cover__inner-container is-layout-flow wp-block-cover-is-layout-flow\">\n<p class=\"has-text-align-center has-medium-font-size\"><\/p>\n<\/div><\/div>\n\n\n\n<p><\/p>\n\n\n\n<p class=\"ticss-082b81de\">NA NADZORNOJ PLO\u010cI<\/p>\n\n\n\n<p>Nadzorna plo\u010da nalazi se na:<\/p>\n\n\n\n<p><a href=\"https:\/\/dashboard.dorgisproject.eu\/\">https:\/\/dashboard.dorgisproject.eu\/<\/a><\/p>\n\n\n\n<p>1. Prvi put kada koristite aplikaciju, morate se registrirati<\/p>\n\n\n\n<p>2. Primit \u0107ete e-poruku za potvrdu s lozinkom koju \u0107ete koristiti Prvi put kad se pove\u017ee\u0161. (pogledajte i bezvrijednu po\u0161tu)<\/p>\n\n\n\n<p>3. Zatim idete na NOVU IGRU<\/p>\n\n\n\n<p>4. Imenujete igru koju stvarate<a><\/a><\/p>\n\n\n\n<p>5. Ako pritisnete IGRA\u010cE, pojavite se svi oni koji su podnijeli njihov rezultat. Na po\u010detku je popis prazan.<\/p>\n\n\n\n<p>6.Dobivate&nbsp;ID igre koji je nalazi se na vrhu popisa i distribuirate ga igra\u010dima<\/p>\n\n\n\n<p>7.Mo\u017eete&nbsp;stvoriti onoliko igara koliko god volite bez ograni\u010denja.<\/p>\n\n\n\n<p><\/p>\n\n\n\n<figure class=\"wp-block-gallery has-nested-images columns-default is-cropped wp-block-gallery-1 is-layout-flex wp-block-gallery-is-layout-flex\">\n<figure class=\"wp-block-image size-large\"><img loading=\"lazy\" decoding=\"async\" width=\"1024\" height=\"453\" data-id=\"8335\" src=\"https:\/\/demo.dorgisproject.eu\/wp-content\/uploads\/2023\/02\/DASH1-1024x453.jpg\" alt=\"\" class=\"wp-image-8335\" srcset=\"https:\/\/dorgisproject.eu\/wp-content\/uploads\/2023\/02\/DASH1-1024x453.jpg 1024w, https:\/\/dorgisproject.eu\/wp-content\/uploads\/2023\/02\/DASH1-300x133.jpg 300w, https:\/\/dorgisproject.eu\/wp-content\/uploads\/2023\/02\/DASH1-768x340.jpg 768w, https:\/\/dorgisproject.eu\/wp-content\/uploads\/2023\/02\/DASH1-1536x680.jpg 1536w, https:\/\/dorgisproject.eu\/wp-content\/uploads\/2023\/02\/DASH1-1170x518.jpg 1170w, https:\/\/dorgisproject.eu\/wp-content\/uploads\/2023\/02\/DASH1.jpg 1920w\" sizes=\"auto, (max-width: 1024px) 100vw, 1024px\" \/><\/figure>\n\n\n\n<figure class=\"wp-block-image size-large\"><img loading=\"lazy\" decoding=\"async\" width=\"1024\" height=\"451\" data-id=\"8341\" src=\"https:\/\/demo.dorgisproject.eu\/wp-content\/uploads\/2023\/02\/DASH2-1024x451.jpg\" alt=\"\" class=\"wp-image-8341\" srcset=\"https:\/\/dorgisproject.eu\/wp-content\/uploads\/2023\/02\/DASH2-1024x451.jpg 1024w, https:\/\/dorgisproject.eu\/wp-content\/uploads\/2023\/02\/DASH2-300x132.jpg 300w, https:\/\/dorgisproject.eu\/wp-content\/uploads\/2023\/02\/DASH2-768x338.jpg 768w, https:\/\/dorgisproject.eu\/wp-content\/uploads\/2023\/02\/DASH2-1536x677.jpg 1536w, https:\/\/dorgisproject.eu\/wp-content\/uploads\/2023\/02\/DASH2-1170x516.jpg 1170w, https:\/\/dorgisproject.eu\/wp-content\/uploads\/2023\/02\/DASH2.jpg 1920w\" sizes=\"auto, (max-width: 1024px) 100vw, 1024px\" \/><\/figure>\n\n\n\n<figure class=\"wp-block-image size-large\"><img loading=\"lazy\" decoding=\"async\" width=\"1024\" height=\"452\" data-id=\"8350\" src=\"https:\/\/demo.dorgisproject.eu\/wp-content\/uploads\/2023\/02\/DASH3-1024x452.jpg\" alt=\"\" class=\"wp-image-8350\" srcset=\"https:\/\/dorgisproject.eu\/wp-content\/uploads\/2023\/02\/DASH3-1024x452.jpg 1024w, https:\/\/dorgisproject.eu\/wp-content\/uploads\/2023\/02\/DASH3-300x133.jpg 300w, https:\/\/dorgisproject.eu\/wp-content\/uploads\/2023\/02\/DASH3-768x339.jpg 768w, https:\/\/dorgisproject.eu\/wp-content\/uploads\/2023\/02\/DASH3-1536x678.jpg 1536w, https:\/\/dorgisproject.eu\/wp-content\/uploads\/2023\/02\/DASH3-1170x517.jpg 1170w, https:\/\/dorgisproject.eu\/wp-content\/uploads\/2023\/02\/DASH3.jpg 1920w\" sizes=\"auto, (max-width: 1024px) 100vw, 1024px\" \/><\/figure>\n<\/figure>\n\n\n\n<hr class=\"wp-block-separator has-alpha-channel-opacity\"\/>\n\n\n\n<p><strong>U APLIKACIJI<\/strong><\/p>\n\n\n\n<p>1. \u010cim igra\u010di zavr\u0161e 1. ili 3. dio, koriste ID igre i korisni\u010dko ime po njihovom izboru kako bi poslali svoj rezultat.<\/p>\n\n\n\n<p>2. Odgovori, ID igre i korisni\u010dko ime (ako je korisnik poslao oni) pohranjuju se tijekom cijelog trajanja igre.<\/p>\n\n\n\n<p>3. Ako korisnik pritisne NOVU IGRU, svi gore navedeni podaci se bri\u0161u iz igra.<\/p>\n\n\n\n<p><\/p>\n","protected":false},"excerpt":{"rendered":"<p>NA NADZORNOJ PLO\u010cI Nadzorna plo\u010da nalazi se na: https:\/\/dashboard.dorgisproject.eu\/ 1. Prvi put kada koristite aplikaciju, morate se registrirati 2. Primit \u0107ete e-poruku za potvrdu s lozinkom koju \u0107ete koristiti Prvi put kad se pove\u017ee\u0161. (pogledajte i bezvrijednu po\u0161tu) 3. Zatim idete na NOVU IGRU 4. Imenujete igru koju stvarate 5. Ako pritisnete IGRA\u010cE, pojavite se [&hellip;]<\/p>\n","protected":false},"author":3,"featured_media":0,"parent":0,"menu_order":0,"comment_status":"closed","ping_status":"closed","template":"","meta":{"_themeisle_gutenberg_block_has_review":false,"footnotes":""},"class_list":["post-5666","page","type-page","status-publish","hentry"],"_links":{"self":[{"href":"https:\/\/dorgisproject.eu\/hr\/wp-json\/wp\/v2\/pages\/5666","targetHints":{"allow":["GET"]}}],"collection":[{"href":"https:\/\/dorgisproject.eu\/hr\/wp-json\/wp\/v2\/pages"}],"about":[{"href":"https:\/\/dorgisproject.eu\/hr\/wp-json\/wp\/v2\/types\/page"}],"author":[{"embeddable":true,"href":"https:\/\/dorgisproject.eu\/hr\/wp-json\/wp\/v2\/users\/3"}],"replies":[{"embeddable":true,"href":"https:\/\/dorgisproject.eu\/hr\/wp-json\/wp\/v2\/comments?post=5666"}],"version-history":[{"count":24,"href":"https:\/\/dorgisproject.eu\/hr\/wp-json\/wp\/v2\/pages\/5666\/revisions"}],"predecessor-version":[{"id":10820,"href":"https:\/\/dorgisproject.eu\/hr\/wp-json\/wp\/v2\/pages\/5666\/revisions\/10820"}],"wp:attachment":[{"href":"https:\/\/dorgisproject.eu\/hr\/wp-json\/wp\/v2\/media?parent=5666"}],"curies":[{"name":"wp","href":"https:\/\/api.w.org\/{rel}","templated":true}]}}