{"id":5660,"date":"2022-07-28T22:24:03","date_gmt":"2022-07-28T22:24:03","guid":{"rendered":"https:\/\/demo.dorgisproject.eu\/how-the-game-works\/"},"modified":"2025-03-05T19:51:57","modified_gmt":"2025-03-05T19:51:57","slug":"how-the-game-works","status":"publish","type":"page","link":"https:\/\/dorgisproject.eu\/hr\/how-the-game-works\/","title":{"rendered":"Kako funkcionira igra?"},"content":{"rendered":"\n<p><strong>KAKO FUNKCIONIRA&nbsp;DIGITALNA IGRA<\/strong> <\/p>\n\n\n\n<figure class=\"wp-block-image size-full is-resized\"><img loading=\"lazy\" decoding=\"async\" width=\"710\" height=\"357\" src=\"https:\/\/dorgisproject.eu\/wp-content\/uploads\/2023\/02\/DORGIS-LOGO-TRANSPARENT-2.png\" alt=\"\" class=\"wp-image-9410\" style=\"width:384px;height:auto\" srcset=\"https:\/\/dorgisproject.eu\/wp-content\/uploads\/2023\/02\/DORGIS-LOGO-TRANSPARENT-2.png 710w, https:\/\/dorgisproject.eu\/wp-content\/uploads\/2023\/02\/DORGIS-LOGO-TRANSPARENT-2-300x151.png 300w\" sizes=\"auto, (max-width: 710px) 100vw, 710px\" \/><\/figure>\n\n\n\n<p>DORGIS-AR Mobilna aplikacija bit \u0107e podijeljena u tri dijela. Svaki dio bit \u0107e dovr\u0161ena tijekom jednog dana, tako da BI DORGIS- AR GETS DIGITAL IGRA trebala trajati ukupno 3 dana.<br>Maksimalno vrijeme za zavr\u0161etak svakog dijela DORGIS-AR igra: 50 min<\/p>\n\n\n<div class=\"wp-block-image\">\n<figure class=\"alignleft size-large is-resized\"><img loading=\"lazy\" decoding=\"async\" width=\"520\" height=\"1024\" src=\"https:\/\/dorgisproject.eu\/wp-content\/uploads\/2023\/02\/2SLIDER-520x1024.png\" alt=\"\" class=\"wp-image-8262\" style=\"width:151px;height:auto\" srcset=\"https:\/\/dorgisproject.eu\/wp-content\/uploads\/2023\/02\/2SLIDER-520x1024.png 520w, https:\/\/dorgisproject.eu\/wp-content\/uploads\/2023\/02\/2SLIDER-152x300.png 152w, https:\/\/dorgisproject.eu\/wp-content\/uploads\/2023\/02\/2SLIDER-768x1513.png 768w, https:\/\/dorgisproject.eu\/wp-content\/uploads\/2023\/02\/2SLIDER-780x1536.png 780w, https:\/\/dorgisproject.eu\/wp-content\/uploads\/2023\/02\/2SLIDER-1039x2048.png 1039w, https:\/\/dorgisproject.eu\/wp-content\/uploads\/2023\/02\/2SLIDER.png 1080w\" sizes=\"auto, (max-width: 520px) 100vw, 520px\" \/><\/figure>\n<\/div>\n\n\n<p><strong>DIO 1:TEST OSOBNOSTI I PROCJENA POSTOJE\u0106EG ZNANJE<strong><br><\/strong><\/strong>Sporta\u0161 \u0107e se prijaviti otvaranjem ra\u010duna pomo\u0107u nadimka.<br>Zatim \u0107e unijeti prijavu i izvr\u0161iti Test procjene s ciljem:<br>1) sudjelovanja u psiholo\u0161kom i Sociometrijski test koji \u0107e se identificirati, ako je osjetljiv na doping i Tvari.<br>2) procijeniti svoje postoje\u0107e znanje o:<br>a) znanju mladih sporta\u0161a o pitanjima vezanim uz integritet u sportu i \u0161to mogu u\u010diniti kako bi pomogli u za\u0161titi integriteta sporta;<br>b) znanje mladih sporta\u0161a o pitanjima vezanim uz doping, zabranjeni lijekovi i tvari te opasnosti koje oni mogu uzrok njihovog zdravlja;<br>c) zdrava prehrana i pitanja povezana s dopingom (npr. procijeniti razumijevanje sporta\u0161a pojmova poput dopinga, WADA-e, steroida itd.)<br>Test procjene uklju\u010divat \u0107e vi\u0161estruki izbor kliza\u010d pitanja i emojija.<\/p>\n\n\n\n<p><\/p>\n\n\n\n<p><\/p>\n\n\n\n<p><\/p>\n\n\n<div class=\"wp-block-image\">\n<figure class=\"alignleft size-large is-resized\"><img loading=\"lazy\" decoding=\"async\" width=\"520\" height=\"1024\" src=\"https:\/\/dorgisproject.eu\/wp-content\/uploads\/2023\/02\/9SLIDER-520x1024.png\" alt=\"\" class=\"wp-image-8270\" style=\"width:156px;height:auto\" srcset=\"https:\/\/dorgisproject.eu\/wp-content\/uploads\/2023\/02\/9SLIDER-520x1024.png 520w, https:\/\/dorgisproject.eu\/wp-content\/uploads\/2023\/02\/9SLIDER-152x300.png 152w, https:\/\/dorgisproject.eu\/wp-content\/uploads\/2023\/02\/9SLIDER-768x1513.png 768w, https:\/\/dorgisproject.eu\/wp-content\/uploads\/2023\/02\/9SLIDER-780x1536.png 780w, https:\/\/dorgisproject.eu\/wp-content\/uploads\/2023\/02\/9SLIDER-1039x2048.png 1039w, https:\/\/dorgisproject.eu\/wp-content\/uploads\/2023\/02\/9SLIDER.png 1080w\" sizes=\"auto, (max-width: 520px) 100vw, 520px\" \/><\/figure>\n<\/div>\n\n\n<p><strong><strong>2. DIO :EDUKATIVNA IGRA POMO\u0106U AUGMETED REALITY TEHNOLOGIJA<\/strong><br><\/strong>Ovaj dio DORGIS-AR antidopin\u0161ke igre je&nbsp;glavna inovacijana\u0161eg projekta, jer nema druge antidopin\u0161ka mobilna aplikacija koja nudi ovu tehnologiju.<br>DORGIS-AR aplikacija uklju\u010dujeedukaciju Igra pro\u0161irene stvarnosti&nbsp;(AR) podijeljena u dva dijela.<br>AR igra \u0107e uklju\u010divati kori\u0161tenje dva 3D Hologrami (\u017eenski i mu\u0161ki sporta\u0161) s kojima \u0107e u stvarnom vremenu komunicirati korisnik. To zna\u010di da hologram koji je vizualni prikaz 3D model prekriven stvarno\u0161\u0107u (nazvan pro\u0161irena stvarnost) pojavit \u0107e se kroz korisnikov pametni telefon u pravoj rije\u010di korisnika npr. na stolu ispred korisnik, na podu \u0161kolskog razreda ili svla\u010dionice, na nogometnom terenu pored ostalih suigra\u010da itd.<br>Korisnik \u0107e mo\u0107i okrenuti hologram za 360\u00b0, minimiziranje ili maksimiziranje figure i smje\u0161tanje ga na zaslon pametnog telefona gdje \u017eeli. Hologramski sporta\u0161 \u0107e izvesti neku vrstu pokreta u kako bi izgledao jo\u0161 realisti\u010dnije.<br><strong><br><strong>AR IGRA KORAK PO KORAK<\/strong><br><\/strong>Korisnik bira svog sporta\u0161a-avatara (\u017eenskog ili mu\u0161ki), a onda ima dvije opcije:<br>a) Hranite svoj hologram \/avatar zdravim ili ne zdrava hrana pomo\u0107u tehnologije povla\u010denja i ispu\u0161tanja, a zatim pogledajte rezultate njegove izbori o atletskoj izvedbi njegovog avatara u stvarnom vremenu. Tako\u0111er, na mobitelu zaslon \u0107e pop-up tekstovi koji \u0107e objasniti prednosti ili malefic efekte njegovih izbora hrane i ocjene koja \u0107e utjecati na njegov hologram\/ avatarov atletska izvedba;<br><br>b) Odaberite jednu od osnovnih kategorija zabranjenih lijekovi i tvari za pobolj\u0161anje performansi npr.&nbsp;<em>stimulansi, steroidi, hormoni, diuretici, narkotici i kanabinoidi<\/em>i vide njihovustranu u\u010dincina tijelo avatara i atletska izvedba.<strong><br><\/strong>Sporta\u0161i koji koriste anaboli\u010dke steroide mogu se pokazati za primjer jedan od mnogih od sljede\u0107ih:<br><em>-Debljanje-Acne-Gubitak<\/em> kose-Postaje mu\u017eevniji (za \u017eenke) kao \u0161to je tijelo rast kose i produbljivanje glasa<br>&#8211; Razvoj grudi abnormalne veli\u010dine (mu\u017ejaci)<\/p>\n\n\n\n<p><\/p>\n\n\n\n<p><\/p>\n\n\n<div class=\"wp-block-image\">\n<figure class=\"alignleft size-large is-resized\"><img loading=\"lazy\" decoding=\"async\" width=\"529\" height=\"1024\" src=\"https:\/\/dorgisproject.eu\/wp-content\/uploads\/2023\/02\/11SLIDER-529x1024.png\" alt=\"\" class=\"wp-image-8278\" style=\"width:155px;height:auto\" srcset=\"https:\/\/dorgisproject.eu\/wp-content\/uploads\/2023\/02\/11SLIDER-529x1024.png 529w, https:\/\/dorgisproject.eu\/wp-content\/uploads\/2023\/02\/11SLIDER-155x300.png 155w, https:\/\/dorgisproject.eu\/wp-content\/uploads\/2023\/02\/11SLIDER-768x1488.png 768w, https:\/\/dorgisproject.eu\/wp-content\/uploads\/2023\/02\/11SLIDER-793x1536.png 793w, https:\/\/dorgisproject.eu\/wp-content\/uploads\/2023\/02\/11SLIDER-1057x2048.png 1057w, https:\/\/dorgisproject.eu\/wp-content\/uploads\/2023\/02\/11SLIDER.png 1080w\" sizes=\"auto, (max-width: 529px) 100vw, 529px\" \/><\/figure>\n<\/div>\n\n\n<p>Korisnik \u0107e tu \u0161tetu mo\u0107i vidjeti na avatarovo tijelo i shvatite ozbiljne nuspojave koje imaju na sporta\u0161evu organizam, ako napravi sli\u010dan izbor u stvarnom \u017eivotu.<br>Tako\u0111er, na ekranu \u0107e se pojaviti tekstovi koji \u0107e objasniti \u0161tetu koju svaka kategorija zabranjenih lijekova \u010dini na \u010dovjeku tijelo. Npr. Ako korisnik odabere anaboli\u010dke steroide, vidjet \u0107e kako mu hologram raste te\u0161ke akne.<br>Zatim \u0107e uslijediti tekstovi koji obja\u0161njavajuu jednostavan za svoje godine na\u010dindruge nuspojave da avatar \/ sporta\u0161 razvit \u0107e se, ali i ocjena koja \u0107e dugoro\u010dno pokazati koliko dugoro\u010dno na sporta\u0161a \u0107e utjecati uporaba ovih zabranjenih tvari.<br>Vjerujemo da je inovativna pro\u0161irena stvarnost tehnologija koja se koristi, motivirat \u0107e mlade sporta\u0161e da koriste na\u0161u antidopin\u0161ku aplikaciju i imati koristi od ste\u010denog znanja.<br><strong>3. DIO: IGRE&nbsp;OCJENJIVANJA<br><\/strong>Posljednji dio na\u0161e Mobilne igre uklju\u010divat \u0107e evaluacijske interaktivne kvizove<br>s ciljem testiranja ste\u010denog znanja korisnika o dopingu i zdravoj prehrani.<\/p>\n\n\n\n<p><\/p>\n\n\n\n<p><\/p>\n\n\n\n<p><\/p>\n\n\n<div class=\"wp-block-image\">\n<figure class=\"alignleft size-large is-resized\"><img loading=\"lazy\" decoding=\"async\" width=\"527\" height=\"1024\" src=\"https:\/\/dorgisproject.eu\/wp-content\/uploads\/2023\/02\/8SLIDER-527x1024.png\" alt=\"\" class=\"wp-image-8286\" style=\"width:146px;height:auto\" srcset=\"https:\/\/dorgisproject.eu\/wp-content\/uploads\/2023\/02\/8SLIDER-527x1024.png 527w, https:\/\/dorgisproject.eu\/wp-content\/uploads\/2023\/02\/8SLIDER-154x300.png 154w, https:\/\/dorgisproject.eu\/wp-content\/uploads\/2023\/02\/8SLIDER-768x1493.png 768w, https:\/\/dorgisproject.eu\/wp-content\/uploads\/2023\/02\/8SLIDER-790x1536.png 790w, https:\/\/dorgisproject.eu\/wp-content\/uploads\/2023\/02\/8SLIDER-1053x2048.png 1053w, https:\/\/dorgisproject.eu\/wp-content\/uploads\/2023\/02\/8SLIDER.png 1080w\" sizes=\"auto, (max-width: 527px) 100vw, 527px\" \/><\/figure>\n<\/div>\n\n\n<p><strong>A) IZRADITE VLASTITI ZDRAVI DNEVNI JELOVNIK<\/strong><br>Korisnik \u0107e povu\u0107i i ispustiti hranu za stvaranje zdrav dnevni jelovnik, ocijenite se za njegovu izvedbu i procijenite za njegov ste\u010deni znanje.<br>Pravi izbor hrane i hidratacije pove\u0107ava dodaje optimalne sportske performanse i cjelo\u017eivotno zdravlje. Stoga moramo promicati pravilnu prehranu i mora modelirati zdravu hranu i izbor hidratacije za mladi sporta\u0161 kao protute\u017ea prodopin\u0161koj kulturi.<br><br><strong>B) IZRADITE POPIS ZABRANJENIH LIJEKOVA<\/strong>&nbsp;<\/p>\n\n\n\n<p>Korisnik \u0107e upariti i podudarati se kako bi stvorio popis zabranjenih droga, podudaranje kategorija zabranjenih droga s njihovom stranom efekti i biti ocijenjeni za njegovu izvedbu. Korisnik \u0107e se vrednovati kroz ovaj interaktivni kviz za njegovo znanje ste\u010deno u vezi sa zabranjenim drogama i tvari \u010diji je cilj sprije\u010diti kulturu dopinga u rekreacijskom okru\u017eenju.<\/p>\n\n\n\n<p><br><strong>DORGISOVI POMAGA\u010cI<\/strong><\/p>\n\n\n<div class=\"wp-block-image\">\n<figure class=\"alignleft size-full is-resized\"><img loading=\"lazy\" decoding=\"async\" width=\"400\" height=\"300\" src=\"https:\/\/dorgisproject.eu\/wp-content\/uploads\/2023\/02\/shirts.png\" alt=\"\" class=\"wp-image-8294\" style=\"width:280px;height:auto\" srcset=\"https:\/\/dorgisproject.eu\/wp-content\/uploads\/2023\/02\/shirts.png 400w, https:\/\/dorgisproject.eu\/wp-content\/uploads\/2023\/02\/shirts-300x225.png 300w\" sizes=\"auto, (max-width: 400px) 100vw, 400px\" \/><\/figure>\n<\/div>\n\n\n<p>Na kraju utakmice mladi sporta\u0161i s najbolje ocjene i ocjene bit \u0107e dodijeljene tako \u0161to \u0107e postati DORGIS antidopin\u0161ki pomaga\u010di i nosit \u0107e DORGIS-AR majicu. Ovi sporta\u0161i mogu formirati grupu podr\u0161ke za njihov razred ili sportski tim.<br>Tako\u0111er, tijekom posljednjeg dana DORGIS-AR igre, sve sudionici (mladi sporta\u0161i, u\u010ditelji, treneri, roditelji) morat \u0107e zavr\u0161iti kratki obrazac za procjenu materijala.<\/p>\n","protected":false},"excerpt":{"rendered":"<p>KAKO FUNKCIONIRA&nbsp;DIGITALNA IGRA DORGIS-AR Mobilna aplikacija bit \u0107e podijeljena u tri dijela. Svaki dio bit \u0107e dovr\u0161ena tijekom jednog dana, tako da BI DORGIS- AR GETS DIGITAL IGRA trebala trajati ukupno 3 dana.Maksimalno vrijeme za zavr\u0161etak svakog dijela DORGIS-AR igra: 50 min DIO 1:TEST OSOBNOSTI I PROCJENA POSTOJE\u0106EG ZNANJESporta\u0161 \u0107e se prijaviti otvaranjem ra\u010duna pomo\u0107u [&hellip;]<\/p>\n","protected":false},"author":2,"featured_media":4438,"parent":0,"menu_order":0,"comment_status":"closed","ping_status":"closed","template":"","meta":{"_themeisle_gutenberg_block_has_review":false,"footnotes":""},"class_list":["post-5660","page","type-page","status-publish","has-post-thumbnail","hentry"],"_links":{"self":[{"href":"https:\/\/dorgisproject.eu\/hr\/wp-json\/wp\/v2\/pages\/5660","targetHints":{"allow":["GET"]}}],"collection":[{"href":"https:\/\/dorgisproject.eu\/hr\/wp-json\/wp\/v2\/pages"}],"about":[{"href":"https:\/\/dorgisproject.eu\/hr\/wp-json\/wp\/v2\/types\/page"}],"author":[{"embeddable":true,"href":"https:\/\/dorgisproject.eu\/hr\/wp-json\/wp\/v2\/users\/2"}],"replies":[{"embeddable":true,"href":"https:\/\/dorgisproject.eu\/hr\/wp-json\/wp\/v2\/comments?post=5660"}],"version-history":[{"count":18,"href":"https:\/\/dorgisproject.eu\/hr\/wp-json\/wp\/v2\/pages\/5660\/revisions"}],"predecessor-version":[{"id":10709,"href":"https:\/\/dorgisproject.eu\/hr\/wp-json\/wp\/v2\/pages\/5660\/revisions\/10709"}],"wp:featuredmedia":[{"embeddable":true,"href":"https:\/\/dorgisproject.eu\/hr\/wp-json\/wp\/v2\/media\/4438"}],"wp:attachment":[{"href":"https:\/\/dorgisproject.eu\/hr\/wp-json\/wp\/v2\/media?parent=5660"}],"curies":[{"name":"wp","href":"https:\/\/api.w.org\/{rel}","templated":true}]}}