{"id":5654,"date":"2022-08-21T19:31:08","date_gmt":"2022-08-21T19:31:08","guid":{"rendered":"https:\/\/demo.dorgisproject.eu\/bulldog-partnership\/"},"modified":"2025-03-05T23:03:03","modified_gmt":"2025-03-05T23:03:03","slug":"bulldog-partnership","status":"publish","type":"page","link":"https:\/\/dorgisproject.eu\/hr\/bulldog-partnership\/","title":{"rendered":"DORGIS partnerstvo"},"content":{"rendered":"\n<div class=\"wp-block-cover has-parallax\" style=\"min-height:877px;aspect-ratio:unset;\"><span aria-hidden=\"true\" class=\"wp-block-cover__background has-white-background-color has-background-dim-0 has-background-dim\"><\/span><div class=\"wp-block-cover__image-background wp-image-7411 has-parallax\" style=\"background-position:50% 50%;background-image:url(https:\/\/dorgisproject.eu\/wp-content\/uploads\/2023\/02\/meet4.jpg)\"><\/div><div class=\"wp-block-cover__inner-container is-layout-flow wp-block-cover-is-layout-flow\">\n<p class=\"has-text-align-center has-large-font-size\"><\/p>\n<\/div><\/div>\n\n\n\n<h5 class=\"wp-block-heading\">UZ PODR\u0160KU ERASMUS+ SPORT PROGRAMA<\/h5>\n\n\n\n<figure class=\"wp-block-image size-large is-resized\"><img loading=\"lazy\" decoding=\"async\" width=\"1024\" height=\"295\" src=\"https:\/\/dorgisproject.eu\/wp-content\/uploads\/2023\/01\/eu-logo-1024x295.jpg\" alt=\"\" class=\"wp-image-6025\" style=\"width:279px;height:auto\" srcset=\"https:\/\/dorgisproject.eu\/wp-content\/uploads\/2023\/01\/eu-logo-1024x295.jpg 1024w, https:\/\/dorgisproject.eu\/wp-content\/uploads\/2023\/01\/eu-logo-300x86.jpg 300w, https:\/\/dorgisproject.eu\/wp-content\/uploads\/2023\/01\/eu-logo-768x221.jpg 768w, https:\/\/dorgisproject.eu\/wp-content\/uploads\/2023\/01\/eu-logo-1536x442.jpg 1536w, https:\/\/dorgisproject.eu\/wp-content\/uploads\/2023\/01\/eu-logo-2048x590.jpg 2048w, https:\/\/dorgisproject.eu\/wp-content\/uploads\/2023\/01\/eu-logo-1170x337.jpg 1170w\" sizes=\"auto, (max-width: 1024px) 100vw, 1024px\" \/><\/figure>\n\n\n\n<p><\/p>\n\n\n\n<p>Na\u0161 konzorcij uklju\u010duje sve razine obrazovanja, sportske timove i sport udruge.<\/p>\n\n\n\n<ul class=\"wp-block-list\">\n<li><strong>Katolik Sveu\u010dili\u0161te u Valenciji, \u0160panjolska<\/strong>, Fakultet za tjelesnu aktivnost i sport Znanosti (FCCAFD) koje imaju 4 razli\u010dite istra\u017eiva\u010dke skupine u razli\u010ditim temama (Zdravstvena i sportska izvedba, tjelesni odgoj, vanjski i odr\u017eivi razvoj) s vi\u0161e od 40 uklju\u010denih istra\u017eiva\u010da.<\/li>\n\n\n\n<li><strong>CUS Padova<\/strong>, \u0160portski savezSveu\u010dili\u0161ta u Padovi, Italija, vrlo iskusna institucija u promicanju sportskih aktivnosti kao klju\u010dno kulturno i obrazovno sredstvo za u\u010denike, trenere i sveu\u010dili\u0161no osoblje za razvoj transverzalnih i integriranih vje\u0161tina i bilo je podupiranje prakse i \u0161irenja tjelesnog odgoja u sklopu amaterski sportovi. U razvoju svojih aktivnosti Udruga prednosti sponzorstva nekoliko sveu\u010dili\u0161nih odjela i rada unutar sljede\u0107ih mre\u017ea: CUSI (Talijanski sveu\u010dili\u0161ni sportski centar); FISU (Me\u0111unarodna sveu\u010dili\u0161na sportska federacija) i EUSA (europska Sveu\u010dili\u0161ni sportski savez).<\/li>\n\n\n\n<li><strong>Meandros d.o.o.<\/strong>&nbsp;, organizacija iz Atene, Gr\u010dka koja ima dugu tradiciju u razvoju obrazovnih materijala za studente svih dobnih skupina, izdava\u0161tvo znanstvene knjige i digitalni materijali, projektiranje e-platformi i organiziranje sportskih doga\u0111aja.<\/li>\n\n\n\n<li><strong>Associa\u00e7\u00e3o de Futebol de Bragan\u00e7a<\/strong>(Nogometni savez Bragan\u00e7a) iz Portugal, sportski savez, aktivno uklju\u010den u tri sporta, da ima iskustvo u pru\u017eanju sportskih aktivnosti i \u010dlan osoblja iskusni u UEFA-inim dopin\u0161kim kontrolama.<\/li>\n\n\n\n<li>&nbsp;<strong>Stowarzyszenie Dzieci i M\u0142odzie\u017cy KAROL<\/strong> iz Poljske. Udruga djece i mladih &#8211; \u201eKAROL&#8221;. Udruga je izvanredni \u010dlan zapadno pomeranske udruge za promicanje sporta i tjelesne aktivnosti. KAROL je poljska, nevladina i neprofitna organizacija koja prire\u0111uje sportske i rekreacijske te\u010dajeve za djecu i tinejd\u017eere osnovnih i srednjih \u0161kola, kao i ljetne i zimske kampove za skupine u nepovoljnom polo\u017eaju.<\/li>\n\n\n\n<li><strong>Zajednica Sportskih Udruga Grada Rijeke &#8220;Rije\u010dki Sportski savez,<\/strong>&nbsp;iz Hrvatske koja je saveznica svih sportski klubovi unutar Grada Rijeke i promotor je Program sufinanciranja programa javnog sporta u Gradu Rijeci, koji je predstavljen putem Odjela gradske uprave za \u0161port i tehni\u010dku kulturu vladi Grada Rijeke i Gradsko vije\u0107e Rijeke na usvajanje.<\/li>\n<\/ul>\n\n\n\n<p><strong>Koordinator<\/strong>:&nbsp;<strong>Scoala Gimnaziala Rediu,<\/strong>&nbsp;koordinatorica iz Rumunjske, je pru\u017eanje obveznog obrazovanja dugi niz godina i nalazi se na \u010detiri Instalacije. Institucija sura\u0111uje s na\u0161im ciljnim skupinama i ima iskustva u osiguravanju obrazovnog materijala za sve razine obrazovanja i iskustva u osobine li\u010dnosti sporta\u0161a adolescenata.<\/p>\n\n\n\n<p><br><strong>SCOALA GIMNAZIALA REDIU<\/strong><br>SOS. VALEA REDIULUI NR. 342,REDIU<br>707405, RUMUNJSKA<br>Tel-faks: 0232\/253955<br>E-mail: <a rel=\"noreferrer noopener\" href=\"mailto:rediu_school@yahoo.com\" target=\"_blank\">rediu_school@yahoo.com<\/a><\/p>\n\n\n\n<p id=\"block-8c6479a2-4a78-4f56-aa78-22c59c3e15c8\">DIZAJN I RAZVOJ DORGIS APLIKACIJE: TOOL LTD.- GR\u010cKA<\/p>\n\n\n<div class=\"wp-block-image\">\n<figure class=\"alignleft size-full is-resized\"><img loading=\"lazy\" decoding=\"async\" width=\"150\" height=\"151\" src=\"https:\/\/dorgisproject.eu\/wp-content\/uploads\/2022\/08\/5.jpg\" alt=\"\" class=\"wp-image-4925\" style=\"aspect-ratio:0.9905660377358491;width:73px;height:auto\" srcset=\"https:\/\/dorgisproject.eu\/wp-content\/uploads\/2022\/08\/5.jpg 150w, https:\/\/dorgisproject.eu\/wp-content\/uploads\/2022\/08\/5-80x80.jpg 80w\" sizes=\"auto, (max-width: 150px) 100vw, 150px\" \/><\/figure>\n<\/div>\n\n<div class=\"wp-block-image\">\n<figure class=\"alignleft size-full is-resized\"><img loading=\"lazy\" decoding=\"async\" width=\"300\" height=\"92\" src=\"https:\/\/dorgisproject.eu\/wp-content\/uploads\/2022\/08\/6.jpg\" alt=\"\" class=\"wp-image-4928\" style=\"aspect-ratio:3.25;width:173px;height:auto\"\/><\/figure>\n<\/div>\n\n<div class=\"wp-block-image\">\n<figure class=\"alignleft size-full is-resized\"><img loading=\"lazy\" decoding=\"async\" width=\"150\" height=\"157\" src=\"https:\/\/dorgisproject.eu\/wp-content\/uploads\/2022\/08\/3.png\" alt=\"\" class=\"wp-image-4919\" style=\"aspect-ratio:0.9528301886792453;width:71px;height:auto\"\/><\/figure>\n<\/div>\n\n<div class=\"wp-block-image\">\n<figure class=\"alignleft size-large is-resized\"><img loading=\"lazy\" decoding=\"async\" width=\"1024\" height=\"410\" src=\"https:\/\/dorgisproject.eu\/wp-content\/uploads\/2023\/02\/UCV-1024x410.jpg\" alt=\"\" class=\"wp-image-7990\" style=\"aspect-ratio:2.6382978723404253;width:164px;height:auto\" srcset=\"https:\/\/dorgisproject.eu\/wp-content\/uploads\/2023\/02\/UCV-1024x410.jpg 1024w, https:\/\/dorgisproject.eu\/wp-content\/uploads\/2023\/02\/UCV-300x120.jpg 300w, https:\/\/dorgisproject.eu\/wp-content\/uploads\/2023\/02\/UCV-768x308.jpg 768w, https:\/\/dorgisproject.eu\/wp-content\/uploads\/2023\/02\/UCV-1170x469.jpg 1170w, https:\/\/dorgisproject.eu\/wp-content\/uploads\/2023\/02\/UCV.jpg 1370w\" sizes=\"auto, (max-width: 1024px) 100vw, 1024px\" \/><\/figure>\n<\/div>\n\n<div class=\"wp-block-image\">\n<figure class=\"alignleft size-full is-resized\"><img loading=\"lazy\" decoding=\"async\" width=\"150\" height=\"177\" src=\"https:\/\/dorgisproject.eu\/wp-content\/uploads\/2022\/08\/1.png\" alt=\"\" class=\"wp-image-4913\" style=\"aspect-ratio:0.8504672897196262;width:62px;height:auto\"\/><\/figure>\n<\/div>\n\n<div class=\"wp-block-image\">\n<figure class=\"alignleft size-full is-resized\"><img loading=\"lazy\" decoding=\"async\" width=\"250\" height=\"150\" src=\"https:\/\/dorgisproject.eu\/wp-content\/uploads\/2023\/02\/rijeckisportskisavez-1.png\" alt=\"\" class=\"wp-image-7950\" style=\"width:115px;height:auto\"\/><\/figure>\n<\/div>\n\n\n<figure class=\"wp-block-image size-full is-resized\"><img loading=\"lazy\" decoding=\"async\" width=\"960\" height=\"738\" src=\"https:\/\/dorgisproject.eu\/wp-content\/uploads\/2023\/02\/KAROL2.jpg\" alt=\"\" class=\"wp-image-7966\" style=\"width:140px;height:85px\" srcset=\"https:\/\/dorgisproject.eu\/wp-content\/uploads\/2023\/02\/KAROL2.jpg 960w, https:\/\/dorgisproject.eu\/wp-content\/uploads\/2023\/02\/KAROL2-300x231.jpg 300w, https:\/\/dorgisproject.eu\/wp-content\/uploads\/2023\/02\/KAROL2-768x590.jpg 768w\" sizes=\"auto, (max-width: 960px) 100vw, 960px\" \/><\/figure>\n","protected":false},"excerpt":{"rendered":"<p>UZ PODR\u0160KU ERASMUS+ SPORT PROGRAMA Na\u0161 konzorcij uklju\u010duje sve razine obrazovanja, sportske timove i sport udruge. Koordinator:&nbsp;Scoala Gimnaziala Rediu,&nbsp;koordinatorica iz Rumunjske, je pru\u017eanje obveznog obrazovanja dugi niz godina i nalazi se na \u010detiri Instalacije. Institucija sura\u0111uje s na\u0161im ciljnim skupinama i ima iskustva u osiguravanju obrazovnog materijala za sve razine obrazovanja i iskustva u osobine [&hellip;]<\/p>\n","protected":false},"author":3,"featured_media":0,"parent":0,"menu_order":0,"comment_status":"closed","ping_status":"closed","template":"","meta":{"_themeisle_gutenberg_block_has_review":false,"footnotes":""},"class_list":["post-5654","page","type-page","status-publish","hentry"],"_links":{"self":[{"href":"https:\/\/dorgisproject.eu\/hr\/wp-json\/wp\/v2\/pages\/5654","targetHints":{"allow":["GET"]}}],"collection":[{"href":"https:\/\/dorgisproject.eu\/hr\/wp-json\/wp\/v2\/pages"}],"about":[{"href":"https:\/\/dorgisproject.eu\/hr\/wp-json\/wp\/v2\/types\/page"}],"author":[{"embeddable":true,"href":"https:\/\/dorgisproject.eu\/hr\/wp-json\/wp\/v2\/users\/3"}],"replies":[{"embeddable":true,"href":"https:\/\/dorgisproject.eu\/hr\/wp-json\/wp\/v2\/comments?post=5654"}],"version-history":[{"count":31,"href":"https:\/\/dorgisproject.eu\/hr\/wp-json\/wp\/v2\/pages\/5654\/revisions"}],"predecessor-version":[{"id":10778,"href":"https:\/\/dorgisproject.eu\/hr\/wp-json\/wp\/v2\/pages\/5654\/revisions\/10778"}],"wp:attachment":[{"href":"https:\/\/dorgisproject.eu\/hr\/wp-json\/wp\/v2\/media?parent=5654"}],"curies":[{"name":"wp","href":"https:\/\/api.w.org\/{rel}","templated":true}]}}