{"id":10129,"date":"2023-10-27T11:16:50","date_gmt":"2023-10-27T11:16:50","guid":{"rendered":"https:\/\/dorgisproject.eu\/collaborators\/"},"modified":"2024-05-13T17:16:18","modified_gmt":"2024-05-13T17:16:18","slug":"collaborators","status":"publish","type":"page","link":"https:\/\/dorgisproject.eu\/hr\/collaborators\/","title":{"rendered":"Suradnici"},"content":{"rendered":"\n<figure class=\"wp-block-image size-full\"><img loading=\"lazy\" decoding=\"async\" width=\"94\" height=\"98\" src=\"https:\/\/dorgisproject.eu\/wp-content\/uploads\/2023\/10\/hs57su.jpg\" alt=\"\" class=\"wp-image-10119\"\/><\/figure>\n\n\n\n<p>ES BOT\u00c0NIC CAVANILLES je srednjo\u0161kolski institut iz Valencije u \u0160panjolskoj koji je sudjelovao u pilot primjeni aplikacije DORGIS i uklju\u010dio je DORGIS AR u sadr\u017eaj nastave tjelesnog odgoja za u\u010denike od 12 do 16 godina.<\/p>\n\n\n\n<p><a href=\"https:\/\/portal.edu.gva.es\/iesbotanic\/es\/inicio\/\">https:\/\/portal.edu.gva.es\/iesbotanic\/es\/inicio\/<\/a><\/p>\n\n\n\n<p><\/p>\n\n\n\n<figure class=\"wp-block-image size-full\"><img loading=\"lazy\" decoding=\"async\" width=\"200\" height=\"103\" src=\"https:\/\/dorgisproject.eu\/wp-content\/uploads\/2023\/11\/godik2-7.jpg\" alt=\"\" class=\"wp-image-10234\"\/><\/figure>\n\n\n\n<p><strong><strong>GOBIK<\/strong><\/strong><\/p>\n\n\n\n<figure class=\"wp-block-image size-full is-resized\"><img loading=\"lazy\" decoding=\"async\" width=\"526\" height=\"692\" src=\"https:\/\/dorgisproject.eu\/wp-content\/uploads\/2023\/12\/\u0391\u03c1\u03c7\u03b5\u03af\u03bf-\u03b5\u03b9\u03ba\u03cc\u03bd\u03b1\u03c2-WhatsApp-2023-12-20-\u03c3\u03c4\u03b9\u03c2-13.47.54_52a63577-8.jpg\" alt=\"\" class=\"wp-image-10333\" style=\"width:144px;height:auto\" srcset=\"https:\/\/dorgisproject.eu\/wp-content\/uploads\/2023\/12\/\u0391\u03c1\u03c7\u03b5\u03af\u03bf-\u03b5\u03b9\u03ba\u03cc\u03bd\u03b1\u03c2-WhatsApp-2023-12-20-\u03c3\u03c4\u03b9\u03c2-13.47.54_52a63577-8.jpg 526w, https:\/\/dorgisproject.eu\/wp-content\/uploads\/2023\/12\/\u0391\u03c1\u03c7\u03b5\u03af\u03bf-\u03b5\u03b9\u03ba\u03cc\u03bd\u03b1\u03c2-WhatsApp-2023-12-20-\u03c3\u03c4\u03b9\u03c2-13.47.54_52a63577-8-228x300.jpg 228w\" sizes=\"auto, (max-width: 526px) 100vw, 526px\" \/><\/figure>\n\n\n\n<p><strong>AEL<\/strong><\/p>\n\n\n\n<figure class=\"wp-block-image size-full is-resized\"><img loading=\"lazy\" decoding=\"async\" width=\"608\" height=\"372\" src=\"https:\/\/dorgisproject.eu\/wp-content\/uploads\/2024\/05\/logo-1-6.png\" alt=\"\" class=\"wp-image-10456\" style=\"width:182px;height:auto\" srcset=\"https:\/\/dorgisproject.eu\/wp-content\/uploads\/2024\/05\/logo-1-6.png 608w, https:\/\/dorgisproject.eu\/wp-content\/uploads\/2024\/05\/logo-1-6-300x184.png 300w\" sizes=\"auto, (max-width: 608px) 100vw, 608px\" \/><\/figure>\n\n\n\n<p><strong>Castillo de Onda Team Cycling<\/strong><\/p>\n\n\n\n<figure class=\"wp-block-image size-full is-resized\"><img loading=\"lazy\" decoding=\"async\" width=\"225\" height=\"225\" src=\"https:\/\/dorgisproject.eu\/wp-content\/uploads\/2024\/05\/logo-cea-betera.png\" alt=\"\" class=\"wp-image-10371\" style=\"width:150px;height:auto\" srcset=\"https:\/\/dorgisproject.eu\/wp-content\/uploads\/2024\/05\/logo-cea-betera.png 225w, https:\/\/dorgisproject.eu\/wp-content\/uploads\/2024\/05\/logo-cea-betera-150x150.png 150w, https:\/\/dorgisproject.eu\/wp-content\/uploads\/2024\/05\/logo-cea-betera-80x80.png 80w\" sizes=\"auto, (max-width: 225px) 100vw, 225px\" \/><\/figure>\n\n\n\n<p><strong>CEA B\u00e9tera<\/strong><\/p>\n\n\n\n<figure class=\"wp-block-image size-full is-resized\"><img loading=\"lazy\" decoding=\"async\" width=\"225\" height=\"225\" src=\"https:\/\/dorgisproject.eu\/wp-content\/uploads\/2024\/05\/paiporta-cf.jpg\" alt=\"\" class=\"wp-image-10379\" style=\"width:151px;height:auto\" srcset=\"https:\/\/dorgisproject.eu\/wp-content\/uploads\/2024\/05\/paiporta-cf.jpg 225w, https:\/\/dorgisproject.eu\/wp-content\/uploads\/2024\/05\/paiporta-cf-150x150.jpg 150w, https:\/\/dorgisproject.eu\/wp-content\/uploads\/2024\/05\/paiporta-cf-80x80.jpg 80w\" sizes=\"auto, (max-width: 225px) 100vw, 225px\" \/><\/figure>\n\n\n\n<p><strong>Paiporta CF <\/strong><\/p>\n\n\n\n<figure class=\"wp-block-image size-large is-resized\"><img loading=\"lazy\" decoding=\"async\" width=\"1024\" height=\"307\" src=\"https:\/\/dorgisproject.eu\/wp-content\/uploads\/2024\/05\/Sumistock-1-1024x307.jpeg\" alt=\"\" class=\"wp-image-10387\" style=\"width:231px;height:auto\" srcset=\"https:\/\/dorgisproject.eu\/wp-content\/uploads\/2024\/05\/Sumistock-1-1024x307.jpeg 1024w, https:\/\/dorgisproject.eu\/wp-content\/uploads\/2024\/05\/Sumistock-1-300x90.jpeg 300w, https:\/\/dorgisproject.eu\/wp-content\/uploads\/2024\/05\/Sumistock-1-768x230.jpeg 768w, https:\/\/dorgisproject.eu\/wp-content\/uploads\/2024\/05\/Sumistock-1-1170x350.jpeg 1170w, https:\/\/dorgisproject.eu\/wp-content\/uploads\/2024\/05\/Sumistock-1.jpeg 1309w\" sizes=\"auto, (max-width: 1024px) 100vw, 1024px\" \/><\/figure>\n\n\n\n<p><strong>Sumistock-Sepelaco Team Cycling<\/strong><\/p>\n\n\n\n<figure class=\"wp-block-image size-large is-resized\"><img loading=\"lazy\" decoding=\"async\" width=\"1024\" height=\"1024\" src=\"https:\/\/dorgisproject.eu\/wp-content\/uploads\/2024\/05\/logo-torrent-1024x1024.jpg\" alt=\"\" class=\"wp-image-10363\" style=\"width:167px;height:auto\" srcset=\"https:\/\/dorgisproject.eu\/wp-content\/uploads\/2024\/05\/logo-torrent-1024x1024.jpg 1024w, https:\/\/dorgisproject.eu\/wp-content\/uploads\/2024\/05\/logo-torrent-300x300.jpg 300w, https:\/\/dorgisproject.eu\/wp-content\/uploads\/2024\/05\/logo-torrent-150x150.jpg 150w, https:\/\/dorgisproject.eu\/wp-content\/uploads\/2024\/05\/logo-torrent-768x768.jpg 768w, https:\/\/dorgisproject.eu\/wp-content\/uploads\/2024\/05\/logo-torrent-80x80.jpg 80w, https:\/\/dorgisproject.eu\/wp-content\/uploads\/2024\/05\/logo-torrent-430x430.jpg 430w, https:\/\/dorgisproject.eu\/wp-content\/uploads\/2024\/05\/logo-torrent-560x560.jpg 560w, https:\/\/dorgisproject.eu\/wp-content\/uploads\/2024\/05\/logo-torrent.jpg 1080w\" sizes=\"auto, (max-width: 1024px) 100vw, 1024px\" \/><\/figure>\n\n\n\n<p><strong>Torrent CF<\/strong><\/p>\n","protected":false},"excerpt":{"rendered":"<p>ES BOT\u00c0NIC CAVANILLES je srednjo\u0161kolski institut iz Valencije u \u0160panjolskoj koji je sudjelovao u pilot primjeni aplikacije DORGIS i uklju\u010dio je DORGIS AR u sadr\u017eaj nastave tjelesnog odgoja za u\u010denike od 12 do 16 godina. https:\/\/portal.edu.gva.es\/iesbotanic\/es\/inicio\/ GOBIK AEL Castillo de Onda Team Cycling CEA B\u00e9tera Paiporta CF Sumistock-Sepelaco Team Cycling Torrent CF<\/p>\n","protected":false},"author":3,"featured_media":0,"parent":0,"menu_order":0,"comment_status":"closed","ping_status":"closed","template":"","meta":{"_themeisle_gutenberg_block_has_review":false,"footnotes":""},"class_list":["post-10129","page","type-page","status-publish","hentry"],"_links":{"self":[{"href":"https:\/\/dorgisproject.eu\/hr\/wp-json\/wp\/v2\/pages\/10129","targetHints":{"allow":["GET"]}}],"collection":[{"href":"https:\/\/dorgisproject.eu\/hr\/wp-json\/wp\/v2\/pages"}],"about":[{"href":"https:\/\/dorgisproject.eu\/hr\/wp-json\/wp\/v2\/types\/page"}],"author":[{"embeddable":true,"href":"https:\/\/dorgisproject.eu\/hr\/wp-json\/wp\/v2\/users\/3"}],"replies":[{"embeddable":true,"href":"https:\/\/dorgisproject.eu\/hr\/wp-json\/wp\/v2\/comments?post=10129"}],"version-history":[{"count":8,"href":"https:\/\/dorgisproject.eu\/hr\/wp-json\/wp\/v2\/pages\/10129\/revisions"}],"predecessor-version":[{"id":10476,"href":"https:\/\/dorgisproject.eu\/hr\/wp-json\/wp\/v2\/pages\/10129\/revisions\/10476"}],"wp:attachment":[{"href":"https:\/\/dorgisproject.eu\/hr\/wp-json\/wp\/v2\/media?parent=10129"}],"curies":[{"name":"wp","href":"https:\/\/api.w.org\/{rel}","templated":true}]}}