{"id":5755,"date":"2022-07-28T22:00:49","date_gmt":"2022-07-28T22:00:49","guid":{"rendered":"https:\/\/demo.dorgisproject.eu\/bulldog-demo\/"},"modified":"2023-02-07T17:51:18","modified_gmt":"2023-02-07T17:51:18","slug":"bulldog-demo","status":"publish","type":"page","link":"https:\/\/dorgisproject.eu\/es\/bulldog-demo\/","title":{"rendered":"DORGIS Demo"},"content":{"rendered":"\n<figure class=\"wp-block-embed is-type-video is-provider-youtube wp-block-embed-youtube wp-embed-aspect-16-9 wp-has-aspect-ratio\"><div class=\"wp-block-embed__wrapper\">\n<iframe loading=\"lazy\" title=\"DORGIS AR- DEMO\" width=\"1080\" height=\"608\" src=\"https:\/\/www.youtube.com\/embed\/AH87leliSmk?feature=oembed\" frameborder=\"0\" allow=\"accelerometer; autoplay; clipboard-write; encrypted-media; gyroscope; picture-in-picture; web-share\" allowfullscreen><\/iframe>\n<\/div><\/figure>\n\n\n\n<p>El proyecto DORGIS ha sido cofinanciado por el programa ERASMUS+ SPORT de la Uni\u00f3n Europea.<\/p>\n\n\n\n<p>DORGIS tiene como objetivo combatir el dopaje en el contexto del deporte recreativo, informar, educar y motivar a los j\u00f3venes deportistas de 9 a 16 a\u00f1os, a los profesores\/entrenadores deportivos y a los padres contra el uso de drogas y sustancias prohibidas que pueden afectar a la salud de los atletas y da\u00f1ar la integridad del deporte.<\/p>\n\n\n\n<p>DORGIS pretende fomentar y promover el esp\u00edritu deportivo y la dieta saludable en contraposici\u00f3n a la cultura pro-dopaje utilizando la moderna tecnolog\u00eda m\u00f3vil y las actividades antidopaje en los espacios deportivos.<\/p>\n\n\n\n<p>El proyecto ha desarrollado un innovador juego antidopaje que utiliza por primera vez la tecnolog\u00eda de realidad aumentada con el objetivo de aclarar la naturaleza precisa de los riesgos que plantea el dopaje y, al mismo tiempo, promover la \u00e9tica del deporte y la nutrici\u00f3n saludable.<\/p>\n\n\n\n<p>Para el proyecto ha trabajado personal experimentado de todos los niveles de educaci\u00f3n, asociaciones deportivas y equipos deportivos de Ruman\u00eda, Grecia, Italia, Espa\u00f1a, Portugal, Polonia &nbsp;y Croacia.<\/p>\n\n\n\n<p><\/p>\n","protected":false},"excerpt":{"rendered":"<p>El proyecto DORGIS ha sido cofinanciado por el programa ERASMUS+ SPORT de la Uni\u00f3n Europea. DORGIS tiene como objetivo combatir el dopaje en el contexto del deporte recreativo, informar, educar y motivar a los j\u00f3venes deportistas de 9 a 16 a\u00f1os, a los profesores\/entrenadores deportivos y a los padres contra el uso de drogas y [&hellip;]<\/p>\n","protected":false},"author":3,"featured_media":0,"parent":0,"menu_order":0,"comment_status":"closed","ping_status":"closed","template":"","meta":{"_themeisle_gutenberg_block_has_review":false,"footnotes":""},"class_list":["post-5755","page","type-page","status-publish","hentry"],"_links":{"self":[{"href":"https:\/\/dorgisproject.eu\/es\/wp-json\/wp\/v2\/pages\/5755","targetHints":{"allow":["GET"]}}],"collection":[{"href":"https:\/\/dorgisproject.eu\/es\/wp-json\/wp\/v2\/pages"}],"about":[{"href":"https:\/\/dorgisproject.eu\/es\/wp-json\/wp\/v2\/types\/page"}],"author":[{"embeddable":true,"href":"https:\/\/dorgisproject.eu\/es\/wp-json\/wp\/v2\/users\/3"}],"replies":[{"embeddable":true,"href":"https:\/\/dorgisproject.eu\/es\/wp-json\/wp\/v2\/comments?post=5755"}],"version-history":[{"count":5,"href":"https:\/\/dorgisproject.eu\/es\/wp-json\/wp\/v2\/pages\/5755\/revisions"}],"predecessor-version":[{"id":9404,"href":"https:\/\/dorgisproject.eu\/es\/wp-json\/wp\/v2\/pages\/5755\/revisions\/9404"}],"wp:attachment":[{"href":"https:\/\/dorgisproject.eu\/es\/wp-json\/wp\/v2\/media?parent=5755"}],"curies":[{"name":"wp","href":"https:\/\/api.w.org\/{rel}","templated":true}]}}