{"id":5714,"date":"2022-07-29T13:43:16","date_gmt":"2022-07-29T13:43:16","guid":{"rendered":"https:\/\/demo.dorgisproject.eu\/our-goals\/"},"modified":"2025-03-05T20:27:53","modified_gmt":"2025-03-05T20:27:53","slug":"our-goals","status":"publish","type":"page","link":"https:\/\/dorgisproject.eu\/es\/our-goals\/","title":{"rendered":"Objetivos"},"content":{"rendered":"\n<div class=\"wp-block-cover has-parallax\"><span aria-hidden=\"true\" class=\"wp-block-cover__background has-white-background-color has-background-dim-0 has-background-dim\"><\/span><div class=\"wp-block-cover__image-background wp-image-7279 has-parallax\" style=\"background-position:50% 50%;background-image:url(https:\/\/dorgisproject.eu\/wp-content\/uploads\/2023\/02\/nodoping-1.jpg)\"><\/div><div class=\"wp-block-cover__inner-container is-layout-flow wp-block-cover-is-layout-flow\">\n<p class=\"has-text-align-center has-large-font-size\"><\/p>\n<\/div><\/div>\n\n\n\n<p>DORGIS-AR tiene como objetivos<\/p>\n\n\n\n<ol style=\"list-style-type:lower-alpha\" class=\"wp-block-list\">\n<li>Inculcar una cultura de deporte limpio garantizando que los j\u00f3venes deportistas y el personal de apoyo a los deportistas comprendan y practiquen los valores del juego limpio.<\/li>\n\n\n\n<li>Mejorar la \u00e9tica y la integridad en el deporte.<\/li>\n\n\n\n<li>Contribuir a la prevenci\u00f3n del dopaje en el deporte recreativo.<\/li>\n\n\n\n<li>Informar, educar y motivar a los j\u00f3venes deportistas y a los profesores\/entrenadores deportivos sobre los peligros relacionados con el uso de drogas y sustancias prohibidas.<\/li>\n\n\n\n<li>Contribuir a la promoci\u00f3n de una nutrici\u00f3n saludable como alternativa a la cultura pro-dopaje en el deporte recreativo.<\/li>\n\n\n\n<li>Sensibilizar a los padres de los j\u00f3venes deportistas sobre el creciente y problem\u00e1tico fen\u00f3meno del dopaje fuera de los sistemas deportivos de \u00e9lite y de competici\u00f3n, que se puede estar convirtiendo en un grave problema social y de salud p\u00fablica.<\/li>\n\n\n\n<li>Familiarizar a la poblaci\u00f3n deportiva en general con la legislaci\u00f3n, el c\u00f3digo de la AMA, la lista de sustancias prohibidas y los procedimientos de control.<br><\/li>\n<\/ol>\n\n\n\n<p><\/p>\n\n\n\n<figure class=\"wp-block-image size-full is-resized\"><img loading=\"lazy\" decoding=\"async\" width=\"710\" height=\"357\" src=\"https:\/\/dorgisproject.eu\/wp-content\/uploads\/2023\/02\/DORGIS-LOGO-TRANSPARENT-1.png\" alt=\"\" class=\"wp-image-7868\" style=\"width:252px;height:auto\" srcset=\"https:\/\/dorgisproject.eu\/wp-content\/uploads\/2023\/02\/DORGIS-LOGO-TRANSPARENT-1.png 710w, https:\/\/dorgisproject.eu\/wp-content\/uploads\/2023\/02\/DORGIS-LOGO-TRANSPARENT-1-300x151.png 300w\" sizes=\"auto, (max-width: 710px) 100vw, 710px\" \/><\/figure>\n\n\n\n<p><\/p>\n\n\n\n<p><strong><strong>GRUPOS A LOS QUE VA DIRIGIDO<\/strong><\/strong><\/p>\n\n\n\n<ul class=\"wp-block-list\">\n<li>J\u00f3venes deportistas de 9 a 16 a\u00f1os que participan en deporte recreativo, principalmente en equipos escolares\/universitarios, equipos deportivos amateurs y asociaciones deportivas, etc. de los siete pa\u00edses participantes: Ruman\u00eda, Grecia, Italia, Espa\u00f1a, Portugal, Polonia y Croacia.<\/li>\n\n\n\n<li>Profesores\/entrenadores, personal m\u00e9dico de los equipos de los atletas mencionados;<\/li>\n\n\n\n<li>Padres \/Madres \/ Tutores de j\u00f3venes deportistas y poblaci\u00f3n deportiva en general.<\/li>\n<\/ul>\n\n\n\n<p><\/p>\n","protected":false},"excerpt":{"rendered":"<p>DORGIS-AR tiene como objetivos GRUPOS A LOS QUE VA DIRIGIDO<\/p>\n","protected":false},"author":2,"featured_media":0,"parent":0,"menu_order":0,"comment_status":"closed","ping_status":"closed","template":"","meta":{"_themeisle_gutenberg_block_has_review":false,"footnotes":""},"class_list":["post-5714","page","type-page","status-publish","hentry"],"_links":{"self":[{"href":"https:\/\/dorgisproject.eu\/es\/wp-json\/wp\/v2\/pages\/5714","targetHints":{"allow":["GET"]}}],"collection":[{"href":"https:\/\/dorgisproject.eu\/es\/wp-json\/wp\/v2\/pages"}],"about":[{"href":"https:\/\/dorgisproject.eu\/es\/wp-json\/wp\/v2\/types\/page"}],"author":[{"embeddable":true,"href":"https:\/\/dorgisproject.eu\/es\/wp-json\/wp\/v2\/users\/2"}],"replies":[{"embeddable":true,"href":"https:\/\/dorgisproject.eu\/es\/wp-json\/wp\/v2\/comments?post=5714"}],"version-history":[{"count":11,"href":"https:\/\/dorgisproject.eu\/es\/wp-json\/wp\/v2\/pages\/5714\/revisions"}],"predecessor-version":[{"id":10739,"href":"https:\/\/dorgisproject.eu\/es\/wp-json\/wp\/v2\/pages\/5714\/revisions\/10739"}],"wp:attachment":[{"href":"https:\/\/dorgisproject.eu\/es\/wp-json\/wp\/v2\/media?parent=5714"}],"curies":[{"name":"wp","href":"https:\/\/api.w.org\/{rel}","templated":true}]}}