{"id":5674,"date":"2022-07-29T15:27:00","date_gmt":"2022-07-29T15:27:00","guid":{"rendered":"https:\/\/demo.dorgisproject.eu\/intellectual-outputs\/"},"modified":"2025-03-05T23:34:38","modified_gmt":"2025-03-05T23:34:38","slug":"intellectual-outputs","status":"publish","type":"page","link":"https:\/\/dorgisproject.eu\/es\/intellectual-outputs\/","title":{"rendered":"Resultados y productos"},"content":{"rendered":"\n<div class=\"wp-block-cover is-light has-parallax\"><span aria-hidden=\"true\" class=\"wp-block-cover__background has-white-background-color has-background-dim-0 has-background-dim\"><\/span><div class=\"wp-block-cover__image-background wp-image-7464 has-parallax\" style=\"background-position:50% 50%;background-image:url(https:\/\/dorgisproject.eu\/wp-content\/uploads\/2023\/02\/PISINA1.jpg)\"><\/div><div class=\"wp-block-cover__inner-container is-layout-flow wp-block-cover-is-layout-flow\">\n<p class=\"has-text-align-center has-large-font-size\">&nbsp;<\/p>\n<\/div><\/div>\n\n\n\n<p>&nbsp;El juego DORGIS se realizar\u00e1 en tres fases que emplear\u00e1n:<\/p>\n\n\n<div class=\"wp-block-image\">\n<figure class=\"alignleft size-large is-resized\"><img loading=\"lazy\" decoding=\"async\" width=\"1024\" height=\"512\" src=\"https:\/\/demo.dorgisproject.eu\/wp-content\/uploads\/2023\/02\/APPS-1024x512.jpg\" alt=\"\" class=\"wp-image-7474\" style=\"width:256px;height:128px\" srcset=\"https:\/\/dorgisproject.eu\/wp-content\/uploads\/2023\/02\/APPS-1024x512.jpg 1024w, https:\/\/dorgisproject.eu\/wp-content\/uploads\/2023\/02\/APPS-300x150.jpg 300w, https:\/\/dorgisproject.eu\/wp-content\/uploads\/2023\/02\/APPS-768x384.jpg 768w, https:\/\/dorgisproject.eu\/wp-content\/uploads\/2023\/02\/APPS-1170x585.jpg 1170w, https:\/\/dorgisproject.eu\/wp-content\/uploads\/2023\/02\/APPS.jpg 1200w\" sizes=\"auto, (max-width: 1024px) 100vw, 1024px\" \/><\/figure>\n<\/div>\n\n\n<p>a) Actividad f\u00edsica,<\/p>\n\n\n\n<p>b) Tecnolog\u00eda m\u00f3vil innovadora y<\/p>\n\n\n\n<p>c) Soporte de m\u00f3dulos en plataforma electr\u00f3nica.<\/p>\n\n\n\n<p><\/p>\n\n\n\n<p><strong>1\u00aa fase del Juego: <\/strong>desarrollaremos 70 juegos y actividades educativas antidopaje con el objetivo de ense\u00f1ar a los j\u00f3venes deportistas la importancia de la \u00e9tica y la integridad del deporte.<\/p>\n\n\n\n<p><strong>2\u00aa fase del Juego<\/strong>: Desarrollaremos una innovadora aplicaci\u00f3n m\u00f3vil en ocho versiones ling\u00fc\u00edsticas (Ingl\u00e9s, Rumano, Griego, Italiano, Espa\u00f1ol, Portugu\u00e9s, Polaco y Croata) con el objetivo de:<\/p>\n\n\n\n<p>a) hacer hincapi\u00e9 en los peligrosos efectos secundarios de las drogas prohibidas mediante el uso de la Realidad Aumentada Hologr\u00e1fica y<\/p>\n\n\n\n<p>b) educar sobre la alimentaci\u00f3n saludable como alternativa al consumo de sustancias ilegales.<\/p>\n\n\n<div class=\"wp-block-image\">\n<figure class=\"alignleft size-large is-resized\"><img loading=\"lazy\" decoding=\"async\" width=\"461\" height=\"1024\" src=\"https:\/\/demo.dorgisproject.eu\/wp-content\/uploads\/2023\/02\/Screenshot_20220312-131135_Dorgis-AR-461x1024.jpg\" alt=\"\" class=\"wp-image-8218\" style=\"width:231px;height:512px\" srcset=\"https:\/\/dorgisproject.eu\/wp-content\/uploads\/2023\/02\/Screenshot_20220312-131135_Dorgis-AR-461x1024.jpg 461w, https:\/\/dorgisproject.eu\/wp-content\/uploads\/2023\/02\/Screenshot_20220312-131135_Dorgis-AR-135x300.jpg 135w, https:\/\/dorgisproject.eu\/wp-content\/uploads\/2023\/02\/Screenshot_20220312-131135_Dorgis-AR-768x1707.jpg 768w, https:\/\/dorgisproject.eu\/wp-content\/uploads\/2023\/02\/Screenshot_20220312-131135_Dorgis-AR-691x1536.jpg 691w, https:\/\/dorgisproject.eu\/wp-content\/uploads\/2023\/02\/Screenshot_20220312-131135_Dorgis-AR-922x2048.jpg 922w, https:\/\/dorgisproject.eu\/wp-content\/uploads\/2023\/02\/Screenshot_20220312-131135_Dorgis-AR.jpg 1080w\" sizes=\"auto, (max-width: 461px) 100vw, 461px\" \/><\/figure>\n<\/div>\n\n\n<p><strong>Tecnolog\u00eda de Realidad Aumentada:<\/strong> Desarrollaremos dos hologramas (modelos 3D de atletas masculinos y femeninos) que en tiempo real har\u00e1n el juego m\u00e1s emocionante y actual y har\u00e1n visibles a los usuarios los efectos secundarios que las drogas y sustancias prohibidas pueden causar en su cuerpo.<\/p>\n\n\n\n<p>Combinaremos la educaci\u00f3n con el entretenimiento, con el objetivo de motivar y atraer al mayor n\u00famero posible de j\u00f3venes deportistas para que utilicen las aplicaciones y se beneficien de este contenido educativo.<\/p>\n\n\n\n<p><strong>3\u00aa fase del juego:<\/strong> Desarrollaremos una plataforma electr\u00f3nica en Moodle con 42 m\u00f3dulos que ense\u00f1ar\u00e1n a los profesores\/entrenadores a identificar a los deportistas vulnerables al dopaje, a entender los signos de dopaje, a promover el C\u00f3digo Anti-Dopaje de la AMA, la lista de prohibiciones y los procedimientos legales.<\/p>\n\n\n\n<p>Adem\u00e1s, nuestro proyecto apoyar\u00e1 a los padres de los deportistas y aumentar\u00e1 la concienciaci\u00f3n a trav\u00e9s de cuatro eventos de promoci\u00f3n y muchas otras actividades de difusi\u00f3n que tendr\u00e1n lugar en siete pa\u00edses de la UE.<\/p>\n","protected":false},"excerpt":{"rendered":"<p>&nbsp;El juego DORGIS se realizar\u00e1 en tres fases que emplear\u00e1n: a) Actividad f\u00edsica, b) Tecnolog\u00eda m\u00f3vil innovadora y c) Soporte de m\u00f3dulos en plataforma electr\u00f3nica. 1\u00aa fase del Juego: desarrollaremos 70 juegos y actividades educativas antidopaje con el objetivo de ense\u00f1ar a los j\u00f3venes deportistas la importancia de la \u00e9tica y la integridad del deporte. [&hellip;]<\/p>\n","protected":false},"author":3,"featured_media":0,"parent":0,"menu_order":0,"comment_status":"closed","ping_status":"closed","template":"","meta":{"_themeisle_gutenberg_block_has_review":false,"footnotes":""},"class_list":["post-5674","page","type-page","status-publish","hentry"],"_links":{"self":[{"href":"https:\/\/dorgisproject.eu\/es\/wp-json\/wp\/v2\/pages\/5674","targetHints":{"allow":["GET"]}}],"collection":[{"href":"https:\/\/dorgisproject.eu\/es\/wp-json\/wp\/v2\/pages"}],"about":[{"href":"https:\/\/dorgisproject.eu\/es\/wp-json\/wp\/v2\/types\/page"}],"author":[{"embeddable":true,"href":"https:\/\/dorgisproject.eu\/es\/wp-json\/wp\/v2\/users\/3"}],"replies":[{"embeddable":true,"href":"https:\/\/dorgisproject.eu\/es\/wp-json\/wp\/v2\/comments?post=5674"}],"version-history":[{"count":13,"href":"https:\/\/dorgisproject.eu\/es\/wp-json\/wp\/v2\/pages\/5674\/revisions"}],"predecessor-version":[{"id":10794,"href":"https:\/\/dorgisproject.eu\/es\/wp-json\/wp\/v2\/pages\/5674\/revisions\/10794"}],"wp:attachment":[{"href":"https:\/\/dorgisproject.eu\/es\/wp-json\/wp\/v2\/media?parent=5674"}],"curies":[{"name":"wp","href":"https:\/\/api.w.org\/{rel}","templated":true}]}}