{"id":5668,"date":"2022-08-20T17:29:46","date_gmt":"2022-08-20T17:29:46","guid":{"rendered":"https:\/\/demo.dorgisproject.eu\/instructions-for-bulldog-app\/"},"modified":"2025-03-06T00:00:39","modified_gmt":"2025-03-06T00:00:39","slug":"instructions-for-bulldog-app","status":"publish","type":"page","link":"https:\/\/dorgisproject.eu\/es\/instructions-for-bulldog-app\/","title":{"rendered":"Instrucciones de la app DORGIS"},"content":{"rendered":"\n<div class=\"wp-block-cover aligncenter is-light has-parallax is-repeated has-medium-font-size\" style=\"min-height:375px;aspect-ratio:unset;\"><span aria-hidden=\"true\" class=\"wp-block-cover__background has-white-background-color has-background-dim-0 has-background-dim\"><\/span><div class=\"wp-block-cover__image-background wp-image-7702 has-parallax is-repeated\" style=\"background-position:50% 50%;background-image:url(https:\/\/dorgisproject.eu\/wp-content\/uploads\/2023\/02\/MARK3-copy-scaled.jpg)\"><\/div><div class=\"wp-block-cover__inner-container is-layout-flow wp-block-cover-is-layout-flow\">\n<p class=\"has-text-align-center has-medium-font-size\"><\/p>\n<\/div><\/div>\n\n\n\n<p class=\"ticss-082b81de\"><\/p>\n\n\n\n<p><strong>INSTRUCCIONES DE LA APP DORGIS<\/strong><\/p>\n\n\n\n<p>SOBRE EL TABLERO (DASHBOARD)<\/p>\n\n\n\n<p>El dashboard se encuentra en:<\/p>\n\n\n\n<p><a href=\"https:\/\/dashboard.dorgisproject.eu\/\">https:\/\/dashboard.dorgisproject.eu\/<\/a><\/p>\n\n\n\n<p>1. La primera vez que utilices la app, deber\u00e1s registrarte<\/p>\n\n\n\n<p>2. Recibir\u00e1s un correo electr\u00f3nico de verificaci\u00f3n con una contrase\u00f1a que utilizar\u00e1s la primera vez que te conectes (mira tambi\u00e9n en el correo no deseado- SPAM)<\/p>\n\n\n\n<p>3. Luego, vas a NUEVO JUEGO<\/p>\n\n\n\n<p>4. Le pones un nombre al juego que has creado<\/p>\n\n\n\n<p>5. Si pulsas sobre los JUGADORES, entonces aparecen todos los que han obtenido su puntuaci\u00f3n. Al principio la lista est\u00e1 vac\u00eda.<\/p>\n\n\n\n<p>6.&nbsp; Obtienes el ID de la partida que se encuentra en la parte superior de la lista y lo distribuyes entre los jugadores<\/p>\n\n\n\n<p>7.&nbsp; Puedes crear tantas partidas como quieras sin limitaciones.<\/p>\n\n\n\n<p><\/p>\n\n\n\n<figure class=\"wp-block-gallery has-nested-images columns-default is-cropped wp-block-gallery-1 is-layout-flex wp-block-gallery-is-layout-flex\">\n<figure class=\"wp-block-image size-large\"><img loading=\"lazy\" decoding=\"async\" width=\"1024\" height=\"453\" data-id=\"8344\" src=\"https:\/\/demo.dorgisproject.eu\/wp-content\/uploads\/2023\/02\/DASH1-1024x453.jpg\" alt=\"\" class=\"wp-image-8344\" srcset=\"https:\/\/dorgisproject.eu\/wp-content\/uploads\/2023\/02\/DASH1-1024x453.jpg 1024w, https:\/\/dorgisproject.eu\/wp-content\/uploads\/2023\/02\/DASH1-300x133.jpg 300w, https:\/\/dorgisproject.eu\/wp-content\/uploads\/2023\/02\/DASH1-768x340.jpg 768w, https:\/\/dorgisproject.eu\/wp-content\/uploads\/2023\/02\/DASH1-1536x680.jpg 1536w, https:\/\/dorgisproject.eu\/wp-content\/uploads\/2023\/02\/DASH1-1170x518.jpg 1170w, https:\/\/dorgisproject.eu\/wp-content\/uploads\/2023\/02\/DASH1.jpg 1920w\" sizes=\"auto, (max-width: 1024px) 100vw, 1024px\" \/><\/figure>\n\n\n\n<figure class=\"wp-block-image size-large\"><img loading=\"lazy\" decoding=\"async\" width=\"1024\" height=\"451\" data-id=\"8351\" src=\"https:\/\/demo.dorgisproject.eu\/wp-content\/uploads\/2023\/02\/DASH2-1024x451.jpg\" alt=\"\" class=\"wp-image-8351\" srcset=\"https:\/\/dorgisproject.eu\/wp-content\/uploads\/2023\/02\/DASH2-1024x451.jpg 1024w, https:\/\/dorgisproject.eu\/wp-content\/uploads\/2023\/02\/DASH2-300x132.jpg 300w, https:\/\/dorgisproject.eu\/wp-content\/uploads\/2023\/02\/DASH2-768x338.jpg 768w, https:\/\/dorgisproject.eu\/wp-content\/uploads\/2023\/02\/DASH2-1536x677.jpg 1536w, https:\/\/dorgisproject.eu\/wp-content\/uploads\/2023\/02\/DASH2-1170x516.jpg 1170w, https:\/\/dorgisproject.eu\/wp-content\/uploads\/2023\/02\/DASH2.jpg 1920w\" sizes=\"auto, (max-width: 1024px) 100vw, 1024px\" \/><\/figure>\n\n\n\n<figure class=\"wp-block-image size-large\"><img loading=\"lazy\" decoding=\"async\" width=\"1024\" height=\"452\" data-id=\"8357\" src=\"https:\/\/demo.dorgisproject.eu\/wp-content\/uploads\/2023\/02\/DASH3-1024x452.jpg\" alt=\"\" class=\"wp-image-8357\" srcset=\"https:\/\/dorgisproject.eu\/wp-content\/uploads\/2023\/02\/DASH3-1024x452.jpg 1024w, https:\/\/dorgisproject.eu\/wp-content\/uploads\/2023\/02\/DASH3-300x133.jpg 300w, https:\/\/dorgisproject.eu\/wp-content\/uploads\/2023\/02\/DASH3-768x339.jpg 768w, https:\/\/dorgisproject.eu\/wp-content\/uploads\/2023\/02\/DASH3-1536x678.jpg 1536w, https:\/\/dorgisproject.eu\/wp-content\/uploads\/2023\/02\/DASH3-1170x517.jpg 1170w, https:\/\/dorgisproject.eu\/wp-content\/uploads\/2023\/02\/DASH3.jpg 1920w\" sizes=\"auto, (max-width: 1024px) 100vw, 1024px\" \/><\/figure>\n<\/figure>\n\n\n\n<hr class=\"wp-block-separator has-alpha-channel-opacity\"\/>\n\n\n\n<p><\/p>\n\n\n\n<p><strong>En la APP<\/strong><\/p>\n\n\n\n<p>1. En cuanto los jugadores terminan la parte 1 o 3, utilizan el ID del juego y un nombre de usuario de su elecci\u00f3n para enviar su puntuaci\u00f3n.<\/p>\n\n\n\n<p>2. Las respuestas, el ID del juego y el nombre de usuario (si el usuario los ha enviado) se almacenan para toda la duraci\u00f3n del juego.<\/p>\n\n\n\n<p>3. Si el usuario pulsa NUEVO JUEGO, todos los datos anteriores se borran del juego.<\/p>\n","protected":false},"excerpt":{"rendered":"<p>INSTRUCCIONES DE LA APP DORGIS SOBRE EL TABLERO (DASHBOARD) El dashboard se encuentra en: https:\/\/dashboard.dorgisproject.eu\/ 1. La primera vez que utilices la app, deber\u00e1s registrarte 2. Recibir\u00e1s un correo electr\u00f3nico de verificaci\u00f3n con una contrase\u00f1a que utilizar\u00e1s la primera vez que te conectes (mira tambi\u00e9n en el correo no deseado- SPAM) 3. Luego, vas a [&hellip;]<\/p>\n","protected":false},"author":3,"featured_media":0,"parent":0,"menu_order":0,"comment_status":"closed","ping_status":"closed","template":"","meta":{"_themeisle_gutenberg_block_has_review":false,"footnotes":""},"class_list":["post-5668","page","type-page","status-publish","hentry"],"_links":{"self":[{"href":"https:\/\/dorgisproject.eu\/es\/wp-json\/wp\/v2\/pages\/5668","targetHints":{"allow":["GET"]}}],"collection":[{"href":"https:\/\/dorgisproject.eu\/es\/wp-json\/wp\/v2\/pages"}],"about":[{"href":"https:\/\/dorgisproject.eu\/es\/wp-json\/wp\/v2\/types\/page"}],"author":[{"embeddable":true,"href":"https:\/\/dorgisproject.eu\/es\/wp-json\/wp\/v2\/users\/3"}],"replies":[{"embeddable":true,"href":"https:\/\/dorgisproject.eu\/es\/wp-json\/wp\/v2\/comments?post=5668"}],"version-history":[{"count":24,"href":"https:\/\/dorgisproject.eu\/es\/wp-json\/wp\/v2\/pages\/5668\/revisions"}],"predecessor-version":[{"id":10822,"href":"https:\/\/dorgisproject.eu\/es\/wp-json\/wp\/v2\/pages\/5668\/revisions\/10822"}],"wp:attachment":[{"href":"https:\/\/dorgisproject.eu\/es\/wp-json\/wp\/v2\/media?parent=5668"}],"curies":[{"name":"wp","href":"https:\/\/api.w.org\/{rel}","templated":true}]}}