{"id":5662,"date":"2022-07-28T22:24:03","date_gmt":"2022-07-28T22:24:03","guid":{"rendered":"https:\/\/demo.dorgisproject.eu\/how-the-game-works\/"},"modified":"2025-03-05T19:54:35","modified_gmt":"2025-03-05T19:54:35","slug":"how-the-game-works","status":"publish","type":"page","link":"https:\/\/dorgisproject.eu\/es\/how-the-game-works\/","title":{"rendered":"\u00bf\u00a0C\u00f3mo funciona el juego en la app ?"},"content":{"rendered":"\n<p><strong>C\u00d3MO FUNCIONA EL JUEGO DIGITAL<\/strong><\/p>\n\n\n\n<figure class=\"wp-block-image size-full is-resized\"><img loading=\"lazy\" decoding=\"async\" width=\"710\" height=\"357\" src=\"https:\/\/dorgisproject.eu\/wp-content\/uploads\/2023\/02\/DORGIS-LOGO-TRANSPARENT-2.png\" alt=\"\" class=\"wp-image-9416\" style=\"width:412px;height:auto\" srcset=\"https:\/\/dorgisproject.eu\/wp-content\/uploads\/2023\/02\/DORGIS-LOGO-TRANSPARENT-2.png 710w, https:\/\/dorgisproject.eu\/wp-content\/uploads\/2023\/02\/DORGIS-LOGO-TRANSPARENT-2-300x151.png 300w\" sizes=\"auto, (max-width: 710px) 100vw, 710px\" \/><\/figure>\n\n\n\n<p>La aplicaci\u00f3n DORGIS-AR Mobile se dividir\u00e1 en tres partes. Cada parte se completar\u00e1 durante un d\u00eda, por lo que el juego DORGIS-AR DIGITAL deber\u00e1 durar en total 3 d\u00edas.<\/p>\n\n\n\n<p>Tiempo m\u00e1ximo para completar cada parte del juego DORGIS-AR 50 min.<\/p>\n\n\n<div class=\"wp-block-image\">\n<figure class=\"alignleft size-large is-resized\"><img loading=\"lazy\" decoding=\"async\" width=\"520\" height=\"1024\" src=\"https:\/\/dorgisproject.eu\/wp-content\/uploads\/2023\/02\/2SLIDER-520x1024.png\" alt=\"\" class=\"wp-image-8268\" style=\"width:193px;height:auto\" srcset=\"https:\/\/dorgisproject.eu\/wp-content\/uploads\/2023\/02\/2SLIDER-520x1024.png 520w, https:\/\/dorgisproject.eu\/wp-content\/uploads\/2023\/02\/2SLIDER-152x300.png 152w, https:\/\/dorgisproject.eu\/wp-content\/uploads\/2023\/02\/2SLIDER-768x1513.png 768w, https:\/\/dorgisproject.eu\/wp-content\/uploads\/2023\/02\/2SLIDER-780x1536.png 780w, https:\/\/dorgisproject.eu\/wp-content\/uploads\/2023\/02\/2SLIDER-1039x2048.png 1039w, https:\/\/dorgisproject.eu\/wp-content\/uploads\/2023\/02\/2SLIDER.png 1080w\" sizes=\"auto, (max-width: 520px) 100vw, 520px\" \/><\/figure>\n<\/div>\n\n\n<p><strong>PARTE 1: TEST DE PERSONALIDAD Y EVALUACI\u00d3N DE LOS CONOCIMIENTOS PREVIOS<\/strong><\/p>\n\n\n\n<p>El deportista se registrar\u00e1 abriendo una cuenta con un \u201capodo\u201d.<\/p>\n\n\n\n<p>A continuaci\u00f3n, entrar\u00e1 en la aplicaci\u00f3n y realizar\u00e1 un test de evaluaci\u00f3n con el objetivo de:<\/p>\n\n\n\n<p>1) Participar en un test psicol\u00f3gico y sociom\u00e9trico que identificar\u00e1 si es vulnerable al dopaje y a las sustancias prohibidas.<\/p>\n\n\n\n<p>2)Evaluar sus conocimientos existentes en los j\u00f3venes deportistas sobre:<\/p>\n\n\n\n<p>a) Cuestiones relacionadas con la integridad en el deporte y lo que pueden hacer para ayudar a proteger la integridad del deporte;<\/p>\n\n\n\n<p>b) Cuestiones relacionadas con el dopaje, la medicaci\u00f3n y las sustancias prohibidas y los peligros que \u00e9stas pueden causar a su salud;<\/p>\n\n\n\n<p>c) Nutrici\u00f3n saludable y cuestiones relacionadas con el dopaje (por ejemplo, evaluar la comprensi\u00f3n del deportista de t\u00e9rminos como dopaje, AMA, esteroides, etc.)<\/p>\n\n\n\n<p>La prueba de evaluaci\u00f3n incluir\u00e1 preguntas de opci\u00f3n m\u00faltiple y deslizamiento de emoji.<\/p>\n\n\n<div class=\"wp-block-image\">\n<figure class=\"alignleft size-large is-resized\"><img loading=\"lazy\" decoding=\"async\" width=\"520\" height=\"1024\" src=\"https:\/\/dorgisproject.eu\/wp-content\/uploads\/2023\/02\/9SLIDER-520x1024.png\" alt=\"\" class=\"wp-image-8276\" style=\"width:197px;height:auto\" srcset=\"https:\/\/dorgisproject.eu\/wp-content\/uploads\/2023\/02\/9SLIDER-520x1024.png 520w, https:\/\/dorgisproject.eu\/wp-content\/uploads\/2023\/02\/9SLIDER-152x300.png 152w, https:\/\/dorgisproject.eu\/wp-content\/uploads\/2023\/02\/9SLIDER-768x1513.png 768w, https:\/\/dorgisproject.eu\/wp-content\/uploads\/2023\/02\/9SLIDER-780x1536.png 780w, https:\/\/dorgisproject.eu\/wp-content\/uploads\/2023\/02\/9SLIDER-1039x2048.png 1039w, https:\/\/dorgisproject.eu\/wp-content\/uploads\/2023\/02\/9SLIDER.png 1080w\" sizes=\"auto, (max-width: 520px) 100vw, 520px\" \/><\/figure>\n<\/div>\n\n\n<p><strong>PARTE 2 : JUEGO EDUCATIVO CON TECNOLOG\u00cdA DE REALIDAD AUMENTADA<\/strong><\/p>\n\n\n\n<p>Esta parte del juego antidopaje DORGIS-AR es la mayor innovaci\u00f3n de nuestro proyecto, ya que no existe ninguna otra aplicaci\u00f3n m\u00f3vil antidopaje que ofrezca esta tecnolog\u00eda.<\/p>\n\n\n\n<p>La aplicaci\u00f3n DORGIS-AR incluye un juego educativo de Realidad Aumentada (RA) dividido en dos partes.<\/p>\n\n\n\n<p>El juego de RA incluir\u00e1 el uso de dos hologramas en 3D (un atleta de g\u00e9nero femenino y otro masculino) que en tiempo real interactuar\u00e1n con el usuario. Esto significa que el holograma, que es la representaci\u00f3n visual de un modelo 3D superpuesto a la realidad (lo que se denomina realidad aumentada), aparecer\u00e1 a trav\u00e9s del smartphone del usuario en el mundo real de \u00e9ste, por ejemplo, en una mesa frente al usuario, en el suelo de su clase o vestuario, en la cancha de f\u00fatbol junto a los dem\u00e1s compa\u00f1eros, etc.<\/p>\n\n\n\n<p>El usuario podr\u00e1 girar 360\u00b0 el holograma, minimizar o maximizar la figura y colocarla en la pantalla del smartphone donde quiera. El Holograma deportista realizar\u00e1 alg\u00fan tipo de movimiento para parecer a\u00fan m\u00e1s realista.<\/p>\n\n\n\n<p><strong>EL JUEGO AR PASO A PASO<\/strong><\/p>\n\n\n\n<p>El usuario elige su atleta-avatar (femenino o masculino) y tras ellos tendr\u00e1 dos opciones:<\/p>\n\n\n\n<p>a) Alimentar a su holograma\/avatar con alimentos sanos o no sanos mediante la tecnolog\u00eda de arrastrar y soltar y luego ver los resultados de sus elecciones en el rendimiento deportivo de su avatar en tiempo real. Adem\u00e1s, en la pantalla del m\u00f3vil aparecer\u00e1n textos que explicar\u00e1n los beneficios o los efectos nocivos de su selecci\u00f3n de alimentos y una puntuaci\u00f3n que influir\u00e1 en el rendimiento deportivo de su holograma\/avatar;<\/p>\n\n\n\n<p>b) Seleccionar entre las categor\u00edas b\u00e1sicas de drogas prohibidas y sustancias que mejoran el rendimiento, por ejemplo, estimulantes, esteroides, hormonas, diur\u00e9ticos, narc\u00f3ticos y cannabinoides, y ver sus efectos secundarios en el cuerpo del avatar y en su rendimiento deportivo.<\/p>\n\n\n\n<p>Los atletas que usan esteroides anab\u00f3licos pueden mostrar, por ejemplo, uno de los siguientes efectos<\/p>\n\n\n\n<p>-Aumento de peso<\/p>\n\n\n\n<p>-Acn\u00e9<\/p>\n\n\n\n<p>-P\u00e9rdida de cabello<\/p>\n\n\n\n<p>-Adquirir caracter\u00edsticas del g\u00e9nero masculino (en el caso de las mujeres), como el crecimiento del vello corporal y la el agravamiento de la voz<\/p>\n\n\n\n<p>&nbsp;&#8211; Desarrollo de pechos de tama\u00f1o anormal (hombres)<\/p>\n\n\n<div class=\"wp-block-image\">\n<figure class=\"alignleft size-large is-resized\"><img loading=\"lazy\" decoding=\"async\" width=\"529\" height=\"1024\" src=\"https:\/\/dorgisproject.eu\/wp-content\/uploads\/2023\/02\/11SLIDER-529x1024.png\" alt=\"\" class=\"wp-image-8284\" style=\"width:200px;height:auto\" srcset=\"https:\/\/dorgisproject.eu\/wp-content\/uploads\/2023\/02\/11SLIDER-529x1024.png 529w, https:\/\/dorgisproject.eu\/wp-content\/uploads\/2023\/02\/11SLIDER-155x300.png 155w, https:\/\/dorgisproject.eu\/wp-content\/uploads\/2023\/02\/11SLIDER-768x1488.png 768w, https:\/\/dorgisproject.eu\/wp-content\/uploads\/2023\/02\/11SLIDER-793x1536.png 793w, https:\/\/dorgisproject.eu\/wp-content\/uploads\/2023\/02\/11SLIDER-1057x2048.png 1057w, https:\/\/dorgisproject.eu\/wp-content\/uploads\/2023\/02\/11SLIDER.png 1080w\" sizes=\"auto, (max-width: 529px) 100vw, 529px\" \/><\/figure>\n<\/div>\n\n\n<p>El usuario podr\u00e1 ver estos cambios en el cuerpo del avatar y comprender los graves efectos secundarios que tienen en el organismo de un deportista, si hace una elecci\u00f3n similar en la vida real.<\/p>\n\n\n\n<p>Adem\u00e1s, en la pantalla aparecer\u00e1n textos que explicar\u00e1n los efectos negativos que cada categor\u00eda de drogas prohibidas provoca en el cuerpo humano. Por ejemplo, si el usuario selecciona los esteroides anabolizantes, ver\u00e1 que a su holograma le crece un acn\u00e9 severo.<\/p>\n\n\n\n<p>A continuaci\u00f3n, aparecer\u00e1n textos que explicar\u00e1n de forma adaptada a cada edad los dem\u00e1s efectos secundarios que desarrollar\u00e1 el avatar\/atleta y tambi\u00e9n una calificaci\u00f3n que mostrar\u00e1 en qu\u00e9 medida a largo plazo el atleta se ver\u00e1 afectado por el uso de estas sustancias prohibidas.<\/p>\n\n\n\n<p>Creemos que la innovadora tecnolog\u00eda de Realidad Aumentada utilizada, motivar\u00e1 a los j\u00f3venes deportistas a utilizar nuestra aplicaci\u00f3n antidopaje y beneficiarse de los conocimientos adquiridos.<\/p>\n\n\n\n<p><\/p>\n\n\n\n<p><strong>PARTE 3: JUEGOS DE EVALUACI\u00d3N<\/strong><\/p>\n\n\n\n<p>La \u00faltima parte de nuestro juego para m\u00f3viles incluir\u00e1 juegos interactivos de evaluaci\u00f3n con el objetivo de poner a prueba los conocimientos adquiridos por los usuarios sobre el dopaje y la nutrici\u00f3n saludable.<\/p>\n\n\n<div class=\"wp-block-image\">\n<figure class=\"alignleft size-large is-resized\"><img loading=\"lazy\" decoding=\"async\" width=\"527\" height=\"1024\" src=\"https:\/\/dorgisproject.eu\/wp-content\/uploads\/2023\/02\/8SLIDER-527x1024.png\" alt=\"\" class=\"wp-image-8292\" style=\"width:204px;height:auto\" srcset=\"https:\/\/dorgisproject.eu\/wp-content\/uploads\/2023\/02\/8SLIDER-527x1024.png 527w, https:\/\/dorgisproject.eu\/wp-content\/uploads\/2023\/02\/8SLIDER-154x300.png 154w, https:\/\/dorgisproject.eu\/wp-content\/uploads\/2023\/02\/8SLIDER-768x1493.png 768w, https:\/\/dorgisproject.eu\/wp-content\/uploads\/2023\/02\/8SLIDER-790x1536.png 790w, https:\/\/dorgisproject.eu\/wp-content\/uploads\/2023\/02\/8SLIDER-1053x2048.png 1053w, https:\/\/dorgisproject.eu\/wp-content\/uploads\/2023\/02\/8SLIDER.png 1080w\" sizes=\"auto, (max-width: 527px) 100vw, 527px\" \/><\/figure>\n<\/div>\n\n\n<p><strong>A) CREA TU PROPIO MEN\u00da DIARIO SALUDABLE<\/strong><\/p>\n\n\n\n<p>El usuario arrastrar\u00e1 y soltar\u00e1 alimentos para crear un men\u00fa diario saludable, y ser\u00e1 calificado por su rendimiento y evaluado por sus conocimientos adquiridos.<\/p>\n\n\n\n<p>Las elecciones correctas de alimentaci\u00f3n e hidrataci\u00f3n aumentan la suma de un rendimiento deportivo \u00f3ptimo y la salud de por vida. Por lo tanto, debemos promover una nutrici\u00f3n adecuada y modelar opciones de alimentaci\u00f3n e hidrataci\u00f3n saludables para un joven atleta como alternativa a la cultura pro-dopaje.<\/p>\n\n\n\n<p><strong>B) CREAR LA LISTA DE DROGAS PROHIBIDAS<\/strong><\/p>\n\n\n\n<p>El usuario emparejar\u00e1 las categor\u00edas de drogas prohibidas con sus efectos secundarios, obteniendo una calificaci\u00f3n por su rendimiento. El usuario ser\u00e1 evaluado a trav\u00e9s de este cuestionario interactivo por sus conocimientos relacionados con las drogas prohibidas y las sustancias destinadas a prevenir la cultura del dopaje en el \u00e1mbito recreativo.<\/p>\n\n\n\n<p><br><strong><strong>AYUDANTES DORGIS<\/strong><\/strong><\/p>\n\n\n<div class=\"wp-block-image\">\n<figure class=\"alignleft size-full is-resized\"><img loading=\"lazy\" decoding=\"async\" width=\"400\" height=\"300\" src=\"https:\/\/dorgisproject.eu\/wp-content\/uploads\/2023\/02\/shirts.png\" alt=\"\" class=\"wp-image-8300\" style=\"aspect-ratio:1;width:269px;height:auto\" srcset=\"https:\/\/dorgisproject.eu\/wp-content\/uploads\/2023\/02\/shirts.png 400w, https:\/\/dorgisproject.eu\/wp-content\/uploads\/2023\/02\/shirts-300x225.png 300w\" sizes=\"auto, (max-width: 400px) 100vw, 400px\" \/><\/figure>\n<\/div>\n\n\n<p>Al final del juego, los j\u00f3venes atletas con las mejores calificaciones y puntuaciones ser\u00e1n premiados convirti\u00e9ndose en ayudantes antidopaje de DORGIS y llevar\u00e1n la camiseta de DORGIS-AR. Estos atletas pueden formar un grupo de apoyo para su clase o equipo deportivo.<\/p>\n\n\n\n<p>Adem\u00e1s, durante el \u00faltimo d\u00eda del juego DORGIS-AR, todos los participantes (j\u00f3venes atletas, profesores, entrenadores, padres) tendr\u00e1n que rellenar un breve formulario de evaluaci\u00f3n de materiales.<\/p>\n","protected":false},"excerpt":{"rendered":"<p>C\u00d3MO FUNCIONA EL JUEGO DIGITAL La aplicaci\u00f3n DORGIS-AR Mobile se dividir\u00e1 en tres partes. Cada parte se completar\u00e1 durante un d\u00eda, por lo que el juego DORGIS-AR DIGITAL deber\u00e1 durar en total 3 d\u00edas. Tiempo m\u00e1ximo para completar cada parte del juego DORGIS-AR 50 min. PARTE 1: TEST DE PERSONALIDAD Y EVALUACI\u00d3N DE LOS CONOCIMIENTOS [&hellip;]<\/p>\n","protected":false},"author":2,"featured_media":4440,"parent":0,"menu_order":0,"comment_status":"closed","ping_status":"closed","template":"","meta":{"_themeisle_gutenberg_block_has_review":false,"footnotes":""},"class_list":["post-5662","page","type-page","status-publish","has-post-thumbnail","hentry"],"_links":{"self":[{"href":"https:\/\/dorgisproject.eu\/es\/wp-json\/wp\/v2\/pages\/5662","targetHints":{"allow":["GET"]}}],"collection":[{"href":"https:\/\/dorgisproject.eu\/es\/wp-json\/wp\/v2\/pages"}],"about":[{"href":"https:\/\/dorgisproject.eu\/es\/wp-json\/wp\/v2\/types\/page"}],"author":[{"embeddable":true,"href":"https:\/\/dorgisproject.eu\/es\/wp-json\/wp\/v2\/users\/2"}],"replies":[{"embeddable":true,"href":"https:\/\/dorgisproject.eu\/es\/wp-json\/wp\/v2\/comments?post=5662"}],"version-history":[{"count":11,"href":"https:\/\/dorgisproject.eu\/es\/wp-json\/wp\/v2\/pages\/5662\/revisions"}],"predecessor-version":[{"id":10712,"href":"https:\/\/dorgisproject.eu\/es\/wp-json\/wp\/v2\/pages\/5662\/revisions\/10712"}],"wp:featuredmedia":[{"embeddable":true,"href":"https:\/\/dorgisproject.eu\/es\/wp-json\/wp\/v2\/media\/4440"}],"wp:attachment":[{"href":"https:\/\/dorgisproject.eu\/es\/wp-json\/wp\/v2\/media?parent=5662"}],"curies":[{"name":"wp","href":"https:\/\/api.w.org\/{rel}","templated":true}]}}