{"id":5655,"date":"2022-08-21T19:31:08","date_gmt":"2022-08-21T19:31:08","guid":{"rendered":"https:\/\/demo.dorgisproject.eu\/bulldog-partnership\/"},"modified":"2025-03-05T23:21:40","modified_gmt":"2025-03-05T23:21:40","slug":"bulldog-partnership","status":"publish","type":"page","link":"https:\/\/dorgisproject.eu\/es\/bulldog-partnership\/","title":{"rendered":"DORGIS Colaboradores"},"content":{"rendered":"\n<div class=\"wp-block-cover has-parallax\" style=\"min-height:877px;aspect-ratio:unset;\"><span aria-hidden=\"true\" class=\"wp-block-cover__background has-white-background-color has-background-dim-0 has-background-dim\"><\/span><div class=\"wp-block-cover__image-background wp-image-7417 has-parallax\" style=\"background-position:50% 50%;background-image:url(https:\/\/dorgisproject.eu\/wp-content\/uploads\/2023\/02\/meet4.jpg)\"><\/div><div class=\"wp-block-cover__inner-container is-layout-flow wp-block-cover-is-layout-flow\">\n<p class=\"has-text-align-center has-large-font-size\"><\/p>\n<\/div><\/div>\n\n\n\n<p><\/p>\n\n\n\n<h5 class=\"wp-block-heading\">CON EL APOYO DEL PROGRAMA ERASMUS+ SPORT<\/h5>\n\n\n\n<p><\/p>\n\n\n\n<figure class=\"wp-block-image size-large is-resized\"><img loading=\"lazy\" decoding=\"async\" width=\"1024\" height=\"295\" src=\"https:\/\/dorgisproject.eu\/wp-content\/uploads\/2023\/01\/eu-logo-1024x295.jpg\" alt=\"\" class=\"wp-image-6031\" style=\"width:256px;height:74px\" srcset=\"https:\/\/dorgisproject.eu\/wp-content\/uploads\/2023\/01\/eu-logo-1024x295.jpg 1024w, https:\/\/dorgisproject.eu\/wp-content\/uploads\/2023\/01\/eu-logo-300x86.jpg 300w, https:\/\/dorgisproject.eu\/wp-content\/uploads\/2023\/01\/eu-logo-768x221.jpg 768w, https:\/\/dorgisproject.eu\/wp-content\/uploads\/2023\/01\/eu-logo-1536x442.jpg 1536w, https:\/\/dorgisproject.eu\/wp-content\/uploads\/2023\/01\/eu-logo-2048x590.jpg 2048w, https:\/\/dorgisproject.eu\/wp-content\/uploads\/2023\/01\/eu-logo-1170x337.jpg 1170w\" sizes=\"auto, (max-width: 1024px) 100vw, 1024px\" \/><\/figure>\n\n\n\n<p>Nuestro consorcio incluye todos los niveles educativos, equipos deportivos y asociaciones deportivas.<\/p>\n\n\n\n<p>&#8211; La <strong>Universidad Cat\u00f3lica de Valencia,<\/strong> Espa\u00f1a, Facultad de Ciencias de la Actividad F\u00edsica y del Deporte (FCCAFD) que cuenta con 4 grupos de investigaci\u00f3n en diferentes temas (Salud y Rendimiento Deportivo, Educaci\u00f3n F\u00edsica, Outdoor y Desarrollo Sostenible) con m\u00e1s de 40 investigadores involucrados.<\/p>\n\n\n\n<p>&#8211; <strong>CUS Padova,<\/strong> la Asociaci\u00f3n Deportiva de la Universidad de Padova, Italia, una instituci\u00f3n con mucha experiencia en la promoci\u00f3n de las actividades deportivas como medio cultural y educativo esencial para que los estudiantes, entrenadores y personal universitario desarrollen competencias transversales e integradas y que ha estado apoyando la pr\u00e1ctica y la difusi\u00f3n de la educaci\u00f3n f\u00edsica como parte del deporte amateur. En el desarrollo de sus actividades, la Asociaci\u00f3n se beneficia del patrocinio de varios Departamentos Universitarios y trabaja dentro de las siguientes redes CUSI (Centro Deportivo Universitario Italiano); FISU (Federaci\u00f3n Internacional de Deportes Universitarios) y EUSA (Asociaci\u00f3n Europea de Deportes Universitarios).<\/p>\n\n\n\n<p>&#8211; <strong>Meandros Ltd.<\/strong>, una organizaci\u00f3n de Atenas, Grecia, que tiene una larga tradici\u00f3n en el desarrollo de materiales educativos para estudiantes de todas las edades, publicando libros cient\u00edficos y materiales digitales, dise\u00f1ando plataformas electr\u00f3nicas y organizando eventos deportivos.<\/p>\n\n\n\n<p>&#8211; <strong>Associa\u00e7\u00e3o de Futebol de Bragan\u00e7a<\/strong> (Asociaci\u00f3n de F\u00fatbol de Bragan\u00e7a) de Portugal, una asociaci\u00f3n deportiva, que participa activamente en tres deportes, que tiene experiencia en la prestaci\u00f3n de actividades deportivas y un miembro del personal con experiencia en los controles de dopaje de la UEFA.<\/p>\n\n\n\n<p>&#8211; &nbsp;<strong>Stowarzyszenie Dzieci i M\u0142odzie\u017cy KAROL<\/strong> de Polonia. La asociaci\u00f3n es miembro extraordinario de la Asociaci\u00f3n de Pomerania Occidental para la Promoci\u00f3n del Deporte y la Actividad F\u00edsica. KAROL es una organizaci\u00f3n polaca, no gubernamental y sin \u00e1nimo de lucro, que organiza clases de deporte y ocio para ni\u00f1os y adolescentes de primaria y secundaria, as\u00ed como campamentos de vacaciones de verano e invierno para grupos desfavorecidos.<\/p>\n\n\n\n<p>&#8211; <strong>Zajednica Sportskih Udruga Grada Rijeke \u201cRije\u010dki Sportski Savez, <\/strong>de Croacia, que agrupa a todos los clubes deportivos de la ciudad de Rijeka y es el promotor del programa deportivo p\u00fablico de la ciudad de Rijeka, que se presenta a trav\u00e9s del departamento de administraci\u00f3n para el deporte y la cultura y el Ayuntamiento de la ciudad de Rijeka para su aprobaci\u00f3n.<\/p>\n\n\n\n<p><strong>COORDINADOR<\/strong>: Scoala Gimnaziala Rediu de Ruman\u00eda. Imparten educaci\u00f3n obligatoria desde hace muchos a\u00f1os y tienen 4 centros. La instituci\u00f3n trabaja con nuestros grupos objetivo y tiene experiencia en el suministro de material educativo para todos los niveles educativos y experiencia en los rasgos de la personalidad de los adolescentes deportistas.<\/p>\n\n\n\n<p><strong>SCOALA GIMNAZIALA REDIU<\/strong><br>SOS. VALEA REDIULUI NR. 342,REDIU<br>707405, RUMANIA<br>Tel-fax: 0232\/253955<br>Correo electr\u00f3nico: <a rel=\"noreferrer noopener\" href=\"mailto:rediu_school@yahoo.com\" target=\"_blank\">rediu_school@yahoo.com<\/a><\/p>\n\n\n\n<p><\/p>\n\n\n\n<p>DISE\u00d1O Y DESARROLLO DE LA APLICACI\u00d3N DORGIS<\/p>\n\n\n<div class=\"wp-block-image\">\n<figure class=\"alignleft size-full is-resized\"><img loading=\"lazy\" decoding=\"async\" width=\"150\" height=\"151\" src=\"https:\/\/dorgisproject.eu\/wp-content\/uploads\/2022\/08\/5.jpg\" alt=\"\" class=\"wp-image-4927\" style=\"aspect-ratio:0.9905660377358491;width:73px;height:auto\" srcset=\"https:\/\/dorgisproject.eu\/wp-content\/uploads\/2022\/08\/5.jpg 150w, https:\/\/dorgisproject.eu\/wp-content\/uploads\/2022\/08\/5-80x80.jpg 80w\" sizes=\"auto, (max-width: 150px) 100vw, 150px\" \/><\/figure>\n<\/div>\n\n<div class=\"wp-block-image\">\n<figure class=\"alignleft size-full is-resized\"><img loading=\"lazy\" decoding=\"async\" width=\"300\" height=\"92\" src=\"https:\/\/dorgisproject.eu\/wp-content\/uploads\/2022\/08\/6.jpg\" alt=\"\" class=\"wp-image-4930\" style=\"aspect-ratio:3.25;width:156px;height:auto\"\/><\/figure>\n<\/div>\n\n<div class=\"wp-block-image\">\n<figure class=\"alignleft size-full is-resized\"><img loading=\"lazy\" decoding=\"async\" width=\"150\" height=\"157\" src=\"https:\/\/dorgisproject.eu\/wp-content\/uploads\/2022\/08\/3.png\" alt=\"\" class=\"wp-image-4921\" style=\"aspect-ratio:0.9528301886792453;width:73px;height:auto\"\/><\/figure>\n<\/div>\n\n<div class=\"wp-block-image\">\n<figure class=\"alignleft size-full is-resized\"><img loading=\"lazy\" decoding=\"async\" width=\"1370\" height=\"549\" src=\"https:\/\/dorgisproject.eu\/wp-content\/uploads\/2023\/02\/UCV.jpg\" alt=\"\" class=\"wp-image-7996\" style=\"aspect-ratio:2.6382978723404253;width:179px;height:auto\" srcset=\"https:\/\/dorgisproject.eu\/wp-content\/uploads\/2023\/02\/UCV.jpg 1370w, https:\/\/dorgisproject.eu\/wp-content\/uploads\/2023\/02\/UCV-300x120.jpg 300w, https:\/\/dorgisproject.eu\/wp-content\/uploads\/2023\/02\/UCV-1024x410.jpg 1024w, https:\/\/dorgisproject.eu\/wp-content\/uploads\/2023\/02\/UCV-768x308.jpg 768w, https:\/\/dorgisproject.eu\/wp-content\/uploads\/2023\/02\/UCV-1170x469.jpg 1170w\" sizes=\"auto, (max-width: 1370px) 100vw, 1370px\" \/><\/figure>\n<\/div>\n\n<div class=\"wp-block-image\">\n<figure class=\"alignleft size-full is-resized\"><img loading=\"lazy\" decoding=\"async\" width=\"150\" height=\"177\" src=\"https:\/\/dorgisproject.eu\/wp-content\/uploads\/2022\/08\/1.png\" alt=\"\" class=\"wp-image-4915\" style=\"aspect-ratio:0.8504672897196262;width:65px;height:auto\"\/><\/figure>\n<\/div>\n\n<div class=\"wp-block-image\">\n<figure class=\"alignleft size-full is-resized\"><img loading=\"lazy\" decoding=\"async\" width=\"250\" height=\"150\" src=\"https:\/\/dorgisproject.eu\/wp-content\/uploads\/2023\/02\/rijeckisportskisavez-1.png\" alt=\"\" class=\"wp-image-7956\" style=\"width:108px;height:auto\"\/><\/figure>\n<\/div>\n\n\n<figure class=\"wp-block-image size-full is-resized\"><img loading=\"lazy\" decoding=\"async\" width=\"960\" height=\"738\" src=\"https:\/\/dorgisproject.eu\/wp-content\/uploads\/2023\/02\/KAROL2.jpg\" alt=\"\" class=\"wp-image-7972\" style=\"width:140px;height:85px\" srcset=\"https:\/\/dorgisproject.eu\/wp-content\/uploads\/2023\/02\/KAROL2.jpg 960w, https:\/\/dorgisproject.eu\/wp-content\/uploads\/2023\/02\/KAROL2-300x231.jpg 300w, https:\/\/dorgisproject.eu\/wp-content\/uploads\/2023\/02\/KAROL2-768x590.jpg 768w\" sizes=\"auto, (max-width: 960px) 100vw, 960px\" \/><\/figure>\n","protected":false},"excerpt":{"rendered":"<p>CON EL APOYO DEL PROGRAMA ERASMUS+ SPORT Nuestro consorcio incluye todos los niveles educativos, equipos deportivos y asociaciones deportivas. &#8211; La Universidad Cat\u00f3lica de Valencia, Espa\u00f1a, Facultad de Ciencias de la Actividad F\u00edsica y del Deporte (FCCAFD) que cuenta con 4 grupos de investigaci\u00f3n en diferentes temas (Salud y Rendimiento Deportivo, Educaci\u00f3n F\u00edsica, Outdoor y [&hellip;]<\/p>\n","protected":false},"author":3,"featured_media":0,"parent":0,"menu_order":0,"comment_status":"closed","ping_status":"closed","template":"","meta":{"_themeisle_gutenberg_block_has_review":false,"footnotes":""},"class_list":["post-5655","page","type-page","status-publish","hentry"],"_links":{"self":[{"href":"https:\/\/dorgisproject.eu\/es\/wp-json\/wp\/v2\/pages\/5655","targetHints":{"allow":["GET"]}}],"collection":[{"href":"https:\/\/dorgisproject.eu\/es\/wp-json\/wp\/v2\/pages"}],"about":[{"href":"https:\/\/dorgisproject.eu\/es\/wp-json\/wp\/v2\/types\/page"}],"author":[{"embeddable":true,"href":"https:\/\/dorgisproject.eu\/es\/wp-json\/wp\/v2\/users\/3"}],"replies":[{"embeddable":true,"href":"https:\/\/dorgisproject.eu\/es\/wp-json\/wp\/v2\/comments?post=5655"}],"version-history":[{"count":28,"href":"https:\/\/dorgisproject.eu\/es\/wp-json\/wp\/v2\/pages\/5655\/revisions"}],"predecessor-version":[{"id":10782,"href":"https:\/\/dorgisproject.eu\/es\/wp-json\/wp\/v2\/pages\/5655\/revisions\/10782"}],"wp:attachment":[{"href":"https:\/\/dorgisproject.eu\/es\/wp-json\/wp\/v2\/media?parent=5655"}],"curies":[{"name":"wp","href":"https:\/\/api.w.org\/{rel}","templated":true}]}}