{"id":10135,"date":"2023-10-27T11:16:50","date_gmt":"2023-10-27T11:16:50","guid":{"rendered":"https:\/\/dorgisproject.eu\/collaborators\/"},"modified":"2025-02-19T10:18:51","modified_gmt":"2025-02-19T10:18:51","slug":"collaborators","status":"publish","type":"page","link":"https:\/\/dorgisproject.eu\/es\/collaborators\/","title":{"rendered":"Colaboradores"},"content":{"rendered":"\n<figure class=\"wp-block-image size-full\"><img loading=\"lazy\" decoding=\"async\" width=\"94\" height=\"98\" src=\"https:\/\/dorgisproject.eu\/wp-content\/uploads\/2023\/10\/hs57su.jpg\" alt=\"\" class=\"wp-image-10119\"\/><\/figure>\n\n\n\n<p>ES BOT\u00c0NIC CAVANILLES es un Instituto de Secundaria de Valencia, Espa\u00f1a, que particip\u00f3 en la aplicaci\u00f3n piloto de la aplicaci\u00f3n DORGIS y ha incluido DORGIS AR en sus contenidos de clase de Educaci\u00f3n F\u00edsica para alumnos de 12 a 16 a\u00f1os.<\/p>\n\n\n\n<p><a href=\"https:\/\/portal.edu.gva.es\/iesbotanic\/es\/inicio\/\">https:\/\/portal.edu.gva.es\/iesbotanic\/es\/inicio\/<\/a><\/p>\n\n\n\n<figure class=\"wp-block-image size-full\"><img loading=\"lazy\" decoding=\"async\" width=\"200\" height=\"103\" src=\"https:\/\/dorgisproject.eu\/wp-content\/uploads\/2023\/11\/godik2-1.jpg\" alt=\"\" class=\"wp-image-10180\"\/><\/figure>\n\n\n\n<p><strong>GOBIK<\/strong><\/p>\n\n\n\n<p>GOBIK, marca de renombre reconocida por su compromiso con la innovaci\u00f3n y la tecnolog\u00eda de vanguardia en ropa deportiva para ciclistas, anuncia con orgullo su apoyo al proyecto DORGIS AR. En consonancia con los objetivos del proyecto DORGIS AR, GOBIK pretende desempe\u00f1ar un papel fundamental en la promoci\u00f3n de la educaci\u00f3n contra el dopaje, la sensibilizaci\u00f3n y la defensa de la lucha contra el dopaje en los deportes recreativos. Esta colaboraci\u00f3n subraya la dedicaci\u00f3n de GOBIK no s\u00f3lo a ampliar los l\u00edmites de la innovaci\u00f3n tecnol\u00f3gica en ropa deportiva, sino tambi\u00e9n a participar activamente en iniciativas que promuevan pr\u00e1cticas \u00e9ticas y limpias dentro de la comunidad deportiva. Juntos, GOBIK y DORGIS AR aspiran a crear un impacto duradero en la educaci\u00f3n antidopaje, garantizando un enfoque m\u00e1s informado y consciente de la deportividad en los deportes recreativos.<\/p>\n\n\n\n<figure class=\"wp-block-image size-full is-resized\"><img loading=\"lazy\" decoding=\"async\" width=\"526\" height=\"692\" src=\"https:\/\/dorgisproject.eu\/wp-content\/uploads\/2023\/12\/\u0391\u03c1\u03c7\u03b5\u03af\u03bf-\u03b5\u03b9\u03ba\u03cc\u03bd\u03b1\u03c2-WhatsApp-2023-12-20-\u03c3\u03c4\u03b9\u03c2-13.47.54_52a63577-1.jpg\" alt=\"\" class=\"wp-image-10265\" style=\"width:182px;height:auto\" srcset=\"https:\/\/dorgisproject.eu\/wp-content\/uploads\/2023\/12\/\u0391\u03c1\u03c7\u03b5\u03af\u03bf-\u03b5\u03b9\u03ba\u03cc\u03bd\u03b1\u03c2-WhatsApp-2023-12-20-\u03c3\u03c4\u03b9\u03c2-13.47.54_52a63577-1.jpg 526w, https:\/\/dorgisproject.eu\/wp-content\/uploads\/2023\/12\/\u0391\u03c1\u03c7\u03b5\u03af\u03bf-\u03b5\u03b9\u03ba\u03cc\u03bd\u03b1\u03c2-WhatsApp-2023-12-20-\u03c3\u03c4\u03b9\u03c2-13.47.54_52a63577-1-228x300.jpg 228w\" sizes=\"auto, (max-width: 526px) 100vw, 526px\" \/><\/figure>\n\n\n\n<p><strong>AEL<\/strong><\/p>\n\n\n\n<p>AEL, un equipo-escuela de ciclismo ubicado en Valencia, Espa\u00f1a, incorpora la aplicaci\u00f3n DORGIS para educar y entrenar a sus j\u00f3venes atletas, que abarcan edades desde los 6 hasta los 19 a\u00f1os. El uso de la aplicaci\u00f3n se extiende a diversos aspectos, incluyendo la difusi\u00f3n de actividades y juegos durante las sesiones de entrenamiento, reuniones, viajes y otros eventos.<\/p>\n\n\n\n<figure class=\"wp-block-image size-full is-resized\"><img loading=\"lazy\" decoding=\"async\" width=\"608\" height=\"372\" src=\"https:\/\/dorgisproject.eu\/wp-content\/uploads\/2024\/05\/logo-1.png\" alt=\"\" class=\"wp-image-10354\" style=\"width:210px;height:auto\" srcset=\"https:\/\/dorgisproject.eu\/wp-content\/uploads\/2024\/05\/logo-1.png 608w, https:\/\/dorgisproject.eu\/wp-content\/uploads\/2024\/05\/logo-1-300x184.png 300w\" sizes=\"auto, (max-width: 608px) 100vw, 608px\" \/><\/figure>\n\n\n\n<p><strong>Castillo de Onda Team Cycling<\/strong><\/p>\n\n\n\n<p>El equipo ciclista Castillo de Onda, compuesto por j\u00f3venes entre 16 y 19 a\u00f1os, se suma al Proyecto DORGIS-AR para ayudarles a crecer en el mundo del ciclismo de manera limpia y responsable. Sabedores de que en estas edades, muchos ciclistas pueden sentir la presi\u00f3n y tentaci\u00f3n de recurrir al dopaje, la colaboraci\u00f3n de este club referente en el ciclismo de la Comunidad Valenciana, no solo brinda a sus deportistas conocimientos actualizados sobre antidopaje, sino que les da herramientas para enfrentar esas situaciones y mantenerse firmes en su integridad deportiva. \u00a1 Construyendo un futuro limpio para el ciclismo juvenil!<\/p>\n\n\n\n<figure class=\"wp-block-image size-full is-resized\"><img loading=\"lazy\" decoding=\"async\" width=\"225\" height=\"225\" src=\"https:\/\/dorgisproject.eu\/wp-content\/uploads\/2024\/05\/logo-cea-betera.png\" alt=\"\" class=\"wp-image-10371\" style=\"width:150px;height:auto\" srcset=\"https:\/\/dorgisproject.eu\/wp-content\/uploads\/2024\/05\/logo-cea-betera.png 225w, https:\/\/dorgisproject.eu\/wp-content\/uploads\/2024\/05\/logo-cea-betera-150x150.png 150w, https:\/\/dorgisproject.eu\/wp-content\/uploads\/2024\/05\/logo-cea-betera-80x80.png 80w\" sizes=\"auto, (max-width: 225px) 100vw, 225px\" \/><\/figure>\n\n\n\n<p><strong>CEA B\u00e9tera<\/strong><\/p>\n\n\n\n<p>El equipo de Triatl\u00f3n CEA B\u00e9tera se une al Proyecto DORGIS-AR para promover la formaci\u00f3n antidopaje en todas sus etapas formativas, desde la iniciaci\u00f3n hasta la especializaci\u00f3n deportiva, conscientes de que estas etapas son cr\u00edticas para la formaci\u00f3n integral de los j\u00f3venes deportistas. Este club referente en el Triatlon nacional se compromete a proporcionarles las herramientas y el apoyo necesarios para enfrentar la presi\u00f3n y las tentaciones relacionadas con el dopaje. Esta colaboraci\u00f3n refleja el compromiso del CEA B\u00e9tera con la integridad deportiva y el bienestar de sus atletas, asegurando un camino limpio y \u00e9tico en el triatl\u00f3n desde sus inicios. \u00a1Juntos, creando un ambiente deportivo saludable y justo para todos!<\/p>\n\n\n\n<figure class=\"wp-block-image size-full is-resized\"><img loading=\"lazy\" decoding=\"async\" width=\"225\" height=\"225\" src=\"https:\/\/dorgisproject.eu\/wp-content\/uploads\/2024\/05\/paiporta-cf.jpg\" alt=\"\" class=\"wp-image-10379\" style=\"width:151px;height:auto\" srcset=\"https:\/\/dorgisproject.eu\/wp-content\/uploads\/2024\/05\/paiporta-cf.jpg 225w, https:\/\/dorgisproject.eu\/wp-content\/uploads\/2024\/05\/paiporta-cf-150x150.jpg 150w, https:\/\/dorgisproject.eu\/wp-content\/uploads\/2024\/05\/paiporta-cf-80x80.jpg 80w\" sizes=\"auto, (max-width: 225px) 100vw, 225px\" \/><\/figure>\n\n\n\n<p><strong>Paiporta CF <\/strong><\/p>\n\n\n\n<p>El CF Paiporta, uno de los representantes de deportes colectivos, se suma al compromiso del Proyecto DORGIS-AR para fomentar la formaci\u00f3n antidopaje en todas las etapas del futbol formativo. Conscientes de la importancia de inculcar valores \u00e9ticos desde las categor\u00edas base hasta las m\u00e1s competitivas, el club se compromete a proporcionar a sus jugadores las herramientas necesarias para resistir las presiones y tentaciones relacionadas con el dopaje. Esta colaboraci\u00f3n refleja su compromiso con la integridad deportiva y el bienestar de sus jugadores y jugadoras, asegurando un ambiente limpio y justo en el f\u00fatbol desde sus fundamentos.<\/p>\n\n\n\n<figure class=\"wp-block-image size-large is-resized\"><img loading=\"lazy\" decoding=\"async\" width=\"1024\" height=\"307\" src=\"https:\/\/dorgisproject.eu\/wp-content\/uploads\/2024\/05\/Sumistock-1-1024x307.jpeg\" alt=\"\" class=\"wp-image-10387\" style=\"width:231px;height:auto\" srcset=\"https:\/\/dorgisproject.eu\/wp-content\/uploads\/2024\/05\/Sumistock-1-1024x307.jpeg 1024w, https:\/\/dorgisproject.eu\/wp-content\/uploads\/2024\/05\/Sumistock-1-300x90.jpeg 300w, https:\/\/dorgisproject.eu\/wp-content\/uploads\/2024\/05\/Sumistock-1-768x230.jpeg 768w, https:\/\/dorgisproject.eu\/wp-content\/uploads\/2024\/05\/Sumistock-1-1170x350.jpeg 1170w, https:\/\/dorgisproject.eu\/wp-content\/uploads\/2024\/05\/Sumistock-1.jpeg 1309w\" sizes=\"auto, (max-width: 1024px) 100vw, 1024px\" \/><\/figure>\n\n\n\n<p><strong>Sumistock-Sepelaco Team Cycling<\/strong><\/p>\n\n\n\n<p>El equipo ciclista Sumistock-Sepelaco se compromete con el Proyecto DORGIS-AR para potenciar la formaci\u00f3n de sus j\u00f3venes deportistas. Al colaborar con esta iniciativa, los responsables del Club, asi como sus deportistas, entrenadores y familias acceden a recursos y conocimientos actualizados que fortalecen su preparaci\u00f3n y concienciaci\u00f3n antidopaje. Esta colaboraci\u00f3n garantiza un ambiente deportivo \u00e9tico y promueve valores fundamentales en los m\u00e1s j\u00f3venes, asegurando un futuro limpio en el deporte. La asociaci\u00f3n con DORGIS-AR refleja el compromiso del equipo con la integridad deportiva y el bienestar de sus miembros.<\/p>\n\n\n\n<figure class=\"wp-block-image size-large is-resized\"><img loading=\"lazy\" decoding=\"async\" width=\"1024\" height=\"1024\" src=\"https:\/\/dorgisproject.eu\/wp-content\/uploads\/2024\/05\/logo-torrent-1024x1024.jpg\" alt=\"\" class=\"wp-image-10363\" style=\"width:167px;height:auto\" srcset=\"https:\/\/dorgisproject.eu\/wp-content\/uploads\/2024\/05\/logo-torrent-1024x1024.jpg 1024w, https:\/\/dorgisproject.eu\/wp-content\/uploads\/2024\/05\/logo-torrent-300x300.jpg 300w, https:\/\/dorgisproject.eu\/wp-content\/uploads\/2024\/05\/logo-torrent-150x150.jpg 150w, https:\/\/dorgisproject.eu\/wp-content\/uploads\/2024\/05\/logo-torrent-768x768.jpg 768w, https:\/\/dorgisproject.eu\/wp-content\/uploads\/2024\/05\/logo-torrent-80x80.jpg 80w, https:\/\/dorgisproject.eu\/wp-content\/uploads\/2024\/05\/logo-torrent-430x430.jpg 430w, https:\/\/dorgisproject.eu\/wp-content\/uploads\/2024\/05\/logo-torrent-560x560.jpg 560w, https:\/\/dorgisproject.eu\/wp-content\/uploads\/2024\/05\/logo-torrent.jpg 1080w\" sizes=\"auto, (max-width: 1024px) 100vw, 1024px\" \/><\/figure>\n\n\n\n<p><strong>Torrent CF<\/strong><\/p>\n\n\n\n<p>El Torrent CF, club referente en la formaci\u00f3n de j\u00f3venes entrenadores y futbolistas en la comunidad valenciana, se adhiere con firmeza al compromiso del Proyecto DORGIS-AR para impulsar la formaci\u00f3n antidopaje en todas las etapas del f\u00fatbol formativo. Reconociendo la necesidad de inculcar principios \u00e9ticos desde las categor\u00edas base hasta las m\u00e1s competitivas, el club asume la responsabilidad de facilitar a sus jugadores y jugadoras la participaci\u00f3n activa en sesiones formativas antidopaje propuestas por el personal del proyecto DORGIS-AR. Esta colaboraci\u00f3n confirma su firme dedicaci\u00f3n hacia la integridad deportiva y el bienestar integral de sus jugadores y jugadoras, asegurando un entorno deportivo limpio, justo y \u00e9tico desde la base.<\/p>\n\n\n\n<figure class=\"wp-block-image size-full is-resized\"><img loading=\"lazy\" decoding=\"async\" width=\"591\" height=\"591\" src=\"https:\/\/dorgisproject.eu\/wp-content\/uploads\/2025\/01\/TBG-CYCLING-TEAM.jpeg-1.jpg\" alt=\"\" class=\"wp-image-10532\" style=\"width:168px;height:auto\" srcset=\"https:\/\/dorgisproject.eu\/wp-content\/uploads\/2025\/01\/TBG-CYCLING-TEAM.jpeg-1.jpg 591w, https:\/\/dorgisproject.eu\/wp-content\/uploads\/2025\/01\/TBG-CYCLING-TEAM.jpeg-1-300x300.jpg 300w, https:\/\/dorgisproject.eu\/wp-content\/uploads\/2025\/01\/TBG-CYCLING-TEAM.jpeg-1-150x150.jpg 150w, https:\/\/dorgisproject.eu\/wp-content\/uploads\/2025\/01\/TBG-CYCLING-TEAM.jpeg-1-80x80.jpg 80w, https:\/\/dorgisproject.eu\/wp-content\/uploads\/2025\/01\/TBG-CYCLING-TEAM.jpeg-1-430x430.jpg 430w, https:\/\/dorgisproject.eu\/wp-content\/uploads\/2025\/01\/TBG-CYCLING-TEAM.jpeg-1-560x560.jpg 560w\" sizes=\"auto, (max-width: 591px) 100vw, 591px\" \/><\/figure>\n\n\n\n<p>En TBG Wixum, un equipo cadete de ciclismo en Castell\u00f3n, cultivamos futuros campeones con un enfoque en la honestidad, el esfuerzo natural y la disciplina. Comprometidos con la integridad y la igualdad, nuestra direcci\u00f3n ofrece charlas sobre \u00e9tica deportiva, asegurando que nuestros j\u00f3venes ciclistas compitan con rectitud y respeto. Adheridos al Proyecto DORGIS-AR, reforzamos estos valores diariamente. Nuestro lema, &#8216;La nutrici\u00f3n es nuestro combustible, la honestidad nuestro motor&#8217;, refleja nuestro compromiso con un deporte limpio y justo para todos.<\/p>\n\n\n\n<figure class=\"wp-block-image size-large is-resized\"><img loading=\"lazy\" decoding=\"async\" width=\"1024\" height=\"1024\" src=\"https:\/\/dorgisproject.eu\/wp-content\/uploads\/2025\/02\/LOGO-AYUSO-TEAM-UAE-1-1024x1024.png\" alt=\"\" class=\"wp-image-10561\" style=\"width:161px;height:auto\" srcset=\"https:\/\/dorgisproject.eu\/wp-content\/uploads\/2025\/02\/LOGO-AYUSO-TEAM-UAE-1-1024x1024.png 1024w, https:\/\/dorgisproject.eu\/wp-content\/uploads\/2025\/02\/LOGO-AYUSO-TEAM-UAE-1-300x300.png 300w, https:\/\/dorgisproject.eu\/wp-content\/uploads\/2025\/02\/LOGO-AYUSO-TEAM-UAE-1-150x150.png 150w, https:\/\/dorgisproject.eu\/wp-content\/uploads\/2025\/02\/LOGO-AYUSO-TEAM-UAE-1-768x768.png 768w, https:\/\/dorgisproject.eu\/wp-content\/uploads\/2025\/02\/LOGO-AYUSO-TEAM-UAE-1-80x80.png 80w, https:\/\/dorgisproject.eu\/wp-content\/uploads\/2025\/02\/LOGO-AYUSO-TEAM-UAE-1-430x430.png 430w, https:\/\/dorgisproject.eu\/wp-content\/uploads\/2025\/02\/LOGO-AYUSO-TEAM-UAE-1-560x560.png 560w, https:\/\/dorgisproject.eu\/wp-content\/uploads\/2025\/02\/LOGO-AYUSO-TEAM-UAE-1.png 1080w\" sizes=\"auto, (max-width: 1024px) 100vw, 1024px\" \/><\/figure>\n\n\n\n<p><a href=\"https:\/\/juanayuso.com.es\/ayuso-team-uae\">https:\/\/juanayuso.com.es\/ayuso-team-uae<\/a><\/p>\n\n\n\n<p>En el Ayuso Team UAE, un equipo de j\u00f3venes ciclistas de la Comunidad Valenciana, formamos no solo deportistas, sino personas comprometidas con valores s\u00f3lidos como la honestidad, el esfuerzo y la disciplina. Fomentamos un entorno donde la integridad y la igualdad son pilares fundamentales y guiamos a nuestros ciclistas hacia una competici\u00f3n justa y respetuosa. Como parte del Proyecto DORGIS-AR, integramos estos principios en nuestro d\u00eda a d\u00eda, convencidos de que el verdadero \u00e9xito se construye desde el respeto y el juego limpio.<\/p>\n\n\n\n<figure class=\"wp-block-image size-full is-resized\"><img loading=\"lazy\" decoding=\"async\" width=\"505\" height=\"420\" src=\"https:\/\/dorgisproject.eu\/wp-content\/uploads\/2025\/02\/1gdjgtu-2.jpg\" alt=\"\" class=\"wp-image-10617\" style=\"width:159px;height:auto\" srcset=\"https:\/\/dorgisproject.eu\/wp-content\/uploads\/2025\/02\/1gdjgtu-2.jpg 505w, https:\/\/dorgisproject.eu\/wp-content\/uploads\/2025\/02\/1gdjgtu-2-300x250.jpg 300w\" sizes=\"auto, (max-width: 505px) 100vw, 505px\" \/><\/figure>\n\n\n\n<figure class=\"wp-block-image size-full is-resized\"><img loading=\"lazy\" decoding=\"async\" width=\"563\" height=\"312\" src=\"https:\/\/dorgisproject.eu\/wp-content\/uploads\/2025\/02\/2gkgiy-2.jpg\" alt=\"\" class=\"wp-image-10625\" style=\"width:159px;height:auto\" srcset=\"https:\/\/dorgisproject.eu\/wp-content\/uploads\/2025\/02\/2gkgiy-2.jpg 563w, https:\/\/dorgisproject.eu\/wp-content\/uploads\/2025\/02\/2gkgiy-2-300x166.jpg 300w\" sizes=\"auto, (max-width: 563px) 100vw, 563px\" \/><\/figure>\n\n\n\n<p>Nuezcaf\u00e9 abri\u00f3 sus puertas en 2014, en un antiguo local del centro de la ciudad de Valencia, para poner en marcha una cafeter\u00eda artesana y tradicional, en la que el caf\u00e9 y el producto de calidad siempre ha sido el elemento clave. Sin embargo, la pasi\u00f3n y el inter\u00e9s que sentimos por el caf\u00e9 y el buen hacer, la sentimos tambi\u00e9n por el ciclismo.<\/p>\n\n\n\n<p>Como consecuencia de unir estas dos grandes pasiones, caf\u00e9 y ciclismo, naci\u00f3 el concepto de Nuezcaf\u00e9 Cycling Coffee: una filosof\u00eda que a\u00fana el arte del buen caf\u00e9 con los valores del ciclismo, apostando siempre por el deporte sano y la promoci\u00f3n de valores como el respeto, la solidaridad, la perseverancia y la amistad tanto a nivel profesional, como deportivo y personal\u2026 Al final, la pasi\u00f3n y esfuerzo son las se\u00f1as del ADN Nuezcaf\u00e9.<\/p>\n","protected":false},"excerpt":{"rendered":"<p>ES BOT\u00c0NIC CAVANILLES es un Instituto de Secundaria de Valencia, Espa\u00f1a, que particip\u00f3 en la aplicaci\u00f3n piloto de la aplicaci\u00f3n DORGIS y ha incluido DORGIS AR en sus contenidos de clase de Educaci\u00f3n F\u00edsica para alumnos de 12 a 16 a\u00f1os. https:\/\/portal.edu.gva.es\/iesbotanic\/es\/inicio\/ GOBIK GOBIK, marca de renombre reconocida por su compromiso con la innovaci\u00f3n y [&hellip;]<\/p>\n","protected":false},"author":3,"featured_media":0,"parent":0,"menu_order":0,"comment_status":"closed","ping_status":"closed","template":"","meta":{"_themeisle_gutenberg_block_has_review":false,"footnotes":""},"class_list":["post-10135","page","type-page","status-publish","hentry"],"_links":{"self":[{"href":"https:\/\/dorgisproject.eu\/es\/wp-json\/wp\/v2\/pages\/10135","targetHints":{"allow":["GET"]}}],"collection":[{"href":"https:\/\/dorgisproject.eu\/es\/wp-json\/wp\/v2\/pages"}],"about":[{"href":"https:\/\/dorgisproject.eu\/es\/wp-json\/wp\/v2\/types\/page"}],"author":[{"embeddable":true,"href":"https:\/\/dorgisproject.eu\/es\/wp-json\/wp\/v2\/users\/3"}],"replies":[{"embeddable":true,"href":"https:\/\/dorgisproject.eu\/es\/wp-json\/wp\/v2\/comments?post=10135"}],"version-history":[{"count":19,"href":"https:\/\/dorgisproject.eu\/es\/wp-json\/wp\/v2\/pages\/10135\/revisions"}],"predecessor-version":[{"id":10637,"href":"https:\/\/dorgisproject.eu\/es\/wp-json\/wp\/v2\/pages\/10135\/revisions\/10637"}],"wp:attachment":[{"href":"https:\/\/dorgisproject.eu\/es\/wp-json\/wp\/v2\/media?parent=10135"}],"curies":[{"name":"wp","href":"https:\/\/api.w.org\/{rel}","templated":true}]}}