{"id":5870,"date":"2023-01-28T01:09:57","date_gmt":"2023-01-28T01:09:57","guid":{"rendered":"https:\/\/demo.dorgisproject.eu\/contact\/"},"modified":"2025-04-29T20:51:59","modified_gmt":"2025-04-29T20:51:59","slug":"contact","status":"publish","type":"page","link":"https:\/\/dorgisproject.eu\/el\/contact\/","title":{"rendered":"\u0395\u03c0\u03b9\u03ba\u03bf\u03b9\u03bd\u03c9\u03bd\u03af\u03b1"},"content":{"rendered":"\n<div class=\"wp-block-cover has-parallax\"><div class=\"wp-block-cover__image-background wp-image-7809 has-parallax\" style=\"background-position:50% 50%;background-image:url(https:\/\/dorgisproject.eu\/wp-content\/uploads\/2023\/02\/contact2.jpg)\"><\/div><span aria-hidden=\"true\" class=\"wp-block-cover__background has-white-background-color has-background-dim-0 has-background-dim\"><\/span><div class=\"wp-block-cover__inner-container is-layout-flow wp-block-cover-is-layout-flow\">\n<p class=\"has-text-align-center has-large-font-size\"><\/p>\n<\/div><\/div>\n\n\n\n<div class=\"wp-block-group is-vertical is-layout-flex wp-container-core-group-is-layout-8cf370e7 wp-block-group-is-layout-flex\">\n<p><strong>\u03a1\u039f\u03a5\u039c\u0391\u039d\u0399\u0391:<\/strong> &nbsp;SCOALA GIMNAZIALA REDIU<\/p>\n\n\n\n<p>SOS. Valea Rediului N.R 342,<\/p>\n\n\n\n<p>Rediu 707405<\/p>\n\n\n\n<p><strong>website: <a href=\"https:\/\/scoalagimnazialarediu.ro\/\">https:\/\/scoalagimnazialarediu.ro\/<\/a><\/strong><\/p>\n\n\n\n<hr class=\"wp-block-separator has-alpha-channel-opacity\"\/>\n<\/div>\n\n\n\n<div class=\"wp-block-group is-vertical is-layout-flex wp-container-core-group-is-layout-8cf370e7 wp-block-group-is-layout-flex\">\n<hr class=\"wp-block-separator has-alpha-channel-opacity\"\/>\n\n\n\n<p class=\"has-luminous-vivid-orange-color has-text-color\"><strong>\u0395\u039b\u039b\u0391\u0394\u0391: <\/strong>\u039c\u0391\u0399\u0391\u039d\u0394\u03a1\u039f\u03a3 \u0395\u03a0\u0395 (MAIANDROS EPE)<\/p>\n\n\n\n<p class=\"has-luminous-vivid-orange-color has-text-color\">\u0391\u03c1\u03c4\u03ad\u03bc\u03b9\u03b4\u03bf\u03c2 7, \u0395\u03ba\u03ac\u03bb\u03b7<\/p>\n\n\n\n<p class=\"has-luminous-vivid-orange-color has-text-color\">14578 \u0391\u03b8\u03ae\u03bd\u03b1<\/p>\n\n\n\n<p class=\"has-luminous-vivid-orange-color has-text-color\"><strong>website: <a href=\"https:\/\/meandrosltd.gr\/\">https:\/\/meandrosltd.gr\/<\/a><\/strong><\/p>\n\n\n\n<hr class=\"wp-block-separator has-alpha-channel-opacity\"\/>\n<\/div>\n\n\n\n<div class=\"wp-block-group is-vertical is-layout-flex wp-container-core-group-is-layout-8cf370e7 wp-block-group-is-layout-flex\">\n<hr class=\"wp-block-separator has-alpha-channel-opacity\"\/>\n\n\n\n<p><strong>\u0399\u03a4\u0391\u039b\u0399\u0391:<\/strong> CENTRO UNIVERSITARIO SPORTIVO &#8211; CUS PADOVA<\/p>\n\n\n\n<p>Via Giordano Bruno 27,<\/p>\n\n\n\n<p>35124 Padova<\/p>\n\n\n\n<p><strong>website<\/strong><em>: <\/em><strong><a href=\"https:\/\/www.cuspadova.it\/\">https:\/\/www.cuspadova.it\/<\/a><\/strong><\/p>\n\n\n\n<hr class=\"wp-block-separator has-alpha-channel-opacity\"\/>\n<\/div>\n\n\n\n<div class=\"wp-block-group is-vertical is-layout-flex wp-container-core-group-is-layout-8cf370e7 wp-block-group-is-layout-flex\">\n<hr class=\"wp-block-separator has-alpha-channel-opacity\"\/>\n\n\n\n<p><strong>\u03a0\u039f\u03a1\u03a4\u039f\u0393\u0391\u039b\u0399\u0391:<\/strong> ASSOCIA\u00c7\u00c3O DE FUTEBOL DE BRAGAN\u00c7A<\/p>\n\n\n\n<p>Bairro da Coxa Fundo de Fomento de Habita\u00e7\u00e3o,<\/p>\n\n\n\n<p>Bloco C&nbsp; Entrada 1,<\/p>\n\n\n\n<p>5300 \u2013 098 Bragan\u00e7a<\/p>\n\n\n\n<p><strong>website: <a href=\"https:\/\/afbraganca.fpf.pt\/\">https:\/\/afbraganca.fpf.pt\/<\/a><\/strong><\/p>\n\n\n\n<hr class=\"wp-block-separator has-alpha-channel-opacity\"\/>\n\n\n\n<hr class=\"wp-block-separator has-alpha-channel-opacity\"\/>\n\n\n\n<div class=\"wp-block-group is-vertical is-layout-flex wp-container-core-group-is-layout-8cf370e7 wp-block-group-is-layout-flex\">\n<p><strong>\u0399\u03a3\u03a0\u0391\u039d\u0399\u0391<\/strong>: Fundacion Universidad Catolica de Valencia San Vcente Martir (Catholic University of Valencia-UCV)<\/p>\n\n\n\n<p>Calle Quevedo 2<\/p>\n\n\n\n<p>46001 Valencia<\/p>\n\n\n\n<p>Website: <a href=\"http:\/\/www.ucv.es\" target=\"_blank\" rel=\"noreferrer noopener\">www.ucv.es<\/a><\/p>\n\n\n\n<hr class=\"wp-block-separator has-alpha-channel-opacity\"\/>\n\n\n\n<hr class=\"wp-block-separator has-alpha-channel-opacity\"\/>\n<\/div>\n\n\n\n<div class=\"wp-block-group is-vertical is-layout-flex wp-container-core-group-is-layout-8cf370e7 wp-block-group-is-layout-flex\">\n<p><strong>\u03a0\u039f\u039b\u03a9\u039d\u0399\u0391<\/strong>: Stowarzyszenie Dzieci i M\u0142odzie\u017cy KAROL<\/p>\n\n\n\n<p>Garncarska 5<\/p>\n\n\n\n<p>70377 Szczecin<\/p>\n\n\n\n<p>Website: http:\/\/<a href=\"www.stowarzyszeniekarol.pl\/\">www.stowarzyszeniekarol.pl\/<\/a><\/p>\n\n\n\n<hr class=\"wp-block-separator has-alpha-channel-opacity\"\/>\n\n\n\n<hr class=\"wp-block-separator has-alpha-channel-opacity\"\/>\n<\/div>\n\n\n\n<div class=\"wp-block-group is-vertical is-layout-flex wp-container-core-group-is-layout-8cf370e7 wp-block-group-is-layout-flex\">\n<p><strong>\u039a\u03a1\u039f\u0391\u03a4\u0399\u0391<\/strong>: Zajednica Sportskih Udruga Grada Rijeke \u201cRije\u010dki Sportski Savez<\/p>\n\n\n\n<p>VERDIJEVA 11 III<\/p>\n\n\n\n<p>51000 RIJEKA<\/p>\n\n\n\n<p>Website: <a href=\"http:\/\/www.rss.hr\">www.rss.hr<\/a><\/p>\n<\/div>\n<\/div>\n\n\n\n<p><\/p>\n\n\n\n<p><\/p>\n","protected":false},"excerpt":{"rendered":"<p>\u03a1\u039f\u03a5\u039c\u0391\u039d\u0399\u0391: &nbsp;SCOALA GIMNAZIALA REDIU SOS. Valea Rediului N.R 342, Rediu 707405 website: https:\/\/scoalagimnazialarediu.ro\/ \u0395\u039b\u039b\u0391\u0394\u0391: \u039c\u0391\u0399\u0391\u039d\u0394\u03a1\u039f\u03a3 \u0395\u03a0\u0395 (MAIANDROS EPE) \u0391\u03c1\u03c4\u03ad\u03bc\u03b9\u03b4\u03bf\u03c2 7, \u0395\u03ba\u03ac\u03bb\u03b7 14578 \u0391\u03b8\u03ae\u03bd\u03b1 website: https:\/\/meandrosltd.gr\/ \u0399\u03a4\u0391\u039b\u0399\u0391: CENTRO UNIVERSITARIO SPORTIVO &#8211; CUS PADOVA Via Giordano Bruno 27, 35124 Padova website: https:\/\/www.cuspadova.it\/ \u03a0\u039f\u03a1\u03a4\u039f\u0393\u0391\u039b\u0399\u0391: ASSOCIA\u00c7\u00c3O DE FUTEBOL DE BRAGAN\u00c7A Bairro da Coxa Fundo de Fomento de Habita\u00e7\u00e3o, Bloco [&hellip;]<\/p>\n","protected":false},"author":3,"featured_media":0,"parent":0,"menu_order":0,"comment_status":"closed","ping_status":"closed","template":"","meta":{"_themeisle_gutenberg_block_has_review":false,"footnotes":""},"class_list":["post-5870","page","type-page","status-publish","hentry"],"_links":{"self":[{"href":"https:\/\/dorgisproject.eu\/el\/wp-json\/wp\/v2\/pages\/5870","targetHints":{"allow":["GET"]}}],"collection":[{"href":"https:\/\/dorgisproject.eu\/el\/wp-json\/wp\/v2\/pages"}],"about":[{"href":"https:\/\/dorgisproject.eu\/el\/wp-json\/wp\/v2\/types\/page"}],"author":[{"embeddable":true,"href":"https:\/\/dorgisproject.eu\/el\/wp-json\/wp\/v2\/users\/3"}],"replies":[{"embeddable":true,"href":"https:\/\/dorgisproject.eu\/el\/wp-json\/wp\/v2\/comments?post=5870"}],"version-history":[{"count":16,"href":"https:\/\/dorgisproject.eu\/el\/wp-json\/wp\/v2\/pages\/5870\/revisions"}],"predecessor-version":[{"id":10859,"href":"https:\/\/dorgisproject.eu\/el\/wp-json\/wp\/v2\/pages\/5870\/revisions\/10859"}],"wp:attachment":[{"href":"https:\/\/dorgisproject.eu\/el\/wp-json\/wp\/v2\/media?parent=5870"}],"curies":[{"name":"wp","href":"https:\/\/api.w.org\/{rel}","templated":true}]}}